{"id":17,"date":"2021-03-28T10:52:40","date_gmt":"2021-03-28T08:52:40","guid":{"rendered":"https:\/\/lfmalaga.im-nomade.com\/?page_id=17"},"modified":"2025-10-02T17:09:54","modified_gmt":"2025-10-02T15:09:54","slug":"projet-detablissement","status":"publish","type":"page","link":"https:\/\/lfmalaga.com\/en\/letablissement\/projet-detablissement\/","title":{"rendered":"More than a school, a future"},"content":{"rendered":"<div data-elementor-type=\"wp-page\" data-elementor-id=\"17\" class=\"elementor elementor-17\" data-elementor-post-type=\"page\">\n\t\t\t\t\t\t<section class=\"elementor-section elementor-top-section elementor-element elementor-element-2f916184 elementor-section-boxed elementor-section-height-default elementor-section-height-default\" data-id=\"2f916184\" data-element_type=\"section\" data-e-type=\"section\">\n\t\t\t\t\t\t<div class=\"elementor-container elementor-column-gap-default\">\n\t\t\t\t\t<div class=\"elementor-column elementor-col-100 elementor-top-column elementor-element elementor-element-77acc5a1\" data-id=\"77acc5a1\" data-element_type=\"column\" data-e-type=\"column\">\n\t\t\t<div class=\"elementor-widget-wrap elementor-element-populated\">\n\t\t\t\t\t\t<div class=\"elementor-element elementor-element-354910ef elementor-widget elementor-widget-heading\" data-id=\"354910ef\" data-element_type=\"widget\" data-e-type=\"widget\" data-widget_type=\"heading.default\">\n\t\t\t\t<div class=\"elementor-widget-container\">\n\t\t\t\t\t<h1 class=\"elementor-heading-title elementor-size-large\"> ESTABLISHMENT PROJECT <\/h1>\t\t\t\t<\/div>\n\t\t\t\t<\/div>\n\t\t\t\t<div class=\"elementor-element elementor-element-f3a0701 elementor-widget elementor-widget-text-editor\" data-id=\"f3a0701\" data-element_type=\"widget\" data-e-type=\"widget\" data-widget_type=\"text-editor.default\">\n\t\t\t\t<div class=\"elementor-widget-container\">\n\t\t\t\t\t\t\t\t\t<p><span class=\"\" lang=\"FR\">Our school project aims to lead each of our students to their own excellence. To this end, we have developed 4 areas of work:\u00a0<\/span><\/p>\t\t\t\t\t\t\t\t<\/div>\n\t\t\t\t<\/div>\n\t\t\t\t<div class=\"elementor-element elementor-element-e102d0e elementor-widget elementor-widget-image\" data-id=\"e102d0e\" data-element_type=\"widget\" data-e-type=\"widget\" data-widget_type=\"image.default\">\n\t\t\t\t<div class=\"elementor-widget-container\">\n\t\t\t\t\t\t\t\t\t\t\t\t\t\t\t<img fetchpriority=\"high\" decoding=\"async\" width=\"800\" height=\"400\" src=\"https:\/\/lfmalaga.com\/wp-content\/uploads\/2025\/10\/Les-3-axes-1024x512.png\" class=\"attachment-large size-large wp-image-36178\" alt=\"\" srcset=\"https:\/\/lfmalaga.com\/wp-content\/uploads\/2025\/10\/Les-3-axes-1024x512.png 1024w, https:\/\/lfmalaga.com\/wp-content\/uploads\/2025\/10\/Les-3-axes-300x150.png 300w, https:\/\/lfmalaga.com\/wp-content\/uploads\/2025\/10\/Les-3-axes-768x384.png 768w, https:\/\/lfmalaga.com\/wp-content\/uploads\/2025\/10\/Les-3-axes-1536x768.png 1536w, https:\/\/lfmalaga.com\/wp-content\/uploads\/2025\/10\/Les-3-axes-2048x1024.png 2048w, https:\/\/lfmalaga.com\/wp-content\/uploads\/2025\/10\/Les-3-axes-18x9.png 18w\" sizes=\"(max-width: 800px) 100vw, 800px\" \/>\t\t\t\t\t\t\t\t\t\t\t\t\t\t\t<\/div>\n\t\t\t\t<\/div>\n\t\t\t\t<div class=\"elementor-element elementor-element-d4b04e1 elementor-widget elementor-widget-spacer\" data-id=\"d4b04e1\" data-element_type=\"widget\" data-e-type=\"widget\" data-widget_type=\"spacer.default\">\n\t\t\t\t<div class=\"elementor-widget-container\">\n\t\t\t\t\t\t\t<div class=\"elementor-spacer\">\n\t\t\t<div class=\"elementor-spacer-inner\"><\/div>\n\t\t<\/div>\n\t\t\t\t\t\t<\/div>\n\t\t\t\t<\/div>\n\t\t\t\t<div class=\"elementor-element elementor-element-56f60be elementor-widget elementor-widget-heading\" data-id=\"56f60be\" data-element_type=\"widget\" data-e-type=\"widget\" data-widget_type=\"heading.default\">\n\t\t\t\t<div class=\"elementor-widget-container\">\n\t\t\t\t\t<h5 class=\"elementor-heading-title elementor-size-large\">SOME GOOD REASONS TO CHOOSE OUR ESTABLISHMENT...<\/h5>\t\t\t\t<\/div>\n\t\t\t\t<\/div>\n\t\t\t\t<div class=\"elementor-element elementor-element-45240d32 elementor-widget elementor-widget-text-editor\" data-id=\"45240d32\" data-element_type=\"widget\" data-e-type=\"widget\" data-widget_type=\"text-editor.default\">\n\t\t\t\t<div class=\"elementor-widget-container\">\n\t\t\t\t\t\t\t\t\t<ol><li><h6>Double diploma: Baccalaureate and \u201cT\u00edtulo de Bachiller\u201d<\/h6><p>At the end of his schooling, the student leaves the establishment with a French and Spanish diploma.<\/p><\/li><li><h6>Plurilingual education<\/h6><p>Fully bilingual education from the age of 3 (French and Spanish) with learning of English from the age of 3 and learning of German offered in 5th grade (12 years old).<\/p><\/li><li><h6>Certificates<\/h6><p>Establishment authorized as a Cambridge ESOL examination centre.<br \/>Possible certifications in all the languages taught at the Lyc\u00e9e<\/p><\/li><li><h6>A unique school network in the world<\/h6><p>552 establishments approved by the French Ministry of National Education in 13 countries.<br \/>A network that ensures the continuity of the student&#039;s education.<\/p><\/li><li><h6>A humanistic education aiming for excellence<\/h6><p>An innovative and ambitious educational project that allows our students from an early age to develop their analytical and critical thinking (understand what we do, what we learn and why we do it). A personalized course bringing students to the maximum of their potential by developing autonomy, adaptation and responsibility of students.<\/p><\/li><li><h6>A secure future<\/h6><p>Schooling from 3 to 18 years old in the same place with follow-up and personalized support, a score of 100% for success in the baccalaureate and successful orientation in higher education in France, Spain and around the world (100% for access to first orientation wish).<\/p><\/li><li><h6>Extracurricular activities and school trips<\/h6><p>Many sports activities, extracurricular activities in different languages, many educational, sporting and cultural outings as part of class learning and travel.<\/p><\/li><li><h6>An exceptional setting<\/h6><p>A school located in a wooded park of 3 hectares. Premises adapted to the age of the children and modern technologies for learning services (scientific laboratories, interactive digital boards, computers, tablets).<\/p><\/li><\/ol><h5>\u00a0<\/h5><h5>No to harassment!<\/h5><h5>Harassment: to act, you have to talk about it\u2026<\/h5>\t\t\t\t\t\t\t\t<\/div>\n\t\t\t\t<\/div>\n\t\t\t\t<div class=\"elementor-element elementor-element-64f6035 elementor-widget elementor-widget-button\" data-id=\"64f6035\" data-element_type=\"widget\" data-e-type=\"widget\" data-widget_type=\"button.default\">\n\t\t\t\t<div class=\"elementor-widget-container\">\n\t\t\t\t\t\t\t\t\t<div class=\"elementor-button-wrapper\">\n\t\t\t\t\t<a class=\"elementor-button elementor-button-link elementor-size-sm\" href=\"https:\/\/lfmalaga.com\/wp-content\/uploads\/2023\/03\/protocole-2016-traitement-des-coles-96061-2.pdf\" target=\"_blank\">\n\t\t\t\t\t\t<span class=\"elementor-button-content-wrapper\">\n\t\t\t\t\t\t<span class=\"elementor-button-icon\">\n\t\t\t\t<i aria-hidden=\"true\" class=\"fas fa-file-pdf\"><\/i>\t\t\t<\/span>\n\t\t\t\t\t\t\t\t\t<span class=\"elementor-button-text\">Treatment protocol (bullying at school)<\/span>\n\t\t\t\t\t<\/span>\n\t\t\t\t\t<\/a>\n\t\t\t\t<\/div>\n\t\t\t\t\t\t\t\t<\/div>\n\t\t\t\t<\/div>\n\t\t\t\t<div class=\"elementor-element elementor-element-2bf17e1 elementor-widget elementor-widget-button\" data-id=\"2bf17e1\" data-element_type=\"widget\" data-e-type=\"widget\" data-widget_type=\"button.default\">\n\t\t\t\t<div class=\"elementor-widget-container\">\n\t\t\t\t\t\t\t\t\t<div class=\"elementor-button-wrapper\">\n\t\t\t\t\t<a class=\"elementor-button elementor-button-link elementor-size-sm\" href=\"https:\/\/lfmalaga.com\/wp-content\/uploads\/2023\/03\/protocole-harc-lement-2nd-degr-15811.pdf\" target=\"_blank\">\n\t\t\t\t\t\t<span class=\"elementor-button-content-wrapper\">\n\t\t\t\t\t\t<span class=\"elementor-button-icon\">\n\t\t\t\t<i aria-hidden=\"true\" class=\"fas fa-file-pdf\"><\/i>\t\t\t<\/span>\n\t\t\t\t\t\t\t\t\t<span class=\"elementor-button-text\">Treatment protocol (bullying in college and high school)<\/span>\n\t\t\t\t\t<\/span>\n\t\t\t\t\t<\/a>\n\t\t\t\t<\/div>\n\t\t\t\t\t\t\t\t<\/div>\n\t\t\t\t<\/div>\n\t\t\t\t<div class=\"elementor-element elementor-element-d4e34dc elementor-widget elementor-widget-button\" data-id=\"d4e34dc\" data-element_type=\"widget\" data-e-type=\"widget\" data-widget_type=\"button.default\">\n\t\t\t\t<div class=\"elementor-widget-container\">\n\t\t\t\t\t\t\t\t\t<div class=\"elementor-button-wrapper\">\n\t\t\t\t\t<a class=\"elementor-button elementor-button-link elementor-size-sm\" href=\"https:\/\/lfmalaga.com\/wp-content\/uploads\/2024\/01\/FR-Protocole-agressions-sexuelles-et-maltraitance.pdf\" target=\"_blank\">\n\t\t\t\t\t\t<span class=\"elementor-button-content-wrapper\">\n\t\t\t\t\t\t<span class=\"elementor-button-icon\">\n\t\t\t\t<i aria-hidden=\"true\" class=\"fas fa-file-pdf\"><\/i>\t\t\t<\/span>\n\t\t\t\t\t\t\t\t\t<span class=\"elementor-button-text\">Protocol for the protection of minors <\/span>\n\t\t\t\t\t<\/span>\n\t\t\t\t\t<\/a>\n\t\t\t\t<\/div>\n\t\t\t\t\t\t\t\t<\/div>\n\t\t\t\t<\/div>\n\t\t\t\t\t<\/div>\n\t\t<\/div>\n\t\t\t\t\t<\/div>\n\t\t<\/section>\n\t\t\t\t<\/div>","protected":false},"excerpt":{"rendered":"<p>PROJET d\u2019ETABLISSEMENT Notre projet d\u2019\u00e9tablissement vise \u00e0 conduire chacun de nos \u00e9l\u00e8ves jusqu\u2019\u00e0 sa propre excellence. Dans ce but, nous avons d\u00e9velopp\u00e9 4 axes de travail :\u00a0 QUELQUES BONNES RAISONS DE CHOISIR NOTRE \u00c9TABLISSEMENT&#8230; Double dipl\u00f4me: Baccalaur\u00e9at et \u00ab\u00a0T\u00edtulo de Bachiller\u00a0\u00bb \u00c0 la fin de sa scolarit\u00e9 l\u2019\u00e9l\u00e8ve sort de l\u2019\u00e9tablissement avec un dipl\u00f4me fran\u00e7ais [&hellip;]<\/p>\n","protected":false},"author":1,"featured_media":354,"parent":29320,"menu_order":0,"comment_status":"closed","ping_status":"closed","template":"","meta":{"footnotes":""},"class_list":["post-17","page","type-page","status-publish","has-post-thumbnail","hentry"],"_links":{"self":[{"href":"https:\/\/lfmalaga.com\/en\/wp-json\/wp\/v2\/pages\/17","targetHints":{"allow":["GET"]}}],"collection":[{"href":"https:\/\/lfmalaga.com\/en\/wp-json\/wp\/v2\/pages"}],"about":[{"href":"https:\/\/lfmalaga.com\/en\/wp-json\/wp\/v2\/types\/page"}],"author":[{"embeddable":true,"href":"https:\/\/lfmalaga.com\/en\/wp-json\/wp\/v2\/users\/1"}],"replies":[{"embeddable":true,"href":"https:\/\/lfmalaga.com\/en\/wp-json\/wp\/v2\/comments?post=17"}],"version-history":[{"count":11,"href":"https:\/\/lfmalaga.com\/en\/wp-json\/wp\/v2\/pages\/17\/revisions"}],"predecessor-version":[{"id":36181,"href":"https:\/\/lfmalaga.com\/en\/wp-json\/wp\/v2\/pages\/17\/revisions\/36181"}],"up":[{"embeddable":true,"href":"https:\/\/lfmalaga.com\/en\/wp-json\/wp\/v2\/pages\/29320"}],"wp:featuredmedia":[{"embeddable":true,"href":"https:\/\/lfmalaga.com\/en\/wp-json\/"}],"wp:attachment":[{"href":"https:\/\/lfmalaga.com\/en\/wp-json\/wp\/v2\/media?parent=17"}],"curies":[{"name":"wp","href":"https:\/\/api.w.org\/{rel}","templated":true}]}}