{"id":29048,"date":"2021-03-28T10:58:22","date_gmt":"2021-03-28T10:58:22","guid":{"rendered":"https:\/\/lfmalaga.im-nomade.com\/?page_id=43"},"modified":"2026-02-24T12:00:33","modified_gmt":"2026-02-24T11:00:33","slug":"pedagogie-parcours-linguistique","status":"publish","type":"page","link":"https:\/\/lfmalaga.com\/en\/pedagogie\/pedagogie-parcours-linguistique\/","title":{"rendered":"Language courses"},"content":{"rendered":"<div data-elementor-type=\"wp-page\" data-elementor-id=\"29048\" class=\"elementor elementor-29048\" data-elementor-post-type=\"page\">\n\t\t\t\t\t\t<section class=\"elementor-section elementor-top-section elementor-element elementor-element-7fa95f46 elementor-section-full_width elementor-section-content-middle elementor-section-height-default elementor-section-height-default\" data-id=\"7fa95f46\" data-element_type=\"section\" data-e-type=\"section\">\n\t\t\t\t\t\t<div class=\"elementor-container elementor-column-gap-no\">\n\t\t\t\t\t<div class=\"elementor-column elementor-col-100 elementor-top-column elementor-element elementor-element-74e195e7\" data-id=\"74e195e7\" data-element_type=\"column\" data-e-type=\"column\">\n\t\t\t<div class=\"elementor-widget-wrap elementor-element-populated\">\n\t\t\t\t\t\t<div class=\"elementor-element elementor-element-6e134aa9 elementor-widget elementor-widget-shortcode\" data-id=\"6e134aa9\" data-element_type=\"widget\" data-e-type=\"widget\" data-widget_type=\"shortcode.default\">\n\t\t\t\t<div class=\"elementor-widget-container\">\n\t\t\t\t\t\t\t<div class=\"elementor-shortcode\"><\/div>\n\t\t\t\t\t\t<\/div>\n\t\t\t\t<\/div>\n\t\t\t\t\t<\/div>\n\t\t<\/div>\n\t\t\t\t\t<\/div>\n\t\t<\/section>\n\t\t\t\t<section class=\"elementor-section elementor-top-section elementor-element elementor-element-6b4c16e6 elementor-section-boxed elementor-section-height-default elementor-section-height-default\" data-id=\"6b4c16e6\" data-element_type=\"section\" data-e-type=\"section\">\n\t\t\t\t\t\t<div class=\"elementor-container elementor-column-gap-default\">\n\t\t\t\t\t<div class=\"elementor-column elementor-col-100 elementor-top-column elementor-element elementor-element-6dfe73ec\" data-id=\"6dfe73ec\" data-element_type=\"column\" data-e-type=\"column\">\n\t\t\t<div class=\"elementor-widget-wrap elementor-element-populated\">\n\t\t\t\t\t\t<div class=\"elementor-element elementor-element-307df492 elementor-widget elementor-widget-heading\" data-id=\"307df492\" data-element_type=\"widget\" data-e-type=\"widget\" data-widget_type=\"heading.default\">\n\t\t\t\t<div class=\"elementor-widget-container\">\n\t\t\t\t\t<h2 class=\"elementor-heading-title elementor-size-default\">Language courses<\/h2>\t\t\t\t<\/div>\n\t\t\t\t<\/div>\n\t\t\t\t<div class=\"elementor-element elementor-element-1e64c96 elementor-widget elementor-widget-text-editor\" data-id=\"1e64c96\" data-element_type=\"widget\" data-e-type=\"widget\" data-widget_type=\"text-editor.default\">\n\t\t\t\t<div class=\"elementor-widget-container\">\n\t\t\t\t\t\t\t\t\t<h6>Language learning is the specialty of the Lyc\u00e9e Fran\u00e7ais International de Malaga.\u00a0<\/h6><p>From the age of 3, our students are impregnated with 3 living languages that they will hear, discover and speak: French of course which is our language of schooling, Spanish and English. Our students will be able to perfect these 3 living languages until the end of their schooling in our establishment.\u00a0<\/p><p>In order to develop the acquisition of English and Spanish, we also offer lessons in various subjects in English or Spanish (EMILE in primary, DNL in secondary): PE, science, mathematics, etc.\u00a0<\/p><p>In 5th grade, our students can, if they wish, choose an option: either German or Latin. We therefore offer everyone the opportunity to master 4 modern languages at a high level by the end of their schooling.<\/p>\t\t\t\t\t\t\t\t<\/div>\n\t\t\t\t<\/div>\n\t\t\t\t<div class=\"elementor-element elementor-element-190fb47 elementor-widget elementor-widget-image\" data-id=\"190fb47\" data-element_type=\"widget\" data-e-type=\"widget\" data-widget_type=\"image.default\">\n\t\t\t\t<div class=\"elementor-widget-container\">\n\t\t\t\t\t\t\t\t\t\t\t\t\t\t\t<img fetchpriority=\"high\" decoding=\"async\" width=\"640\" height=\"307\" src=\"https:\/\/lfmalaga.com\/wp-content\/uploads\/2022\/02\/PARLE_LOGODEROULE_RVB.png\" class=\"attachment-large size-large wp-image-33536\" alt=\"\" srcset=\"https:\/\/lfmalaga.com\/wp-content\/uploads\/2022\/02\/PARLE_LOGODEROULE_RVB.png 640w, https:\/\/lfmalaga.com\/wp-content\/uploads\/2022\/02\/PARLE_LOGODEROULE_RVB-300x144.png 300w, https:\/\/lfmalaga.com\/wp-content\/uploads\/2022\/02\/PARLE_LOGODEROULE_RVB-18x9.png 18w\" sizes=\"(max-width: 640px) 100vw, 640px\" \/>\t\t\t\t\t\t\t\t\t\t\t\t\t\t\t<\/div>\n\t\t\t\t<\/div>\n\t\t\t\t\t<\/div>\n\t\t<\/div>\n\t\t\t\t\t<\/div>\n\t\t<\/section>\n\t\t<div class=\"elementor-element elementor-element-5996d8e e-flex e-con-boxed e-con e-parent\" data-id=\"5996d8e\" data-element_type=\"container\" data-e-type=\"container\">\n\t\t\t\t\t<div class=\"e-con-inner\">\n\t\t<div class=\"elementor-element elementor-element-19375e6 e-con-full e-flex e-con e-child\" data-id=\"19375e6\" data-element_type=\"container\" data-e-type=\"container\">\n\t\t\t\t<div class=\"elementor-element elementor-element-bd2d306 elementor-widget elementor-widget-image\" data-id=\"bd2d306\" data-element_type=\"widget\" data-e-type=\"widget\" data-widget_type=\"image.default\">\n\t\t\t\t<div class=\"elementor-widget-container\">\n\t\t\t\t\t\t\t\t\t\t\t\t\t\t\t<img decoding=\"async\" width=\"1920\" height=\"1080\" src=\"https:\/\/lfmalaga.com\/wp-content\/uploads\/2025\/09\/1.png\" class=\"attachment-full size-full wp-image-36142\" alt=\"\" srcset=\"https:\/\/lfmalaga.com\/wp-content\/uploads\/2025\/09\/1.png 1920w, https:\/\/lfmalaga.com\/wp-content\/uploads\/2025\/09\/1-300x169.png 300w, https:\/\/lfmalaga.com\/wp-content\/uploads\/2025\/09\/1-1024x576.png 1024w, https:\/\/lfmalaga.com\/wp-content\/uploads\/2025\/09\/1-768x432.png 768w, https:\/\/lfmalaga.com\/wp-content\/uploads\/2025\/09\/1-1536x864.png 1536w, https:\/\/lfmalaga.com\/wp-content\/uploads\/2025\/09\/1-18x10.png 18w\" sizes=\"(max-width: 1920px) 100vw, 1920px\" \/>\t\t\t\t\t\t\t\t\t\t\t\t\t\t\t<\/div>\n\t\t\t\t<\/div>\n\t\t\t\t<\/div>\n\t\t\t\t\t<\/div>\n\t\t\t\t<\/div>\n\t\t\t\t<section class=\"elementor-section elementor-top-section elementor-element elementor-element-5960075 elementor-section-boxed elementor-section-height-default elementor-section-height-default\" data-id=\"5960075\" data-element_type=\"section\" data-e-type=\"section\">\n\t\t\t\t\t\t<div class=\"elementor-container elementor-column-gap-default\">\n\t\t\t\t\t<div class=\"elementor-column elementor-col-100 elementor-top-column elementor-element elementor-element-eafc6d6\" data-id=\"eafc6d6\" data-element_type=\"column\" data-e-type=\"column\">\n\t\t\t<div class=\"elementor-widget-wrap elementor-element-populated\">\n\t\t\t\t\t\t<div class=\"elementor-element elementor-element-5fca87d elementor-widget elementor-widget-heading\" data-id=\"5fca87d\" data-element_type=\"widget\" data-e-type=\"widget\" data-widget_type=\"heading.default\">\n\t\t\t\t<div class=\"elementor-widget-container\">\n\t\t\t\t\t<h2 class=\"elementor-heading-title elementor-size-default\">French teaching <\/h2>\t\t\t\t<\/div>\n\t\t\t\t<\/div>\n\t\t\t\t<div class=\"elementor-element elementor-element-fdd8fa3 elementor-widget elementor-widget-text-editor\" data-id=\"fdd8fa3\" data-element_type=\"widget\" data-e-type=\"widget\" data-widget_type=\"text-editor.default\">\n\t\t\t\t<div class=\"elementor-widget-container\">\n\t\t\t\t\t\t\t\t\t<h6>French is the language of communication within the establishment.\u00a0<\/h6><p>Our students have a privileged relationship with French, which involves significant exposure to the French language thanks in particular to pedagogical, educational and cultural projects such as class projects, thematic weeks, web radio, simulations of international organizations, competitions of eloquence...\u00a0<\/p><h6>My child does not speak French. Can he enter the Lyc\u00e9e Fran\u00e7ais International de Malaga?\u00a0<\/h6><p>Yes your child can enter our establishment if he does not speak French. Until CM2, the reception of a non-French-speaking student is possible. In kindergarten, a large majority of our students do not speak French when they arrive in our establishment. Our teachers are professionals who know how to set up a pedagogy centered on the acquisition of French as a foreign language. The acquisition of French is then done by impregnation (students listen to their teacher and their French-speaking classmates) and by imitation (students repeat what their teacher or their classmates say). They thus acquire language structures and a passive vocabulary, which they understand, then an active vocabulary which they are capable of producing on their own.\u00a0<\/p><p>From elementary school, your child will be able to benefit from specific support thanks to the intervention of a teacher specialized in the teaching of French as a foreign language. This teacher can intervene in your child&#039;s class to help him with his daily tasks. She will also take your child during school time but outside of class for specific French teaching.\u00a0<\/p><h6>No one speaks French in the family. How will I be able to accompany my child in his schooling?\u00a0<\/h6><p>For many areas of teaching, fluency in French at home is not necessary. Indeed, mathematics, science, Spanish, English, geography\u2026 do not necessarily need to be mastered by families. You will therefore be able to fully accompany your child in these areas. With regard to French, our teachers know that a certain number of families do not master our language of instruction. They will be able to communicate with you in Spanish if necessary, set up devices to help you (QR codes, sending audio, etc.)<\/p>\t\t\t\t\t\t\t\t<\/div>\n\t\t\t\t<\/div>\n\t\t\t\t\t<\/div>\n\t\t<\/div>\n\t\t\t\t\t<\/div>\n\t\t<\/section>\n\t\t\t\t<section class=\"elementor-section elementor-top-section elementor-element elementor-element-d5116c8 elementor-section-boxed elementor-section-height-default elementor-section-height-default\" data-id=\"d5116c8\" data-element_type=\"section\" data-e-type=\"section\">\n\t\t\t\t\t\t<div class=\"elementor-container elementor-column-gap-default\">\n\t\t\t\t\t<div class=\"elementor-column elementor-col-100 elementor-top-column elementor-element elementor-element-03ba8d7\" data-id=\"03ba8d7\" data-element_type=\"column\" data-e-type=\"column\">\n\t\t\t<div class=\"elementor-widget-wrap elementor-element-populated\">\n\t\t\t\t\t\t<div class=\"elementor-element elementor-element-ead9d27 elementor-widget elementor-widget-heading\" data-id=\"ead9d27\" data-element_type=\"widget\" data-e-type=\"widget\" data-widget_type=\"heading.default\">\n\t\t\t\t<div class=\"elementor-widget-container\">\n\t\t\t\t\t<h2 class=\"elementor-heading-title elementor-size-default\">Spanish teaching<\/h2>\t\t\t\t<\/div>\n\t\t\t\t<\/div>\n\t\t\t\t<div class=\"elementor-element elementor-element-13825df elementor-widget elementor-widget-text-editor\" data-id=\"13825df\" data-element_type=\"widget\" data-e-type=\"widget\" data-widget_type=\"text-editor.default\">\n\t\t\t\t<div class=\"elementor-widget-container\">\n\t\t\t\t\t\t\t\t\t<h6>Spanish is the language of our host country.\u00a0<\/h6><p>Royal Decree 806\/93 sets the conditions for permeability between the French system and the Spanish system. Thus, at any time during their schooling, our students can integrate the Spanish system without prejudice to their schooling.\u00a0<\/p><h6>My child does not speak Spanish. Can he enter the French International School of Malaga?\u00a0<\/h6><p>We specialize in language teaching in general. All of our students learn to speak Spanish to a very advanced level. From kindergarten, our students benefit from 4 hours of instruction in Spanish per week. This teaching and the attendance of Spanish-speaking students will allow your child to begin learning Spanish which will become, over time, a language that he will master perfectly.\u00a0<\/p><p>In elementary school, non-Spanish-speaking pupils can benefit from specific Spanish language learning for 2 years. Our teacher specializing in teaching Spanish as a foreign language will intervene with your child outside of class for a specific Spanish lesson. Your child will also attend 3 of the 4 hours of Spanish in his class in order to pull him up and benefit from all the projects in his class.\u00a0<\/p><h6>From 6th to 2nd, our non-Spanish-speaking students benefit from a group teaching of skills of 2 hours outside the class and 2 hours in the class with an adaptation of the work.\u00a0<\/h6><p>As in elementary school, this arrangement is set up for a maximum of 2 years. The teaching of history and geography of the French programs is supplemented by certain points of Spanish history and geography In the final cycle (in Premi\u00e8re and Terminale) our incoming students follow the French program with 1 hour in addition they wish to enter a Spanish university.\u00a0<span style=\"color: var( --e-global-color-d9c29ee ); font-family: var( --e-global-typography-text-font-family ), Sans-serif; font-size: var( --e-global-typography-text-font-size ); font-weight: var( --e-global-typography-text-font-weight );\">Introduction to Spanish for students who do not have sufficient command of the language is organized according to needs, in groups.<\/span><\/p>\t\t\t\t\t\t\t\t<\/div>\n\t\t\t\t<\/div>\n\t\t\t\t\t<\/div>\n\t\t<\/div>\n\t\t\t\t\t<\/div>\n\t\t<\/section>\n\t\t\t\t<section class=\"elementor-section elementor-top-section elementor-element elementor-element-3d73ca9 elementor-section-boxed elementor-section-height-default elementor-section-height-default\" data-id=\"3d73ca9\" data-element_type=\"section\" data-e-type=\"section\">\n\t\t\t\t\t\t<div class=\"elementor-container elementor-column-gap-default\">\n\t\t\t\t\t<div class=\"elementor-column elementor-col-100 elementor-top-column elementor-element elementor-element-6c55766\" data-id=\"6c55766\" data-element_type=\"column\" data-e-type=\"column\">\n\t\t\t<div class=\"elementor-widget-wrap elementor-element-populated\">\n\t\t\t\t\t\t<div class=\"elementor-element elementor-element-8bae9bb elementor-widget elementor-widget-heading\" data-id=\"8bae9bb\" data-element_type=\"widget\" data-e-type=\"widget\" data-widget_type=\"heading.default\">\n\t\t\t\t<div class=\"elementor-widget-container\">\n\t\t\t\t\t<h2 class=\"elementor-heading-title elementor-size-default\">English teaching<\/h2>\t\t\t\t<\/div>\n\t\t\t\t<\/div>\n\t\t\t\t<div class=\"elementor-element elementor-element-0b0ecdd elementor-widget elementor-widget-text-editor\" data-id=\"0b0ecdd\" data-element_type=\"widget\" data-e-type=\"widget\" data-widget_type=\"text-editor.default\">\n\t\t\t\t<div class=\"elementor-widget-container\">\n\t\t\t\t\t\t\t\t\t<p>Learning English begins in the Petite Section of kindergarten, in the form of a fun impregnation with the language and continues throughout the student&#039;s schooling, until Terminale.\u00a0<\/p><p>Teaching of various subjects is also provided in English throughout the schooling (EPS, mathematics, etc.). At the end of the course, our students have access to Cambridge certifications at level B2 or C1.<\/p>\t\t\t\t\t\t\t\t<\/div>\n\t\t\t\t<\/div>\n\t\t\t\t\t<\/div>\n\t\t<\/div>\n\t\t\t\t\t<\/div>\n\t\t<\/section>\n\t\t\t\t<section class=\"elementor-section elementor-top-section elementor-element elementor-element-8f2dc46 elementor-section-boxed elementor-section-height-default elementor-section-height-default\" data-id=\"8f2dc46\" data-element_type=\"section\" data-e-type=\"section\">\n\t\t\t\t\t\t<div class=\"elementor-container elementor-column-gap-default\">\n\t\t\t\t\t<div class=\"elementor-column elementor-col-100 elementor-top-column elementor-element elementor-element-48c027d\" data-id=\"48c027d\" data-element_type=\"column\" data-e-type=\"column\">\n\t\t\t<div class=\"elementor-widget-wrap elementor-element-populated\">\n\t\t\t\t\t\t<div class=\"elementor-element elementor-element-5e1a1f3 elementor-widget elementor-widget-heading\" data-id=\"5e1a1f3\" data-element_type=\"widget\" data-e-type=\"widget\" data-widget_type=\"heading.default\">\n\t\t\t\t<div class=\"elementor-widget-container\">\n\t\t\t\t\t<h2 class=\"elementor-heading-title elementor-size-default\">German (or Latin) teaching<\/h2>\t\t\t\t<\/div>\n\t\t\t\t<\/div>\n\t\t\t\t<div class=\"elementor-element elementor-element-f51b1fc elementor-widget elementor-widget-text-editor\" data-id=\"f51b1fc\" data-element_type=\"widget\" data-e-type=\"widget\" data-widget_type=\"text-editor.default\">\n\t\t\t\t<div class=\"elementor-widget-container\">\n\t\t\t\t\t\t\t\t\t<p>German or Latin are available as options from 5th grade. Germanist students will have the opportunity to take the Goethe B1 certification.<\/p>\t\t\t\t\t\t\t\t<\/div>\n\t\t\t\t<\/div>\n\t\t\t\t\t<\/div>\n\t\t<\/div>\n\t\t\t\t\t<\/div>\n\t\t<\/section>\n\t\t\t\t<\/div>","protected":false},"excerpt":{"rendered":"<p>Les parcours linguistiques L\u2019apprentissage des langues est la sp\u00e9cialit\u00e9 du Lyc\u00e9e Fran\u00e7ais International de Malaga.\u00a0 D\u00e8s 3 ans, nos \u00e9l\u00e8ves sont impr\u00e9gn\u00e9s de 3 langues vivantes qu\u2019ils vont entendre, d\u00e9couvrir et parler\u00a0: le fran\u00e7ais bien s\u00fbr qui est notre langue de scolarisation, l\u2019espagnol et l\u2019anglais. Nos \u00e9l\u00e8ves vont pouvoir perfectionner ces 3 langues vivantes jusqu\u2019\u00e0 [&hellip;]<\/p>\n","protected":false},"author":1,"featured_media":365,"parent":36447,"menu_order":0,"comment_status":"closed","ping_status":"closed","template":"","meta":{"footnotes":""},"class_list":["post-29048","page","type-page","status-publish","has-post-thumbnail","hentry"],"_links":{"self":[{"href":"https:\/\/lfmalaga.com\/en\/wp-json\/wp\/v2\/pages\/29048","targetHints":{"allow":["GET"]}}],"collection":[{"href":"https:\/\/lfmalaga.com\/en\/wp-json\/wp\/v2\/pages"}],"about":[{"href":"https:\/\/lfmalaga.com\/en\/wp-json\/wp\/v2\/types\/page"}],"author":[{"embeddable":true,"href":"https:\/\/lfmalaga.com\/en\/wp-json\/wp\/v2\/users\/1"}],"replies":[{"embeddable":true,"href":"https:\/\/lfmalaga.com\/en\/wp-json\/wp\/v2\/comments?post=29048"}],"version-history":[{"count":35,"href":"https:\/\/lfmalaga.com\/en\/wp-json\/wp\/v2\/pages\/29048\/revisions"}],"predecessor-version":[{"id":36146,"href":"https:\/\/lfmalaga.com\/en\/wp-json\/wp\/v2\/pages\/29048\/revisions\/36146"}],"up":[{"embeddable":true,"href":"https:\/\/lfmalaga.com\/en\/wp-json\/wp\/v2\/pages\/36447"}],"wp:featuredmedia":[{"embeddable":true,"href":"https:\/\/lfmalaga.com\/en\/wp-json\/"}],"wp:attachment":[{"href":"https:\/\/lfmalaga.com\/en\/wp-json\/wp\/v2\/media?parent=29048"}],"curies":[{"name":"wp","href":"https:\/\/api.w.org\/{rel}","templated":true}]}}