{"id":30451,"date":"2022-04-11T12:16:49","date_gmt":"2022-04-11T10:16:49","guid":{"rendered":"https:\/\/lfmalaga.com\/?page_id=30451"},"modified":"2022-09-26T20:24:01","modified_gmt":"2022-09-26T18:24:01","slug":"brevet","status":"publish","type":"page","link":"https:\/\/lfmalaga.com\/en\/brevet\/","title":{"rendered":"National Certificate"},"content":{"rendered":"<div data-elementor-type=\"wp-page\" data-elementor-id=\"30451\" class=\"elementor elementor-30451\" data-elementor-post-type=\"page\">\n\t\t\t\t<div class=\"elementor-element elementor-element-e19d931 e-flex e-con-boxed e-con e-parent\" data-id=\"e19d931\" data-element_type=\"container\" data-e-type=\"container\">\n\t\t\t\t\t<div class=\"e-con-inner\">\n\t\t\t\t<div class=\"elementor-element elementor-element-05392fb elementor-widget elementor-widget-heading\" data-id=\"05392fb\" data-element_type=\"widget\" data-e-type=\"widget\" data-widget_type=\"heading.default\">\n\t\t\t\t<div class=\"elementor-widget-container\">\n\t\t\t\t\t<h2 class=\"elementor-heading-title elementor-size-large\">The national patent diploma<\/h2>\t\t\t\t<\/div>\n\t\t\t\t<\/div>\n\t\t\t\t<div class=\"elementor-element elementor-element-cd01bdc elementor-widget elementor-widget-text-editor\" data-id=\"cd01bdc\" data-element_type=\"widget\" data-e-type=\"widget\" data-widget_type=\"text-editor.default\">\n\t\t\t\t<div class=\"elementor-widget-container\">\n\t\t\t\t\t\t\t\t\t<p><span id=\"page3R_mcid4\" class=\"markedContent\"><span dir=\"ltr\" role=\"presentation\">The national patent diploma (or DNB)<\/span>\u00a0<span dir=\"ltr\" role=\"presentation\">attests to the acquisition of general knowledge at the end of the College.<\/span> <span dir=\"ltr\" role=\"presentation\">the<\/span> <span dir=\"ltr\" role=\"presentation\">patent does not give access to a higher class at the end of third<\/span> <span dir=\"ltr\" role=\"presentation\">: the two decisions, <\/span><span dir=\"ltr\" role=\"presentation\">attribution of the diploma and orientation, are<\/span> <span dir=\"ltr\" role=\"presentation\">dissociated.<\/span><\/span><span id=\"page3R_mcid5\" class=\"markedContent\"><\/span><span id=\"page3R_mcid6\" class=\"markedContent\"><\/span><\/p><h6><span id=\"page3R_mcid6\" class=\"markedContent\"><br role=\"presentation\" \/><strong><span dir=\"ltr\" role=\"presentation\">What are the conditions for obtaining the National Diploma of<\/span> <span dir=\"ltr\" role=\"presentation\">Patent?<\/span><\/strong><\/span><\/h6><p><span id=\"page3R_mcid7\" class=\"markedContent\"><span dir=\"ltr\" role=\"presentation\">For school candidates, obtaining the national brevet diploma (DNB) is linked to the<\/span> <span dir=\"ltr\" role=\"presentation\">mastery of the common base of knowledge, skills and culture and at the<\/span><span dir=\"ltr\" role=\"presentation\">x results<\/span> <span dir=\"ltr\" role=\"presentation\">obtained in the tests of a final examination.<\/span><\/span><span id=\"page3R_mcid8\" class=\"markedContent\"><\/span><\/p><h6><span id=\"page3R_mcid8\" class=\"markedContent\"><br role=\"presentation\" \/><strong><span dir=\"ltr\" role=\"presentation\">Mastery of the common base<\/span><\/strong><\/span><span id=\"page3R_mcid9\" class=\"markedContent\"><\/span><\/h6><p><span id=\"page3R_mcid9\" class=\"markedContent\"><br role=\"presentation\" \/><span dir=\"ltr\" role=\"presentation\">Mastery of the common core of knowledge, skills and culture is based<\/span> <span dir=\"ltr\" role=\"presentation\">on the assessment of the level achieved in each of the four knowledge objectives and<\/span> <span dir=\"ltr\" role=\"presentation\">skills in the first domain (<\/span><span dir=\"ltr\" role=\"presentation\">L<\/span><span dir=\"ltr\" role=\"presentation\">languages for thinking and communicating)<\/span> <span dir=\"ltr\" role=\"presentation\">and<\/span> <span dir=\"ltr\" role=\"presentation\">in each of the other four areas.<\/span><\/span><span id=\"page3R_mcid10\" class=\"markedContent\"><\/span><\/p><p><span id=\"page3R_mcid10\" class=\"markedContent\"><br role=\"presentation\" \/><span dir=\"ltr\" role=\"presentation\">The eight components of the common base taken into account are therefore<\/span> <span dir=\"ltr\" role=\"presentation\">:<\/span><\/span><span id=\"page3R_mcid11\" class=\"markedContent\"><br role=\"presentation\" \/><\/span><\/p><ul><li><span id=\"page3R_mcid11\" class=\"markedContent\"><span dir=\"ltr\" role=\"presentation\">Understand, express yourself using the French language orally and<\/span> <span dir=\"ltr\" role=\"presentation\">the writing<\/span><\/span><span id=\"page3R_mcid12\" class=\"markedContent\"><br role=\"presentation\" \/><\/span><\/li><li><span id=\"page3R_mcid12\" class=\"markedContent\"><span dir=\"ltr\" role=\"presentation\">Understand, express yourself using a foreign language and, where appropriate, a<\/span><br role=\"presentation\" \/><span dir=\"ltr\" role=\"presentation\">regional language<\/span><\/span><span id=\"page3R_mcid13\" class=\"markedContent\"><br role=\"presentation\" \/><\/span><\/li><li><span id=\"page3R_mcid13\" class=\"markedContent\"><span dir=\"ltr\" role=\"presentation\">Understand, express yourself using mathematical, scientific and<\/span><br role=\"presentation\" \/><span dir=\"ltr\" role=\"presentation\">computer<\/span><\/span><span id=\"page3R_mcid14\" class=\"markedContent\"><br role=\"presentation\" \/><\/span><\/li><li><span id=\"page3R_mcid14\" class=\"markedContent\"><span dir=\"ltr\" role=\"presentation\">Understand, express yourself using the languages of the a<\/span><span dir=\"ltr\" role=\"presentation\">rts and body<\/span><\/span><span id=\"page3R_mcid15\" class=\"markedContent\"><br role=\"presentation\" \/><\/span><\/li><li><span id=\"page3R_mcid15\" class=\"markedContent\"><span dir=\"ltr\" role=\"presentation\">Methods and tools for learning<\/span><\/span><span id=\"page3R_mcid16\" class=\"markedContent\"><br role=\"presentation\" \/><\/span><\/li><li><span id=\"page3R_mcid16\" class=\"markedContent\"><span dir=\"ltr\" role=\"presentation\">The formation of the person and the citizen<\/span><\/span><span id=\"page3R_mcid17\" class=\"markedContent\"><br role=\"presentation\" \/><\/span><\/li><li><span id=\"page3R_mcid17\" class=\"markedContent\"><span dir=\"ltr\" role=\"presentation\">Natural systems and technical systems<\/span><\/span><span id=\"page3R_mcid18\" class=\"markedContent\"><br role=\"presentation\" \/><\/span><\/li><li><span id=\"page3R_mcid18\" class=\"markedContent\"><span dir=\"ltr\" role=\"presentation\">Representations of the world and human activity<\/span><\/span><span id=\"page3R_mcid19\" class=\"markedContent\"><\/span><\/li><\/ul><p><span id=\"page3R_mcid19\" class=\"markedContent\"><br role=\"presentation\" \/><span dir=\"ltr\" role=\"presentation\">These different components are evaluated according to a scale<\/span> <span dir=\"ltr\" role=\"presentation\">at four levels<\/span> <span dir=\"ltr\" role=\"presentation\">: mastery<\/span> <span dir=\"ltr\" role=\"presentation\">insufficient,<\/span> <span dir=\"ltr\" role=\"presentation\">mastery<\/span> <span dir=\"ltr\" role=\"presentation\">brittle,<\/span> <span dir=\"ltr\" role=\"presentation\">mastery<\/span> <span dir=\"ltr\" role=\"presentation\">satisfactory<\/span> <span dir=\"ltr\" role=\"presentation\">and<\/span> <span dir=\"ltr\" role=\"presentation\">very<\/span> <span dir=\"ltr\" role=\"presentation\">good<\/span> <span dir=\"ltr\" role=\"presentation\">mastery.<\/span> <span dir=\"ltr\" role=\"presentation\">the<\/span> <span dir=\"ltr\" role=\"presentation\">positioning on this scale is carried out over time<\/span><\/span><span id=\"page3R_mcid20\" class=\"markedContent\"> <span dir=\"ltr\" role=\"presentation\">evaluations carried out throughout the cycle<\/span> <span dir=\"ltr\" role=\"presentation\">4<\/span><\/span><span id=\"page3R_mcid21\" class=\"markedContent\"> <span dir=\"ltr\" role=\"presentation\">by teachers.<\/span><\/span><span id=\"page3R_mcid22\" class=\"markedContent\"><\/span><\/p><p><span id=\"page3R_mcid22\" class=\"markedContent\"><br role=\"presentation\" \/><span dir=\"ltr\" role=\"presentation\">For each of the eight components of the common base taken into account, the candidate<\/span> <span dir=\"ltr\" role=\"presentation\">gets<\/span> <span dir=\"ltr\" role=\"presentation\">:<\/span><\/span><span id=\"page3R_mcid23\" class=\"markedContent\"><br role=\"presentation\" \/><\/span><\/p><ul><li><span id=\"page3R_mcid23\" class=\"markedContent\"><span dir=\"ltr\" role=\"presentation\">10 points for the \u201cinsufficient mastery\u201d level,<\/span><\/span><span id=\"page3R_mcid24\" class=\"markedContent\"><br role=\"presentation\" \/><\/span><\/li><li><span id=\"page3R_mcid24\" class=\"markedContent\"><span dir=\"ltr\" role=\"presentation\">25 points for the<\/span> <span dir=\"ltr\" role=\"presentation\">\u201cfragile mastery\u201d level,<\/span><\/span><span id=\"page3R_mcid25\" class=\"markedContent\"><\/span><\/li><li><span id=\"page3R_mcid25\" class=\"markedContent\"><span dir=\"ltr\" role=\"presentation\">40 points for the \u201csatisfactory mastery\u201d level,<\/span><\/span><span id=\"page3R_mcid26\" class=\"markedContent\"><\/span><\/li><li><span id=\"page3R_mcid26\" class=\"markedContent\"><span dir=\"ltr\" role=\"presentation\">50 points for the \u201cvery good command\u201d level.<\/span><\/span><span id=\"page3R_mcid27\" class=\"markedContent\"><\/span><\/li><\/ul><p><span id=\"page3R_mcid27\" class=\"markedContent\"><span dir=\"ltr\" role=\"presentation\">Mastery of the common core is noted on<\/span> <span dir=\"ltr\" role=\"presentation\">400 dots<\/span><span dir=\"ltr\" role=\"presentation\">.<\/span><\/span><span id=\"page3R_mcid28\" class=\"markedContent\"><\/span><\/p><p><span id=\"page3R_mcid28\" class=\"markedContent\"><br role=\"presentation\" \/><span dir=\"ltr\" role=\"presentation\">Students who have taken a<\/span> <span dir=\"ltr\" role=\"presentation\">education<\/span> <span dir=\"ltr\" role=\"presentation\">optional<\/span> <span dir=\"ltr\" role=\"presentation\">(Latin or German)<\/span> <span dir=\"ltr\" role=\"presentation\">benefit from<\/span> <span dir=\"ltr\" role=\"presentation\">off<\/span> <span dir=\"ltr\" role=\"presentation\">:<\/span><\/span><span id=\"page3R_mcid29\" class=\"markedContent\"><br role=\"presentation\" \/><\/span><\/p><ul><li><span id=\"page3R_mcid29\" class=\"markedContent\"><span dir=\"ltr\" role=\"presentation\">10 points if the learning objectives of cycle 4 are achieved<\/span> <span dir=\"ltr\" role=\"presentation\">;<\/span><\/span><span id=\"page3R_mcid30\" class=\"markedContent\"><br role=\"presentation\" \/><\/span><\/li><li><span id=\"page3R_mcid30\" class=\"markedContent\"><span dir=\"ltr\" role=\"presentation\">20 points if these objectives are exceeded.<\/span><\/span><span id=\"page3R_mcid31\" class=\"markedContent\"><\/span><span id=\"page3R_mcid32\" class=\"markedContent\"><\/span><span id=\"page3R_mcid33\" class=\"markedContent\"><\/span><span id=\"page3R_mcid34\" class=\"markedContent\"><\/span><\/li><\/ul><div class=\"page\" role=\"region\" data-page-number=\"1\" aria-label=\"Page 1\" data-loaded=\"true\"><div class=\"annotationLayer\">\u00a0<\/div><\/div><div class=\"page\" role=\"region\" data-page-number=\"2\" aria-label=\"Page 2\" data-loaded=\"true\"><div class=\"canvasWrapper\">\u00a0<\/div><\/div><h6><strong><span id=\"page43R_mcid0\" class=\"markedContent\"><span dir=\"ltr\" role=\"presentation\">Final exam tests<\/span><\/span><span id=\"page43R_mcid1\" class=\"markedContent\"><\/span><\/strong><span id=\"page43R_mcid2\" class=\"markedContent\"><\/span><\/h6><p><span id=\"page43R_mcid2\" class=\"markedContent\"><br role=\"presentation\" \/><span dir=\"ltr\" role=\"presentation\">For school candidates, the exam includes<\/span> <span dir=\"ltr\" role=\"presentation\">5<\/span> <span dir=\"ltr\" role=\"presentation\">compulsory tests<\/span> <span dir=\"ltr\" role=\"presentation\">:<\/span><\/span><span id=\"page43R_mcid3\" class=\"markedContent\"><br role=\"presentation\" \/><\/span><\/p><ul><li><span id=\"page43R_mcid3\" class=\"markedContent\"> <span dir=\"ltr\" role=\"presentation\">A<\/span> <span dir=\"ltr\" role=\"presentation\">oral test<\/span> <span dir=\"ltr\" role=\"presentation\">: each student presents a project carried out in art history or<\/span><br role=\"presentation\" \/><span dir=\"ltr\" role=\"presentation\">as part of an EPI or one of the educational paths (future path,<\/span><br role=\"presentation\" \/><span dir=\"ltr\" role=\"presentation\">educational health<\/span><span dir=\"ltr\" role=\"presentation\">, course of artistic and cultural education).<\/span> <span dir=\"ltr\" role=\"presentation\">100 dots<\/span><\/span><span id=\"page43R_mcid4\" class=\"markedContent\"><\/span><span id=\"page43R_mcid5\" class=\"markedContent\"><br role=\"presentation\" \/><\/span><\/li><li><span id=\"page43R_mcid5\" class=\"markedContent\"><span dir=\"ltr\" role=\"presentation\">Four written tests<\/span> <span dir=\"ltr\" role=\"presentation\">:<\/span><\/span><span id=\"page43R_mcid6\" class=\"markedContent\"><\/span><ul><li><span id=\"page43R_mcid6\" class=\"markedContent\"><span dir=\"ltr\" role=\"presentation\">French<\/span> <span dir=\"ltr\" role=\"presentation\">100 dots<\/span><\/span><span id=\"page43R_mcid7\" class=\"markedContent\"><\/span><\/li><li><span id=\"page43R_mcid7\" class=\"markedContent\"><span dir=\"ltr\" role=\"presentation\">Math<\/span> <span dir=\"ltr\" role=\"presentation\">100 dots<\/span><\/span><span id=\"page43R_mcid8\" class=\"markedContent\"><\/span><\/li><li><span id=\"page43R_mcid8\" class=\"markedContent\"><span dir=\"ltr\" role=\"presentation\">Story<\/span><span dir=\"ltr\" role=\"presentation\">\u2013<\/span><span dir=\"ltr\" role=\"presentation\">geography and moral and civic education<\/span> <span dir=\"ltr\" role=\"presentation\">50 dots<\/span><\/span><span id=\"page43R_mcid9\" class=\"markedContent\"><\/span><\/li><li><span id=\"page43R_mcid9\" class=\"markedContent\"><span dir=\"ltr\" role=\"presentation\">Physics<\/span><span dir=\"ltr\" role=\"presentation\">\u2013<\/span><span dir=\"ltr\" role=\"presentation\">chemistry, life and earth sciences, technology<\/span> <span dir=\"ltr\" role=\"presentation\">:<\/span><br role=\"presentation\" \/><span dir=\"ltr\" role=\"presentation\">2 disciplines out of 3)<\/span> <span dir=\"ltr\" role=\"presentation\">50 dots<\/span><\/span><span id=\"page43R_mcid10\" class=\"markedContent\"><\/span><\/li><\/ul><\/li><\/ul><p><span id=\"page43R_mcid10\" class=\"markedContent\"><br role=\"presentation\" \/><span dir=\"ltr\" role=\"presentation\">The final tests are marked in total on<\/span> <span dir=\"ltr\" role=\"presentation\">4<\/span><span dir=\"ltr\" role=\"presentation\">00 dots<\/span><span dir=\"ltr\" role=\"presentation\">. All the elements<\/span> <span dir=\"ltr\" role=\"presentation\">taken into account for the DNB is noted on<\/span> <span dir=\"ltr\" role=\"presentation\">8<\/span><span dir=\"ltr\" role=\"presentation\">00 dots<\/span><span dir=\"ltr\" role=\"presentation\">. <\/span><\/span><span id=\"page43R_mcid11\" class=\"markedContent\"><\/span><span id=\"page43R_mcid11\" class=\"markedContent\"><span dir=\"ltr\" role=\"presentation\">L<\/span><span dir=\"ltr\" role=\"presentation\">e graduate<\/span><span dir=\"ltr\" role=\"presentation\">me national patent is awarded when<\/span> <span dir=\"ltr\" role=\"presentation\">the point total is greater than or<\/span> <span dir=\"ltr\" role=\"presentation\">equal to<\/span> <span dir=\"ltr\" role=\"presentation\">400<\/span><span dir=\"ltr\" role=\"presentation\">.<\/span><\/span><\/p>\t\t\t\t\t\t\t\t<\/div>\n\t\t\t\t<\/div>\n\t\t\t\t\t<\/div>\n\t\t\t\t<\/div>\n\t\t\t\t<\/div>","protected":false},"excerpt":{"rendered":"<p>Le dipl\u00f4me national du brevet Le dipl\u00f4me national du brevet (ou DNB)\u00a0atteste de l\u2019acquisition de connaissances g\u00e9n\u00e9rales au terme du Coll\u00e8ge. Le brevet ne donne pas acc\u00e8s \u00e0 une classe sup\u00e9rieure en fin de troisi\u00e8me : les deux d\u00e9cisions, attribution du dipl\u00f4me et orientation, sont dissoci\u00e9es. Quelles sont les conditions d\u2019obtention du Dipl\u00f4me National du [&hellip;]<\/p>\n","protected":false},"author":1,"featured_media":0,"parent":0,"menu_order":0,"comment_status":"closed","ping_status":"closed","template":"","meta":{"footnotes":""},"class_list":["post-30451","page","type-page","status-publish","hentry"],"_links":{"self":[{"href":"https:\/\/lfmalaga.com\/en\/wp-json\/wp\/v2\/pages\/30451","targetHints":{"allow":["GET"]}}],"collection":[{"href":"https:\/\/lfmalaga.com\/en\/wp-json\/wp\/v2\/pages"}],"about":[{"href":"https:\/\/lfmalaga.com\/en\/wp-json\/wp\/v2\/types\/page"}],"author":[{"embeddable":true,"href":"https:\/\/lfmalaga.com\/en\/wp-json\/wp\/v2\/users\/1"}],"replies":[{"embeddable":true,"href":"https:\/\/lfmalaga.com\/en\/wp-json\/wp\/v2\/comments?post=30451"}],"version-history":[{"count":0,"href":"https:\/\/lfmalaga.com\/en\/wp-json\/wp\/v2\/pages\/30451\/revisions"}],"wp:attachment":[{"href":"https:\/\/lfmalaga.com\/en\/wp-json\/wp\/v2\/media?parent=30451"}],"curies":[{"name":"wp","href":"https:\/\/api.w.org\/{rel}","templated":true}]}}