{"id":30454,"date":"2022-04-11T12:17:26","date_gmt":"2022-04-11T10:17:26","guid":{"rendered":"https:\/\/lfmalaga.com\/?page_id=30454"},"modified":"2022-09-27T16:49:26","modified_gmt":"2022-09-27T14:49:26","slug":"acces-a-lenseignement-superieur","status":"publish","type":"page","link":"https:\/\/lfmalaga.com\/en\/acces-a-lenseignement-superieur\/","title":{"rendered":"Access to higher education"},"content":{"rendered":"<div data-elementor-type=\"wp-page\" data-elementor-id=\"30454\" class=\"elementor elementor-30454\" data-elementor-post-type=\"page\">\n\t\t\t\t<div class=\"elementor-element elementor-element-5d6b7a0 e-flex e-con-boxed e-con e-parent\" data-id=\"5d6b7a0\" data-element_type=\"container\" data-e-type=\"container\">\n\t\t\t\t\t<div class=\"e-con-inner\">\n\t\t\t\t<div class=\"elementor-element elementor-element-fe7b3b5 elementor-widget elementor-widget-heading\" data-id=\"fe7b3b5\" data-element_type=\"widget\" data-e-type=\"widget\" data-widget_type=\"heading.default\">\n\t\t\t\t<div class=\"elementor-widget-container\">\n\t\t\t\t\t<h2 class=\"elementor-heading-title elementor-size-default\">Study in France after the baccalaureate<\/h2>\t\t\t\t<\/div>\n\t\t\t\t<\/div>\n\t\t\t\t<div class=\"elementor-element elementor-element-2764052 elementor-widget elementor-widget-text-editor\" data-id=\"2764052\" data-element_type=\"widget\" data-e-type=\"widget\" data-widget_type=\"text-editor.default\">\n\t\t\t\t<div class=\"elementor-widget-container\">\n\t\t\t\t\t\t\t\t\t<p>France offers 18,200 high school graduates from French high schools abroad the opportunity to enhance an intercultural experience in one of the best higher education systems in the world.&nbsp;<span style=\"text-align: var(--text-align); color: var( --e-global-color-d9c29ee ); font-family: var( --e-global-typography-text-font-family ), Sans-serif; font-size: var( --e-global-typography-text-font-size ); font-weight: var( --e-global-typography-text-font-weight );\">70 % of these high school students apply for admission to French higher education, including 62 % through Parcoursup.&nbsp;<\/span><span style=\"text-align: var(--text-align); color: var( --e-global-color-d9c29ee ); font-family: var( --e-global-typography-text-font-family ), Sans-serif; font-size: var( --e-global-typography-text-font-size ); font-weight: var( --e-global-typography-text-font-weight );\">The excellent success rate for the French baccalaureate for students in the AEFE network, 97.3 % including 76 % with a mention, is an asset for&nbsp;<\/span><span style=\"text-align: var(--text-align); color: var( --e-global-color-d9c29ee ); font-family: var( --e-global-typography-text-font-family ), Sans-serif; font-size: var( --e-global-typography-text-font-size ); font-weight: var( --e-global-typography-text-font-weight );\">the realization of their study project.<\/span><\/p>\t\t\t\t\t\t\t\t<\/div>\n\t\t\t\t<\/div>\n\t\t\t\t<div class=\"elementor-element elementor-element-670520e elementor-align-left elementor-mobile-align-center elementor-widget elementor-widget-button\" data-id=\"670520e\" data-element_type=\"widget\" data-e-type=\"widget\" data-widget_type=\"button.default\">\n\t\t\t\t<div class=\"elementor-widget-container\">\n\t\t\t\t\t\t\t\t\t<div class=\"elementor-button-wrapper\">\n\t\t\t\t\t<a class=\"elementor-button elementor-button-link elementor-size-sm\" href=\"https:\/\/lfmalaga.com\/wp-content\/uploads\/2022\/07\/2021-04-brochure-etudier-en-france-apres-le-bac.pdf\" target=\"_blank\">\n\t\t\t\t\t\t<span class=\"elementor-button-content-wrapper\">\n\t\t\t\t\t\t<span class=\"elementor-button-icon\">\n\t\t\t\t<i aria-hidden=\"true\" class=\"far fa-file\"><\/i>\t\t\t<\/span>\n\t\t\t\t\t\t\t\t\t<span class=\"elementor-button-text\">View the full brochure here<\/span>\n\t\t\t\t\t<\/span>\n\t\t\t\t\t<\/a>\n\t\t\t\t<\/div>\n\t\t\t\t\t\t\t\t<\/div>\n\t\t\t\t<\/div>\n\t\t\t\t<div class=\"elementor-element elementor-element-71e2f1c elementor-widget elementor-widget-spacer\" data-id=\"71e2f1c\" data-element_type=\"widget\" data-e-type=\"widget\" data-widget_type=\"spacer.default\">\n\t\t\t\t<div class=\"elementor-widget-container\">\n\t\t\t\t\t\t\t<div class=\"elementor-spacer\">\n\t\t\t<div class=\"elementor-spacer-inner\"><\/div>\n\t\t<\/div>\n\t\t\t\t\t\t<\/div>\n\t\t\t\t<\/div>\n\t\t\t\t\t<\/div>\n\t\t\t\t<\/div>\n\t\t<div class=\"elementor-element elementor-element-3d6f644 e-flex e-con-boxed e-con e-parent\" data-id=\"3d6f644\" data-element_type=\"container\" data-e-type=\"container\">\n\t\t\t\t\t<div class=\"e-con-inner\">\n\t\t\t\t<div class=\"elementor-element elementor-element-f564fa4 elementor-widget elementor-widget-heading\" data-id=\"f564fa4\" data-element_type=\"widget\" data-e-type=\"widget\" data-widget_type=\"heading.default\">\n\t\t\t\t<div class=\"elementor-widget-container\">\n\t\t\t\t\t<h2 class=\"elementor-heading-title elementor-size-default\">Access to the Spanish University <\/h2>\t\t\t\t<\/div>\n\t\t\t\t<\/div>\n\t\t\t\t<div class=\"elementor-element elementor-element-4784080 elementor-widget elementor-widget-text-editor\" data-id=\"4784080\" data-element_type=\"widget\" data-e-type=\"widget\" data-widget_type=\"text-editor.default\">\n\t\t\t\t<div class=\"elementor-widget-container\">\n\t\t\t\t\t\t\t\t\t<p>Access to Spanish higher education is conditional on passing the Evaluaci\u00f3n del Bachillerato para el Acceso a la Universidad (EBAU) exam. As part of the harmonization of European higher education curricula, Spain has organized 3 levels in its university curriculum: Grado, Masters and Doctorate. However, a range of ECTS numbers opening up a differential margin, these 3 stages do not correspond to the usual division of studies in other European countries: the Grado diploma is obtained with 240 ECTS (4 years), while 180 ECTS ( 3 years) allow you to obtain a license elsewhere. Some Grados in medical disciplines extend up to 5 years, and polytechnic degrees extend up to 6 years.<\/p><p>Source: French Embassy in Spain website<\/p>\t\t\t\t\t\t\t\t<\/div>\n\t\t\t\t<\/div>\n\t\t\t\t<div class=\"elementor-element elementor-element-9087ee5 elementor-align-left elementor-mobile-align-center elementor-widget elementor-widget-button\" data-id=\"9087ee5\" data-element_type=\"widget\" data-e-type=\"widget\" data-widget_type=\"button.default\">\n\t\t\t\t<div class=\"elementor-widget-container\">\n\t\t\t\t\t\t\t\t\t<div class=\"elementor-button-wrapper\">\n\t\t\t\t\t<a class=\"elementor-button elementor-button-link elementor-size-sm\" href=\"https:\/\/lfmalaga.com\/wp-content\/uploads\/2022\/09\/Acce\u0300s-aux-universite\u0301s-espagnoles.pdf\" target=\"_blank\">\n\t\t\t\t\t\t<span class=\"elementor-button-content-wrapper\">\n\t\t\t\t\t\t<span class=\"elementor-button-icon\">\n\t\t\t\t<i aria-hidden=\"true\" class=\"fas fa-long-arrow-alt-right\"><\/i>\t\t\t<\/span>\n\t\t\t\t\t\t\t\t\t<span class=\"elementor-button-text\">Access information to Spanish universities<\/span>\n\t\t\t\t\t<\/span>\n\t\t\t\t\t<\/a>\n\t\t\t\t<\/div>\n\t\t\t\t\t\t\t\t<\/div>\n\t\t\t\t<\/div>\n\t\t\t\t<div class=\"elementor-element elementor-element-3c8ebc4 elementor-align-left elementor-mobile-align-center elementor-widget elementor-widget-button\" data-id=\"3c8ebc4\" data-element_type=\"widget\" data-e-type=\"widget\" data-widget_type=\"button.default\">\n\t\t\t\t<div class=\"elementor-widget-container\">\n\t\t\t\t\t\t\t\t\t<div class=\"elementor-button-wrapper\">\n\t\t\t\t\t<a class=\"elementor-button elementor-button-link elementor-size-sm\" href=\"https:\/\/lfmalaga.com\/wp-content\/uploads\/2022\/09\/Acceso-a-las-universidades-espan\u0303olas.pdf\" target=\"_blank\">\n\t\t\t\t\t\t<span class=\"elementor-button-content-wrapper\">\n\t\t\t\t\t\t<span class=\"elementor-button-icon\">\n\t\t\t\t<i aria-hidden=\"true\" class=\"fas fa-long-arrow-alt-right\"><\/i>\t\t\t<\/span>\n\t\t\t\t\t\t\t\t\t<span class=\"elementor-button-text\">Information about access to Spanish universities<\/span>\n\t\t\t\t\t<\/span>\n\t\t\t\t\t<\/a>\n\t\t\t\t<\/div>\n\t\t\t\t\t\t\t\t<\/div>\n\t\t\t\t<\/div>\n\t\t\t\t<div class=\"elementor-element elementor-element-b63b631 elementor-align-left elementor-mobile-align-center elementor-widget elementor-widget-button\" data-id=\"b63b631\" data-element_type=\"widget\" data-e-type=\"widget\" data-widget_type=\"button.default\">\n\t\t\t\t<div class=\"elementor-widget-container\">\n\t\t\t\t\t\t\t\t\t<div class=\"elementor-button-wrapper\">\n\t\t\t\t\t<a class=\"elementor-button elementor-button-link elementor-size-sm\" href=\"https:\/\/es.ambafrance.org\/Homologation-equivalence-reconnaissance-des-diplomes-en-France-et-en-Espagne-4728\" target=\"_blank\" rel=\"noopener\">\n\t\t\t\t\t\t<span class=\"elementor-button-content-wrapper\">\n\t\t\t\t\t\t<span class=\"elementor-button-icon\">\n\t\t\t\t<i aria-hidden=\"true\" class=\"fas fa-long-arrow-alt-right\"><\/i>\t\t\t<\/span>\n\t\t\t\t\t\t\t\t\t<span class=\"elementor-button-text\">More information on the website of the French Embassy in Spain<\/span>\n\t\t\t\t\t<\/span>\n\t\t\t\t\t<\/a>\n\t\t\t\t<\/div>\n\t\t\t\t\t\t\t\t<\/div>\n\t\t\t\t<\/div>\n\t\t\t\t\t<\/div>\n\t\t\t\t<\/div>\n\t\t\t\t<\/div>","protected":false},"excerpt":{"rendered":"<p>\u00c9tudier en France apr\u00e8s le baccalaur\u00e9at La France offre aux 18\u2009200 bacheliers, issus des lyc\u00e9e fran\u00e7ais \u00e0 l\u2019\u00e9tranger, l\u2019opportunit\u00e9 de valoriser une exp\u00e9rience interculturelle dans un des meilleurs syst\u00e8mes d\u2019enseignement sup\u00e9rieur au monde.&nbsp;70 % de ces lyc\u00e9ens sollicitent une admission dans l\u2019enseignement sup\u00e9rieur fran\u00e7ais, dont 62 % \u00e0 travers Parcoursup.&nbsp;L\u2019excellent taux de r\u00e9ussite au baccalaur\u00e9at [&hellip;]<\/p>\n","protected":false},"author":1,"featured_media":0,"parent":0,"menu_order":0,"comment_status":"closed","ping_status":"closed","template":"","meta":{"footnotes":""},"class_list":["post-30454","page","type-page","status-publish","hentry"],"_links":{"self":[{"href":"https:\/\/lfmalaga.com\/en\/wp-json\/wp\/v2\/pages\/30454","targetHints":{"allow":["GET"]}}],"collection":[{"href":"https:\/\/lfmalaga.com\/en\/wp-json\/wp\/v2\/pages"}],"about":[{"href":"https:\/\/lfmalaga.com\/en\/wp-json\/wp\/v2\/types\/page"}],"author":[{"embeddable":true,"href":"https:\/\/lfmalaga.com\/en\/wp-json\/wp\/v2\/users\/1"}],"replies":[{"embeddable":true,"href":"https:\/\/lfmalaga.com\/en\/wp-json\/wp\/v2\/comments?post=30454"}],"version-history":[{"count":0,"href":"https:\/\/lfmalaga.com\/en\/wp-json\/wp\/v2\/pages\/30454\/revisions"}],"wp:attachment":[{"href":"https:\/\/lfmalaga.com\/en\/wp-json\/wp\/v2\/media?parent=30454"}],"curies":[{"name":"wp","href":"https:\/\/api.w.org\/{rel}","templated":true}]}}