{"id":30460,"date":"2022-04-11T12:18:57","date_gmt":"2022-04-11T10:18:57","guid":{"rendered":"https:\/\/lfmalaga.com\/?page_id=30460"},"modified":"2022-11-07T12:26:16","modified_gmt":"2022-11-07T11:26:16","slug":"association-de-parents-deleves","status":"publish","type":"page","link":"https:\/\/lfmalaga.com\/en\/association-de-parents-deleves\/","title":{"rendered":"parents&#039; association"},"content":{"rendered":"<div data-elementor-type=\"wp-page\" data-elementor-id=\"30460\" class=\"elementor elementor-30460\" data-elementor-post-type=\"page\">\n\t\t\t\t<div class=\"elementor-element elementor-element-183250f e-flex e-con-boxed e-con e-parent\" data-id=\"183250f\" data-element_type=\"container\" data-e-type=\"container\">\n\t\t\t\t\t<div class=\"e-con-inner\">\n\t\t\t\t<div class=\"elementor-element elementor-element-cff6cd2 elementor-widget elementor-widget-heading\" data-id=\"cff6cd2\" data-element_type=\"widget\" data-e-type=\"widget\" data-widget_type=\"heading.default\">\n\t\t\t\t<div class=\"elementor-widget-container\">\n\t\t\t\t\t<h2 class=\"elementor-heading-title elementor-size-default\">Discover the APA\n<\/h2>\t\t\t\t<\/div>\n\t\t\t\t<\/div>\n\t\t\t\t<div class=\"elementor-element elementor-element-f9bc9b8 elementor-widget elementor-widget-text-editor\" data-id=\"f9bc9b8\" data-element_type=\"widget\" data-e-type=\"widget\" data-widget_type=\"text-editor.default\">\n\t\t\t\t<div class=\"elementor-widget-container\">\n\t\t\t\t\t\t\t\t\t<p>At the Parents&#039; Association of the Lyc\u00e9e Fran\u00e7ais International de Malaga (APA), we try to maintain a channel of communication between the school and the parents of students. In addition, we organize various activities in collaboration with the Lyc\u00e9e which enrich the relationship between parents, students, teachers and other school staff. Some of the functions that we develop in the APA are:<\/p><ul><li>We make it easier for parents to participate in the official bodies that exist at the Lyc\u00e9e. To do this, we participate in the preparation of the lists of parents&#039; representatives who stand for election to the various councils and committees and we coordinate the actions that are carried out throughout the year.<\/li><li>We organize and collaborate with the school in different activities for children such as carnival pancakes and Andalusian breakfast. We also develop activities for adults, such as conferences and colloquia at the Parents&#039; School.<\/li><li>We offer parents various services, including the book exchange, the lost clothes operation or the sale of T-shirts and mugs with children&#039;s drawings.<\/li><li>We research and disseminate information on workshops and camps for children during the holidays.<\/li><\/ul>\t\t\t\t\t\t\t\t<\/div>\n\t\t\t\t<\/div>\n\t\t\t\t<div class=\"elementor-element elementor-element-ffb4f90 elementor-mobile-align-center elementor-widget-mobile__width-initial elementor-align-left elementor-widget elementor-widget-button\" data-id=\"ffb4f90\" data-element_type=\"widget\" data-e-type=\"widget\" data-widget_type=\"button.default\">\n\t\t\t\t<div class=\"elementor-widget-container\">\n\t\t\t\t\t\t\t\t\t<div class=\"elementor-button-wrapper\">\n\t\t\t\t\t<a class=\"elementor-button elementor-button-link elementor-size-sm\" href=\"https:\/\/www.miclub.pro\/es\/clubes\/comprar\/liceo-frances\" target=\"_blank\" rel=\"noopener\">\n\t\t\t\t\t\t<span class=\"elementor-button-content-wrapper\">\n\t\t\t\t\t\t<span class=\"elementor-button-icon\">\n\t\t\t\t<i aria-hidden=\"true\" class=\"fas fa-tshirt\"><\/i>\t\t\t<\/span>\n\t\t\t\t\t\t\t\t\t<span class=\"elementor-button-text\">APA Official Store<\/span>\n\t\t\t\t\t<\/span>\n\t\t\t\t\t<\/a>\n\t\t\t\t<\/div>\n\t\t\t\t\t\t\t\t<\/div>\n\t\t\t\t<\/div>\n\t\t\t\t\t<\/div>\n\t\t\t\t<\/div>\n\t\t<div class=\"elementor-element elementor-element-57ea1cd e-flex e-con-boxed e-con e-parent\" data-id=\"57ea1cd\" data-element_type=\"container\" data-e-type=\"container\">\n\t\t\t\t\t<div class=\"e-con-inner\">\n\t\t\t\t<div class=\"elementor-element elementor-element-f9ed889 elementor-widget elementor-widget-heading\" data-id=\"f9ed889\" data-element_type=\"widget\" data-e-type=\"widget\" data-widget_type=\"heading.default\">\n\t\t\t\t<div class=\"elementor-widget-container\">\n\t\t\t\t\t<h2 class=\"elementor-heading-title elementor-size-default\">Become a member\n<\/h2>\t\t\t\t<\/div>\n\t\t\t\t<\/div>\n\t\t\t\t<div class=\"elementor-element elementor-element-c89fe2c elementor-widget elementor-widget-text-editor\" data-id=\"c89fe2c\" data-element_type=\"widget\" data-e-type=\"widget\" data-widget_type=\"text-editor.default\">\n\t\t\t\t<div class=\"elementor-widget-container\">\n\t\t\t\t\t\t\t\t\t<p>Bring your support to the actions of the APA by joining the association. The more of us there are, the better our voice will carry with the authorities of the Lyc\u00e9e, to improve the daily lives of our children!<\/p>\t\t\t\t\t\t\t\t<\/div>\n\t\t\t\t<\/div>\n\t\t<div class=\"elementor-element elementor-element-58f419c e-flex e-con-boxed e-con e-parent\" data-id=\"58f419c\" data-element_type=\"container\" data-e-type=\"container\">\n\t\t\t\t\t<div class=\"e-con-inner\">\n\t\t\t\t<div class=\"elementor-element elementor-element-7b3978b elementor-mobile-align-center elementor-widget-mobile__width-initial elementor-align-left elementor-widget elementor-widget-button\" data-id=\"7b3978b\" data-element_type=\"widget\" data-e-type=\"widget\" data-widget_type=\"button.default\">\n\t\t\t\t<div class=\"elementor-widget-container\">\n\t\t\t\t\t\t\t\t\t<div class=\"elementor-button-wrapper\">\n\t\t\t\t\t<a class=\"elementor-button elementor-button-link elementor-size-sm\" href=\"https:\/\/apalfmalaga.es\/fr\/accueil\" target=\"_blank\" rel=\"noopener\">\n\t\t\t\t\t\t<span class=\"elementor-button-content-wrapper\">\n\t\t\t\t\t\t<span class=\"elementor-button-icon\">\n\t\t\t\t<i aria-hidden=\"true\" class=\"fas fa-chalkboard\"><\/i>\t\t\t<\/span>\n\t\t\t\t\t\t\t\t\t<span class=\"elementor-button-text\">The APA website<\/span>\n\t\t\t\t\t<\/span>\n\t\t\t\t\t<\/a>\n\t\t\t\t<\/div>\n\t\t\t\t\t\t\t\t<\/div>\n\t\t\t\t<\/div>\n\t\t\t\t\t<\/div>\n\t\t\t\t<\/div>\n\t\t\t\t\t<\/div>\n\t\t\t\t<\/div>\n\t\t\t\t<\/div>","protected":false},"excerpt":{"rendered":"<p>d\u00e9couvrir l&rsquo;APA \u00c0 l\u2019Association des parents d\u2019\u00e9l\u00e8ves du Lyc\u00e9e Fran\u00e7ais International de Malaga (APA), nous essayons de maintenir un canal de communication entre l\u2019\u00e9cole et les parents d\u2019\u00e9l\u00e8ves. De plus, nous organisons diverses activit\u00e9s en collaboration avec le Lyc\u00e9e qui enrichissent la relation entre parents, \u00e9l\u00e8ves, enseignants et autres personnels de l\u2019\u00e9cole. Certaines des fonctions [&hellip;]<\/p>\n","protected":false},"author":1,"featured_media":0,"parent":0,"menu_order":0,"comment_status":"closed","ping_status":"closed","template":"","meta":{"footnotes":""},"class_list":["post-30460","page","type-page","status-publish","hentry"],"_links":{"self":[{"href":"https:\/\/lfmalaga.com\/en\/wp-json\/wp\/v2\/pages\/30460","targetHints":{"allow":["GET"]}}],"collection":[{"href":"https:\/\/lfmalaga.com\/en\/wp-json\/wp\/v2\/pages"}],"about":[{"href":"https:\/\/lfmalaga.com\/en\/wp-json\/wp\/v2\/types\/page"}],"author":[{"embeddable":true,"href":"https:\/\/lfmalaga.com\/en\/wp-json\/wp\/v2\/users\/1"}],"replies":[{"embeddable":true,"href":"https:\/\/lfmalaga.com\/en\/wp-json\/wp\/v2\/comments?post=30460"}],"version-history":[{"count":2,"href":"https:\/\/lfmalaga.com\/en\/wp-json\/wp\/v2\/pages\/30460\/revisions"}],"predecessor-version":[{"id":33503,"href":"https:\/\/lfmalaga.com\/en\/wp-json\/wp\/v2\/pages\/30460\/revisions\/33503"}],"wp:attachment":[{"href":"https:\/\/lfmalaga.com\/en\/wp-json\/wp\/v2\/media?parent=30460"}],"curies":[{"name":"wp","href":"https:\/\/api.w.org\/{rel}","templated":true}]}}