{"id":30463,"date":"2022-04-11T12:20:55","date_gmt":"2022-04-11T10:20:55","guid":{"rendered":"https:\/\/lfmalaga.com\/?page_id=30463"},"modified":"2025-10-15T10:49:17","modified_gmt":"2025-10-15T08:49:17","slug":"reglement-interieur","status":"publish","type":"page","link":"https:\/\/lfmalaga.com\/en\/reglement-interieur\/","title":{"rendered":"House rules"},"content":{"rendered":"<div data-elementor-type=\"wp-page\" data-elementor-id=\"30463\" class=\"elementor elementor-30463\" data-elementor-post-type=\"page\">\n\t\t\t\t<div class=\"elementor-element elementor-element-743e339 e-flex e-con-boxed e-con e-parent\" data-id=\"743e339\" data-element_type=\"container\" data-e-type=\"container\">\n\t\t\t\t\t<div class=\"e-con-inner\">\n\t\t\t\t<div class=\"elementor-element elementor-element-4f79f17 elementor-widget elementor-widget-heading\" data-id=\"4f79f17\" data-element_type=\"widget\" data-e-type=\"widget\" data-widget_type=\"heading.default\">\n\t\t\t\t<div class=\"elementor-widget-container\">\n\t\t\t\t\t<h2 class=\"elementor-heading-title elementor-size-default\">INTERNAL RULES of the Lyc\u00e9e Fran\u00e7ais International Malaga (LFIM)<\/h2>\t\t\t\t<\/div>\n\t\t\t\t<\/div>\n\t\t\t\t<div class=\"elementor-element elementor-element-e65e33f elementor-widget elementor-widget-text-editor\" data-id=\"e65e33f\" data-element_type=\"widget\" data-e-type=\"widget\" data-widget_type=\"text-editor.default\">\n\t\t\t\t<div class=\"elementor-widget-container\">\n\t\t\t\t\t\t\t\t\t<p>These rules of procedure are adapted from the following reference texts: circular n\u00b02000-106 of 07\/11\/2000; the French education code.\u00a0<\/p><p>The French International High School Malaga is an establishment under local Spanish law, approved by the AEFE and applying the French teaching program, it is intended for the education and training of the students entrusted to it. Like any community, it needs to operate a set of rules specifying the rights and duties of each person. This set of rules is made up of the internal regulations which apply to all persons attending or working at the establishment, in particular to students and their civilly responsible parents, who undertake to know and apply them. It does not replace the application of general law. Our education service is based on specific values and principles that everyone must respect in the establishment.<\/p>\t\t\t\t\t\t\t\t<\/div>\n\t\t\t\t<\/div>\n\t\t\t\t<div class=\"elementor-element elementor-element-50efc98 elementor-align-left elementor-mobile-align-center elementor-widget elementor-widget-button\" data-id=\"50efc98\" data-element_type=\"widget\" data-e-type=\"widget\" data-widget_type=\"button.default\">\n\t\t\t\t<div class=\"elementor-widget-container\">\n\t\t\t\t\t\t\t\t\t<div class=\"elementor-button-wrapper\">\n\t\t\t\t\t<a class=\"elementor-button elementor-button-link elementor-size-sm\" href=\"https:\/\/lfmalaga.com\/wp-content\/uploads\/2025\/10\/251008-RI-LFIMalaga-2025.pdf\" target=\"_blank\">\n\t\t\t\t\t\t<span class=\"elementor-button-content-wrapper\">\n\t\t\t\t\t\t<span class=\"elementor-button-icon\">\n\t\t\t\t<i aria-hidden=\"true\" class=\"far fa-clipboard\"><\/i>\t\t\t<\/span>\n\t\t\t\t\t\t\t\t\t<span class=\"elementor-button-text\">Consult the internal rules of the LFIM<\/span>\n\t\t\t\t\t<\/span>\n\t\t\t\t\t<\/a>\n\t\t\t\t<\/div>\n\t\t\t\t\t\t\t\t<\/div>\n\t\t\t\t<\/div>\n\t\t\t\t<div class=\"elementor-element elementor-element-233cb15 elementor-align-left elementor-mobile-align-center elementor-widget elementor-widget-button\" data-id=\"233cb15\" data-element_type=\"widget\" data-e-type=\"widget\" data-widget_type=\"button.default\">\n\t\t\t\t<div class=\"elementor-widget-container\">\n\t\t\t\t\t\t\t\t\t<div class=\"elementor-button-wrapper\">\n\t\t\t\t\t<a class=\"elementor-button elementor-button-link elementor-size-sm\" href=\"https:\/\/lfmalaga.com\/wp-content\/uploads\/2024\/02\/FR-Protocole-agressions-sexuelles-et-maltraitance1.pdf\" target=\"_blank\">\n\t\t\t\t\t\t<span class=\"elementor-button-content-wrapper\">\n\t\t\t\t\t\t<span class=\"elementor-button-icon\">\n\t\t\t\t<i aria-hidden=\"true\" class=\"far fa-clipboard\"><\/i>\t\t\t<\/span>\n\t\t\t\t\t\t\t\t\t<span class=\"elementor-button-text\">Consult the protocol for the protection of minors <\/span>\n\t\t\t\t\t<\/span>\n\t\t\t\t\t<\/a>\n\t\t\t\t<\/div>\n\t\t\t\t\t\t\t\t<\/div>\n\t\t\t\t<\/div>\n\t\t\t\t\t<\/div>\n\t\t\t\t<\/div>\n\t\t\t\t<\/div>","protected":false},"excerpt":{"rendered":"<p>REGLEMENT INTERIEUR du Lyc\u00e9e Fran\u00e7ais International Malaga (LFIM) Ce r\u00e8glement int\u00e9rieur est adapt\u00e9 \u00e0 partir des textes de r\u00e9f\u00e9rences suivants : la circulaire n\u00b02000-106 du 11\/07\/2000 ; le code de l\u2019\u00e9ducation fran\u00e7ais.\u00a0 Le lyc\u00e9e fran\u00e7ais international Malaga est un \u00e9tablissement de droit local espagnol conventionn\u00e9 avec l\u2019AEFE et appliquant le programme d\u2019enseignement fran\u00e7ais, il est [&hellip;]<\/p>\n","protected":false},"author":1,"featured_media":0,"parent":0,"menu_order":0,"comment_status":"closed","ping_status":"closed","template":"","meta":{"footnotes":""},"class_list":["post-30463","page","type-page","status-publish","hentry"],"_links":{"self":[{"href":"https:\/\/lfmalaga.com\/en\/wp-json\/wp\/v2\/pages\/30463","targetHints":{"allow":["GET"]}}],"collection":[{"href":"https:\/\/lfmalaga.com\/en\/wp-json\/wp\/v2\/pages"}],"about":[{"href":"https:\/\/lfmalaga.com\/en\/wp-json\/wp\/v2\/types\/page"}],"author":[{"embeddable":true,"href":"https:\/\/lfmalaga.com\/en\/wp-json\/wp\/v2\/users\/1"}],"replies":[{"embeddable":true,"href":"https:\/\/lfmalaga.com\/en\/wp-json\/wp\/v2\/comments?post=30463"}],"version-history":[{"count":22,"href":"https:\/\/lfmalaga.com\/en\/wp-json\/wp\/v2\/pages\/30463\/revisions"}],"predecessor-version":[{"id":36235,"href":"https:\/\/lfmalaga.com\/en\/wp-json\/wp\/v2\/pages\/30463\/revisions\/36235"}],"wp:attachment":[{"href":"https:\/\/lfmalaga.com\/en\/wp-json\/wp\/v2\/media?parent=30463"}],"curies":[{"name":"wp","href":"https:\/\/api.w.org\/{rel}","templated":true}]}}