{"id":31318,"date":"2022-09-06T15:26:37","date_gmt":"2022-09-06T13:26:37","guid":{"rendered":"https:\/\/lfmalaga.com\/?page_id=31318"},"modified":"2023-09-20T09:14:18","modified_gmt":"2023-09-20T07:14:18","slug":"activites-periscolaires","status":"publish","type":"page","link":"https:\/\/lfmalaga.com\/en\/activites-periscolaires\/","title":{"rendered":"Extracurricular Activities"},"content":{"rendered":"<div data-elementor-type=\"wp-page\" data-elementor-id=\"31318\" class=\"elementor elementor-31318\" data-elementor-post-type=\"page\">\n\t\t\t\t\t\t<section class=\"elementor-section elementor-top-section elementor-element elementor-element-6dd69bc elementor-section-boxed elementor-section-height-default elementor-section-height-default\" data-id=\"6dd69bc\" data-element_type=\"section\" data-e-type=\"section\">\n\t\t\t\t\t\t<div class=\"elementor-container elementor-column-gap-default\">\n\t\t\t\t\t<div class=\"elementor-column elementor-col-100 elementor-top-column elementor-element elementor-element-74bd569\" data-id=\"74bd569\" data-element_type=\"column\" data-e-type=\"column\">\n\t\t\t<div class=\"elementor-widget-wrap elementor-element-populated\">\n\t\t\t\t\t\t<div class=\"elementor-element elementor-element-ed230a6 elementor-widget elementor-widget-heading\" data-id=\"ed230a6\" data-element_type=\"widget\" data-e-type=\"widget\" data-widget_type=\"heading.default\">\n\t\t\t\t<div class=\"elementor-widget-container\">\n\t\t\t\t\t<h2 class=\"elementor-heading-title elementor-size-default\">Extracurricular activities<\/h2>\t\t\t\t<\/div>\n\t\t\t\t<\/div>\n\t\t\t\t\t<\/div>\n\t\t<\/div>\n\t\t\t\t\t<\/div>\n\t\t<\/section>\n\t\t<div class=\"elementor-element elementor-element-4ec6a0a e-flex e-con-boxed e-con e-parent\" data-id=\"4ec6a0a\" data-element_type=\"container\" data-e-type=\"container\">\n\t\t\t\t\t<div class=\"e-con-inner\">\n\t\t\t\t<div class=\"elementor-element elementor-element-9a3fa3d elementor-widget elementor-widget-text-editor\" data-id=\"9a3fa3d\" data-element_type=\"widget\" data-e-type=\"widget\" data-widget_type=\"text-editor.default\">\n\t\t\t\t<div class=\"elementor-widget-container\">\n\t\t\t\t\t\t\t\t\t<p>At the start of the 2022 school year, the Lyc\u00e9e Fran\u00e7ais International de M\u00e1laga is setting up a new organization for extracurricular activities.<\/p><ul><li>Activities during part of the school holidays<\/li><li>The reinstatement of certain extracurricular activities at lunchtime or in the evening<\/li><li>Morning daycare from 7:30 a.m. to 8:30 a.m. for students from kindergarten to 5th grade<\/li><li>An evening nursery from 4:30 p.m. until 5:30 p.m. or 6:30 p.m. for pupils from kindergarten to 5th grade. There will be homework help for elementary students (from CP) and secondary (6th \/ 5th)<\/li><\/ul>\t\t\t\t\t\t\t\t<\/div>\n\t\t\t\t<\/div>\n\t\t<div class=\"elementor-element elementor-element-66af299 e-flex e-con-boxed e-con e-parent\" data-id=\"66af299\" data-element_type=\"container\" data-e-type=\"container\">\n\t\t\t\t\t<div class=\"e-con-inner\">\n\t\t<div class=\"elementor-element elementor-element-14b6596 e-flex e-con-boxed e-con e-parent\" data-id=\"14b6596\" data-element_type=\"container\" data-e-type=\"container\">\n\t\t\t\t\t<div class=\"e-con-inner\">\n\t\t<div class=\"elementor-element elementor-element-6a8e881 e-flex e-con-boxed e-con e-parent\" data-id=\"6a8e881\" data-element_type=\"container\" data-e-type=\"container\">\n\t\t\t\t\t<div class=\"e-con-inner\">\n\t\t<div class=\"elementor-element elementor-element-bba96d8 e-flex e-con-boxed e-con e-parent\" data-id=\"bba96d8\" data-element_type=\"container\" data-e-type=\"container\">\n\t\t\t\t\t<div class=\"e-con-inner\">\n\t\t<div class=\"elementor-element elementor-element-a1e636e e-flex e-con-boxed e-con e-parent\" data-id=\"a1e636e\" data-element_type=\"container\" data-e-type=\"container\">\n\t\t\t\t\t<div class=\"e-con-inner\">\n\t\t\t\t<div class=\"elementor-element elementor-element-f518b1d elementor-widget elementor-widget-image\" data-id=\"f518b1d\" data-element_type=\"widget\" data-e-type=\"widget\" data-widget_type=\"image.default\">\n\t\t\t\t<div class=\"elementor-widget-container\">\n\t\t\t\t\t\t\t\t\t\t\t\t\t\t\t\t<a href=\"https:\/\/lfmalaga.com\/wp-content\/uploads\/2022\/04\/Vanessa-et-Jeremy-332.jpg\" data-elementor-open-lightbox=\"yes\" data-e-action-hash=\"#elementor-action%3Aaction%3Dlightbox%26settings%3DeyJpZCI6MzA2MDUsInVybCI6Imh0dHBzOlwvXC9sZm1hbGFnYS5jb21cL3dwLWNvbnRlbnRcL3VwbG9hZHNcLzIwMjJcLzA0XC9WYW5lc3NhLWV0LUplcmVteS0zMzIuanBnIn0%3D\">\n\t\t\t\t\t\t\t<img fetchpriority=\"high\" decoding=\"async\" width=\"800\" height=\"534\" src=\"https:\/\/lfmalaga.com\/wp-content\/uploads\/2022\/04\/Vanessa-et-Jeremy-332-1024x683.jpg\" class=\"attachment-large size-large wp-image-30605\" alt=\"\" srcset=\"https:\/\/lfmalaga.com\/wp-content\/uploads\/2022\/04\/Vanessa-et-Jeremy-332-1024x683.jpg 1024w, https:\/\/lfmalaga.com\/wp-content\/uploads\/2022\/04\/Vanessa-et-Jeremy-332-300x200.jpg 300w, https:\/\/lfmalaga.com\/wp-content\/uploads\/2022\/04\/Vanessa-et-Jeremy-332-768x512.jpg 768w, https:\/\/lfmalaga.com\/wp-content\/uploads\/2022\/04\/Vanessa-et-Jeremy-332-1536x1024.jpg 1536w, https:\/\/lfmalaga.com\/wp-content\/uploads\/2022\/04\/Vanessa-et-Jeremy-332-2048x1365.jpg 2048w, https:\/\/lfmalaga.com\/wp-content\/uploads\/2022\/04\/Vanessa-et-Jeremy-332-18x12.jpg 18w\" sizes=\"(max-width: 800px) 100vw, 800px\" \/>\t\t\t\t\t\t\t\t<\/a>\n\t\t\t\t\t\t\t\t\t\t\t\t\t\t\t<\/div>\n\t\t\t\t<\/div>\n\t\t\t\t\t<\/div>\n\t\t\t\t<\/div>\n\t\t<div class=\"elementor-element elementor-element-6883b87 e-flex e-con-boxed e-con e-parent\" data-id=\"6883b87\" data-element_type=\"container\" data-e-type=\"container\">\n\t\t\t\t\t<div class=\"e-con-inner\">\n\t\t\t\t<div class=\"elementor-element elementor-element-c7245eb elementor-widget elementor-widget-image\" data-id=\"c7245eb\" data-element_type=\"widget\" data-e-type=\"widget\" data-widget_type=\"image.default\">\n\t\t\t\t<div class=\"elementor-widget-container\">\n\t\t\t\t\t\t\t\t\t\t\t\t\t\t\t\t<a href=\"https:\/\/lfmalaga.com\/wp-content\/uploads\/2022\/09\/Maternelles-4-scaled.jpg\" data-elementor-open-lightbox=\"yes\" data-e-action-hash=\"#elementor-action%3Aaction%3Dlightbox%26settings%3DeyJpZCI6MzE5NTMsInVybCI6Imh0dHBzOlwvXC9sZm1hbGFnYS5jb21cL3dwLWNvbnRlbnRcL3VwbG9hZHNcLzIwMjJcLzA5XC9NYXRlcm5lbGxlcy00LXNjYWxlZC5qcGcifQ%3D%3D\">\n\t\t\t\t\t\t\t<img decoding=\"async\" width=\"800\" height=\"534\" src=\"https:\/\/lfmalaga.com\/wp-content\/uploads\/2022\/09\/Maternelles-4-1024x683.jpg\" class=\"attachment-large size-large wp-image-31953\" alt=\"\" srcset=\"https:\/\/lfmalaga.com\/wp-content\/uploads\/2022\/09\/Maternelles-4-1024x683.jpg 1024w, https:\/\/lfmalaga.com\/wp-content\/uploads\/2022\/09\/Maternelles-4-300x200.jpg 300w, https:\/\/lfmalaga.com\/wp-content\/uploads\/2022\/09\/Maternelles-4-768x512.jpg 768w, https:\/\/lfmalaga.com\/wp-content\/uploads\/2022\/09\/Maternelles-4-1536x1024.jpg 1536w, https:\/\/lfmalaga.com\/wp-content\/uploads\/2022\/09\/Maternelles-4-2048x1365.jpg 2048w, https:\/\/lfmalaga.com\/wp-content\/uploads\/2022\/09\/Maternelles-4-18x12.jpg 18w\" sizes=\"(max-width: 800px) 100vw, 800px\" \/>\t\t\t\t\t\t\t\t<\/a>\n\t\t\t\t\t\t\t\t\t\t\t\t\t\t\t<\/div>\n\t\t\t\t<\/div>\n\t\t\t\t\t<\/div>\n\t\t\t\t<\/div>\n\t\t\t\t\t<\/div>\n\t\t\t\t<\/div>\n\t\t\t\t\t<\/div>\n\t\t\t\t<\/div>\n\t\t\t\t\t<\/div>\n\t\t\t\t<\/div>\n\t\t\t\t\t<\/div>\n\t\t\t\t<\/div>\n\t\t\t\t\t<\/div>\n\t\t\t\t<\/div>\n\t\t<div class=\"elementor-element elementor-element-541277a e-flex e-con-boxed e-con e-parent\" data-id=\"541277a\" data-element_type=\"container\" data-e-type=\"container\">\n\t\t\t\t\t<div class=\"e-con-inner\">\n\t\t\t\t<div class=\"elementor-element elementor-element-b34211e elementor-mobile-align-center elementor-widget elementor-widget-button\" data-id=\"b34211e\" data-element_type=\"widget\" data-e-type=\"widget\" data-widget_type=\"button.default\">\n\t\t\t\t<div class=\"elementor-widget-container\">\n\t\t\t\t\t\t\t\t\t<div class=\"elementor-button-wrapper\">\n\t\t\t\t\t<a class=\"elementor-button elementor-button-link elementor-size-sm\" href=\"https:\/\/lfmalaga.com\/wp-content\/uploads\/2022\/07\/REGLEMENT-ACTIVITES-EXTRASCOLAIRES-2022-2023.pdf\" target=\"_blank\">\n\t\t\t\t\t\t<span class=\"elementor-button-content-wrapper\">\n\t\t\t\t\t\t<span class=\"elementor-button-icon\">\n\t\t\t\t<i aria-hidden=\"true\" class=\"fas fa-file-pdf\"><\/i>\t\t\t<\/span>\n\t\t\t\t\t\t\t\t\t<span class=\"elementor-button-text\">Peri and extracurricular activities regulations: year 2022-2023 <\/span>\n\t\t\t\t\t<\/span>\n\t\t\t\t\t<\/a>\n\t\t\t\t<\/div>\n\t\t\t\t\t\t\t\t<\/div>\n\t\t\t\t<\/div>\n\t\t\t\t\t<\/div>\n\t\t\t\t<\/div>\n\t\t\t\t<\/div>","protected":false},"excerpt":{"rendered":"<p>Activit\u00e9s p\u00e9riscolaires \u00c0 la rentr\u00e9e 2022, le Lyc\u00e9e Fran\u00e7ais International de M\u00e1laga a mis en place une nouvelle organisation des activit\u00e9s p\u00e9ris et extrascolaires. Des activit\u00e9s pendant une partie des cong\u00e9s scolaires La remise en place de certaines activit\u00e9s extrascolaires le midi ou le soir Une garderie le matin de 7h30 \u00e0 8h30 pour les [&hellip;]<\/p>\n","protected":false},"author":1,"featured_media":0,"parent":0,"menu_order":0,"comment_status":"closed","ping_status":"closed","template":"","meta":{"footnotes":""},"class_list":["post-31318","page","type-page","status-publish","hentry"],"_links":{"self":[{"href":"https:\/\/lfmalaga.com\/en\/wp-json\/wp\/v2\/pages\/31318","targetHints":{"allow":["GET"]}}],"collection":[{"href":"https:\/\/lfmalaga.com\/en\/wp-json\/wp\/v2\/pages"}],"about":[{"href":"https:\/\/lfmalaga.com\/en\/wp-json\/wp\/v2\/types\/page"}],"author":[{"embeddable":true,"href":"https:\/\/lfmalaga.com\/en\/wp-json\/wp\/v2\/users\/1"}],"replies":[{"embeddable":true,"href":"https:\/\/lfmalaga.com\/en\/wp-json\/wp\/v2\/comments?post=31318"}],"version-history":[{"count":4,"href":"https:\/\/lfmalaga.com\/en\/wp-json\/wp\/v2\/pages\/31318\/revisions"}],"predecessor-version":[{"id":34453,"href":"https:\/\/lfmalaga.com\/en\/wp-json\/wp\/v2\/pages\/31318\/revisions\/34453"}],"wp:attachment":[{"href":"https:\/\/lfmalaga.com\/en\/wp-json\/wp\/v2\/media?parent=31318"}],"curies":[{"name":"wp","href":"https:\/\/api.w.org\/{rel}","templated":true}]}}