{"id":31320,"date":"2022-09-06T15:26:53","date_gmt":"2022-09-06T13:26:53","guid":{"rendered":"https:\/\/lfmalaga.com\/?page_id=31320"},"modified":"2024-05-23T10:01:24","modified_gmt":"2024-05-23T08:01:24","slug":"activites-extrascolaires-2","status":"publish","type":"page","link":"https:\/\/lfmalaga.com\/en\/activites-extrascolaires-2\/","title":{"rendered":"Extra-curricular activities"},"content":{"rendered":"<div data-elementor-type=\"wp-page\" data-elementor-id=\"31320\" class=\"elementor elementor-31320\" data-elementor-post-type=\"page\">\n\t\t\t\t<div class=\"elementor-element elementor-element-a90fb24 e-flex e-con-boxed e-con e-parent\" data-id=\"a90fb24\" data-element_type=\"container\" data-e-type=\"container\">\n\t\t\t\t\t<div class=\"e-con-inner\">\n\t\t\t\t<div class=\"elementor-element elementor-element-6badb15 elementor-widget elementor-widget-heading\" data-id=\"6badb15\" data-element_type=\"widget\" data-e-type=\"widget\" data-widget_type=\"heading.default\">\n\t\t\t\t<div class=\"elementor-widget-container\">\n\t\t\t\t\t<h2 class=\"elementor-heading-title elementor-size-default\">Discover the Extracurricular activities<\/h2>\t\t\t\t<\/div>\n\t\t\t\t<\/div>\n\t\t<div class=\"elementor-element elementor-element-2a30438 e-flex e-con-boxed e-con e-child\" data-id=\"2a30438\" data-element_type=\"container\" data-e-type=\"container\">\n\t\t\t\t\t<div class=\"e-con-inner\">\n\t\t\t\t<div class=\"elementor-element elementor-element-4e56241 elementor-widget elementor-widget-text-editor\" data-id=\"4e56241\" data-element_type=\"widget\" data-e-type=\"widget\" data-widget_type=\"text-editor.default\">\n\t\t\t\t<div class=\"elementor-widget-container\">\n\t\t\t\t\t\t\t\t\t<p>Many extracurricular activities are available for students from kindergarten to high school:<\/p><ul><li>Dancing with\/without skates (in Spanish)<\/li><li>Basketball (in Spanish)<\/li><li>Break dancing (in English)<\/li><li>Capoeira (in Spanish)<\/li><li>Circus (in Spanish)<\/li><li>English Cooking Course (activity taught in English)<\/li><li>Choir (in French and English)<\/li><li>Crossfit (in Spanish)<\/li><li>Football (in Spanish)<\/li><li>Sports and artistic gymnastics (in Spanish)<\/li><li>Guitar (in French)<\/li><li>Mini-basketball (in Spanish)<\/li><li>Pastry (in English)<\/li><li>Painting (in French)<\/li><li>Rowing (in English)<\/li><li>Robotics (in Spanish)<\/li><li>Skateboarding (in French)<\/li><li>Theater (in French)<\/li><li>Tennis (in Spanish)<\/li><li>Urban dance (in English)<\/li><li>Sailing (in English)<\/li><\/ul>\t\t\t\t\t\t\t\t<\/div>\n\t\t\t\t<\/div>\n\t\t\t\t<div class=\"elementor-element elementor-element-c4e501a elementor-widget elementor-widget-spacer\" data-id=\"c4e501a\" data-element_type=\"widget\" data-e-type=\"widget\" data-widget_type=\"spacer.default\">\n\t\t\t\t<div class=\"elementor-widget-container\">\n\t\t\t\t\t\t\t<div class=\"elementor-spacer\">\n\t\t\t<div class=\"elementor-spacer-inner\"><\/div>\n\t\t<\/div>\n\t\t\t\t\t\t<\/div>\n\t\t\t\t<\/div>\n\t\t\t\t\t<\/div>\n\t\t\t\t<\/div>\n\t\t\t\t\t<\/div>\n\t\t\t\t<\/div>\n\t\t<div class=\"elementor-element elementor-element-ee64706 e-flex e-con-boxed e-con e-parent\" data-id=\"ee64706\" data-element_type=\"container\" data-e-type=\"container\">\n\t\t\t\t\t<div class=\"e-con-inner\">\n\t\t<div class=\"elementor-element elementor-element-d76e486 e-flex e-con-boxed e-con e-child\" data-id=\"d76e486\" data-element_type=\"container\" data-e-type=\"container\">\n\t\t\t\t\t<div class=\"e-con-inner\">\n\t\t<div class=\"elementor-element elementor-element-feee352 e-flex e-con-boxed e-con e-child\" data-id=\"feee352\" data-element_type=\"container\" data-e-type=\"container\">\n\t\t\t\t\t<div class=\"e-con-inner\">\n\t\t<div class=\"elementor-element elementor-element-31f0bcb e-flex e-con-boxed e-con e-child\" data-id=\"31f0bcb\" data-element_type=\"container\" data-e-type=\"container\">\n\t\t\t\t\t<div class=\"e-con-inner\">\n\t\t\t\t<div class=\"elementor-element elementor-element-73b17d7 elementor-widget elementor-widget-image\" data-id=\"73b17d7\" data-element_type=\"widget\" data-e-type=\"widget\" data-widget_type=\"image.default\">\n\t\t\t\t<div class=\"elementor-widget-container\">\n\t\t\t\t\t\t\t\t\t\t\t\t\t\t\t\t<a href=\"https:\/\/lfmalaga.com\/wp-content\/uploads\/2022\/04\/Vanessa-et-Jeremy-339.jpg\" data-elementor-open-lightbox=\"yes\" data-e-action-hash=\"#elementor-action%3Aaction%3Dlightbox%26settings%3DeyJpZCI6MzA1ODksInVybCI6Imh0dHBzOlwvXC9sZm1hbGFnYS5jb21cL3dwLWNvbnRlbnRcL3VwbG9hZHNcLzIwMjJcLzA0XC9WYW5lc3NhLWV0LUplcmVteS0zMzkuanBnIn0%3D\">\n\t\t\t\t\t\t\t<img fetchpriority=\"high\" decoding=\"async\" width=\"800\" height=\"533\" src=\"https:\/\/lfmalaga.com\/wp-content\/uploads\/2022\/04\/Vanessa-et-Jeremy-339-1024x682.jpg\" class=\"attachment-large size-large wp-image-30589\" alt=\"\" srcset=\"https:\/\/lfmalaga.com\/wp-content\/uploads\/2022\/04\/Vanessa-et-Jeremy-339-1024x682.jpg 1024w, https:\/\/lfmalaga.com\/wp-content\/uploads\/2022\/04\/Vanessa-et-Jeremy-339-300x200.jpg 300w, https:\/\/lfmalaga.com\/wp-content\/uploads\/2022\/04\/Vanessa-et-Jeremy-339-768x512.jpg 768w, https:\/\/lfmalaga.com\/wp-content\/uploads\/2022\/04\/Vanessa-et-Jeremy-339-1536x1023.jpg 1536w, https:\/\/lfmalaga.com\/wp-content\/uploads\/2022\/04\/Vanessa-et-Jeremy-339-2048x1364.jpg 2048w, https:\/\/lfmalaga.com\/wp-content\/uploads\/2022\/04\/Vanessa-et-Jeremy-339-18x12.jpg 18w\" sizes=\"(max-width: 800px) 100vw, 800px\" \/>\t\t\t\t\t\t\t\t<\/a>\n\t\t\t\t\t\t\t\t\t\t\t\t\t\t\t<\/div>\n\t\t\t\t<\/div>\n\t\t\t\t\t<\/div>\n\t\t\t\t<\/div>\n\t\t<div class=\"elementor-element elementor-element-b77713e e-flex e-con-boxed e-con e-child\" data-id=\"b77713e\" data-element_type=\"container\" data-e-type=\"container\">\n\t\t\t\t\t<div class=\"e-con-inner\">\n\t\t\t\t<div class=\"elementor-element elementor-element-12fdf9a elementor-widget elementor-widget-image\" data-id=\"12fdf9a\" data-element_type=\"widget\" data-e-type=\"widget\" data-widget_type=\"image.default\">\n\t\t\t\t<div class=\"elementor-widget-container\">\n\t\t\t\t\t\t\t\t\t\t\t\t\t\t\t\t<a href=\"https:\/\/lfmalaga.com\/wp-content\/uploads\/2022\/04\/Vanessa-et-Jeremy-333.jpg\" data-elementor-open-lightbox=\"yes\" data-e-action-hash=\"#elementor-action%3Aaction%3Dlightbox%26settings%3DeyJpZCI6MzA1ODMsInVybCI6Imh0dHBzOlwvXC9sZm1hbGFnYS5jb21cL3dwLWNvbnRlbnRcL3VwbG9hZHNcLzIwMjJcLzA0XC9WYW5lc3NhLWV0LUplcmVteS0zMzMuanBnIn0%3D\">\n\t\t\t\t\t\t\t<img decoding=\"async\" width=\"800\" height=\"534\" src=\"https:\/\/lfmalaga.com\/wp-content\/uploads\/2022\/04\/Vanessa-et-Jeremy-333-1024x683.jpg\" class=\"attachment-large size-large wp-image-30583\" alt=\"\" srcset=\"https:\/\/lfmalaga.com\/wp-content\/uploads\/2022\/04\/Vanessa-et-Jeremy-333-1024x683.jpg 1024w, https:\/\/lfmalaga.com\/wp-content\/uploads\/2022\/04\/Vanessa-et-Jeremy-333-300x200.jpg 300w, https:\/\/lfmalaga.com\/wp-content\/uploads\/2022\/04\/Vanessa-et-Jeremy-333-768x512.jpg 768w, https:\/\/lfmalaga.com\/wp-content\/uploads\/2022\/04\/Vanessa-et-Jeremy-333-1536x1024.jpg 1536w, https:\/\/lfmalaga.com\/wp-content\/uploads\/2022\/04\/Vanessa-et-Jeremy-333-2048x1365.jpg 2048w, https:\/\/lfmalaga.com\/wp-content\/uploads\/2022\/04\/Vanessa-et-Jeremy-333-18x12.jpg 18w\" sizes=\"(max-width: 800px) 100vw, 800px\" \/>\t\t\t\t\t\t\t\t<\/a>\n\t\t\t\t\t\t\t\t\t\t\t\t\t\t\t<\/div>\n\t\t\t\t<\/div>\n\t\t\t\t\t<\/div>\n\t\t\t\t<\/div>\n\t\t\t\t\t<\/div>\n\t\t\t\t<\/div>\n\t\t\t\t\t<\/div>\n\t\t\t\t<\/div>\n\t\t\t\t\t<\/div>\n\t\t\t\t<\/div>\n\t\t<div class=\"elementor-element elementor-element-60c417e e-flex e-con-boxed e-con e-parent\" data-id=\"60c417e\" data-element_type=\"container\" data-e-type=\"container\">\n\t\t\t\t\t<div class=\"e-con-inner\">\n\t\t\t\t<div class=\"elementor-element elementor-element-b525efc elementor-widget elementor-widget-spacer\" data-id=\"b525efc\" data-element_type=\"widget\" data-e-type=\"widget\" data-widget_type=\"spacer.default\">\n\t\t\t\t<div class=\"elementor-widget-container\">\n\t\t\t\t\t\t\t<div class=\"elementor-spacer\">\n\t\t\t<div class=\"elementor-spacer-inner\"><\/div>\n\t\t<\/div>\n\t\t\t\t\t\t<\/div>\n\t\t\t\t<\/div>\n\t\t\t\t<div class=\"elementor-element elementor-element-a67c303 elementor-mobile-align-center elementor-widget elementor-widget-button\" data-id=\"a67c303\" data-element_type=\"widget\" data-e-type=\"widget\" data-widget_type=\"button.default\">\n\t\t\t\t<div class=\"elementor-widget-container\">\n\t\t\t\t\t\t\t\t\t<div class=\"elementor-button-wrapper\">\n\t\t\t\t\t<a class=\"elementor-button elementor-button-link elementor-size-sm\" href=\"https:\/\/lfmalaga.com\/wp-content\/uploads\/2022\/09\/activites-extrascolaires.pdf\" target=\"_blank\">\n\t\t\t\t\t\t<span class=\"elementor-button-content-wrapper\">\n\t\t\t\t\t\t<span class=\"elementor-button-icon\">\n\t\t\t\t<i aria-hidden=\"true\" class=\"far fa-file-pdf\"><\/i>\t\t\t<\/span>\n\t\t\t\t\t\t\t\t\t<span class=\"elementor-button-text\">Information on extracurricular activities<\/span>\n\t\t\t\t\t<\/span>\n\t\t\t\t\t<\/a>\n\t\t\t\t<\/div>\n\t\t\t\t\t\t\t\t<\/div>\n\t\t\t\t<\/div>\n\t\t\t\t<div class=\"elementor-element elementor-element-39a5c9f elementor-mobile-align-center elementor-widget elementor-widget-button\" data-id=\"39a5c9f\" data-element_type=\"widget\" data-e-type=\"widget\" data-widget_type=\"button.default\">\n\t\t\t\t<div class=\"elementor-widget-container\">\n\t\t\t\t\t\t\t\t\t<div class=\"elementor-button-wrapper\">\n\t\t\t\t\t<a class=\"elementor-button elementor-button-link elementor-size-sm\" href=\"https:\/\/lfmalaga.com\/wp-content\/uploads\/2022\/07\/REGLEMENT-ACTIVITES-EXTRASCOLAIRES-2022-2023.pdf\" target=\"_blank\">\n\t\t\t\t\t\t<span class=\"elementor-button-content-wrapper\">\n\t\t\t\t\t\t<span class=\"elementor-button-icon\">\n\t\t\t\t<i aria-hidden=\"true\" class=\"fas fa-file-pdf\"><\/i>\t\t\t<\/span>\n\t\t\t\t\t\t\t\t\t<span class=\"elementor-button-text\">Peri and extracurricular activities regulations: year 2022-2023 <\/span>\n\t\t\t\t\t<\/span>\n\t\t\t\t\t<\/a>\n\t\t\t\t<\/div>\n\t\t\t\t\t\t\t\t<\/div>\n\t\t\t\t<\/div>\n\t\t\t\t\t<\/div>\n\t\t\t\t<\/div>\n\t\t\t\t<\/div>","protected":false},"excerpt":{"rendered":"<p>D\u00e9couvrez les activit\u00e9s Extrascolaires De nombreuses activit\u00e9s extrascolaires sont disponibles pour les \u00e9l\u00e8ves depuis la maternelle jusqu&rsquo;\u00e0 la terminale : Danse avec\/sans patins (en espagnol) Basket-ball (en espagnol) Break dance (en anglais) Capoeira (en espagnol) Cirque (en espagnol) Cours d&rsquo;anglais Cuisine (activit\u00e9 dispens\u00e9e en anglais) Chorale (en fran\u00e7ais et en anglais) Crossfit (en espagnol) Football [&hellip;]<\/p>\n","protected":false},"author":1,"featured_media":0,"parent":0,"menu_order":0,"comment_status":"closed","ping_status":"closed","template":"","meta":{"footnotes":""},"class_list":["post-31320","page","type-page","status-publish","hentry"],"_links":{"self":[{"href":"https:\/\/lfmalaga.com\/en\/wp-json\/wp\/v2\/pages\/31320","targetHints":{"allow":["GET"]}}],"collection":[{"href":"https:\/\/lfmalaga.com\/en\/wp-json\/wp\/v2\/pages"}],"about":[{"href":"https:\/\/lfmalaga.com\/en\/wp-json\/wp\/v2\/types\/page"}],"author":[{"embeddable":true,"href":"https:\/\/lfmalaga.com\/en\/wp-json\/wp\/v2\/users\/1"}],"replies":[{"embeddable":true,"href":"https:\/\/lfmalaga.com\/en\/wp-json\/wp\/v2\/comments?post=31320"}],"version-history":[{"count":4,"href":"https:\/\/lfmalaga.com\/en\/wp-json\/wp\/v2\/pages\/31320\/revisions"}],"predecessor-version":[{"id":35120,"href":"https:\/\/lfmalaga.com\/en\/wp-json\/wp\/v2\/pages\/31320\/revisions\/35120"}],"wp:attachment":[{"href":"https:\/\/lfmalaga.com\/en\/wp-json\/wp\/v2\/media?parent=31320"}],"curies":[{"name":"wp","href":"https:\/\/api.w.org\/{rel}","templated":true}]}}