{"id":32406,"date":"2022-09-26T17:54:25","date_gmt":"2022-09-26T15:54:25","guid":{"rendered":"https:\/\/lfmalaga.com\/?page_id=32406"},"modified":"2022-09-26T17:57:10","modified_gmt":"2022-09-26T15:57:10","slug":"mentions","status":"publish","type":"page","link":"https:\/\/lfmalaga.com\/en\/mentions\/","title":{"rendered":"Mentions"},"content":{"rendered":"<div data-elementor-type=\"wp-page\" data-elementor-id=\"32406\" class=\"elementor elementor-32406\" data-elementor-post-type=\"page\">\n\t\t\t\t<div class=\"elementor-element elementor-element-f867393 e-flex e-con-boxed e-con e-parent\" data-id=\"f867393\" data-element_type=\"container\" data-e-type=\"container\">\n\t\t\t\t\t<div class=\"e-con-inner\">\n\t\t\t\t<div class=\"elementor-element elementor-element-df060fe elementor-widget elementor-widget-heading\" data-id=\"df060fe\" data-element_type=\"widget\" data-e-type=\"widget\" data-widget_type=\"heading.default\">\n\t\t\t\t<div class=\"elementor-widget-container\">\n\t\t\t\t\t<h2 class=\"elementor-heading-title elementor-size-default\">Our legal notices<\/h2>\t\t\t\t<\/div>\n\t\t\t\t<\/div>\n\t\t\t\t<div class=\"elementor-element elementor-element-9cecbeb elementor-widget elementor-widget-text-editor\" data-id=\"9cecbeb\" data-element_type=\"widget\" data-e-type=\"widget\" data-widget_type=\"text-editor.default\">\n\t\t\t\t<div class=\"elementor-widget-container\">\n\t\t\t\t\t\t\t\t\t<p>This website is the property of the Lyc\u00e9e Fran\u00e7ais de Malaga. In accordance with the Intellectual Property Code, any use (representation or reproduction) of all or part of the website is strictly prohibited without the express prior authorization of the establishment.<\/p><h4>WARNING<\/h4><p>The non-exhaustive data presented on the Lyc\u00e9e Fran\u00e7ais de Malaga website is provided for information purposes. The establishment cannot therefore be held responsible for any changes that may occur during the year. Therefore, it is up to you to verify the accuracy of the information directly with our departments or the institutions mentioned.<\/p><h4>COOKIES<\/h4><p>By browsing our site, you accept the use of cookies. The choice to accept is free. Cookies are pieces of information stored in your browser that allow us to provide you with a better online experience during your visit. There is no commercial operation of the establishment.<\/p><h4>HYPERTEXT LINKS<\/h4><p>The Lyc\u00e9e Fran\u00e7ais de Malaga declines all responsibility for the websites accessible from its own site. A link to the https:\/\/www.lfmalaga.com site can only be created after the express and prior authorization of our Head of Establishment.<\/p><h4>COMPUTING AND FREEDOM<\/h4><p>You have the right to access, modify, rectify and delete data concerning you (art. 34 of the \u201cInformatique et Libert\u00e9s\u201d law of January 6, 1978). For any request, please contact:<\/p><p>email: contact@lfmalaga.com<\/p><h4>PHOTOGRAPHIC CREDIT<\/h4><p>The photographs and visuals placed on the Lyc\u00e9e Fran\u00e7ais de Malaga website belong to the communication department, unless otherwise indicated on the page containing the visual.<\/p>\t\t\t\t\t\t\t\t<\/div>\n\t\t\t\t<\/div>\n\t\t\t\t\t<\/div>\n\t\t\t\t<\/div>\n\t\t\t\t<\/div>","protected":false},"excerpt":{"rendered":"<p>Nos mentions l\u00e9gales Ce site internet est la propri\u00e9t\u00e9 du Lyc\u00e9e Fran\u00e7ais de Malaga. Conform\u00e9ment au Code de la Propri\u00e9t\u00e9 Intellectuelle, toute exploitation (repr\u00e9sentation ou reproduction) de tout ou partie du site internet est strictement interdite sauf autorisation expresse et pr\u00e9alable de l\u2019\u00e9tablissement. AVERTISSEMENT Les donn\u00e9es, non exhaustives, pr\u00e9sent\u00e9es sur le site internet du Lyc\u00e9e [&hellip;]<\/p>\n","protected":false},"author":4,"featured_media":0,"parent":0,"menu_order":0,"comment_status":"closed","ping_status":"closed","template":"","meta":{"footnotes":""},"class_list":["post-32406","page","type-page","status-publish","hentry"],"_links":{"self":[{"href":"https:\/\/lfmalaga.com\/en\/wp-json\/wp\/v2\/pages\/32406","targetHints":{"allow":["GET"]}}],"collection":[{"href":"https:\/\/lfmalaga.com\/en\/wp-json\/wp\/v2\/pages"}],"about":[{"href":"https:\/\/lfmalaga.com\/en\/wp-json\/wp\/v2\/types\/page"}],"author":[{"embeddable":true,"href":"https:\/\/lfmalaga.com\/en\/wp-json\/wp\/v2\/users\/4"}],"replies":[{"embeddable":true,"href":"https:\/\/lfmalaga.com\/en\/wp-json\/wp\/v2\/comments?post=32406"}],"version-history":[{"count":0,"href":"https:\/\/lfmalaga.com\/en\/wp-json\/wp\/v2\/pages\/32406\/revisions"}],"wp:attachment":[{"href":"https:\/\/lfmalaga.com\/en\/wp-json\/wp\/v2\/media?parent=32406"}],"curies":[{"name":"wp","href":"https:\/\/api.w.org\/{rel}","templated":true}]}}