{"id":33737,"date":"2022-12-16T09:30:25","date_gmt":"2022-12-16T08:30:25","guid":{"rendered":"https:\/\/lfmalaga.com\/?page_id=33737"},"modified":"2022-12-21T09:13:35","modified_gmt":"2022-12-21T08:13:35","slug":"parcours-educatifs","status":"publish","type":"page","link":"https:\/\/lfmalaga.com\/en\/parcours-educatifs\/","title":{"rendered":"Educational paths"},"content":{"rendered":"<div data-elementor-type=\"wp-page\" data-elementor-id=\"33737\" class=\"elementor elementor-33737\" data-elementor-post-type=\"page\">\n\t\t\t\t<div class=\"elementor-element elementor-element-6c06fef e-flex e-con-boxed e-con e-parent\" data-id=\"6c06fef\" data-element_type=\"container\" data-e-type=\"container\">\n\t\t\t\t\t<div class=\"e-con-inner\">\n\t\t\t\t<div class=\"elementor-element elementor-element-c8cc20c elementor-widget elementor-widget-heading\" data-id=\"c8cc20c\" data-element_type=\"widget\" data-e-type=\"widget\" data-widget_type=\"heading.default\">\n\t\t\t\t<div class=\"elementor-widget-container\">\n\t\t\t\t\t<h2 class=\"elementor-heading-title elementor-size-default\">Educational pathways<\/h2>\t\t\t\t<\/div>\n\t\t\t\t<\/div>\n\t\t\t\t<div class=\"elementor-element elementor-element-9deef6a elementor-widget elementor-widget-text-editor\" data-id=\"9deef6a\" data-element_type=\"widget\" data-e-type=\"widget\" data-widget_type=\"text-editor.default\">\n\t\t\t\t<div class=\"elementor-widget-container\">\n\t\t\t\t\t\t\t\t\t<p><span style=\"text-decoration: underline;\"><strong>Educational pathways at school, college and high school.<\/strong><\/span><\/p><p>Gradually implemented since the start of the 2015 school year, the four educational pathways (Future, Health, Arts and Cultural Education, Citizen) allow us to monitor the student&#039;s work in these different areas throughout their schooling.<\/p><p><span style=\"text-decoration: underline;\"><strong>What is an educational path?<\/strong><\/span><\/p><p>To understand the concept of journey in all its dimensions, it is necessary to consider the two possible meanings of the term &quot;journey&quot;.<\/p><p><strong>On the one hand, there is the journey from the point of view of the establishment<\/strong>, the one that is the subject of programming integrated into the educational organization of the college or high school. This is the path that we want students to take. On the other hand, there is <strong>the journey from the student&#039;s point of view<\/strong>, the one that he actually experiences in a personal way and that he gradually appropriates.<\/p><p><span style=\"text-decoration: underline;\"><strong>The educational path is part of a curriculum.<\/strong><\/span><\/p><p>At school, college or high school, <strong>the curricular approach is based on the programs and on the various educational devices<\/strong> implemented (personalized support, exploratory lessons, periods of training in a professional environment, etc.) In college, the common base of knowledge, skills and culture also constitutes a primary frame of reference for the implementation of the courses.<\/p><p>The notion of an educational path thus integrates the idea of a<strong> progressive acquisition of knowledge and skills that accumulate throughout the student&#039;s journey<\/strong>, a path whose main driving force must be the student himself. His support by the entire teaching team must allow him to both <strong>structure your acquired knowledge and take ownership of your own path<\/strong>. This appropriation can thus contribute to giving the course its individual dimension.<\/p><p>\u00a0<\/p><h5><strong>What are the educational pathways?<\/strong><\/h5><p><span style=\"text-decoration: underline;\"><strong>The future course<\/strong><\/span><\/p><p>From 6th to 12th grade, the Future course allows each student to gradually build their orientation and discover the economic and professional world. To support the teams in its implementation, Eduscol offers a set of disciplinary and interdisciplinary sheets that cover middle school and high school.<\/p><p><span style=\"text-decoration: underline;\"><strong>The artistic and cultural education course<\/strong><\/span><\/p><p>From school to high school, the artistic and cultural education pathway aims to promote equal access to art for all students through the acquisition of a personal artistic culture. Training objectives and progress benchmarks for the implementation of this pathway are set. A guide presents the principles and organization of the pathway for a student.<\/p><p><span style=\"text-decoration: underline;\"><strong>The health education pathway<\/strong><\/span><\/p><p>From kindergarten to high school, the educational health pathway makes it possible to structure the presentation of the systems which concern both the protection of the health of pupils, the educational activities linked to the prevention of risky behavior and the educational activities implemented in lessons with reference to school curricula.<\/p><p><span style=\"text-decoration: underline;\"><strong>The student&#039;s civic journey<\/strong><\/span><\/p><p>From school to high school, the citizenship pathway aims at the construction, by the student, of a moral and civic judgment, at the acquisition of a critical mind and a culture of engagement. It is the subject of a circular, published on June 23, 2016, which specifies the main objectives as well as the methods of management and implementation.<\/p>\t\t\t\t\t\t\t\t<\/div>\n\t\t\t\t<\/div>\n\t\t<div class=\"elementor-element elementor-element-ce381ad e-flex e-con-boxed e-con e-parent\" data-id=\"ce381ad\" data-element_type=\"container\" data-e-type=\"container\">\n\t\t\t\t\t<div class=\"e-con-inner\">\n\t\t\t\t<div class=\"elementor-element elementor-element-eb1044a elementor-widget elementor-widget-button\" data-id=\"eb1044a\" data-element_type=\"widget\" data-e-type=\"widget\" data-widget_type=\"button.default\">\n\t\t\t\t<div class=\"elementor-widget-container\">\n\t\t\t\t\t\t\t\t\t<div class=\"elementor-button-wrapper\">\n\t\t\t\t\t<a class=\"elementor-button elementor-button-link elementor-size-sm\" href=\"https:\/\/lfmalaga.com\/wp-content\/uploads\/2022\/12\/Parcours-Avenir-22-23.pdf\" target=\"_blank\">\n\t\t\t\t\t\t<span class=\"elementor-button-content-wrapper\">\n\t\t\t\t\t\t<span class=\"elementor-button-icon\">\n\t\t\t\t<i aria-hidden=\"true\" class=\"far fa-file-pdf\"><\/i>\t\t\t<\/span>\n\t\t\t\t\t\t\t\t\t<span class=\"elementor-button-text\">Future<\/span>\n\t\t\t\t\t<\/span>\n\t\t\t\t\t<\/a>\n\t\t\t\t<\/div>\n\t\t\t\t\t\t\t\t<\/div>\n\t\t\t\t<\/div>\n\t\t\t\t<div class=\"elementor-element elementor-element-c1cdadb elementor-widget elementor-widget-button\" data-id=\"c1cdadb\" data-element_type=\"widget\" data-e-type=\"widget\" data-widget_type=\"button.default\">\n\t\t\t\t<div class=\"elementor-widget-container\">\n\t\t\t\t\t\t\t\t\t<div class=\"elementor-button-wrapper\">\n\t\t\t\t\t<a class=\"elementor-button elementor-button-link elementor-size-sm\" href=\"https:\/\/lfmalaga.com\/wp-content\/uploads\/2022\/12\/Parcours-Educ.-Artist.-et-Cult.-22-23.pdf\" target=\"_blank\">\n\t\t\t\t\t\t<span class=\"elementor-button-content-wrapper\">\n\t\t\t\t\t\t<span class=\"elementor-button-icon\">\n\t\t\t\t<i aria-hidden=\"true\" class=\"far fa-file-pdf\"><\/i>\t\t\t<\/span>\n\t\t\t\t\t\t\t\t\t<span class=\"elementor-button-text\">Artistic and cultural education<\/span>\n\t\t\t\t\t<\/span>\n\t\t\t\t\t<\/a>\n\t\t\t\t<\/div>\n\t\t\t\t\t\t\t\t<\/div>\n\t\t\t\t<\/div>\n\t\t\t\t<div class=\"elementor-element elementor-element-9dac2f3 elementor-widget elementor-widget-button\" data-id=\"9dac2f3\" data-element_type=\"widget\" data-e-type=\"widget\" data-widget_type=\"button.default\">\n\t\t\t\t<div class=\"elementor-widget-container\">\n\t\t\t\t\t\t\t\t\t<div class=\"elementor-button-wrapper\">\n\t\t\t\t\t<a class=\"elementor-button elementor-button-link elementor-size-sm\" href=\"https:\/\/lfmalaga.com\/wp-content\/uploads\/2022\/12\/Parcours-sante-22-23.pdf\" target=\"_blank\">\n\t\t\t\t\t\t<span class=\"elementor-button-content-wrapper\">\n\t\t\t\t\t\t<span class=\"elementor-button-icon\">\n\t\t\t\t<i aria-hidden=\"true\" class=\"far fa-file-pdf\"><\/i>\t\t\t<\/span>\n\t\t\t\t\t\t\t\t\t<span class=\"elementor-button-text\">Health<\/span>\n\t\t\t\t\t<\/span>\n\t\t\t\t\t<\/a>\n\t\t\t\t<\/div>\n\t\t\t\t\t\t\t\t<\/div>\n\t\t\t\t<\/div>\n\t\t\t\t<div class=\"elementor-element elementor-element-9bec6a9 elementor-widget elementor-widget-button\" data-id=\"9bec6a9\" data-element_type=\"widget\" data-e-type=\"widget\" data-widget_type=\"button.default\">\n\t\t\t\t<div class=\"elementor-widget-container\">\n\t\t\t\t\t\t\t\t\t<div class=\"elementor-button-wrapper\">\n\t\t\t\t\t<a class=\"elementor-button elementor-button-link elementor-size-sm\" href=\"https:\/\/lfmalaga.com\/wp-content\/uploads\/2022\/12\/Parcours-citoyen-22-23.pdf\" target=\"_blank\">\n\t\t\t\t\t\t<span class=\"elementor-button-content-wrapper\">\n\t\t\t\t\t\t<span class=\"elementor-button-icon\">\n\t\t\t\t<i aria-hidden=\"true\" class=\"far fa-file-pdf\"><\/i>\t\t\t<\/span>\n\t\t\t\t\t\t\t\t\t<span class=\"elementor-button-text\">Citizen<\/span>\n\t\t\t\t\t<\/span>\n\t\t\t\t\t<\/a>\n\t\t\t\t<\/div>\n\t\t\t\t\t\t\t\t<\/div>\n\t\t\t\t<\/div>\n\t\t\t\t\t<\/div>\n\t\t\t\t<\/div>\n\t\t\t\t\t<\/div>\n\t\t\t\t<\/div>\n\t\t\t\t<\/div>","protected":false},"excerpt":{"rendered":"<p>Les parcours \u00e9ducatifs Les parcours \u00e9ducatifs \u00e0 l&rsquo;\u00e9cole, au coll\u00e8ge et au lyc\u00e9e. Mis en place progressivement depuis la rentr\u00e9e 2015, les quatre parcours \u00e9ducatifs (Avenir, de Sant\u00e9, d&rsquo;\u00c9ducation artistique et culturelle, Citoyen) permettent de suivre le travail de l&rsquo;\u00e9l\u00e8ve dans ces diff\u00e9rents domaines tout au long de sa scolarit\u00e9. Qu&rsquo;est-ce qu&rsquo;un parcours \u00e9ducatif\u00a0? Pour [&hellip;]<\/p>\n","protected":false},"author":4,"featured_media":0,"parent":0,"menu_order":0,"comment_status":"closed","ping_status":"closed","template":"","meta":{"footnotes":""},"class_list":["post-33737","page","type-page","status-publish","hentry"],"_links":{"self":[{"href":"https:\/\/lfmalaga.com\/en\/wp-json\/wp\/v2\/pages\/33737","targetHints":{"allow":["GET"]}}],"collection":[{"href":"https:\/\/lfmalaga.com\/en\/wp-json\/wp\/v2\/pages"}],"about":[{"href":"https:\/\/lfmalaga.com\/en\/wp-json\/wp\/v2\/types\/page"}],"author":[{"embeddable":true,"href":"https:\/\/lfmalaga.com\/en\/wp-json\/wp\/v2\/users\/4"}],"replies":[{"embeddable":true,"href":"https:\/\/lfmalaga.com\/en\/wp-json\/wp\/v2\/comments?post=33737"}],"version-history":[{"count":2,"href":"https:\/\/lfmalaga.com\/en\/wp-json\/wp\/v2\/pages\/33737\/revisions"}],"predecessor-version":[{"id":33793,"href":"https:\/\/lfmalaga.com\/en\/wp-json\/wp\/v2\/pages\/33737\/revisions\/33793"}],"wp:attachment":[{"href":"https:\/\/lfmalaga.com\/en\/wp-json\/wp\/v2\/media?parent=33737"}],"curies":[{"name":"wp","href":"https:\/\/api.w.org\/{rel}","templated":true}]}}