{"id":41,"date":"2021-03-28T10:57:59","date_gmt":"2021-03-28T10:57:59","guid":{"rendered":"https:\/\/lfmalaga.im-nomade.com\/?page_id=41"},"modified":"2026-02-24T12:01:36","modified_gmt":"2026-02-24T11:01:36","slug":"accompagnements-specifiques","status":"publish","type":"page","link":"https:\/\/lfmalaga.com\/en\/pedagogie\/accompagnements-specifiques\/","title":{"rendered":"Specific support"},"content":{"rendered":"<div data-elementor-type=\"wp-page\" data-elementor-id=\"41\" class=\"elementor elementor-41\" data-elementor-post-type=\"page\">\n\t\t\t\t<div class=\"elementor-element elementor-element-3eb9294 e-flex e-con-boxed e-con e-parent\" data-id=\"3eb9294\" data-element_type=\"container\" data-e-type=\"container\">\n\t\t\t\t\t<div class=\"e-con-inner\">\n\t\t\t\t<div class=\"elementor-element elementor-element-868f1f4 elementor-widget elementor-widget-heading\" data-id=\"868f1f4\" data-element_type=\"widget\" data-e-type=\"widget\" data-widget_type=\"heading.default\">\n\t\t\t\t<div class=\"elementor-widget-container\">\n\t\t\t\t\t<h3 class=\"elementor-heading-title elementor-size-large\">PUPILS WITH SPECIFIC EDUCATIONAL NEEDS<\/h3>\t\t\t\t<\/div>\n\t\t\t\t<\/div>\n\t\t\t\t<div class=\"elementor-element elementor-element-e51999c elementor-widget elementor-widget-text-editor\" data-id=\"e51999c\" data-element_type=\"widget\" data-e-type=\"widget\" data-widget_type=\"text-editor.default\">\n\t\t\t\t<div class=\"elementor-widget-container\">\n\t\t\t\t\t\t\t\t\t<h6><b>Consideration of pupils with special educational needs<\/b><\/h6><p>The right to education for all children, regardless of their profile, difficulties or handicap, is a fundamental right.<\/p><p>Two main reference texts underpin the educational ambition for the success of all students and adapted school pathways for better social and professional integration:<\/p><ul><li>The law of February 11, 2005: Law for equal rights and opportunities, participation and citizenship of disabled people<\/li><li>The law of July 8, 2013: Orientation and programming law for the reestablishment of the school of the Republic<\/li><\/ul>\t\t\t\t\t\t\t\t<\/div>\n\t\t\t\t<\/div>\n\t\t\t\t<div class=\"elementor-element elementor-element-0d8a7f8 elementor-widget elementor-widget-text-editor\" data-id=\"0d8a7f8\" data-element_type=\"widget\" data-e-type=\"widget\" data-widget_type=\"text-editor.default\">\n\t\t\t\t<div class=\"elementor-widget-container\">\n\t\t\t\t\t\t\t\t\t<p>Students whose learning difficulties are the result of a learning disorder can benefit from a personalized support plan (PAP), in the event of medical problems, an individualized reception plan (PAI), and in the event of recognition of disability by an MDPH or by a Spanish organization, a personalized schooling project (PPS).<\/p>\t\t\t\t\t\t\t\t<\/div>\n\t\t\t\t<\/div>\n\t\t\t\t<div class=\"elementor-element elementor-element-ac70055 elementor-widget elementor-widget-text-editor\" data-id=\"ac70055\" data-element_type=\"widget\" data-e-type=\"widget\" data-widget_type=\"text-editor.default\">\n\t\t\t\t<div class=\"elementor-widget-container\">\n\t\t\t\t\t\t\t\t\t<h6><strong>The personalized support plan (PAP)<\/strong><\/h6><p>It is an educational support system aimed at students who experience lasting academic difficulties caused by one or more learning disabilities and for whom educational adjustments and adaptations are necessary, so that they can continue their school career in the best possible conditions. These PAPs are renewed each school year by the educational committee bringing together parents, professionals from outside the establishment, the establishment&#039;s medical service and the educational team. It is validated by the Head of the establishment.<\/p>\t\t\t\t\t\t\t\t<\/div>\n\t\t\t\t<\/div>\n\t\t\t\t<div class=\"elementor-element elementor-element-0ff89d1 elementor-widget elementor-widget-text-editor\" data-id=\"0ff89d1\" data-element_type=\"widget\" data-e-type=\"widget\" data-widget_type=\"text-editor.default\">\n\t\t\t\t<div class=\"elementor-widget-container\">\n\t\t\t\t\t\t\t\t\t<h6><b>The individualized welcome plan (PAI)<\/b><\/h6><p>concerns students with chronic illnesses (asthma for example), allergies and food intolerances. It allows them to follow a normal education. Each pupil holding a PAI can thus benefit from his treatment or his diet, ensure his safety and compensate for the inconveniences related to his state of health.<\/p>\t\t\t\t\t\t\t\t<\/div>\n\t\t\t\t<\/div>\n\t\t\t\t<div class=\"elementor-element elementor-element-ac2f148 elementor-widget elementor-widget-text-editor\" data-id=\"ac2f148\" data-element_type=\"widget\" data-e-type=\"widget\" data-widget_type=\"text-editor.default\">\n\t\t\t\t<div class=\"elementor-widget-container\">\n\t\t\t\t\t\t\t\t\t<h6><b>The personalized schooling project (PPS)<\/b><\/h6><p>concerns all children whose situation meets the definition of disability as set out in article 2 of the 2005 law: &quot;any limitation of activity or restriction of participation in life in society suffered in their environment by a person due to a substantial, lasting or definitive alteration of one or more physical, sensory, mental, cognitive, psychic functions, a multiple disability or an incapacitating health disorder &quot;and for which the MDPH has pronounced on the situation of disability.<\/p>\t\t\t\t\t\t\t\t<\/div>\n\t\t\t\t<\/div>\n\t\t\t\t<div class=\"elementor-element elementor-element-bb4ba6f elementor-widget elementor-widget-text-editor\" data-id=\"bb4ba6f\" data-element_type=\"widget\" data-e-type=\"widget\" data-widget_type=\"text-editor.default\">\n\t\t\t\t<div class=\"elementor-widget-container\">\n\t\t\t\t\t\t\t\t\t<h6><b>The personalized educational success program (PPRE)<\/b><\/h6><p>concerns pupils who are at risk of not having mastered certain knowledge and skills expected at the end of an education cycle. The PPRE organizes differentiated educational support for the pupil throughout the cycle in order to enable him to overcome the difficulties encountered and to progress in his learning. It aims to reinforce the coherence between the actions undertaken to help the pupil in order to optimize the effect. It associates the student, the family and the teaching team.\u00a0<span style=\"text-align: var(--text-align); color: var( --e-global-color-d9c29ee ); font-family: var( --e-global-typography-text-font-family ), Sans-serif; font-size: var( --e-global-typography-text-font-size ); font-weight: var( --e-global-typography-text-font-weight );\">Once in place, these devices<\/span><strong style=\"text-align: var(--text-align); color: var( --e-global-color-d9c29ee ); font-family: var( --e-global-typography-text-font-family ), Sans-serif; font-size: var( --e-global-typography-text-font-size );\"> are not optional<\/strong><span style=\"text-align: var(--text-align); color: var( --e-global-color-d9c29ee ); font-family: var( --e-global-typography-text-font-family ), Sans-serif; font-size: var( --e-global-typography-text-font-size ); font-weight: var( --e-global-typography-text-font-weight );\">. They must be put in place on a mandatory basis by all the teachers concerned. To help them, a document covers all the support strategies. This document is available on Pronote.<\/span><\/p>\t\t\t\t\t\t\t\t<\/div>\n\t\t\t\t<\/div>\n\t\t\t\t<div class=\"elementor-element elementor-element-5f75418 elementor-mobile-align-center elementor-widget elementor-widget-button\" data-id=\"5f75418\" data-element_type=\"widget\" data-e-type=\"widget\" data-widget_type=\"button.default\">\n\t\t\t\t<div class=\"elementor-widget-container\">\n\t\t\t\t\t\t\t\t\t<div class=\"elementor-button-wrapper\">\n\t\t\t\t\t<a class=\"elementor-button elementor-button-link elementor-size-sm\" href=\"https:\/\/lfmalaga.com\/wp-content\/uploads\/2022\/07\/200909-Eduscol-ecole_inclusive_dossier_extrait_QPPQ_376117_3784101.pdf\" target=\"_blank\">\n\t\t\t\t\t\t<span class=\"elementor-button-content-wrapper\">\n\t\t\t\t\t\t<span class=\"elementor-button-icon\">\n\t\t\t\t<i aria-hidden=\"true\" class=\"fas fa-file-pdf\"><\/i>\t\t\t<\/span>\n\t\t\t\t\t\t\t\t\t<span class=\"elementor-button-text\">Consult the document on this subject <\/span>\n\t\t\t\t\t<\/span>\n\t\t\t\t\t<\/a>\n\t\t\t\t<\/div>\n\t\t\t\t\t\t\t\t<\/div>\n\t\t\t\t<\/div>\n\t\t\t\t<div class=\"elementor-element elementor-element-703b162 elementor-widget elementor-widget-text-editor\" data-id=\"703b162\" data-element_type=\"widget\" data-e-type=\"widget\" data-widget_type=\"text-editor.default\">\n\t\t\t\t<div class=\"elementor-widget-container\">\n\t\t\t\t\t\t\t\t\t<h6><b>The school psychologist<\/b><\/h6><p>Some students have difficulty with their schooling: language delay, behavioral problems, academic difficulties... To help them, the school psychologist receives the students. During interviews, he discusses with them, listens to them, advises them and an evaluation is carried out. An authorization duly signed by the family is essential for primary school students. For middle school and high school, students can be heard without prior parental authorization during school hours for specific situations.<br \/>The psychologist can go to the classes to observe children at the request of the teachers without notifying the parents, he collects the impressions of the teachers and the parents. When this analysis phase is complete, the psychologist offers appropriate care: neurologist, speech therapist, psychiatrist, psychologist, etc.<\/p>\t\t\t\t\t\t\t\t<\/div>\n\t\t\t\t<\/div>\n\t\t\t\t<div class=\"elementor-element elementor-element-d5ab897 elementor-mobile-align-center elementor-widget elementor-widget-button\" data-id=\"d5ab897\" data-element_type=\"widget\" data-e-type=\"widget\" data-widget_type=\"button.default\">\n\t\t\t\t<div class=\"elementor-widget-container\">\n\t\t\t\t\t\t\t\t\t<div class=\"elementor-button-wrapper\">\n\t\t\t\t\t<a class=\"elementor-button elementor-button-link elementor-size-sm\" href=\"https:\/\/es.ambafrance.org\/Aide-a-la-scolarisation-des-eleves-en-situation-de-handicap-AESH\" target=\"_blank\" rel=\"noopener\">\n\t\t\t\t\t\t<span class=\"elementor-button-content-wrapper\">\n\t\t\t\t\t\t<span class=\"elementor-button-icon\">\n\t\t\t\t<i aria-hidden=\"true\" class=\"fas fa-external-link-alt\"><\/i>\t\t\t<\/span>\n\t\t\t\t\t\t\t\t\t<span class=\"elementor-button-text\">Support for the education of students with disabilities<\/span>\n\t\t\t\t\t<\/span>\n\t\t\t\t\t<\/a>\n\t\t\t\t<\/div>\n\t\t\t\t\t\t\t\t<\/div>\n\t\t\t\t<\/div>\n\t\t\t\t\t<\/div>\n\t\t\t\t<\/div>\n\t\t\t\t<\/div>","protected":false},"excerpt":{"rendered":"<p>EL\u00c8VES AYANT DES BESOINS \u00c9DUCATIFS SP\u00c9CIFIQUES\u200b Prise en compte des \u00e9l\u00e8ves \u00e0 besoin \u00e9ducatifs particuliers Le droit \u00e0 l&rsquo;\u00e9ducation pour tous les enfants, quel que soit leur profil, leurs difficult\u00e9s, leur handicap, est un droit fondamental. Deux principaux textes de r\u00e9f\u00e9rence sous-tendent l\u2019ambition p\u00e9dagogique pour la r\u00e9ussite de tous les \u00e9l\u00e8ves et des parcours scolaires [&hellip;]<\/p>\n","protected":false},"author":1,"featured_media":354,"parent":36447,"menu_order":0,"comment_status":"closed","ping_status":"closed","template":"","meta":{"footnotes":""},"class_list":["post-41","page","type-page","status-publish","has-post-thumbnail","hentry"],"_links":{"self":[{"href":"https:\/\/lfmalaga.com\/en\/wp-json\/wp\/v2\/pages\/41","targetHints":{"allow":["GET"]}}],"collection":[{"href":"https:\/\/lfmalaga.com\/en\/wp-json\/wp\/v2\/pages"}],"about":[{"href":"https:\/\/lfmalaga.com\/en\/wp-json\/wp\/v2\/types\/page"}],"author":[{"embeddable":true,"href":"https:\/\/lfmalaga.com\/en\/wp-json\/wp\/v2\/users\/1"}],"replies":[{"embeddable":true,"href":"https:\/\/lfmalaga.com\/en\/wp-json\/wp\/v2\/comments?post=41"}],"version-history":[{"count":1,"href":"https:\/\/lfmalaga.com\/en\/wp-json\/wp\/v2\/pages\/41\/revisions"}],"predecessor-version":[{"id":36487,"href":"https:\/\/lfmalaga.com\/en\/wp-json\/wp\/v2\/pages\/41\/revisions\/36487"}],"up":[{"embeddable":true,"href":"https:\/\/lfmalaga.com\/en\/wp-json\/wp\/v2\/pages\/36447"}],"wp:featuredmedia":[{"embeddable":true,"href":"https:\/\/lfmalaga.com\/en\/wp-json\/"}],"wp:attachment":[{"href":"https:\/\/lfmalaga.com\/en\/wp-json\/wp\/v2\/media?parent=41"}],"curies":[{"name":"wp","href":"https:\/\/api.w.org\/{rel}","templated":true}]}}