{"id":51,"date":"2021-03-28T10:59:31","date_gmt":"2021-03-28T10:59:31","guid":{"rendered":"https:\/\/lfmalaga.im-nomade.com\/?page_id=51"},"modified":"2025-01-26T12:17:55","modified_gmt":"2025-01-26T11:17:55","slug":"baccalaureat","status":"publish","type":"page","link":"https:\/\/lfmalaga.com\/en\/diplomes\/baccalaureat\/","title":{"rendered":"Baccalaureate"},"content":{"rendered":"<div data-elementor-type=\"wp-page\" data-elementor-id=\"51\" class=\"elementor elementor-51\" data-elementor-post-type=\"page\">\n\t\t\t\t<div class=\"elementor-element elementor-element-c835d44 e-flex e-con-boxed e-con e-parent\" data-id=\"c835d44\" data-element_type=\"container\" data-e-type=\"container\">\n\t\t\t\t\t<div class=\"e-con-inner\">\n\t\t\t\t<div class=\"elementor-element elementor-element-33c3a3c elementor-widget elementor-widget-heading\" data-id=\"33c3a3c\" data-element_type=\"widget\" data-e-type=\"widget\" data-widget_type=\"heading.default\">\n\t\t\t\t<div class=\"elementor-widget-container\">\n\t\t\t\t\t<h2 class=\"elementor-heading-title elementor-size-large\">Presentation of the general baccalaureate<\/h2>\t\t\t\t<\/div>\n\t\t\t\t<\/div>\n\t\t\t\t<div class=\"elementor-element elementor-element-6f9a6d0 elementor-widget elementor-widget-text-editor\" data-id=\"6f9a6d0\" data-element_type=\"widget\" data-e-type=\"widget\" data-widget_type=\"text-editor.default\">\n\t\t\t\t<div class=\"elementor-widget-container\">\n\t\t\t\t\t\t\t\t\t<p>The general baccalaureate is assessed in two ways:<\/p><ul><li>As part of continuous assessment (40% of the final grade) taking into account the assessment of the student&#039;s results in class during the final cycle for compulsory and optional courses.<\/li><li>Within the framework of the final tests (60% of the final grade) of the first group and, if necessary, of the second group (\u201cremedial orals\u201d or \u201ccontrol tests\u201d).<\/li><\/ul>\t\t\t\t\t\t\t\t<\/div>\n\t\t\t\t<\/div>\n\t\t\t\t\t<\/div>\n\t\t\t\t<\/div>\n\t\t\t\t<section class=\"elementor-section elementor-top-section elementor-element elementor-element-ad6aacc elementor-section-boxed elementor-section-height-default elementor-section-height-default\" data-id=\"ad6aacc\" data-element_type=\"section\" data-e-type=\"section\">\n\t\t\t\t\t\t<div class=\"elementor-container elementor-column-gap-default\">\n\t\t\t\t\t<div class=\"elementor-column elementor-col-100 elementor-top-column elementor-element elementor-element-3a1a54f\" data-id=\"3a1a54f\" data-element_type=\"column\" data-e-type=\"column\">\n\t\t\t<div class=\"elementor-widget-wrap elementor-element-populated\">\n\t\t\t\t\t\t<div class=\"elementor-element elementor-element-a6aebca elementor-widget elementor-widget-text-editor\" data-id=\"a6aebca\" data-element_type=\"widget\" data-e-type=\"widget\" data-widget_type=\"text-editor.default\">\n\t\t\t\t<div class=\"elementor-widget-container\">\n\t\t\t\t\t\t\t\t\t<h6><strong>Continuous monitoring<\/strong><\/h6><p>The 40% of the baccalaureate mark assess the compulsory courses that are not subject to final tests. In addition, the student can add optional courses to complete his course. These options are not subject to final tests. The marks retained for the baccalaureate are then calculated from the results obtained in class during the two years of the final cycle.<\/p><p>School candidates submit their annual averages, established from the quarterly or semester averages of the student in the final cycle, in the courses concerned:<\/p><ul><li>Specialty education followed only in first class<\/li><li>History-geography, scientific education, living language A, living language B and moral and civic education (first and final year classes)<\/li><li>Optional courses: plastic arts, German, theater<\/li><li>In physical education and sports, the grade used for continuous assessment is the average of the grades obtained by the student in the certification assessments provided for in the framework of the in-training assessment (CCF).<\/li><\/ul><p>The table of continuous monitoring coefficients is as follows:<\/p><p><img fetchpriority=\"high\" decoding=\"async\" class=\"aligncenter wp-image-31515 size-full\" src=\"https:\/\/lfmalaga.com\/wp-content\/uploads\/2022\/09\/Capture-decran-2022-09-19-085455.jpg\" alt=\"\" width=\"837\" height=\"520\" srcset=\"https:\/\/lfmalaga.com\/wp-content\/uploads\/2022\/09\/Capture-decran-2022-09-19-085455.jpg 837w, https:\/\/lfmalaga.com\/wp-content\/uploads\/2022\/09\/Capture-decran-2022-09-19-085455-300x186.jpg 300w, https:\/\/lfmalaga.com\/wp-content\/uploads\/2022\/09\/Capture-decran-2022-09-19-085455-768x477.jpg 768w, https:\/\/lfmalaga.com\/wp-content\/uploads\/2022\/09\/Capture-decran-2022-09-19-085455-18x12.jpg 18w\" sizes=\"(max-width: 837px) 100vw, 837px\" \/><\/p>\t\t\t\t\t\t\t\t<\/div>\n\t\t\t\t<\/div>\n\t\t\t\t<div class=\"elementor-element elementor-element-608f022 elementor-widget elementor-widget-text-editor\" data-id=\"608f022\" data-element_type=\"widget\" data-e-type=\"widget\" data-widget_type=\"text-editor.default\">\n\t\t\t\t<div class=\"elementor-widget-container\">\n\t\t\t\t\t\t\t\t\t<p>The assessment project drawn up by the institution specifies the organizational arrangements for this ongoing monitoring. This project is brought to the attention of the student and his family. It specifies in particular the case of situations of absence of the pupil.<\/p>\t\t\t\t\t\t\t\t<\/div>\n\t\t\t\t<\/div>\n\t\t\t\t\t<\/div>\n\t\t<\/div>\n\t\t\t\t\t<\/div>\n\t\t<\/section>\n\t\t\t\t<section class=\"elementor-section elementor-top-section elementor-element elementor-element-be31935 elementor-section-boxed elementor-section-height-default elementor-section-height-default\" data-id=\"be31935\" data-element_type=\"section\" data-e-type=\"section\">\n\t\t\t\t\t\t<div class=\"elementor-container elementor-column-gap-default\">\n\t\t\t\t\t<div class=\"elementor-column elementor-col-100 elementor-top-column elementor-element elementor-element-4a40455\" data-id=\"4a40455\" data-element_type=\"column\" data-e-type=\"column\">\n\t\t\t<div class=\"elementor-widget-wrap elementor-element-populated\">\n\t\t\t\t\t\t<div class=\"elementor-element elementor-element-ef34402 elementor-widget elementor-widget-text-editor\" data-id=\"ef34402\" data-element_type=\"widget\" data-e-type=\"widget\" data-widget_type=\"text-editor.default\">\n\t\t\t\t<div class=\"elementor-widget-container\">\n\t\t\t\t\t\t\t\t\t<h6><strong>The final exams of the first group<\/strong><\/h6><p>The final exams include the exams taken in advance at the end of first year as well as the final exams, taken in terminale.<br \/>The advance tests concern the written and oral French tests for all candidates in the general pathway. The marks awarded for these tests are provisional until the deliberation of the jury which meets the following year as part of the examination session.<\/p><p>Terminal finals include:<\/p><ul><li>The two specialty tests<\/li><li>The philosophy test<\/li><li>The final oral exam, known as the \u201cGrand Oral\u201d<\/li><\/ul><p>For courses assessed by final examination, the mark used in the baccalaureate is made up of the mark obtained in this test.<br \/>The distribution table of the coefficients of the final tests is as follows:<\/p><p><img decoding=\"async\" src=\"https:\/\/lfmalaga.com\/wp-content\/uploads\/2022\/09\/Capture-decran-2022-09-19-085915.jpg\" alt=\"\" width=\"840\" height=\"240\" \/><\/p>\t\t\t\t\t\t\t\t<\/div>\n\t\t\t\t<\/div>\n\t\t\t\t<div class=\"elementor-element elementor-element-4754da4 elementor-widget elementor-widget-text-editor\" data-id=\"4754da4\" data-element_type=\"widget\" data-e-type=\"widget\" data-widget_type=\"text-editor.default\">\n\t\t\t\t<div class=\"elementor-widget-container\">\n\t\t\t\t\t\t\t\t\t<p>At the end of the first group tests, if the candidate has obtained an average mark of less than 8\/20, he is failed; if he has obtained an average mark of 10\/20 or more, he is declared definitively admitted; if he has obtained an average mark of at least 8\/20 and less than 10\/20, he is authorized to take the oral tests of the second group.<\/p>\t\t\t\t\t\t\t\t<\/div>\n\t\t\t\t<\/div>\n\t\t\t\t\t<\/div>\n\t\t<\/div>\n\t\t\t\t\t<\/div>\n\t\t<\/section>\n\t\t\t\t<\/div>","protected":false},"excerpt":{"rendered":"<p>Pr\u00e9sentation du baccalaur\u00e9at g\u00e9n\u00e9ral Le baccalaur\u00e9at g\u00e9n\u00e9ral est \u00e9valu\u00e9 selon deux modalit\u00e9s\u00a0: Dans le cadre du contr\u00f4le continu (40% de la note finale) prenant en compte l&rsquo;\u00e9valuation des r\u00e9sultats de l&rsquo;\u00e9l\u00e8ve en classe durant le cycle terminal pour les enseignements obligatoires et les enseignements optionnels. Dans le cadre des \u00e9preuves terminales (60% de la note [&hellip;]<\/p>\n","protected":false},"author":1,"featured_media":365,"parent":49,"menu_order":0,"comment_status":"closed","ping_status":"closed","template":"","meta":{"footnotes":""},"class_list":["post-51","page","type-page","status-publish","has-post-thumbnail","hentry"],"_links":{"self":[{"href":"https:\/\/lfmalaga.com\/en\/wp-json\/wp\/v2\/pages\/51","targetHints":{"allow":["GET"]}}],"collection":[{"href":"https:\/\/lfmalaga.com\/en\/wp-json\/wp\/v2\/pages"}],"about":[{"href":"https:\/\/lfmalaga.com\/en\/wp-json\/wp\/v2\/types\/page"}],"author":[{"embeddable":true,"href":"https:\/\/lfmalaga.com\/en\/wp-json\/wp\/v2\/users\/1"}],"replies":[{"embeddable":true,"href":"https:\/\/lfmalaga.com\/en\/wp-json\/wp\/v2\/comments?post=51"}],"version-history":[{"count":2,"href":"https:\/\/lfmalaga.com\/en\/wp-json\/wp\/v2\/pages\/51\/revisions"}],"predecessor-version":[{"id":33493,"href":"https:\/\/lfmalaga.com\/en\/wp-json\/wp\/v2\/pages\/51\/revisions\/33493"}],"up":[{"embeddable":true,"href":"https:\/\/lfmalaga.com\/en\/wp-json\/wp\/v2\/pages\/49"}],"wp:featuredmedia":[{"embeddable":true,"href":"https:\/\/lfmalaga.com\/en\/wp-json\/"}],"wp:attachment":[{"href":"https:\/\/lfmalaga.com\/en\/wp-json\/wp\/v2\/media?parent=51"}],"curies":[{"name":"wp","href":"https:\/\/api.w.org\/{rel}","templated":true}]}}