{"id":59,"date":"2021-03-28T11:00:44","date_gmt":"2021-03-28T09:00:44","guid":{"rendered":"https:\/\/lfmalaga.im-nomade.com\/?page_id=59"},"modified":"2022-03-01T11:06:45","modified_gmt":"2022-03-01T10:06:45","slug":"mesures-covid-19","status":"publish","type":"page","link":"https:\/\/lfmalaga.com\/en\/vie-scolaire\/mesures-covid-19\/","title":{"rendered":"Covid-19 measures"},"content":{"rendered":"<div data-elementor-type=\"wp-page\" data-elementor-id=\"59\" class=\"elementor elementor-59\" data-elementor-post-type=\"page\">\n\t\t\t\t\t\t<section class=\"elementor-section elementor-top-section elementor-element elementor-element-1a07ce7b elementor-section-content-top elementor-section-boxed elementor-section-height-default elementor-section-height-default\" data-id=\"1a07ce7b\" data-element_type=\"section\" data-e-type=\"section\">\n\t\t\t\t\t\t<div class=\"elementor-container elementor-column-gap-default\">\n\t\t\t\t\t<div class=\"elementor-column elementor-col-100 elementor-top-column elementor-element elementor-element-4fad4b64\" data-id=\"4fad4b64\" data-element_type=\"column\" data-e-type=\"column\">\n\t\t\t<div class=\"elementor-widget-wrap elementor-element-populated\">\n\t\t\t\t\t\t<div class=\"elementor-element elementor-element-f47a2ab elementor-widget elementor-widget-text-editor\" data-id=\"f47a2ab\" data-element_type=\"widget\" data-e-type=\"widget\" data-widget_type=\"text-editor.default\">\n\t\t\t\t<div class=\"elementor-widget-container\">\n\t\t\t\t\t\t\t\t\t<p><strong>People (staff or students) showing symptoms of COVID or in quarantine for<\/strong><br \/><strong>cause of proven COVID, suspicion of COVID or because having been in contact with a carrier<\/strong><br \/><strong>of COVID-19 cannot access LFI Malaga.<\/strong><br \/><strong>For vaccinated persons, contact cases, there is no need for isolation if the test is negative.<\/strong><\/p>\t\t\t\t\t\t\t\t<\/div>\n\t\t\t\t<\/div>\n\t\t\t\t<section class=\"elementor-section elementor-inner-section elementor-element elementor-element-77b7313 elementor-section-boxed elementor-section-height-default elementor-section-height-default\" data-id=\"77b7313\" data-element_type=\"section\" data-e-type=\"section\">\n\t\t\t\t\t\t<div class=\"elementor-container elementor-column-gap-default\">\n\t\t\t\t\t<div class=\"elementor-column elementor-col-50 elementor-inner-column elementor-element elementor-element-780a289\" data-id=\"780a289\" data-element_type=\"column\" data-e-type=\"column\">\n\t\t\t<div class=\"elementor-widget-wrap elementor-element-populated\">\n\t\t\t\t\t\t<div class=\"elementor-element elementor-element-87ea207 elementor-widget elementor-widget-text-editor\" data-id=\"87ea207\" data-element_type=\"widget\" data-e-type=\"widget\" data-widget_type=\"text-editor.default\">\n\t\t\t\t<div class=\"elementor-widget-container\">\n\t\t\t\t\t\t\t\t\t<p><strong><span dir=\"ltr\" role=\"presentation\">COVID-19 Committee<\/span><\/strong><\/p><ul><li><span dir=\"ltr\" role=\"presentation\">Person in charge: Head of establishment \u2013 Mr. Patrice OUTIN<\/span><\/li><li><span dir=\"ltr\" role=\"presentation\">School doctor: Mr Paco LORENZO<\/span><\/li><li><span dir=\"ltr\" role=\"presentation\">Health center representative: Mrs. Cristina RAMOS ROMERO<\/span><\/li><li><span dir=\"ltr\" role=\"presentation\">Direct<\/span><span dir=\"ltr\" role=\"presentation\">eur<\/span> <span dir=\"ltr\" role=\"presentation\">Administrator<\/span><span dir=\"ltr\" role=\"presentation\">f<\/span> <span dir=\"ltr\" role=\"presentation\">and financed<\/span><span dir=\"ltr\" role=\"presentation\">er<\/span> <span dir=\"ltr\" role=\"presentation\">: Mr. S\u00e9bastien FAYNOT<\/span><\/li><li><span dir=\"ltr\" role=\"presentation\">Primary Director: Mrs. Barbara SANCHEZ<\/span><\/li><li><span dir=\"ltr\" role=\"presentation\">Deputy Principal: Mr. Paul PERAMO<\/span><\/li><li><span dir=\"ltr\" role=\"presentation\">Principal Education Advisor: Mr. Olivier PAGES<\/span><\/li><li><span dir=\"ltr\" role=\"presentation\">The Technical Director of Spanish Studies: Mr Daniel CABRERA<\/span><\/li><li><span dir=\"ltr\" role=\"presentation\">1 representative of secondary school teachers: Mr Alain ROUVERAND<\/span><\/li><li><span dir=\"ltr\" role=\"presentation\">1 representative of nursery\/elementary school teachers: Ms. Elena MATA<\/span><\/li><li><span dir=\"ltr\" role=\"presentation\">1 representative of administrative and service staff: Ms. Yolande ALES<\/span><\/li><li><span dir=\"ltr\" role=\"presentation\">1 parent representative: Mr DE TORRES or Mr Manuel GALLARDO SALAZAR<\/span><\/li><li><span dir=\"ltr\" role=\"presentation\">1 student representative; CV Vice President<\/span><\/li><\/ul>\t\t\t\t\t\t\t\t<\/div>\n\t\t\t\t<\/div>\n\t\t\t\t\t<\/div>\n\t\t<\/div>\n\t\t\t\t<div class=\"elementor-column elementor-col-50 elementor-inner-column elementor-element elementor-element-93776c9\" data-id=\"93776c9\" data-element_type=\"column\" data-e-type=\"column\">\n\t\t\t<div class=\"elementor-widget-wrap elementor-element-populated\">\n\t\t\t\t\t\t<div class=\"elementor-element elementor-element-57d6996 elementor-widget elementor-widget-text-editor\" data-id=\"57d6996\" data-element_type=\"widget\" data-e-type=\"widget\" data-widget_type=\"text-editor.default\">\n\t\t\t\t<div class=\"elementor-widget-container\">\n\t\t\t\t\t\t\t\t\t<p><span dir=\"ltr\" role=\"presentation\">This commission will be in charge of updating the protocol according to the evolution of health conditions.<\/span><br role=\"presentation\" \/><span dir=\"ltr\" role=\"presentation\">Meetings may be held face-to-face or by videoconference.<\/span><\/p><p><span dir=\"ltr\" role=\"presentation\">What is maintained:<\/span><\/p><ul><li><span dir=\"ltr\" role=\"presentation\">Installation of clear signage and floor markings to regulate the flow of students<\/span><\/li><li><span dir=\"ltr\" role=\"presentation\">Installation of hydroalcoholic gel dispensers at the entrances to LFI Malaga<\/span><\/li><li><span dir=\"ltr\" role=\"presentation\">Trigger Cell Faucets<\/span><\/li><li><span dir=\"ltr\" role=\"presentation\">Purchase of gel, masks for teachers (2 masks per day)<\/span><\/li><li><span dir=\"ltr\" role=\"presentation\">Provision of disinfection product in each class<\/span><\/li><li><span dir=\"ltr\" role=\"presentation\">Purchase of gel, masks for staff<\/span><\/li><li><span dir=\"ltr\" role=\"presentation\">In order to stagger outing times, modification of the times of the midday lunch break for the<\/span><br role=\"presentation\" \/><span dir=\"ltr\" role=\"presentation\">primary: class will resume at 1:45 p.m. and end at 4:15 p.m.<\/span><\/li><li><span dir=\"ltr\" role=\"presentation\">In order to make student exits more fluid, secondary schools will be authorized to exit via Cueva de la Pileta street in<\/span><br role=\"presentation\" \/><span dir=\"ltr\" role=\"presentation\">4:30 p.m.<\/span><\/li><\/ul>\t\t\t\t\t\t\t\t<\/div>\n\t\t\t\t<\/div>\n\t\t\t\t\t<\/div>\n\t\t<\/div>\n\t\t\t\t\t<\/div>\n\t\t<\/section>\n\t\t\t\t<div class=\"elementor-element elementor-element-7811c85 elementor-widget elementor-widget-button\" data-id=\"7811c85\" data-element_type=\"widget\" data-e-type=\"widget\" data-widget_type=\"button.default\">\n\t\t\t\t<div class=\"elementor-widget-container\">\n\t\t\t\t\t\t\t\t\t<div class=\"elementor-button-wrapper\">\n\t\t\t\t\t<a class=\"elementor-button elementor-button-link elementor-size-sm\" href=\"https:\/\/lfmalaga.com\/wp-content\/uploads\/2022\/03\/Microsoft-Word-211019-Protocole-NOVEMBRE-2021-protocole-sanitaire-novembre-21.pdf\">\n\t\t\t\t\t\t<span class=\"elementor-button-content-wrapper\">\n\t\t\t\t\t\t\t\t\t<span class=\"elementor-button-text\">Read the document<\/span>\n\t\t\t\t\t<\/span>\n\t\t\t\t\t<\/a>\n\t\t\t\t<\/div>\n\t\t\t\t\t\t\t\t<\/div>\n\t\t\t\t<\/div>\n\t\t\t\t<div class=\"elementor-element elementor-element-40359e5 elementor-widget elementor-widget-heading\" data-id=\"40359e5\" data-element_type=\"widget\" data-e-type=\"widget\" data-widget_type=\"heading.default\">\n\t\t\t\t<div class=\"elementor-widget-container\">\n\t\t\t\t\t<h2 class=\"elementor-heading-title elementor-size-default\">We take care of your children<\/h2>\t\t\t\t<\/div>\n\t\t\t\t<\/div>\n\t\t\t\t<div class=\"elementor-element elementor-element-14ed6217 elementor-widget-divider--view-line elementor-widget elementor-widget-divider\" data-id=\"14ed6217\" data-element_type=\"widget\" data-e-type=\"widget\" data-widget_type=\"divider.default\">\n\t\t\t\t<div class=\"elementor-widget-container\">\n\t\t\t\t\t\t\t<div class=\"elementor-divider\">\n\t\t\t<span class=\"elementor-divider-separator\">\n\t\t\t\t\t\t<\/span>\n\t\t<\/div>\n\t\t\t\t\t\t<\/div>\n\t\t\t\t<\/div>\n\t\t\t\t<section class=\"elementor-section elementor-inner-section elementor-element elementor-element-bc1c625 elementor-section-boxed elementor-section-height-default elementor-section-height-default\" data-id=\"bc1c625\" data-element_type=\"section\" data-e-type=\"section\">\n\t\t\t\t\t\t<div class=\"elementor-container elementor-column-gap-default\">\n\t\t\t\t\t<div class=\"elementor-column elementor-col-50 elementor-inner-column elementor-element elementor-element-800ff09\" data-id=\"800ff09\" data-element_type=\"column\" data-e-type=\"column\">\n\t\t\t<div class=\"elementor-widget-wrap elementor-element-populated\">\n\t\t\t\t\t\t<div class=\"elementor-element elementor-element-b58026e elementor-widget elementor-widget-video\" data-id=\"b58026e\" data-element_type=\"widget\" data-e-type=\"widget\" data-settings=\"{&quot;video_type&quot;:&quot;hosted&quot;,&quot;controls&quot;:&quot;yes&quot;}\" data-widget_type=\"video.default\">\n\t\t\t\t<div class=\"elementor-widget-container\">\n\t\t\t\t\t\t\t<div class=\"e-hosted-video elementor-wrapper elementor-open-inline\">\n\t\t\t\t\t<video class=\"elementor-video\" src=\"https:\/\/lfmalaga.im-nomade.com\/wp-content\/uploads\/2021\/06\/118864872_408403020127611_31419013256770362_n.mp4\" controls=\"\" preload=\"metadata\" controlslist=\"nodownload\"><\/video>\n\t\t\t\t<\/div>\n\t\t\t\t\t\t<\/div>\n\t\t\t\t<\/div>\n\t\t\t\t\t<\/div>\n\t\t<\/div>\n\t\t\t\t<div class=\"elementor-column elementor-col-50 elementor-inner-column elementor-element elementor-element-982cfdd\" data-id=\"982cfdd\" data-element_type=\"column\" data-e-type=\"column\">\n\t\t\t<div class=\"elementor-widget-wrap elementor-element-populated\">\n\t\t\t\t\t\t<div class=\"elementor-element elementor-element-757df13 elementor-widget elementor-widget-video\" data-id=\"757df13\" data-element_type=\"widget\" data-e-type=\"widget\" data-settings=\"{&quot;video_type&quot;:&quot;hosted&quot;,&quot;controls&quot;:&quot;yes&quot;}\" data-widget_type=\"video.default\">\n\t\t\t\t<div class=\"elementor-widget-container\">\n\t\t\t\t\t\t\t<div class=\"e-hosted-video elementor-wrapper elementor-open-inline\">\n\t\t\t\t\t<video class=\"elementor-video\" src=\"https:\/\/lfmalaga.im-nomade.com\/wp-content\/uploads\/2021\/06\/85769545_2449065635199429_3002568880234168320_n-1.mp4\" controls=\"\" preload=\"metadata\" controlslist=\"nodownload\"><\/video>\n\t\t\t\t<\/div>\n\t\t\t\t\t\t<\/div>\n\t\t\t\t<\/div>\n\t\t\t\t\t<\/div>\n\t\t<\/div>\n\t\t\t\t\t<\/div>\n\t\t<\/section>\n\t\t\t\t\t<\/div>\n\t\t<\/div>\n\t\t\t\t\t<\/div>\n\t\t<\/section>\n\t\t\t\t<\/div>","protected":false},"excerpt":{"rendered":"<p>Les personnes (personnels ou \u00e9l\u00e8ves) pr\u00e9sentant des sympt\u00f4mes de COVID ou en quarantaine pourcause de COVID av\u00e9r\u00e9 , de suspicion de COVID ou car ayant \u00e9t\u00e9 en contact avec une personne porteusedu COVID-19 ne peuvent acc\u00e9der au LFI Malaga.Pour les personnes vaccin\u00e9es, cas contact, il n\u2019y a pas de n\u00e9cessit\u00e9 d\u2019isolement si le test est [&hellip;]<\/p>\n","protected":false},"author":1,"featured_media":365,"parent":29325,"menu_order":0,"comment_status":"closed","ping_status":"closed","template":"","meta":{"footnotes":""},"class_list":["post-59","page","type-page","status-publish","has-post-thumbnail","hentry"],"_links":{"self":[{"href":"https:\/\/lfmalaga.com\/en\/wp-json\/wp\/v2\/pages\/59","targetHints":{"allow":["GET"]}}],"collection":[{"href":"https:\/\/lfmalaga.com\/en\/wp-json\/wp\/v2\/pages"}],"about":[{"href":"https:\/\/lfmalaga.com\/en\/wp-json\/wp\/v2\/types\/page"}],"author":[{"embeddable":true,"href":"https:\/\/lfmalaga.com\/en\/wp-json\/wp\/v2\/users\/1"}],"replies":[{"embeddable":true,"href":"https:\/\/lfmalaga.com\/en\/wp-json\/wp\/v2\/comments?post=59"}],"version-history":[{"count":0,"href":"https:\/\/lfmalaga.com\/en\/wp-json\/wp\/v2\/pages\/59\/revisions"}],"up":[{"embeddable":true,"href":"https:\/\/lfmalaga.com\/en\/wp-json\/wp\/v2\/pages\/29325"}],"wp:featuredmedia":[{"embeddable":true,"href":"https:\/\/lfmalaga.com\/en\/wp-json\/"}],"wp:attachment":[{"href":"https:\/\/lfmalaga.com\/en\/wp-json\/wp\/v2\/media?parent=59"}],"curies":[{"name":"wp","href":"https:\/\/api.w.org\/{rel}","templated":true}]}}