{"id":63,"date":"2021-03-28T11:01:28","date_gmt":"2021-03-28T09:01:28","guid":{"rendered":"https:\/\/lfmalaga.im-nomade.com\/?page_id=63"},"modified":"2026-03-04T10:07:05","modified_gmt":"2026-03-04T09:07:05","slug":"restauration-scolaire","status":"publish","type":"page","link":"https:\/\/lfmalaga.com\/en\/vie-scolaire\/restauration-scolaire\/","title":{"rendered":"School catering"},"content":{"rendered":"<div data-elementor-type=\"wp-page\" data-elementor-id=\"63\" class=\"elementor elementor-63\" data-elementor-post-type=\"page\">\n\t\t\t\t\t\t<section class=\"elementor-section elementor-top-section elementor-element elementor-element-1652380b elementor-section-boxed elementor-section-height-default elementor-section-height-default\" data-id=\"1652380b\" data-element_type=\"section\" data-e-type=\"section\">\n\t\t\t\t\t\t<div class=\"elementor-container elementor-column-gap-default\">\n\t\t\t\t\t<div class=\"elementor-column elementor-col-100 elementor-top-column elementor-element elementor-element-7bd6f82f\" data-id=\"7bd6f82f\" data-element_type=\"column\" data-e-type=\"column\">\n\t\t\t<div class=\"elementor-widget-wrap elementor-element-populated\">\n\t\t\t\t\t\t<div class=\"elementor-element elementor-element-363f524c elementor-widget elementor-widget-heading\" data-id=\"363f524c\" data-element_type=\"widget\" data-e-type=\"widget\" data-widget_type=\"heading.default\">\n\t\t\t\t<div class=\"elementor-widget-container\">\n\t\t\t\t\t<h2 class=\"elementor-heading-title elementor-size-default\">School catering\n<\/h2>\t\t\t\t<\/div>\n\t\t\t\t<\/div>\n\t\t\t\t<div class=\"elementor-element elementor-element-4ad85484 elementor-widget elementor-widget-text-editor\" data-id=\"4ad85484\" data-element_type=\"widget\" data-e-type=\"widget\" data-widget_type=\"text-editor.default\">\n\t\t\t\t<div class=\"elementor-widget-container\">\n\t\t\t\t\t\t\t\t\t<p>At the Lyc\u00e9e fran\u00e7ais International de Malaga, we offer a school catering service from the \"Petite Section\" to the \"Terminale\".<\/p><p>Every day, nearly 600 meals are prepared on site, in the kitchens of our establishment. We offer a cuisine that combines French cuisine and Spanish cuisine by favoring the purchase of local products and, when possible, organic products. Our cuisine is also based on extra virgin olive oil. <span style=\"color: var( --e-global-color-d9c29ee ); font-family: var( --e-global-typography-text-font-family ), Sans-serif; font-size: var( --e-global-typography-text-font-size ); font-weight: var( --e-global-typography-text-font-weight );\">We offer a vegetarian menu every week and further reinforce our commitment to healthy eating by offering wholemeal bread 3 times a week.\u00a0<\/span><span style=\"color: var( --e-global-color-d9c29ee ); font-family: var( --e-global-typography-text-font-family ), Sans-serif; font-size: var( --e-global-typography-text-font-size ); font-weight: var( --e-global-typography-text-font-weight );\">Through the meals offered, we also open our students up to multi-culturalism since we offer them the opportunity to discover, once a month, the gastronomy of another country (China, India, West Indies, etc.)<\/span><\/p><p>In addition, we can adapt meals for students with allergies, intolerances (except celiacs) or with specific diets (no pork, no meat).<\/p>\t\t\t\t\t\t\t\t<\/div>\n\t\t\t\t<\/div>\n\t\t\t\t<div class=\"elementor-element elementor-element-9a8213c elementor-widget elementor-widget-button\" data-id=\"9a8213c\" data-element_type=\"widget\" data-e-type=\"widget\" data-widget_type=\"button.default\">\n\t\t\t\t<div class=\"elementor-widget-container\">\n\t\t\t\t\t\t\t\t\t<div class=\"elementor-button-wrapper\">\n\t\t\t\t\t<a class=\"elementor-button elementor-button-link elementor-size-sm\" href=\"https:\/\/lfmalaga.com\/wp-content\/uploads\/2026\/03\/Menu-FR-Mars-Mai-2026-Techn.Allerg.-.pdf\" target=\"_blank\">\n\t\t\t\t\t\t<span class=\"elementor-button-content-wrapper\">\n\t\t\t\t\t\t\t\t\t<span class=\"elementor-button-text\">Menus from March 9, 2026 to May 8, 2026<\/span>\n\t\t\t\t\t<\/span>\n\t\t\t\t\t<\/a>\n\t\t\t\t<\/div>\n\t\t\t\t\t\t\t\t<\/div>\n\t\t\t\t<\/div>\n\t\t\t\t<div class=\"elementor-element elementor-element-66c3dc8 elementor-widget elementor-widget-button\" data-id=\"66c3dc8\" data-element_type=\"widget\" data-e-type=\"widget\" data-widget_type=\"button.default\">\n\t\t\t\t<div class=\"elementor-widget-container\">\n\t\t\t\t\t\t\t\t\t<div class=\"elementor-button-wrapper\">\n\t\t\t\t\t<a class=\"elementor-button elementor-button-link elementor-size-sm\" href=\"https:\/\/lfmalaga.com\/wp-content\/uploads\/2025\/12\/Menu-FR-Janv.-Mars-2026-Techn.Allerg.pdf\" target=\"_blank\">\n\t\t\t\t\t\t<span class=\"elementor-button-content-wrapper\">\n\t\t\t\t\t\t\t\t\t<span class=\"elementor-button-text\">Menus from January 12, 2026 to March 6, 2026<\/span>\n\t\t\t\t\t<\/span>\n\t\t\t\t\t<\/a>\n\t\t\t\t<\/div>\n\t\t\t\t\t\t\t\t<\/div>\n\t\t\t\t<\/div>\n\t\t\t\t<div class=\"elementor-element elementor-element-86fd65f elementor-widget elementor-widget-spacer\" data-id=\"86fd65f\" data-element_type=\"widget\" data-e-type=\"widget\" data-widget_type=\"spacer.default\">\n\t\t\t\t<div class=\"elementor-widget-container\">\n\t\t\t\t\t\t\t<div class=\"elementor-spacer\">\n\t\t\t<div class=\"elementor-spacer-inner\"><\/div>\n\t\t<\/div>\n\t\t\t\t\t\t<\/div>\n\t\t\t\t<\/div>\n\t\t\t\t<div class=\"elementor-element elementor-element-b65ef69 elementor-widget elementor-widget-heading\" data-id=\"b65ef69\" data-element_type=\"widget\" data-e-type=\"widget\" data-widget_type=\"heading.default\">\n\t\t\t\t<div class=\"elementor-widget-container\">\n\t\t\t\t\t<h4 class=\"elementor-heading-title elementor-size-default\">The thermo<\/h4>\t\t\t\t<\/div>\n\t\t\t\t<\/div>\n\t\t\t\t<div class=\"elementor-element elementor-element-1d0b01d elementor-widget elementor-widget-text-editor\" data-id=\"1d0b01d\" data-element_type=\"widget\" data-e-type=\"widget\" data-widget_type=\"text-editor.default\">\n\t\t\t\t<div class=\"elementor-widget-container\">\n\t\t\t\t\t\t\t\t\t<p>From \"6\u00e8me\" grade, our students can benefit from the \u201cThermo\u201d service. Families provide meals, drinks, cutlery and we provide supervisory staff and a room where students can have lunch.<\/p>\t\t\t\t\t\t\t\t<\/div>\n\t\t\t\t<\/div>\n\t\t\t\t\t<\/div>\n\t\t<\/div>\n\t\t\t\t\t<\/div>\n\t\t<\/section>\n\t\t<div class=\"elementor-element elementor-element-de62658 e-flex e-con-boxed e-con e-parent\" data-id=\"de62658\" data-element_type=\"container\" data-e-type=\"container\">\n\t\t\t\t\t<div class=\"e-con-inner\">\n\t\t<div class=\"elementor-element elementor-element-1dd1391 e-flex e-con-boxed e-con e-child\" data-id=\"1dd1391\" data-element_type=\"container\" data-e-type=\"container\">\n\t\t\t\t\t<div class=\"e-con-inner\">\n\t\t\t\t<div class=\"elementor-element elementor-element-576cbf4 elementor-widget elementor-widget-image\" data-id=\"576cbf4\" data-element_type=\"widget\" data-e-type=\"widget\" data-widget_type=\"image.default\">\n\t\t\t\t<div class=\"elementor-widget-container\">\n\t\t\t\t\t\t\t\t\t\t\t\t\t\t\t\t<a href=\"https:\/\/lfmalaga.com\/wp-content\/uploads\/2022\/04\/Vanessa-et-Jeremy-346.jpg\" data-elementor-open-lightbox=\"yes\" data-e-action-hash=\"#elementor-action%3Aaction%3Dlightbox%26settings%3DeyJpZCI6MzA1OTYsInVybCI6Imh0dHBzOlwvXC9sZm1hbGFnYS5jb21cL3dwLWNvbnRlbnRcL3VwbG9hZHNcLzIwMjJcLzA0XC9WYW5lc3NhLWV0LUplcmVteS0zNDYuanBnIn0%3D\">\n\t\t\t\t\t\t\t<img fetchpriority=\"high\" decoding=\"async\" width=\"683\" height=\"1024\" src=\"https:\/\/lfmalaga.com\/wp-content\/uploads\/2022\/04\/Vanessa-et-Jeremy-346-683x1024.jpg\" class=\"attachment-large size-large wp-image-30596\" alt=\"\" srcset=\"https:\/\/lfmalaga.com\/wp-content\/uploads\/2022\/04\/Vanessa-et-Jeremy-346-683x1024.jpg 683w, https:\/\/lfmalaga.com\/wp-content\/uploads\/2022\/04\/Vanessa-et-Jeremy-346-200x300.jpg 200w, https:\/\/lfmalaga.com\/wp-content\/uploads\/2022\/04\/Vanessa-et-Jeremy-346-768x1152.jpg 768w, https:\/\/lfmalaga.com\/wp-content\/uploads\/2022\/04\/Vanessa-et-Jeremy-346-1024x1536.jpg 1024w, https:\/\/lfmalaga.com\/wp-content\/uploads\/2022\/04\/Vanessa-et-Jeremy-346-1365x2048.jpg 1365w, https:\/\/lfmalaga.com\/wp-content\/uploads\/2022\/04\/Vanessa-et-Jeremy-346-8x12.jpg 8w, https:\/\/lfmalaga.com\/wp-content\/uploads\/2022\/04\/Vanessa-et-Jeremy-346.jpg 1500w\" sizes=\"(max-width: 683px) 100vw, 683px\" \/>\t\t\t\t\t\t\t\t<\/a>\n\t\t\t\t\t\t\t\t\t\t\t\t\t\t\t<\/div>\n\t\t\t\t<\/div>\n\t\t\t\t\t<\/div>\n\t\t\t\t<\/div>\n\t\t<div class=\"elementor-element elementor-element-80fa208 e-flex e-con-boxed e-con e-child\" data-id=\"80fa208\" data-element_type=\"container\" data-e-type=\"container\">\n\t\t\t\t\t<div class=\"e-con-inner\">\n\t\t\t\t<div class=\"elementor-element elementor-element-3ed0c3f elementor-widget elementor-widget-image\" data-id=\"3ed0c3f\" data-element_type=\"widget\" data-e-type=\"widget\" data-widget_type=\"image.default\">\n\t\t\t\t<div class=\"elementor-widget-container\">\n\t\t\t\t\t\t\t\t\t\t\t\t\t\t\t\t<a href=\"https:\/\/lfmalaga.com\/wp-content\/uploads\/2022\/04\/Vanessa-et-Jeremy-347.jpg\" data-elementor-open-lightbox=\"yes\" data-e-action-hash=\"#elementor-action%3Aaction%3Dlightbox%26settings%3DeyJpZCI6MzA1OTcsInVybCI6Imh0dHBzOlwvXC9sZm1hbGFnYS5jb21cL3dwLWNvbnRlbnRcL3VwbG9hZHNcLzIwMjJcLzA0XC9WYW5lc3NhLWV0LUplcmVteS0zNDcuanBnIn0%3D\">\n\t\t\t\t\t\t\t<img decoding=\"async\" width=\"683\" height=\"1024\" src=\"https:\/\/lfmalaga.com\/wp-content\/uploads\/2022\/04\/Vanessa-et-Jeremy-347-683x1024.jpg\" class=\"attachment-large size-large wp-image-30597\" alt=\"\" srcset=\"https:\/\/lfmalaga.com\/wp-content\/uploads\/2022\/04\/Vanessa-et-Jeremy-347-683x1024.jpg 683w, https:\/\/lfmalaga.com\/wp-content\/uploads\/2022\/04\/Vanessa-et-Jeremy-347-200x300.jpg 200w, https:\/\/lfmalaga.com\/wp-content\/uploads\/2022\/04\/Vanessa-et-Jeremy-347-768x1152.jpg 768w, https:\/\/lfmalaga.com\/wp-content\/uploads\/2022\/04\/Vanessa-et-Jeremy-347-1024x1536.jpg 1024w, https:\/\/lfmalaga.com\/wp-content\/uploads\/2022\/04\/Vanessa-et-Jeremy-347-1365x2048.jpg 1365w, https:\/\/lfmalaga.com\/wp-content\/uploads\/2022\/04\/Vanessa-et-Jeremy-347-8x12.jpg 8w, https:\/\/lfmalaga.com\/wp-content\/uploads\/2022\/04\/Vanessa-et-Jeremy-347.jpg 1500w\" sizes=\"(max-width: 683px) 100vw, 683px\" \/>\t\t\t\t\t\t\t\t<\/a>\n\t\t\t\t\t\t\t\t\t\t\t\t\t\t\t<\/div>\n\t\t\t\t<\/div>\n\t\t\t\t\t<\/div>\n\t\t\t\t<\/div>\n\t\t\t\t\t<\/div>\n\t\t\t\t<\/div>\n\t\t\t\t<\/div>","protected":false},"excerpt":{"rendered":"<p>La restauration scolaire Au Lyc\u00e9e fran\u00e7ais International de Malaga, nous proposons un service de restauration scolaire de la Petite Section \u00e0 la Terminale. Chaque jour, pr\u00e8s de 600 repas sont pr\u00e9par\u00e9s sur place, dans les cuisines de notre \u00e9tablissement. Nous offrons une cuisine qui associe la cuisine fran\u00e7aise et la cuisine espagnole en privil\u00e9giant l\u2019achat [&hellip;]<\/p>\n","protected":false},"author":1,"featured_media":365,"parent":29325,"menu_order":0,"comment_status":"closed","ping_status":"closed","template":"","meta":{"footnotes":""},"class_list":["post-63","page","type-page","status-publish","has-post-thumbnail","hentry"],"_links":{"self":[{"href":"https:\/\/lfmalaga.com\/en\/wp-json\/wp\/v2\/pages\/63","targetHints":{"allow":["GET"]}}],"collection":[{"href":"https:\/\/lfmalaga.com\/en\/wp-json\/wp\/v2\/pages"}],"about":[{"href":"https:\/\/lfmalaga.com\/en\/wp-json\/wp\/v2\/types\/page"}],"author":[{"embeddable":true,"href":"https:\/\/lfmalaga.com\/en\/wp-json\/wp\/v2\/users\/1"}],"replies":[{"embeddable":true,"href":"https:\/\/lfmalaga.com\/en\/wp-json\/wp\/v2\/comments?post=63"}],"version-history":[{"count":72,"href":"https:\/\/lfmalaga.com\/en\/wp-json\/wp\/v2\/pages\/63\/revisions"}],"predecessor-version":[{"id":36496,"href":"https:\/\/lfmalaga.com\/en\/wp-json\/wp\/v2\/pages\/63\/revisions\/36496"}],"up":[{"embeddable":true,"href":"https:\/\/lfmalaga.com\/en\/wp-json\/wp\/v2\/pages\/29325"}],"wp:featuredmedia":[{"embeddable":true,"href":"https:\/\/lfmalaga.com\/en\/wp-json\/"}],"wp:attachment":[{"href":"https:\/\/lfmalaga.com\/en\/wp-json\/wp\/v2\/media?parent=63"}],"curies":[{"name":"wp","href":"https:\/\/api.w.org\/{rel}","templated":true}]}}