{"id":90,"date":"2021-03-28T11:09:50","date_gmt":"2021-03-28T09:09:50","guid":{"rendered":"https:\/\/lfmalaga.im-nomade.com\/?page_id=90"},"modified":"2026-03-06T16:20:03","modified_gmt":"2026-03-06T15:20:03","slug":"calendrier","status":"publish","type":"page","link":"https:\/\/lfmalaga.com\/en\/formalites\/calendrier\/","title":{"rendered":"Calendar"},"content":{"rendered":"<div data-elementor-type=\"wp-page\" data-elementor-id=\"90\" class=\"elementor elementor-90\" data-elementor-post-type=\"page\">\n\t\t\t\t\t\t<section class=\"elementor-section elementor-top-section elementor-element elementor-element-1b9051f5 elementor-section-full_width elementor-section-content-middle elementor-section-height-default elementor-section-height-default\" data-id=\"1b9051f5\" data-element_type=\"section\" data-e-type=\"section\">\n\t\t\t\t\t\t<div class=\"elementor-container elementor-column-gap-no\">\n\t\t\t\t\t<div class=\"elementor-column elementor-col-100 elementor-top-column elementor-element elementor-element-2a3074ac\" data-id=\"2a3074ac\" data-element_type=\"column\" data-e-type=\"column\">\n\t\t\t<div class=\"elementor-widget-wrap elementor-element-populated\">\n\t\t\t\t\t\t<div class=\"elementor-element elementor-element-77f3956f elementor-widget elementor-widget-shortcode\" data-id=\"77f3956f\" data-element_type=\"widget\" data-e-type=\"widget\" data-widget_type=\"shortcode.default\">\n\t\t\t\t<div class=\"elementor-widget-container\">\n\t\t\t\t\t\t\t<div class=\"elementor-shortcode\"><\/div>\n\t\t\t\t\t\t<\/div>\n\t\t\t\t<\/div>\n\t\t\t\t\t<\/div>\n\t\t<\/div>\n\t\t\t\t\t<\/div>\n\t\t<\/section>\n\t\t<div class=\"elementor-element elementor-element-83138ca e-flex e-con-boxed e-con e-parent\" data-id=\"83138ca\" data-element_type=\"container\" data-e-type=\"container\">\n\t\t\t\t\t<div class=\"e-con-inner\">\n\t\t\t\t<div class=\"elementor-element elementor-element-472e0f2 elementor-widget elementor-widget-heading\" data-id=\"472e0f2\" data-element_type=\"widget\" data-e-type=\"widget\" data-widget_type=\"heading.default\">\n\t\t\t\t<div class=\"elementor-widget-container\">\n\t\t\t\t\t<h2 class=\"elementor-heading-title elementor-size-default\">School calendar<\/h2>\t\t\t\t<\/div>\n\t\t\t\t<\/div>\n\t\t\t\t\t<\/div>\n\t\t\t\t<\/div>\n\t\t<div class=\"elementor-element elementor-element-3973823 e-flex e-con-boxed e-con e-parent\" data-id=\"3973823\" data-element_type=\"container\" data-e-type=\"container\">\n\t\t\t\t\t<div class=\"e-con-inner\">\n\t\t\t\t<div class=\"elementor-element elementor-element-13e2a18 elementor-widget elementor-widget-image\" data-id=\"13e2a18\" data-element_type=\"widget\" data-e-type=\"widget\" data-widget_type=\"image.default\">\n\t\t\t\t<div class=\"elementor-widget-container\">\n\t\t\t\t\t\t\t\t\t\t\t\t\t\t\t<img fetchpriority=\"high\" decoding=\"async\" width=\"2000\" height=\"1414\" src=\"https:\/\/lfmalaga.com\/wp-content\/uploads\/2025\/03\/LFIM-Calendrier-vacances-scolaires-2025-2026.png\" class=\"attachment-full size-full wp-image-35698\" alt=\"\" srcset=\"https:\/\/lfmalaga.com\/wp-content\/uploads\/2025\/03\/LFIM-Calendrier-vacances-scolaires-2025-2026.png 2000w, https:\/\/lfmalaga.com\/wp-content\/uploads\/2025\/03\/LFIM-Calendrier-vacances-scolaires-2025-2026-300x212.png 300w, https:\/\/lfmalaga.com\/wp-content\/uploads\/2025\/03\/LFIM-Calendrier-vacances-scolaires-2025-2026-1024x724.png 1024w, https:\/\/lfmalaga.com\/wp-content\/uploads\/2025\/03\/LFIM-Calendrier-vacances-scolaires-2025-2026-768x543.png 768w, https:\/\/lfmalaga.com\/wp-content\/uploads\/2025\/03\/LFIM-Calendrier-vacances-scolaires-2025-2026-1536x1086.png 1536w, https:\/\/lfmalaga.com\/wp-content\/uploads\/2025\/03\/LFIM-Calendrier-vacances-scolaires-2025-2026-18x12.png 18w\" sizes=\"(max-width: 2000px) 100vw, 2000px\" \/>\t\t\t\t\t\t\t\t\t\t\t\t\t\t\t<\/div>\n\t\t\t\t<\/div>\n\t\t\t\t\t<\/div>\n\t\t\t\t<\/div>\n\t\t<div class=\"elementor-element elementor-element-1541045 e-flex e-con-boxed e-con e-parent\" data-id=\"1541045\" data-element_type=\"container\" data-e-type=\"container\">\n\t\t\t\t\t<div class=\"e-con-inner\">\n\t\t<div class=\"elementor-element elementor-element-e671e8a e-con-full e-flex e-con e-child\" data-id=\"e671e8a\" data-element_type=\"container\" data-e-type=\"container\">\n\t\t\t\t<div class=\"elementor-element elementor-element-5fa7395 elementor-widget elementor-widget-image\" data-id=\"5fa7395\" data-element_type=\"widget\" data-e-type=\"widget\" data-widget_type=\"image.default\">\n\t\t\t\t<div class=\"elementor-widget-container\">\n\t\t\t\t\t\t\t\t\t\t\t\t\t\t\t<img decoding=\"async\" width=\"800\" height=\"534\" src=\"https:\/\/lfmalaga.com\/wp-content\/uploads\/2022\/09\/Maternelles-2-1024x683.jpg\" class=\"attachment-large size-large wp-image-31951\" alt=\"\" srcset=\"https:\/\/lfmalaga.com\/wp-content\/uploads\/2022\/09\/Maternelles-2-1024x683.jpg 1024w, https:\/\/lfmalaga.com\/wp-content\/uploads\/2022\/09\/Maternelles-2-300x200.jpg 300w, https:\/\/lfmalaga.com\/wp-content\/uploads\/2022\/09\/Maternelles-2-768x512.jpg 768w, https:\/\/lfmalaga.com\/wp-content\/uploads\/2022\/09\/Maternelles-2-1536x1024.jpg 1536w, https:\/\/lfmalaga.com\/wp-content\/uploads\/2022\/09\/Maternelles-2-2048x1365.jpg 2048w, https:\/\/lfmalaga.com\/wp-content\/uploads\/2022\/09\/Maternelles-2-18x12.jpg 18w\" sizes=\"(max-width: 800px) 100vw, 800px\" \/>\t\t\t\t\t\t\t\t\t\t\t\t\t\t\t<\/div>\n\t\t\t\t<\/div>\n\t\t\t\t<\/div>\n\t\t<div class=\"elementor-element elementor-element-f870c68 e-con-full e-flex e-con e-child\" data-id=\"f870c68\" data-element_type=\"container\" data-e-type=\"container\">\n\t\t\t\t<div class=\"elementor-element elementor-element-fe4290b elementor-widget elementor-widget-heading\" data-id=\"fe4290b\" data-element_type=\"widget\" data-e-type=\"widget\" data-widget_type=\"heading.default\">\n\t\t\t\t<div class=\"elementor-widget-container\">\n\t\t\t\t\t<h2 class=\"elementor-heading-title elementor-size-default\">THE 2025-2026 holidays<\/h2>\t\t\t\t<\/div>\n\t\t\t\t<\/div>\n\t\t\t\t<div class=\"elementor-element elementor-element-c4e6f58 elementor-widget elementor-widget-text-editor\" data-id=\"c4e6f58\" data-element_type=\"widget\" data-e-type=\"widget\" data-widget_type=\"text-editor.default\">\n\t\t\t\t<div class=\"elementor-widget-container\">\n\t\t\t\t\t\t\t\t\t<p><b>Fall vacation:<\/b> Thursday, October 23, 2025 to Sunday, November 2, 2025<\/p><p><b>End of year holidays:<\/b> Saturday, December 20, 2025 to Tuesday, January 6, 2026<\/p><p><b>Winter holidays:<\/b> Saturday, February 14, 2026 to February 22, 2026<\/p><p><b>Spring break:<\/b> Saturday, March 28, 2026 to April 12, 2026<\/p><p><b>Summer holidays: <\/b>Wednesday, July 1, 2026 to Monday, August 31, 2026*<\/p>\t\t\t\t\t\t\t\t<\/div>\n\t\t\t\t<\/div>\n\t\t\t\t<\/div>\n\t\t\t\t\t<\/div>\n\t\t\t\t<\/div>\n\t\t<div class=\"elementor-element elementor-element-3156513 e-flex e-con-boxed e-con e-parent\" data-id=\"3156513\" data-element_type=\"container\" data-e-type=\"container\">\n\t\t\t\t\t<div class=\"e-con-inner\">\n\t\t\t\t<div class=\"elementor-element elementor-element-4104e4b elementor-widget-divider--view-line elementor-widget elementor-widget-divider\" data-id=\"4104e4b\" data-element_type=\"widget\" data-e-type=\"widget\" data-widget_type=\"divider.default\">\n\t\t\t\t<div class=\"elementor-widget-container\">\n\t\t\t\t\t\t\t<div class=\"elementor-divider\">\n\t\t\t<span class=\"elementor-divider-separator\">\n\t\t\t\t\t\t<\/span>\n\t\t<\/div>\n\t\t\t\t\t\t<\/div>\n\t\t\t\t<\/div>\n\t\t\t\t<div class=\"elementor-element elementor-element-534b10f elementor-widget elementor-widget-image\" data-id=\"534b10f\" data-element_type=\"widget\" data-e-type=\"widget\" data-widget_type=\"image.default\">\n\t\t\t\t<div class=\"elementor-widget-container\">\n\t\t\t\t\t\t\t\t\t\t\t\t\t\t\t<img decoding=\"async\" width=\"2000\" height=\"1414\" src=\"https:\/\/lfmalaga.com\/wp-content\/uploads\/2026\/03\/LFIM-Calendrier-vacances-scolaires-2026-2027-1.png\" class=\"attachment-full size-full wp-image-36508\" alt=\"\" srcset=\"https:\/\/lfmalaga.com\/wp-content\/uploads\/2026\/03\/LFIM-Calendrier-vacances-scolaires-2026-2027-1.png 2000w, https:\/\/lfmalaga.com\/wp-content\/uploads\/2026\/03\/LFIM-Calendrier-vacances-scolaires-2026-2027-1-300x212.png 300w, https:\/\/lfmalaga.com\/wp-content\/uploads\/2026\/03\/LFIM-Calendrier-vacances-scolaires-2026-2027-1-1024x724.png 1024w, https:\/\/lfmalaga.com\/wp-content\/uploads\/2026\/03\/LFIM-Calendrier-vacances-scolaires-2026-2027-1-768x543.png 768w, https:\/\/lfmalaga.com\/wp-content\/uploads\/2026\/03\/LFIM-Calendrier-vacances-scolaires-2026-2027-1-1536x1086.png 1536w, https:\/\/lfmalaga.com\/wp-content\/uploads\/2026\/03\/LFIM-Calendrier-vacances-scolaires-2026-2027-1-18x12.png 18w\" sizes=\"(max-width: 2000px) 100vw, 2000px\" \/>\t\t\t\t\t\t\t\t\t\t\t\t\t\t\t<\/div>\n\t\t\t\t<\/div>\n\t\t\t\t\t<\/div>\n\t\t\t\t<\/div>\n\t\t<div class=\"elementor-element elementor-element-e01c2f7 e-con-full e-flex e-con e-parent\" data-id=\"e01c2f7\" data-element_type=\"container\" data-e-type=\"container\">\n\t\t<div class=\"elementor-element elementor-element-40ce99e e-con-full e-flex e-con e-child\" data-id=\"40ce99e\" data-element_type=\"container\" data-e-type=\"container\">\n\t\t\t\t<div class=\"elementor-element elementor-element-1e9fef8 elementor-widget elementor-widget-image\" data-id=\"1e9fef8\" data-element_type=\"widget\" data-e-type=\"widget\" data-widget_type=\"image.default\">\n\t\t\t\t<div class=\"elementor-widget-container\">\n\t\t\t\t\t\t\t\t\t\t\t\t\t\t\t<img loading=\"lazy\" decoding=\"async\" width=\"800\" height=\"533\" src=\"https:\/\/lfmalaga.com\/wp-content\/uploads\/2026\/03\/Vanessa-et-Jeremy-342-1024x682.jpg\" class=\"attachment-large size-large wp-image-36499\" alt=\"\" srcset=\"https:\/\/lfmalaga.com\/wp-content\/uploads\/2026\/03\/Vanessa-et-Jeremy-342-1024x682.jpg 1024w, https:\/\/lfmalaga.com\/wp-content\/uploads\/2026\/03\/Vanessa-et-Jeremy-342-300x200.jpg 300w, https:\/\/lfmalaga.com\/wp-content\/uploads\/2026\/03\/Vanessa-et-Jeremy-342-768x512.jpg 768w, https:\/\/lfmalaga.com\/wp-content\/uploads\/2026\/03\/Vanessa-et-Jeremy-342-1536x1023.jpg 1536w, https:\/\/lfmalaga.com\/wp-content\/uploads\/2026\/03\/Vanessa-et-Jeremy-342-2048x1364.jpg 2048w, https:\/\/lfmalaga.com\/wp-content\/uploads\/2026\/03\/Vanessa-et-Jeremy-342-18x12.jpg 18w\" sizes=\"(max-width: 800px) 100vw, 800px\" \/>\t\t\t\t\t\t\t\t\t\t\t\t\t\t\t<\/div>\n\t\t\t\t<\/div>\n\t\t\t\t<\/div>\n\t\t<div class=\"elementor-element elementor-element-ff61ce4 e-con-full e-flex e-con e-child\" data-id=\"ff61ce4\" data-element_type=\"container\" data-e-type=\"container\">\n\t\t\t\t<div class=\"elementor-element elementor-element-01e115c elementor-widget elementor-widget-heading\" data-id=\"01e115c\" data-element_type=\"widget\" data-e-type=\"widget\" data-widget_type=\"heading.default\">\n\t\t\t\t<div class=\"elementor-widget-container\">\n\t\t\t\t\t<h2 class=\"elementor-heading-title elementor-size-default\">The 2026-2027 holidays<\/h2>\t\t\t\t<\/div>\n\t\t\t\t<\/div>\n\t\t\t\t<div class=\"elementor-element elementor-element-217bebc elementor-widget elementor-widget-text-editor\" data-id=\"217bebc\" data-element_type=\"widget\" data-e-type=\"widget\" data-widget_type=\"text-editor.default\">\n\t\t\t\t<div class=\"elementor-widget-container\">\n\t\t\t\t\t\t\t\t\t<p><b>Fall vacation:<\/b> Saturday, October 24, 2026 to Monday, November 2, 2026<\/p><p><b>End of year holidays:<\/b> Saturday, December 19, 2026 to Wednesday, January 6, 2027<\/p><p><b>Winter holidays:<\/b> Saturday, February 13, 2027 to Sunday, February 21, 2027<\/p><p><b>Spring break:<\/b> Saturday, March 20, 2027 to Sunday, April 4, 2027<\/p><p><b>Summer holidays: <\/b>Thursday, July 1, 2026 to Tuesday, August 31, 2026<\/p>\t\t\t\t\t\t\t\t<\/div>\n\t\t\t\t<\/div>\n\t\t\t\t<\/div>\n\t\t\t\t<\/div>\n\t\t\t\t<\/div>","protected":false},"excerpt":{"rendered":"<p>Calendrier scolaire LEs vacances 2025-2026 Vacances d&rsquo;automne : Jeudi 23 octobre 2025 au Dimanche 2 novembre 2025 Vacances de fin d&rsquo;ann\u00e9e : Samedi 20 d\u00e9cembre 2025 au Mardi 6 janvier 2026 Vacances d&rsquo;hiver : Samedi 14 f\u00e9vrier 2026 au 22 f\u00e9vrier 2026 Vacances de printemps : Samedi 28 mars 2026 au 12 avril 2026 Vacances [&hellip;]<\/p>\n","protected":false},"author":1,"featured_media":365,"parent":29318,"menu_order":0,"comment_status":"closed","ping_status":"closed","template":"","meta":{"footnotes":""},"class_list":["post-90","page","type-page","status-publish","has-post-thumbnail","hentry"],"_links":{"self":[{"href":"https:\/\/lfmalaga.com\/en\/wp-json\/wp\/v2\/pages\/90","targetHints":{"allow":["GET"]}}],"collection":[{"href":"https:\/\/lfmalaga.com\/en\/wp-json\/wp\/v2\/pages"}],"about":[{"href":"https:\/\/lfmalaga.com\/en\/wp-json\/wp\/v2\/types\/page"}],"author":[{"embeddable":true,"href":"https:\/\/lfmalaga.com\/en\/wp-json\/wp\/v2\/users\/1"}],"replies":[{"embeddable":true,"href":"https:\/\/lfmalaga.com\/en\/wp-json\/wp\/v2\/comments?post=90"}],"version-history":[{"count":56,"href":"https:\/\/lfmalaga.com\/en\/wp-json\/wp\/v2\/pages\/90\/revisions"}],"predecessor-version":[{"id":36511,"href":"https:\/\/lfmalaga.com\/en\/wp-json\/wp\/v2\/pages\/90\/revisions\/36511"}],"up":[{"embeddable":true,"href":"https:\/\/lfmalaga.com\/en\/wp-json\/wp\/v2\/pages\/29318"}],"wp:featuredmedia":[{"embeddable":true,"href":"https:\/\/lfmalaga.com\/en\/wp-json\/"}],"wp:attachment":[{"href":"https:\/\/lfmalaga.com\/en\/wp-json\/wp\/v2\/media?parent=90"}],"curies":[{"name":"wp","href":"https:\/\/api.w.org\/{rel}","templated":true}]}}