{"id":17,"date":"2021-03-28T10:52:40","date_gmt":"2021-03-28T08:52:40","guid":{"rendered":"https:\/\/lfmalaga.im-nomade.com\/?page_id=17"},"modified":"2025-10-02T17:09:54","modified_gmt":"2025-10-02T15:09:54","slug":"projet-detablissement","status":"publish","type":"page","link":"https:\/\/lfmalaga.com\/es\/letablissement\/projet-detablissement\/","title":{"rendered":"M\u00e1s que una escuela, un futuro"},"content":{"rendered":"<div data-elementor-type=\"wp-page\" data-elementor-id=\"17\" class=\"elementor elementor-17\" data-elementor-post-type=\"page\">\n\t\t\t\t\t\t<section class=\"elementor-section elementor-top-section elementor-element elementor-element-2f916184 elementor-section-boxed elementor-section-height-default elementor-section-height-default\" data-id=\"2f916184\" data-element_type=\"section\" data-e-type=\"section\">\n\t\t\t\t\t\t<div class=\"elementor-container elementor-column-gap-default\">\n\t\t\t\t\t<div class=\"elementor-column elementor-col-100 elementor-top-column elementor-element elementor-element-77acc5a1\" data-id=\"77acc5a1\" data-element_type=\"column\" data-e-type=\"column\">\n\t\t\t<div class=\"elementor-widget-wrap elementor-element-populated\">\n\t\t\t\t\t\t<div class=\"elementor-element elementor-element-354910ef elementor-widget elementor-widget-heading\" data-id=\"354910ef\" data-element_type=\"widget\" data-e-type=\"widget\" data-widget_type=\"heading.default\">\n\t\t\t\t<div class=\"elementor-widget-container\">\n\t\t\t\t\t<h1 class=\"elementor-heading-title elementor-size-large\"> PROYECTO DE ESTABLECIMIENTO <\/h1>\t\t\t\t<\/div>\n\t\t\t\t<\/div>\n\t\t\t\t<div class=\"elementor-element elementor-element-f3a0701 elementor-widget elementor-widget-text-editor\" data-id=\"f3a0701\" data-element_type=\"widget\" data-e-type=\"widget\" data-widget_type=\"text-editor.default\">\n\t\t\t\t<div class=\"elementor-widget-container\">\n\t\t\t\t\t\t\t\t\t<p><span class=\"\" lang=\"FR\">Nuestro proyecto de escuela pretende llevar a cada uno de nuestros alumnos a su propia excelencia. Para ello, hemos desarrollado 4 \u00e1reas de trabajo:\u00a0<\/span><\/p>\t\t\t\t\t\t\t\t<\/div>\n\t\t\t\t<\/div>\n\t\t\t\t<div class=\"elementor-element elementor-element-e102d0e elementor-widget elementor-widget-image\" data-id=\"e102d0e\" data-element_type=\"widget\" data-e-type=\"widget\" data-widget_type=\"image.default\">\n\t\t\t\t<div class=\"elementor-widget-container\">\n\t\t\t\t\t\t\t\t\t\t\t\t\t\t\t<img fetchpriority=\"high\" decoding=\"async\" width=\"800\" height=\"400\" src=\"https:\/\/lfmalaga.com\/wp-content\/uploads\/2025\/10\/Les-3-axes-1024x512.png\" class=\"attachment-large size-large wp-image-36178\" alt=\"\" srcset=\"https:\/\/lfmalaga.com\/wp-content\/uploads\/2025\/10\/Les-3-axes-1024x512.png 1024w, https:\/\/lfmalaga.com\/wp-content\/uploads\/2025\/10\/Les-3-axes-300x150.png 300w, https:\/\/lfmalaga.com\/wp-content\/uploads\/2025\/10\/Les-3-axes-768x384.png 768w, https:\/\/lfmalaga.com\/wp-content\/uploads\/2025\/10\/Les-3-axes-1536x768.png 1536w, https:\/\/lfmalaga.com\/wp-content\/uploads\/2025\/10\/Les-3-axes-2048x1024.png 2048w, https:\/\/lfmalaga.com\/wp-content\/uploads\/2025\/10\/Les-3-axes-18x9.png 18w\" sizes=\"(max-width: 800px) 100vw, 800px\" \/>\t\t\t\t\t\t\t\t\t\t\t\t\t\t\t<\/div>\n\t\t\t\t<\/div>\n\t\t\t\t<div class=\"elementor-element elementor-element-d4b04e1 elementor-widget elementor-widget-spacer\" data-id=\"d4b04e1\" data-element_type=\"widget\" data-e-type=\"widget\" data-widget_type=\"spacer.default\">\n\t\t\t\t<div class=\"elementor-widget-container\">\n\t\t\t\t\t\t\t<div class=\"elementor-spacer\">\n\t\t\t<div class=\"elementor-spacer-inner\"><\/div>\n\t\t<\/div>\n\t\t\t\t\t\t<\/div>\n\t\t\t\t<\/div>\n\t\t\t\t<div class=\"elementor-element elementor-element-56f60be elementor-widget elementor-widget-heading\" data-id=\"56f60be\" data-element_type=\"widget\" data-e-type=\"widget\" data-widget_type=\"heading.default\">\n\t\t\t\t<div class=\"elementor-widget-container\">\n\t\t\t\t\t<h5 class=\"elementor-heading-title elementor-size-large\">ALGUNAS BUENAS RAZONES PARA ELEGIR NUESTRO ESTABLECIMIENTO...<\/h5>\t\t\t\t<\/div>\n\t\t\t\t<\/div>\n\t\t\t\t<div class=\"elementor-element elementor-element-45240d32 elementor-widget elementor-widget-text-editor\" data-id=\"45240d32\" data-element_type=\"widget\" data-e-type=\"widget\" data-widget_type=\"text-editor.default\">\n\t\t\t\t<div class=\"elementor-widget-container\">\n\t\t\t\t\t\t\t\t\t<ol><li><h6>Doble titulaci\u00f3n: Bachillerato y \u201cT\u00edtulo de Bachiller\u201d<\/h6><p>Al final de su escolaridad, el alumno sale del establecimiento con un diploma de franc\u00e9s y espa\u00f1ol.<\/p><\/li><li><h6>Educaci\u00f3n multiling\u00fce<\/h6><p>Educaci\u00f3n totalmente biling\u00fce a partir de los 3 a\u00f1os (franc\u00e9s y espa\u00f1ol) con aprendizaje de ingl\u00e9s a partir de los 3 a\u00f1os y aprendizaje de alem\u00e1n ofrecido en 5\u00ba grado (12 a\u00f1os).<\/p><\/li><li><h6>Certificaciones<\/h6><p>Establecimiento autorizado como centro examinador Cambridge ESOL.<br \/>Posibles certificaciones en todos los idiomas que se ense\u00f1an en el Lyc\u00e9e.<\/p><\/li><li><h6>Una red escolar \u00fanica en el mundo<\/h6><p>552 establecimientos aprobados por el Ministerio de Educaci\u00f3n Nacional de Francia en 13 pa\u00edses.<br \/>Una red que asegura la continuidad de la formaci\u00f3n del alumno.<\/p><\/li><li><h6>Una educaci\u00f3n humanista que apunta a la excelencia<\/h6><p>Un proyecto educativo innovador y ambicioso que permite a nuestros alumnos desde edades tempranas desarrollar su pensamiento anal\u00edtico y cr\u00edtico (entender qu\u00e9 hacemos, qu\u00e9 aprendemos y por qu\u00e9 lo hacemos). Un curso personalizado que lleva a los alumnos al m\u00e1ximo de su potencial desarrollando la autonom\u00eda, la adaptaci\u00f3n y la responsabilidad de los alumnos.<\/p><\/li><li><h6>Un futuro seguro<\/h6><p>Escolarizaci\u00f3n de 3 a 18 a\u00f1os en el mismo lugar con seguimiento y apoyo personalizado, una puntuaci\u00f3n de 100% para el \u00e9xito en el bachillerato y la orientaci\u00f3n exitosa en la educaci\u00f3n superior en Francia, Espa\u00f1a y en todo el mundo (100% para el acceso a la primera orientaci\u00f3n deseo ).<\/p><\/li><li><h6>Actividades extraescolares y viajes escolares<\/h6><p>Muchas actividades deportivas, actividades extraescolares en diferentes idiomas, muchas salidas educativas, deportivas y culturales como parte del aprendizaje en clase y viajes.<\/p><\/li><li><h6>Un entorno excepcional<\/h6><p>Una escuela ubicada en un parque arbolado de 3 hect\u00e1reas. Locales adaptados a la edad de los ni\u00f1os y modernas tecnolog\u00edas para los servicios de aprendizaje (laboratorios cient\u00edficos, pizarras digitales interactivas, computadoras, tabletas).<\/p><\/li><\/ol><h5>\u00a0<\/h5><h5>\u00a1No al acoso!<\/h5><h5>Acoso: para actuar, hay que hablarlo\u2026<\/h5>\t\t\t\t\t\t\t\t<\/div>\n\t\t\t\t<\/div>\n\t\t\t\t<div class=\"elementor-element elementor-element-64f6035 elementor-widget elementor-widget-button\" data-id=\"64f6035\" data-element_type=\"widget\" data-e-type=\"widget\" data-widget_type=\"button.default\">\n\t\t\t\t<div class=\"elementor-widget-container\">\n\t\t\t\t\t\t\t\t\t<div class=\"elementor-button-wrapper\">\n\t\t\t\t\t<a class=\"elementor-button elementor-button-link elementor-size-sm\" href=\"https:\/\/lfmalaga.com\/wp-content\/uploads\/2023\/03\/protocole-2016-traitement-des-coles-96061-2.pdf\" target=\"_blank\">\n\t\t\t\t\t\t<span class=\"elementor-button-content-wrapper\">\n\t\t\t\t\t\t<span class=\"elementor-button-icon\">\n\t\t\t\t<i aria-hidden=\"true\" class=\"fas fa-file-pdf\"><\/i>\t\t\t<\/span>\n\t\t\t\t\t\t\t\t\t<span class=\"elementor-button-text\">Protocolo en situaci\u00f3n de acoso escolar (Primaria)<\/span>\n\t\t\t\t\t<\/span>\n\t\t\t\t\t<\/a>\n\t\t\t\t<\/div>\n\t\t\t\t\t\t\t\t<\/div>\n\t\t\t\t<\/div>\n\t\t\t\t<div class=\"elementor-element elementor-element-2bf17e1 elementor-widget elementor-widget-button\" data-id=\"2bf17e1\" data-element_type=\"widget\" data-e-type=\"widget\" data-widget_type=\"button.default\">\n\t\t\t\t<div class=\"elementor-widget-container\">\n\t\t\t\t\t\t\t\t\t<div class=\"elementor-button-wrapper\">\n\t\t\t\t\t<a class=\"elementor-button elementor-button-link elementor-size-sm\" href=\"https:\/\/lfmalaga.com\/wp-content\/uploads\/2023\/03\/protocole-harc-lement-2nd-degr-15811.pdf\" target=\"_blank\">\n\t\t\t\t\t\t<span class=\"elementor-button-content-wrapper\">\n\t\t\t\t\t\t<span class=\"elementor-button-icon\">\n\t\t\t\t<i aria-hidden=\"true\" class=\"fas fa-file-pdf\"><\/i>\t\t\t<\/span>\n\t\t\t\t\t\t\t\t\t<span class=\"elementor-button-text\">Protocolo en situaci\u00f3n de acoso escolar (ESO y Bachillerato)<\/span>\n\t\t\t\t\t<\/span>\n\t\t\t\t\t<\/a>\n\t\t\t\t<\/div>\n\t\t\t\t\t\t\t\t<\/div>\n\t\t\t\t<\/div>\n\t\t\t\t<div class=\"elementor-element elementor-element-d4e34dc elementor-widget elementor-widget-button\" data-id=\"d4e34dc\" data-element_type=\"widget\" data-e-type=\"widget\" data-widget_type=\"button.default\">\n\t\t\t\t<div class=\"elementor-widget-container\">\n\t\t\t\t\t\t\t\t\t<div class=\"elementor-button-wrapper\">\n\t\t\t\t\t<a class=\"elementor-button elementor-button-link elementor-size-sm\" href=\"https:\/\/lfmalaga.com\/wp-content\/uploads\/2024\/01\/ES-Protocolo-agresion-sexual-y-maltrato.pdf\" target=\"_blank\">\n\t\t\t\t\t\t<span class=\"elementor-button-content-wrapper\">\n\t\t\t\t\t\t<span class=\"elementor-button-icon\">\n\t\t\t\t<i aria-hidden=\"true\" class=\"fas fa-file-pdf\"><\/i>\t\t\t<\/span>\n\t\t\t\t\t\t\t\t\t<span class=\"elementor-button-text\">Protocolo de protecci\u00f3n de menores <\/span>\n\t\t\t\t\t<\/span>\n\t\t\t\t\t<\/a>\n\t\t\t\t<\/div>\n\t\t\t\t\t\t\t\t<\/div>\n\t\t\t\t<\/div>\n\t\t\t\t\t<\/div>\n\t\t<\/div>\n\t\t\t\t\t<\/div>\n\t\t<\/section>\n\t\t\t\t<\/div>","protected":false},"excerpt":{"rendered":"<p>PROJET d\u2019ETABLISSEMENT Notre projet d\u2019\u00e9tablissement vise \u00e0 conduire chacun de nos \u00e9l\u00e8ves jusqu\u2019\u00e0 sa propre excellence. Dans ce but, nous avons d\u00e9velopp\u00e9 4 axes de travail :\u00a0 QUELQUES BONNES RAISONS DE CHOISIR NOTRE \u00c9TABLISSEMENT&#8230; Double dipl\u00f4me: Baccalaur\u00e9at et \u00ab\u00a0T\u00edtulo de Bachiller\u00a0\u00bb \u00c0 la fin de sa scolarit\u00e9 l\u2019\u00e9l\u00e8ve sort de l\u2019\u00e9tablissement avec un dipl\u00f4me fran\u00e7ais [&hellip;]<\/p>\n","protected":false},"author":1,"featured_media":354,"parent":29320,"menu_order":0,"comment_status":"closed","ping_status":"closed","template":"","meta":{"footnotes":""},"class_list":["post-17","page","type-page","status-publish","has-post-thumbnail","hentry"],"_links":{"self":[{"href":"https:\/\/lfmalaga.com\/es\/wp-json\/wp\/v2\/pages\/17","targetHints":{"allow":["GET"]}}],"collection":[{"href":"https:\/\/lfmalaga.com\/es\/wp-json\/wp\/v2\/pages"}],"about":[{"href":"https:\/\/lfmalaga.com\/es\/wp-json\/wp\/v2\/types\/page"}],"author":[{"embeddable":true,"href":"https:\/\/lfmalaga.com\/es\/wp-json\/wp\/v2\/users\/1"}],"replies":[{"embeddable":true,"href":"https:\/\/lfmalaga.com\/es\/wp-json\/wp\/v2\/comments?post=17"}],"version-history":[{"count":11,"href":"https:\/\/lfmalaga.com\/es\/wp-json\/wp\/v2\/pages\/17\/revisions"}],"predecessor-version":[{"id":36181,"href":"https:\/\/lfmalaga.com\/es\/wp-json\/wp\/v2\/pages\/17\/revisions\/36181"}],"up":[{"embeddable":true,"href":"https:\/\/lfmalaga.com\/es\/wp-json\/wp\/v2\/pages\/29320"}],"wp:featuredmedia":[{"embeddable":true,"href":"https:\/\/lfmalaga.com\/es\/wp-json\/"}],"wp:attachment":[{"href":"https:\/\/lfmalaga.com\/es\/wp-json\/wp\/v2\/media?parent=17"}],"curies":[{"name":"wp","href":"https:\/\/api.w.org\/{rel}","templated":true}]}}