{"id":25,"date":"2021-03-28T10:54:39","date_gmt":"2021-03-28T08:54:39","guid":{"rendered":"https:\/\/lfmalaga.im-nomade.com\/?page_id=25"},"modified":"2022-12-14T11:34:32","modified_gmt":"2022-12-14T10:34:32","slug":"paroles-danciens-eleves","status":"publish","type":"page","link":"https:\/\/lfmalaga.com\/es\/letablissement\/paroles-danciens-eleves\/","title":{"rendered":"Testimonios de antiguos alumnos"},"content":{"rendered":"<div data-elementor-type=\"wp-page\" data-elementor-id=\"25\" class=\"elementor elementor-25\" data-elementor-post-type=\"page\">\n\t\t\t\t<div class=\"elementor-element elementor-element-edf7fa4 e-flex e-con-boxed e-con e-parent\" data-id=\"edf7fa4\" data-element_type=\"container\" data-e-type=\"container\">\n\t\t\t\t\t<div class=\"e-con-inner\">\n\t\t<div class=\"elementor-element elementor-element-cc9da27 e-con-full e-flex e-con e-parent\" data-id=\"cc9da27\" data-element_type=\"container\" data-e-type=\"container\">\n\t\t\t\t<\/div>\n\t\t<div class=\"elementor-element elementor-element-437b0fd e-con-full e-flex e-con e-parent\" data-id=\"437b0fd\" data-element_type=\"container\" data-e-type=\"container\">\n\t\t\t\t<\/div>\n\t\t<div class=\"elementor-element elementor-element-47a953e e-con-full e-flex e-con e-parent\" data-id=\"47a953e\" data-element_type=\"container\" data-e-type=\"container\">\n\t\t\t\t<\/div>\n\t\t\t\t\t<\/div>\n\t\t\t\t<\/div>\n\t\t<div class=\"elementor-element elementor-element-e05d5c5 e-flex e-con-boxed e-con e-parent\" data-id=\"e05d5c5\" data-element_type=\"container\" data-e-type=\"container\">\n\t\t\t\t\t<div class=\"e-con-inner\">\n\t\t<div class=\"elementor-element elementor-element-bd139cd e-con-full e-flex e-con e-parent\" data-id=\"bd139cd\" data-element_type=\"container\" data-e-type=\"container\">\n\t\t\t\t<\/div>\n\t\t<div class=\"elementor-element elementor-element-b48fae3 e-con-full e-flex e-con e-parent\" data-id=\"b48fae3\" data-element_type=\"container\" data-e-type=\"container\">\n\t\t\t\t<\/div>\n\t\t<div class=\"elementor-element elementor-element-14df1d3 e-con-full e-flex e-con e-parent\" data-id=\"14df1d3\" data-element_type=\"container\" data-e-type=\"container\">\n\t\t\t\t<\/div>\n\t\t\t\t\t<\/div>\n\t\t\t\t<\/div>\n\t\t\t\t<section class=\"elementor-section elementor-top-section elementor-element elementor-element-49e45eab elementor-section-full_width elementor-section-content-middle elementor-section-height-default elementor-section-height-default\" data-id=\"49e45eab\" data-element_type=\"section\" data-e-type=\"section\">\n\t\t\t\t\t\t<div class=\"elementor-container elementor-column-gap-no\">\n\t\t\t\t\t<div class=\"elementor-column elementor-col-100 elementor-top-column elementor-element elementor-element-a370fdd\" data-id=\"a370fdd\" data-element_type=\"column\" data-e-type=\"column\">\n\t\t\t<div class=\"elementor-widget-wrap elementor-element-populated\">\n\t\t\t\t\t\t<div class=\"elementor-element elementor-element-040bc00 elementor-widget elementor-widget-spacer\" data-id=\"040bc00\" data-element_type=\"widget\" data-e-type=\"widget\" data-widget_type=\"spacer.default\">\n\t\t\t\t<div class=\"elementor-widget-container\">\n\t\t\t\t\t\t\t<div class=\"elementor-spacer\">\n\t\t\t<div class=\"elementor-spacer-inner\"><\/div>\n\t\t<\/div>\n\t\t\t\t\t\t<\/div>\n\t\t\t\t<\/div>\n\t\t<div class=\"elementor-element elementor-element-44b7338 e-flex e-con-boxed e-con e-parent\" data-id=\"44b7338\" data-element_type=\"container\" data-e-type=\"container\">\n\t\t\t\t\t<div class=\"e-con-inner\">\n\t\t\t\t<div class=\"elementor-element elementor-element-18942f4 elementor-widget__width-initial elementor-widget elementor-widget-heading\" data-id=\"18942f4\" data-element_type=\"widget\" data-e-type=\"widget\" data-widget_type=\"heading.default\">\n\t\t\t\t<div class=\"elementor-widget-container\">\n\t\t\t\t\t<h2 class=\"elementor-heading-title elementor-size-default\">\u00bfTambi\u00e9n quieres enviar tu testimonio? <\/h2>\t\t\t\t<\/div>\n\t\t\t\t<\/div>\n\t\t\t\t<div class=\"elementor-element elementor-element-7e899a2 elementor-widget elementor-widget-text-editor\" data-id=\"7e899a2\" data-element_type=\"widget\" data-e-type=\"widget\" data-widget_type=\"text-editor.default\">\n\t\t\t\t<div class=\"elementor-widget-container\">\n\t\t\t\t\t\t\t\t\t<p><span class=\"\">Si usted tambi\u00e9n quiere aportar su testimonio, responda a las mismas preguntas y env\u00edenos las respuestas por correo electr\u00f3nico a:<\/span><\/p><p><span class=\"\"><a class=\"\" href=\"mailto:communication@lfmalaga.com\">communication@lfmalaga.com<\/a><\/span><\/p><ul><li><span class=\"\">\u00bfQu\u00e9 recuerdos tiene del Liceo franc\u00e9s de M\u00e1laga?<\/span><\/li><li><span class=\"\">\u00bfQu\u00e9 le ha aportado su escolaridad en el LFIM en sus estudios y en el mundo laboral?<\/span><\/li><li><span class=\"\">\u00bfCu\u00e1l fue su trayectoria profesional despu\u00e9s del Liceo?<\/span><\/li><\/ul>\t\t\t\t\t\t\t\t<\/div>\n\t\t\t\t<\/div>\n\t\t\t\t<div class=\"elementor-element elementor-element-52dd703 elementor-widget elementor-widget-spacer\" data-id=\"52dd703\" data-element_type=\"widget\" data-e-type=\"widget\" data-widget_type=\"spacer.default\">\n\t\t\t\t<div class=\"elementor-widget-container\">\n\t\t\t\t\t\t\t<div class=\"elementor-spacer\">\n\t\t\t<div class=\"elementor-spacer-inner\"><\/div>\n\t\t<\/div>\n\t\t\t\t\t\t<\/div>\n\t\t\t\t<\/div>\n\t\t\t\t\t<\/div>\n\t\t\t\t<\/div>\n\t\t\t\t\t<\/div>\n\t\t<\/div>\n\t\t\t\t\t<\/div>\n\t\t<\/section>\n\t\t\t\t<\/div>","protected":false},"excerpt":{"rendered":"<p>Paula de Torres J\u2019ai fait une licence en odontologie \u00e0 l\u2019universit\u00e9 de S\u00e9ville. Apr\u00e8s \u00e7a j\u2019ai d\u00e9cid\u00e9 de partir travailler et me sp\u00e9cialiser en France o\u00f9 j\u2019exerce actuellement.\u00a0\u00bb Felix Del Ojo Garcia (Baccalaur\u00e9at Fili\u00e8re S &#8211; 2000) Apr\u00e8s le Lyc\u00e9e j\u2019ai poursuivi mes \u00e9tudes en M\u00e9decine \u00e0 la Facultad de Medicina de Malaga&#8230; CHRISTIAN ROMERO [&hellip;]<\/p>\n","protected":false},"author":1,"featured_media":365,"parent":29320,"menu_order":0,"comment_status":"closed","ping_status":"closed","template":"","meta":{"footnotes":""},"class_list":["post-25","page","type-page","status-publish","has-post-thumbnail","hentry"],"_links":{"self":[{"href":"https:\/\/lfmalaga.com\/es\/wp-json\/wp\/v2\/pages\/25","targetHints":{"allow":["GET"]}}],"collection":[{"href":"https:\/\/lfmalaga.com\/es\/wp-json\/wp\/v2\/pages"}],"about":[{"href":"https:\/\/lfmalaga.com\/es\/wp-json\/wp\/v2\/types\/page"}],"author":[{"embeddable":true,"href":"https:\/\/lfmalaga.com\/es\/wp-json\/wp\/v2\/users\/1"}],"replies":[{"embeddable":true,"href":"https:\/\/lfmalaga.com\/es\/wp-json\/wp\/v2\/comments?post=25"}],"version-history":[{"count":2,"href":"https:\/\/lfmalaga.com\/es\/wp-json\/wp\/v2\/pages\/25\/revisions"}],"predecessor-version":[{"id":33730,"href":"https:\/\/lfmalaga.com\/es\/wp-json\/wp\/v2\/pages\/25\/revisions\/33730"}],"up":[{"embeddable":true,"href":"https:\/\/lfmalaga.com\/es\/wp-json\/wp\/v2\/pages\/29320"}],"wp:featuredmedia":[{"embeddable":true,"href":"https:\/\/lfmalaga.com\/es\/wp-json\/"}],"wp:attachment":[{"href":"https:\/\/lfmalaga.com\/es\/wp-json\/wp\/v2\/media?parent=25"}],"curies":[{"name":"wp","href":"https:\/\/api.w.org\/{rel}","templated":true}]}}