{"id":29048,"date":"2021-03-28T10:58:22","date_gmt":"2021-03-28T10:58:22","guid":{"rendered":"https:\/\/lfmalaga.im-nomade.com\/?page_id=43"},"modified":"2026-02-24T12:00:33","modified_gmt":"2026-02-24T11:00:33","slug":"pedagogie-parcours-linguistique","status":"publish","type":"page","link":"https:\/\/lfmalaga.com\/es\/pedagogie\/pedagogie-parcours-linguistique\/","title":{"rendered":"Aprendizaje ling\u00fc\u00edstico"},"content":{"rendered":"<div data-elementor-type=\"wp-page\" data-elementor-id=\"29048\" class=\"elementor elementor-29048\" data-elementor-post-type=\"page\">\n\t\t\t\t\t\t<section class=\"elementor-section elementor-top-section elementor-element elementor-element-7fa95f46 elementor-section-full_width elementor-section-content-middle elementor-section-height-default elementor-section-height-default\" data-id=\"7fa95f46\" data-element_type=\"section\" data-e-type=\"section\">\n\t\t\t\t\t\t<div class=\"elementor-container elementor-column-gap-no\">\n\t\t\t\t\t<div class=\"elementor-column elementor-col-100 elementor-top-column elementor-element elementor-element-74e195e7\" data-id=\"74e195e7\" data-element_type=\"column\" data-e-type=\"column\">\n\t\t\t<div class=\"elementor-widget-wrap elementor-element-populated\">\n\t\t\t\t\t\t<div class=\"elementor-element elementor-element-6e134aa9 elementor-widget elementor-widget-shortcode\" data-id=\"6e134aa9\" data-element_type=\"widget\" data-e-type=\"widget\" data-widget_type=\"shortcode.default\">\n\t\t\t\t<div class=\"elementor-widget-container\">\n\t\t\t\t\t\t\t<div class=\"elementor-shortcode\"><\/div>\n\t\t\t\t\t\t<\/div>\n\t\t\t\t<\/div>\n\t\t\t\t\t<\/div>\n\t\t<\/div>\n\t\t\t\t\t<\/div>\n\t\t<\/section>\n\t\t\t\t<section class=\"elementor-section elementor-top-section elementor-element elementor-element-6b4c16e6 elementor-section-boxed elementor-section-height-default elementor-section-height-default\" data-id=\"6b4c16e6\" data-element_type=\"section\" data-e-type=\"section\">\n\t\t\t\t\t\t<div class=\"elementor-container elementor-column-gap-default\">\n\t\t\t\t\t<div class=\"elementor-column elementor-col-100 elementor-top-column elementor-element elementor-element-6dfe73ec\" data-id=\"6dfe73ec\" data-element_type=\"column\" data-e-type=\"column\">\n\t\t\t<div class=\"elementor-widget-wrap elementor-element-populated\">\n\t\t\t\t\t\t<div class=\"elementor-element elementor-element-307df492 elementor-widget elementor-widget-heading\" data-id=\"307df492\" data-element_type=\"widget\" data-e-type=\"widget\" data-widget_type=\"heading.default\">\n\t\t\t\t<div class=\"elementor-widget-container\">\n\t\t\t\t\t<h2 class=\"elementor-heading-title elementor-size-default\">El aprendizaje ling\u00fc\u00edstico<\/h2>\t\t\t\t<\/div>\n\t\t\t\t<\/div>\n\t\t\t\t<div class=\"elementor-element elementor-element-1e64c96 elementor-widget elementor-widget-text-editor\" data-id=\"1e64c96\" data-element_type=\"widget\" data-e-type=\"widget\" data-widget_type=\"text-editor.default\">\n\t\t\t\t<div class=\"elementor-widget-container\">\n\t\t\t\t\t\t\t\t\t<h6>El aprendizaje de los idiomas es la especialidad del Liceo Franc\u00e9s Internacional de M\u00e1laga.\u00a0<\/h6><p>A partir de los 3 a\u00f1os, nuestros alumnos est\u00e1n ling\u00fc\u00edsticamente ba\u00f1ados en 3 idiomas que escuchar\u00e1n, descubrir\u00e1n y hablar\u00e1n: el franc\u00e9s que es nuestro idioma de escolarizaci\u00f3n, el espa\u00f1ol y el ingl\u00e9s. Nuestros alumnos podr\u00e1n perfeccionar estos 3 idiomas hasta el final de su escolaridad en nuestro establecimiento.\u00a0<\/p><p>Con el fin de desarrollar la adquisici\u00f3n del ingl\u00e9s y del espa\u00f1ol, damos tambi\u00e9n varias asignaturas en estos dos idiomas (EMILE en primaria, DNL en secundaria): educaci\u00f3n f\u00edsica, ciencias, matem\u00e1ticas...\u00a0<\/p><p>En 5\u00ba grado nuestros alumnos pueden, si lo desean, elegir una opci\u00f3n: alem\u00e1n o lat\u00edn. Por ello, ofrecemos a todos la posibilidad de dominar 4 idiomas modernos a un alto nivel al finalizar sus estudios escolares.<\/p>\t\t\t\t\t\t\t\t<\/div>\n\t\t\t\t<\/div>\n\t\t\t\t<div class=\"elementor-element elementor-element-190fb47 elementor-widget elementor-widget-image\" data-id=\"190fb47\" data-element_type=\"widget\" data-e-type=\"widget\" data-widget_type=\"image.default\">\n\t\t\t\t<div class=\"elementor-widget-container\">\n\t\t\t\t\t\t\t\t\t\t\t\t\t\t\t<img fetchpriority=\"high\" decoding=\"async\" width=\"640\" height=\"307\" src=\"https:\/\/lfmalaga.com\/wp-content\/uploads\/2022\/02\/PARLE_LOGODEROULE_RVB.png\" class=\"attachment-large size-large wp-image-33536\" alt=\"\" srcset=\"https:\/\/lfmalaga.com\/wp-content\/uploads\/2022\/02\/PARLE_LOGODEROULE_RVB.png 640w, https:\/\/lfmalaga.com\/wp-content\/uploads\/2022\/02\/PARLE_LOGODEROULE_RVB-300x144.png 300w, https:\/\/lfmalaga.com\/wp-content\/uploads\/2022\/02\/PARLE_LOGODEROULE_RVB-18x9.png 18w\" sizes=\"(max-width: 640px) 100vw, 640px\" \/>\t\t\t\t\t\t\t\t\t\t\t\t\t\t\t<\/div>\n\t\t\t\t<\/div>\n\t\t\t\t\t<\/div>\n\t\t<\/div>\n\t\t\t\t\t<\/div>\n\t\t<\/section>\n\t\t<div class=\"elementor-element elementor-element-5996d8e e-flex e-con-boxed e-con e-parent\" data-id=\"5996d8e\" data-element_type=\"container\" data-e-type=\"container\">\n\t\t\t\t\t<div class=\"e-con-inner\">\n\t\t<div class=\"elementor-element elementor-element-19375e6 e-con-full e-flex e-con e-child\" data-id=\"19375e6\" data-element_type=\"container\" data-e-type=\"container\">\n\t\t\t\t<div class=\"elementor-element elementor-element-bd2d306 elementor-widget elementor-widget-image\" data-id=\"bd2d306\" data-element_type=\"widget\" data-e-type=\"widget\" data-widget_type=\"image.default\">\n\t\t\t\t<div class=\"elementor-widget-container\">\n\t\t\t\t\t\t\t\t\t\t\t\t\t\t\t<img decoding=\"async\" width=\"1920\" height=\"1080\" src=\"https:\/\/lfmalaga.com\/wp-content\/uploads\/2025\/09\/2.png\" class=\"attachment-full size-full wp-image-36142\" alt=\"\" srcset=\"https:\/\/lfmalaga.com\/wp-content\/uploads\/2025\/09\/2.png 1920w, https:\/\/lfmalaga.com\/wp-content\/uploads\/2025\/09\/2-300x169.png 300w, https:\/\/lfmalaga.com\/wp-content\/uploads\/2025\/09\/2-1024x576.png 1024w, https:\/\/lfmalaga.com\/wp-content\/uploads\/2025\/09\/2-768x432.png 768w, https:\/\/lfmalaga.com\/wp-content\/uploads\/2025\/09\/2-1536x864.png 1536w, https:\/\/lfmalaga.com\/wp-content\/uploads\/2025\/09\/2-18x10.png 18w\" sizes=\"(max-width: 1920px) 100vw, 1920px\" \/>\t\t\t\t\t\t\t\t\t\t\t\t\t\t\t<\/div>\n\t\t\t\t<\/div>\n\t\t\t\t<\/div>\n\t\t\t\t\t<\/div>\n\t\t\t\t<\/div>\n\t\t\t\t<section class=\"elementor-section elementor-top-section elementor-element elementor-element-5960075 elementor-section-boxed elementor-section-height-default elementor-section-height-default\" data-id=\"5960075\" data-element_type=\"section\" data-e-type=\"section\">\n\t\t\t\t\t\t<div class=\"elementor-container elementor-column-gap-default\">\n\t\t\t\t\t<div class=\"elementor-column elementor-col-100 elementor-top-column elementor-element elementor-element-eafc6d6\" data-id=\"eafc6d6\" data-element_type=\"column\" data-e-type=\"column\">\n\t\t\t<div class=\"elementor-widget-wrap elementor-element-populated\">\n\t\t\t\t\t\t<div class=\"elementor-element elementor-element-5fca87d elementor-widget elementor-widget-heading\" data-id=\"5fca87d\" data-element_type=\"widget\" data-e-type=\"widget\" data-widget_type=\"heading.default\">\n\t\t\t\t<div class=\"elementor-widget-container\">\n\t\t\t\t\t<h2 class=\"elementor-heading-title elementor-size-default\">Ense\u00f1anza del franc\u00e9s <\/h2>\t\t\t\t<\/div>\n\t\t\t\t<\/div>\n\t\t\t\t<div class=\"elementor-element elementor-element-fdd8fa3 elementor-widget elementor-widget-text-editor\" data-id=\"fdd8fa3\" data-element_type=\"widget\" data-e-type=\"widget\" data-widget_type=\"text-editor.default\">\n\t\t\t\t<div class=\"elementor-widget-container\">\n\t\t\t\t\t\t\t\t\t<h6>El franc\u00e9s es el idioma de comunicaci\u00f3n dentro del centro.\u00a0<\/h6><p>Nuestros alumnos mantienen una relaci\u00f3n privilegiada con \u00e9l con una importante exposici\u00f3n a la lengua francesa gracias en particular a proyectos pedag\u00f3gicos, educativos y culturales como proyectos de clase, semanas tem\u00e1ticas, radio web, simulaciones de organizaciones internacionales, concursos de elocuencia...\u00a0<\/p><h6>Mi hijo no habla franc\u00e9s. \u00bfPuede entrar en el Liceo Franc\u00e9s Internacional de M\u00e1laga?\u00a0<\/h6><p>S\u00ed, su hijo puede entrar en nuestro establecimiento si no habla franc\u00e9s. Hasta la clase de CM2 (10\/11 a\u00f1os), admitimos la matriculaci\u00f3n de alumnos no franc\u00f3fonos. En infantil, muchos de nuestros alumnos no hablan franc\u00e9s cuando llegan. Los docentes son competentes e implantan una pedagog\u00eda centrada en la adquisici\u00f3n del franc\u00e9s como lengua extranjera. Se trabaja entonces por impregnaci\u00f3n (los alumnos escuchan a su profesor y a sus compa\u00f1eros franc\u00f3fonos) y por imitaci\u00f3n (los alumnos repiten lo que dicen su profesor o compa\u00f1eros de clase). Por lo tanto, adquieren estructuras ling\u00fc\u00edsticas y un vocabulario pasivo que entienden y luego un vocabulario activo que pueden usar por s\u00ed mismos.\u00a0<\/p><p>En primaria, su hijo podr\u00e1 beneficiarse del apoyo espec\u00edfico de una profesora especializada en la ense\u00f1anza del franc\u00e9s como lengua extranjera. Esta maestra podr\u00e1 intervenir en la clase de su hijo para ayudarle con sus tareas diarias. Dentro del horario lectivo, se llevar\u00e1 tambi\u00e9n a su hijo fuera del aula para una ense\u00f1anza espec\u00edfica del franc\u00e9s.\u00a0<\/p><h6>Si nadie habla franc\u00e9s en la familia \u00bfc\u00f3mo voy a acompa\u00f1ar a mi hijo en su escolaridad?\u00a0<\/h6><p>En muchas \u00e1reas ense\u00f1adas, el conocimiento del franc\u00e9s en casa no es necesario. En efecto, las matem\u00e1ticas, las ciencias, el espa\u00f1ol, el ingl\u00e9s, la geograf\u00eda... no necesitan ser dominados por la familia. Por lo tanto, ser\u00e1 posible acompa\u00f1ar a su hijo en estas \u00e1reas. En lo que respecta al franc\u00e9s, los profesores saben que algunas familias no dominan nuestro idioma de escolarizaci\u00f3n. Sin embargo, se comunicar\u00e1n con ustedes en espa\u00f1ol si fuera necesario y dispondr\u00e1n de dispositivos para ayudarles (c\u00f3digos QR, env\u00edo de audios...)<\/p>\t\t\t\t\t\t\t\t<\/div>\n\t\t\t\t<\/div>\n\t\t\t\t\t<\/div>\n\t\t<\/div>\n\t\t\t\t\t<\/div>\n\t\t<\/section>\n\t\t\t\t<section class=\"elementor-section elementor-top-section elementor-element elementor-element-d5116c8 elementor-section-boxed elementor-section-height-default elementor-section-height-default\" data-id=\"d5116c8\" data-element_type=\"section\" data-e-type=\"section\">\n\t\t\t\t\t\t<div class=\"elementor-container elementor-column-gap-default\">\n\t\t\t\t\t<div class=\"elementor-column elementor-col-100 elementor-top-column elementor-element elementor-element-03ba8d7\" data-id=\"03ba8d7\" data-element_type=\"column\" data-e-type=\"column\">\n\t\t\t<div class=\"elementor-widget-wrap elementor-element-populated\">\n\t\t\t\t\t\t<div class=\"elementor-element elementor-element-ead9d27 elementor-widget elementor-widget-heading\" data-id=\"ead9d27\" data-element_type=\"widget\" data-e-type=\"widget\" data-widget_type=\"heading.default\">\n\t\t\t\t<div class=\"elementor-widget-container\">\n\t\t\t\t\t<h2 class=\"elementor-heading-title elementor-size-default\">Ense\u00f1anza del espa\u00f1ol<\/h2>\t\t\t\t<\/div>\n\t\t\t\t<\/div>\n\t\t\t\t<div class=\"elementor-element elementor-element-13825df elementor-widget elementor-widget-text-editor\" data-id=\"13825df\" data-element_type=\"widget\" data-e-type=\"widget\" data-widget_type=\"text-editor.default\">\n\t\t\t\t<div class=\"elementor-widget-container\">\n\t\t\t\t\t\t\t\t\t<h6>El espa\u00f1ol es el idioma de nuestro pa\u00eds anfitri\u00f3n.\u00a0<\/h6><p>El Real Decreto 806\/93 establece las condiciones de permeabilidad entre los sistemas franc\u00e9s y espa\u00f1ol. As\u00ed que, en cualquier momento de su escolaridad, nuestros alumnos pueden integrarse al sistema espa\u00f1ol sin perjuicio en sus aprendizajes.\u00a0<\/p><h6>Mi hijo no habla espa\u00f1ol. \u00bfPuede entrar en el Liceo Franc\u00e9s Internacional de M\u00e1laga?\u00a0<\/h6><p>Nuestra especialidad es la ense\u00f1anza de idiomas en general. Todos nuestros alumnos aprenden a hablar espa\u00f1ol hasta un nivel muy avanzado. Desde infantil, su hijo cursar\u00e1 4 horas por semana en espa\u00f1ol. Adem\u00e1s, estar\u00e1 en contacto permanente con otros alumnos hispanohablantes. Esto har\u00e1 que comience a aprender espa\u00f1ol y con el tiempo domine el idioma perfectamente.\u00a0<\/p><p>En primaria, los alumnos que no hablan espa\u00f1ol pueden beneficiarse durante 2 a\u00f1os de un aprendizaje espec\u00edfico. Nuestra profesora especializada en la ense\u00f1anza del espa\u00f1ol como lengua extranjera intervendr\u00e1 con su hijo fuera del aula para un curso de espa\u00f1ol espec\u00edfico. Su hijo asistir\u00e1 tambi\u00e9n a 3 de las 4 horas de espa\u00f1ol en su clase. Esto le permitir\u00e1 evolucionar y seguir todos los proyectos de clase.\u00a0<\/p><h6>De 6\u00ba Prim. a 4\u00ba ESO (desde los 12 hasta los 16 a\u00f1os), nuestros alumnos no hispanohablantes siguen en grupo, fuera del aula, una ense\u00f1anza de 2 horas por competencia y 2 horas m\u00e1s dentro del aula con una adaptaci\u00f3n en cada tarea.\u00a0<\/h6><p>Al igual que en primaria, se implanta por un m\u00e1ximo de 2 a\u00f1os. La ense\u00f1anza de la historia y la geograf\u00eda en el curr\u00edculo franc\u00e9s se complementa con ciertos puntos de la historia y la geograf\u00eda espa\u00f1olas. En el ciclo final (en 1\u00ba y 2\u00ba Bach.) los alumnos que lleguen seguir\u00edan el programa franc\u00e9s con 1 hora adicional si desean integrar una universidad espa\u00f1ola.\u00a0<span style=\"color: var( --e-global-color-d9c29ee ); font-family: var( --e-global-typography-text-font-family ), Sans-serif; font-size: var( --e-global-typography-text-font-size ); font-weight: var( --e-global-typography-text-font-weight );\">La ense\u00f1anza del espa\u00f1ol para alumnos que no tienen suficiente conocimiento del idioma se imparte en grupos, seg\u00fan las necesidades de cada uno.<\/span><\/p>\t\t\t\t\t\t\t\t<\/div>\n\t\t\t\t<\/div>\n\t\t\t\t\t<\/div>\n\t\t<\/div>\n\t\t\t\t\t<\/div>\n\t\t<\/section>\n\t\t\t\t<section class=\"elementor-section elementor-top-section elementor-element elementor-element-3d73ca9 elementor-section-boxed elementor-section-height-default elementor-section-height-default\" data-id=\"3d73ca9\" data-element_type=\"section\" data-e-type=\"section\">\n\t\t\t\t\t\t<div class=\"elementor-container elementor-column-gap-default\">\n\t\t\t\t\t<div class=\"elementor-column elementor-col-100 elementor-top-column elementor-element elementor-element-6c55766\" data-id=\"6c55766\" data-element_type=\"column\" data-e-type=\"column\">\n\t\t\t<div class=\"elementor-widget-wrap elementor-element-populated\">\n\t\t\t\t\t\t<div class=\"elementor-element elementor-element-8bae9bb elementor-widget elementor-widget-heading\" data-id=\"8bae9bb\" data-element_type=\"widget\" data-e-type=\"widget\" data-widget_type=\"heading.default\">\n\t\t\t\t<div class=\"elementor-widget-container\">\n\t\t\t\t\t<h2 class=\"elementor-heading-title elementor-size-default\">Ense\u00f1anza del ingl\u00e9s<\/h2>\t\t\t\t<\/div>\n\t\t\t\t<\/div>\n\t\t\t\t<div class=\"elementor-element elementor-element-0b0ecdd elementor-widget elementor-widget-text-editor\" data-id=\"0b0ecdd\" data-element_type=\"widget\" data-e-type=\"widget\" data-widget_type=\"text-editor.default\">\n\t\t\t\t<div class=\"elementor-widget-container\">\n\t\t\t\t\t\t\t\t\t<p>El aprendizaje del ingl\u00e9s comienza desde la 1\u00ba de Infantil (el alumno tiene 3 a\u00f1os de edad), por medio de una impregnaci\u00f3n l\u00fadica con el idioma y contin\u00faa durante toda la escolaridad, hasta la clase de 2\u00ba Bach.\u00a0<\/p><p>Tambi\u00e9n, varias asignaturas se imparten en ingl\u00e9s a lo largo de la escolaridad (educaci\u00f3n f\u00edsica, matem\u00e1ticas...). Al final del curso, nuestros alumnos tienen acceso a las certificaciones de Cambridge en el nivel B2 o C1.<\/p>\t\t\t\t\t\t\t\t<\/div>\n\t\t\t\t<\/div>\n\t\t\t\t\t<\/div>\n\t\t<\/div>\n\t\t\t\t\t<\/div>\n\t\t<\/section>\n\t\t\t\t<section class=\"elementor-section elementor-top-section elementor-element elementor-element-8f2dc46 elementor-section-boxed elementor-section-height-default elementor-section-height-default\" data-id=\"8f2dc46\" data-element_type=\"section\" data-e-type=\"section\">\n\t\t\t\t\t\t<div class=\"elementor-container elementor-column-gap-default\">\n\t\t\t\t\t<div class=\"elementor-column elementor-col-100 elementor-top-column elementor-element elementor-element-48c027d\" data-id=\"48c027d\" data-element_type=\"column\" data-e-type=\"column\">\n\t\t\t<div class=\"elementor-widget-wrap elementor-element-populated\">\n\t\t\t\t\t\t<div class=\"elementor-element elementor-element-5e1a1f3 elementor-widget elementor-widget-heading\" data-id=\"5e1a1f3\" data-element_type=\"widget\" data-e-type=\"widget\" data-widget_type=\"heading.default\">\n\t\t\t\t<div class=\"elementor-widget-container\">\n\t\t\t\t\t<h2 class=\"elementor-heading-title elementor-size-default\">Ense\u00f1anza del alem\u00e1n (o del lat\u00edn)<\/h2>\t\t\t\t<\/div>\n\t\t\t\t<\/div>\n\t\t\t\t<div class=\"elementor-element elementor-element-f51b1fc elementor-widget elementor-widget-text-editor\" data-id=\"f51b1fc\" data-element_type=\"widget\" data-e-type=\"widget\" data-widget_type=\"text-editor.default\">\n\t\t\t\t<div class=\"elementor-widget-container\">\n\t\t\t\t\t\t\t\t\t<p>El alem\u00e1n o el lat\u00edn se dan como opciones a partir de 1\u00ba ESO (12 a\u00f1os). Los alumnos germanistas tienen la oportunidad de solicitar la certificaci\u00f3n Goethe B1.<\/p>\t\t\t\t\t\t\t\t<\/div>\n\t\t\t\t<\/div>\n\t\t\t\t\t<\/div>\n\t\t<\/div>\n\t\t\t\t\t<\/div>\n\t\t<\/section>\n\t\t\t\t<\/div>","protected":false},"excerpt":{"rendered":"<p>Les parcours linguistiques L\u2019apprentissage des langues est la sp\u00e9cialit\u00e9 du Lyc\u00e9e Fran\u00e7ais International de Malaga.\u00a0 D\u00e8s 3 ans, nos \u00e9l\u00e8ves sont impr\u00e9gn\u00e9s de 3 langues vivantes qu\u2019ils vont entendre, d\u00e9couvrir et parler\u00a0: le fran\u00e7ais bien s\u00fbr qui est notre langue de scolarisation, l\u2019espagnol et l\u2019anglais. Nos \u00e9l\u00e8ves vont pouvoir perfectionner ces 3 langues vivantes jusqu\u2019\u00e0 [&hellip;]<\/p>\n","protected":false},"author":1,"featured_media":365,"parent":36447,"menu_order":0,"comment_status":"closed","ping_status":"closed","template":"","meta":{"footnotes":""},"class_list":["post-29048","page","type-page","status-publish","has-post-thumbnail","hentry"],"_links":{"self":[{"href":"https:\/\/lfmalaga.com\/es\/wp-json\/wp\/v2\/pages\/29048","targetHints":{"allow":["GET"]}}],"collection":[{"href":"https:\/\/lfmalaga.com\/es\/wp-json\/wp\/v2\/pages"}],"about":[{"href":"https:\/\/lfmalaga.com\/es\/wp-json\/wp\/v2\/types\/page"}],"author":[{"embeddable":true,"href":"https:\/\/lfmalaga.com\/es\/wp-json\/wp\/v2\/users\/1"}],"replies":[{"embeddable":true,"href":"https:\/\/lfmalaga.com\/es\/wp-json\/wp\/v2\/comments?post=29048"}],"version-history":[{"count":35,"href":"https:\/\/lfmalaga.com\/es\/wp-json\/wp\/v2\/pages\/29048\/revisions"}],"predecessor-version":[{"id":36146,"href":"https:\/\/lfmalaga.com\/es\/wp-json\/wp\/v2\/pages\/29048\/revisions\/36146"}],"up":[{"embeddable":true,"href":"https:\/\/lfmalaga.com\/es\/wp-json\/wp\/v2\/pages\/36447"}],"wp:featuredmedia":[{"embeddable":true,"href":"https:\/\/lfmalaga.com\/es\/wp-json\/"}],"wp:attachment":[{"href":"https:\/\/lfmalaga.com\/es\/wp-json\/wp\/v2\/media?parent=29048"}],"curies":[{"name":"wp","href":"https:\/\/api.w.org\/{rel}","templated":true}]}}