{"id":3,"date":"2022-01-27T08:44:19","date_gmt":"2022-01-27T07:44:19","guid":{"rendered":"https:\/\/lfmalaga.com\/?page_id=3"},"modified":"2022-09-26T17:30:26","modified_gmt":"2022-09-26T15:30:26","slug":"conditions-dutilisation","status":"publish","type":"page","link":"https:\/\/lfmalaga.com\/es\/conditions-dutilisation\/","title":{"rendered":"Condiciones generales de uso"},"content":{"rendered":"<div data-elementor-type=\"wp-page\" data-elementor-id=\"3\" class=\"elementor elementor-3\" data-elementor-post-type=\"page\">\n\t\t\t\t\t\t<section class=\"elementor-section elementor-top-section elementor-element elementor-element-1109ba49 elementor-section-boxed elementor-section-height-default elementor-section-height-default\" data-id=\"1109ba49\" data-element_type=\"section\" data-e-type=\"section\">\n\t\t\t\t\t\t<div class=\"elementor-container elementor-column-gap-default\">\n\t\t\t\t\t<div class=\"elementor-column elementor-col-100 elementor-top-column elementor-element elementor-element-64042790\" data-id=\"64042790\" data-element_type=\"column\" data-e-type=\"column\">\n\t\t\t<div class=\"elementor-widget-wrap elementor-element-populated\">\n\t\t\t\t\t\t<div class=\"elementor-element elementor-element-eb8bbdf elementor-widget elementor-widget-text-editor\" data-id=\"eb8bbdf\" data-element_type=\"widget\" data-e-type=\"widget\" data-widget_type=\"text-editor.default\">\n\t\t\t\t<div class=\"elementor-widget-container\">\n\t\t\t\t\t\t\t\t\t\n<h4 class=\"wp-block-heading\">pol\u00edtica de confidencialidad<\/h4>\n<p>El sitio web lfmalaga.com es propiedad del Lyc\u00e9e Fran\u00e7ais International de Malaga (LFIM), que es responsable del tratamiento de sus datos personales.<\/p>\n<p>Hemos adoptado esta Pol\u00edtica de Privacidad, que establece c\u00f3mo tratamos la informaci\u00f3n recopilada por lfmalaga.com, que tambi\u00e9n proporciona las razones por las que necesitamos recopilar ciertos datos personales sobre usted. Por lo tanto, debes leer esta pol\u00edtica de privacidad antes de utilizar el sitio web lfmalaga.com.<\/p>\n<p>Cuidamos sus datos personales y nos comprometemos a garantizar su confidencialidad y seguridad.<\/p>\n<h4>La informaci\u00f3n personal que recopilamos:<\/h4>\n<p>Cuando visita lfmalaga.com, recopilamos autom\u00e1ticamente cierta informaci\u00f3n sobre su dispositivo, incluida informaci\u00f3n sobre su navegador web, direcci\u00f3n IP, zona horaria y algunas de las cookies que est\u00e1n instaladas en su dispositivo. Adem\u00e1s, a medida que navega por el Sitio, recopilamos informaci\u00f3n sobre las p\u00e1ginas web o los productos individuales que visita, qu\u00e9 sitios web o t\u00e9rminos de b\u00fasqueda lo refirieron al Sitio e informaci\u00f3n sobre c\u00f3mo interact\u00faa con el Sitio. Nos referimos a esta informaci\u00f3n recopilada autom\u00e1ticamente como \u201cInformaci\u00f3n del dispositivo\u201d. Adem\u00e1s, podemos recopilar datos personales que usted nos proporcione (incluyendo, pero no limitado a, nombre, apellido, direcci\u00f3n, informaci\u00f3n de pago, etc.) durante el registro para poder ejecutar el contrato.<\/p>\n<h4>\u00bfPor qu\u00e9 tratamos sus datos?<\/h4>\n<p>Nuestra principal prioridad es la seguridad de los datos de los clientes y, como tal, solo podemos procesar datos m\u00ednimos de los usuarios, solo en la medida en que sea absolutamente necesario para mantener el sitio web. La informaci\u00f3n recopilada autom\u00e1ticamente se utiliza \u00fanicamente para identificar posibles casos de abuso y establecer informaci\u00f3n estad\u00edstica sobre el uso del sitio web. Esta informaci\u00f3n estad\u00edstica no se agrega de ninguna manera que pueda identificar a ning\u00fan usuario particular del sistema.<\/p>\n<p>Puede visitar el sitio web sin decirnos qui\u00e9n es ni revelar ninguna informaci\u00f3n mediante la cual alguien pueda identificarlo como un individuo espec\u00edfico e identificable. Sin embargo, si desea utilizar ciertas caracter\u00edsticas del sitio web, o si desea recibir nuestro bolet\u00edn o proporcionar otros detalles completando un formulario, puede proporcionarnos datos personales, como su correo electr\u00f3nico, nombre, apellido, ciudad de residencia, organizaci\u00f3n, n\u00famero de tel\u00e9fono. Puede optar por no proporcionarnos sus datos personales, pero es posible que no pueda aprovechar ciertas funciones del sitio web. Por ejemplo, no podr\u00e1 recibir nuestra newsletter ni contactarnos directamente desde el sitio web. Los usuarios que no est\u00e9n seguros de qu\u00e9 informaci\u00f3n es obligatoria est\u00e1n invitados a ponerse en contacto con nosotros a trav\u00e9s de contact@lfmalaga.com.<\/p>\n<h4>Tus derechos :<\/h4>\n<p>Si es residente europeo, tiene los siguientes derechos relacionados con sus datos personales:<\/p>\n<ul>\n<li>El derecho a estar informado.<\/li>\n<li>El derecho de acceso.<\/li>\n<li>El derecho a la rectificaci\u00f3n.<\/li>\n<li>El derecho al borrado.<\/li>\n<li>El derecho a restringir el procesamiento.<\/li>\n<li>El derecho a la portabilidad de los datos.<\/li>\n<li>El derecho a objetar.<\/li>\n<li>Derechos relativos a la toma de decisiones automatizada y elaboraci\u00f3n de perfiles.<\/li>\n<\/ul>\n<p>Si desea ejercer este derecho, comun\u00edquese con nosotros utilizando los datos de contacto a continuaci\u00f3n.<\/p>\n<p>Adem\u00e1s, si usted es un residente europeo, observamos que estamos procesando su informaci\u00f3n para cumplir con los contratos que podamos tener con usted (por ejemplo, si realiza un pedido a trav\u00e9s del Sitio) o para perseguir nuestros intereses comerciales leg\u00edtimos enumerados anteriormente. Adem\u00e1s, tenga en cuenta que su informaci\u00f3n puede transferirse fuera de Europa, incluso a Canad\u00e1 y Estados Unidos.<\/p>\n<h4>Enlaces a otros sitios web:<\/h4>\n<p>Nuestro sitio web puede contener enlaces a otros sitios web que no son de nuestra propiedad ni est\u00e1n controlados por nosotros. Tenga en cuenta que no somos responsables de estos otros sitios web ni de las pr\u00e1cticas de privacidad de terceros. Le recomendamos que tenga cuidado cuando abandone nuestro sitio web y que lea las declaraciones de privacidad de todos y cada uno de los sitios web que puedan recopilar informaci\u00f3n personal.<\/p>\n<h4>Seguridad de la informaci\u00f3n:<\/h4>\n<p>Protegemos la informaci\u00f3n que nos proporciona en servidores inform\u00e1ticos en un entorno seguro y controlado, protegidos del acceso, uso o divulgaci\u00f3n no autorizados. Mantenemos medidas de seguridad administrativas, t\u00e9cnicas y f\u00edsicas razonables para proteger contra el acceso, uso, modificaci\u00f3n y divulgaci\u00f3n no autorizados de los datos personales bajo su control y custodia. Sin embargo, no se puede garantizar la transmisi\u00f3n de datos a trav\u00e9s de Internet o de una red inal\u00e1mbrica.<\/p>\n<h4>Divulgaci\u00f3n legal:<\/h4>\n<p>Revelaremos cualquier informaci\u00f3n que recopilemos, usemos o recibamos si la ley lo requiere o lo permite, como para cumplir con una citaci\u00f3n o un proceso legal similar, y cuando creamos de buena fe que la divulgaci\u00f3n es necesaria para proteger nuestros derechos, su seguridad o la seguridad de otros, investigar fraude o responder a una solicitud del gobierno.<\/p>\n<h4>Informaci\u00f3n del contacto :<\/h4>\n<p>Si desea comunicarse con nosotros para comprender mejor esta pol\u00edtica o si desea comunicarse con nosotros con respecto a cualquier pregunta relacionada con los derechos individuales y su informaci\u00f3n personal, puede enviar un correo electr\u00f3nico a contact@lfmalaga.com.<\/p>\n\t\t\t\t\t\t\t\t<\/div>\n\t\t\t\t<\/div>\n\t\t\t\t\t<\/div>\n\t\t<\/div>\n\t\t\t\t\t<\/div>\n\t\t<\/section>\n\t\t\t\t<\/div>","protected":false},"excerpt":{"rendered":"<p>Politique de confidentialit\u00e9 Le site web lfmalaga.com est d\u00e9tenu par Lyc\u00e9e Fran\u00e7ais International de Malaga (LFIM), qui est un contr\u00f4leur de donn\u00e9es de vos donn\u00e9es personnelles. Nous avons adopt\u00e9 cette politique de confidentialit\u00e9, qui d\u00e9termine la mani\u00e8re dont nous traitons les informations collect\u00e9es par lfmalaga.com, qui fournit \u00e9galement les raisons pour lesquelles nous devons collecter [&hellip;]<\/p>\n","protected":false},"author":1,"featured_media":0,"parent":0,"menu_order":0,"comment_status":"closed","ping_status":"closed","template":"","meta":{"footnotes":""},"class_list":["post-3","page","type-page","status-publish","hentry"],"_links":{"self":[{"href":"https:\/\/lfmalaga.com\/es\/wp-json\/wp\/v2\/pages\/3","targetHints":{"allow":["GET"]}}],"collection":[{"href":"https:\/\/lfmalaga.com\/es\/wp-json\/wp\/v2\/pages"}],"about":[{"href":"https:\/\/lfmalaga.com\/es\/wp-json\/wp\/v2\/types\/page"}],"author":[{"embeddable":true,"href":"https:\/\/lfmalaga.com\/es\/wp-json\/wp\/v2\/users\/1"}],"replies":[{"embeddable":true,"href":"https:\/\/lfmalaga.com\/es\/wp-json\/wp\/v2\/comments?post=3"}],"version-history":[{"count":0,"href":"https:\/\/lfmalaga.com\/es\/wp-json\/wp\/v2\/pages\/3\/revisions"}],"wp:attachment":[{"href":"https:\/\/lfmalaga.com\/es\/wp-json\/wp\/v2\/media?parent=3"}],"curies":[{"name":"wp","href":"https:\/\/api.w.org\/{rel}","templated":true}]}}