{"id":30400,"date":"2022-04-11T11:50:59","date_gmt":"2022-04-11T09:50:59","guid":{"rendered":"https:\/\/lfmalaga.com\/?page_id=30400"},"modified":"2024-12-11T15:57:53","modified_gmt":"2024-12-11T14:57:53","slug":"lycee","status":"publish","type":"page","link":"https:\/\/lfmalaga.com\/es\/lycee\/","title":{"rendered":"Bachiller"},"content":{"rendered":"<div data-elementor-type=\"wp-page\" data-elementor-id=\"30400\" class=\"elementor elementor-30400\" data-elementor-post-type=\"page\">\n\t\t\t\t\t\t<section class=\"elementor-section elementor-top-section elementor-element elementor-element-60136fa elementor-section-boxed elementor-section-height-default elementor-section-height-default\" data-id=\"60136fa\" data-element_type=\"section\" data-e-type=\"section\">\n\t\t\t\t\t\t<div class=\"elementor-container elementor-column-gap-default\">\n\t\t\t\t\t<div class=\"elementor-column elementor-col-100 elementor-top-column elementor-element elementor-element-4ae3642\" data-id=\"4ae3642\" data-element_type=\"column\" data-e-type=\"column\">\n\t\t\t<div class=\"elementor-widget-wrap elementor-element-populated\">\n\t\t\t\t\t\t<div class=\"elementor-element elementor-element-d99629e elementor-widget elementor-widget-menu-anchor\" data-id=\"d99629e\" data-element_type=\"widget\" data-e-type=\"widget\" data-widget_type=\"menu-anchor.default\">\n\t\t\t\t<div class=\"elementor-widget-container\">\n\t\t\t\t\t\t\t<div class=\"elementor-menu-anchor\" id=\"lycee\"><\/div>\n\t\t\t\t\t\t<\/div>\n\t\t\t\t<\/div>\n\t\t\t\t<div class=\"elementor-element elementor-element-308c554 elementor-widget elementor-widget-heading\" data-id=\"308c554\" data-element_type=\"widget\" data-e-type=\"widget\" data-widget_type=\"heading.default\">\n\t\t\t\t<div class=\"elementor-widget-container\">\n\t\t\t\t\t<h2 class=\"elementor-heading-title elementor-size-default\">Bachiller<\/h2>\t\t\t\t<\/div>\n\t\t\t\t<\/div>\n\t\t\t\t\t<\/div>\n\t\t<\/div>\n\t\t\t\t\t<\/div>\n\t\t<\/section>\n\t\t<div class=\"elementor-element elementor-element-301e8d5 e-flex e-con-boxed e-con e-parent\" data-id=\"301e8d5\" data-element_type=\"container\" data-e-type=\"container\">\n\t\t\t\t\t<div class=\"e-con-inner\">\n\t\t\t\t<div class=\"elementor-element elementor-element-c0427eb elementor-tabs-view-horizontal elementor-widget elementor-widget-tabs\" data-id=\"c0427eb\" data-element_type=\"widget\" data-e-type=\"widget\" data-widget_type=\"tabs.default\">\n\t\t\t\t<div class=\"elementor-widget-container\">\n\t\t\t\t\t\t\t<div class=\"elementor-tabs\">\n\t\t\t<div class=\"elementor-tabs-wrapper\" role=\"tablist\" >\n\t\t\t\t\t\t\t\t\t<div id=\"elementor-tab-title-2011\" class=\"elementor-tab-title elementor-tab-desktop-title\" aria-selected=\"true\" data-tab=\"1\" role=\"tab\" tabindex=\"0\" aria-controls=\"elementor-tab-content-2011\" aria-expanded=\"false\">\"SECONDE\" GENERAL Y TECNOLOGICA<\/div>\n\t\t\t\t\t\t\t\t\t<div id=\"elementor-tab-title-2012\" class=\"elementor-tab-title elementor-tab-desktop-title\" aria-selected=\"false\" data-tab=\"2\" role=\"tab\" tabindex=\"-1\" aria-controls=\"elementor-tab-content-2012\" aria-expanded=\"false\">CICLO TERMINAL<\/div>\n\t\t\t\t\t\t\t<\/div>\n\t\t\t<div class=\"elementor-tabs-content-wrapper\" role=\"tablist\" aria-orientation=\"vertical\">\n\t\t\t\t\t\t\t\t\t<div class=\"elementor-tab-title elementor-tab-mobile-title\" aria-selected=\"true\" data-tab=\"1\" role=\"tab\" tabindex=\"0\" aria-controls=\"elementor-tab-content-2011\" aria-expanded=\"false\">\"SECONDE\" GENERAL Y TECNOLOGICA<\/div>\n\t\t\t\t\t<div id=\"elementor-tab-content-2011\" class=\"elementor-tab-content elementor-clearfix\" data-tab=\"1\" role=\"tabpanel\" aria-labelledby=\"elementor-tab-title-2011\" tabindex=\"0\" hidden=\"false\"><p>La clase de \"Seconde\" general y tecnol\u00f3gica es una clase de determinaci\u00f3n que incluye lecciones comunes a todos los alumnos y lecciones optativas a elegir.<\/p><h6>Una clase de determinaci\u00f3n<\/h6><p>La clase general y tecnol\u00f3gica de segundo a\u00f1o est\u00e1 dise\u00f1ada para permitir a los estudiantes consolidar y ampliar su dominio del n\u00facleo com\u00fan de conocimientos, habilidades y cultura para realizar con \u00e9xito la transici\u00f3n de la secundaria a la preparatoria. Los prepara para determinar su elecci\u00f3n de camino dentro del \u00faltimo ciclo hasta el bachillerato general o tecnol\u00f3gico con el objetivo de continuar con \u00e9xito su educaci\u00f3n superior y, m\u00e1s all\u00e1 de ella, su inserci\u00f3n profesional.<\/p><p>Combina:<\/p><ul><li>Lecciones comunes para una cultura com\u00fan fortalecida<\/li><li>Optativas: los alumnos pueden elegir un m\u00e1ximo de dos optativas (una de entre las optativas generales: Alem\u00e1n-Teatro-Artes pl\u00e1sticas)<\/li><\/ul><h6>Dispositivos para apoyar mejor a los estudiantes<\/h6><p>Se dedica un amplio cronograma (hasta 54 horas, a t\u00edtulo indicativo y en funci\u00f3n de las necesidades de los estudiantes) a apoyar la elecci\u00f3n de la orientaci\u00f3n. Estas horas se dedican al desarrollo de un proyecto que conduce a la elecci\u00f3n de un itinerario formativo y de ense\u00f1anzas especializadas para el \u00faltimo ciclo y, posteriormente, a la continuaci\u00f3n con \u00e9xito de los estudios superiores.<\/p><h6>Tablas de horarios de clases<\/h6><h6><img fetchpriority=\"high\" decoding=\"async\" class=\"wp-image-34490 size-large aligncenter\" src=\"https:\/\/lfmalaga.com\/wp-content\/uploads\/2023\/09\/Enseignement-communs-724x1024.png\" alt=\"\" width=\"724\" height=\"1024\" srcset=\"https:\/\/lfmalaga.com\/wp-content\/uploads\/2023\/09\/Enseignement-communs-724x1024.png 724w, https:\/\/lfmalaga.com\/wp-content\/uploads\/2023\/09\/Enseignement-communs-212x300.png 212w, https:\/\/lfmalaga.com\/wp-content\/uploads\/2023\/09\/Enseignement-communs-768x1086.png 768w, https:\/\/lfmalaga.com\/wp-content\/uploads\/2023\/09\/Enseignement-communs-1086x1536.png 1086w, https:\/\/lfmalaga.com\/wp-content\/uploads\/2023\/09\/Enseignement-communs-8x12.png 8w, https:\/\/lfmalaga.com\/wp-content\/uploads\/2023\/09\/Enseignement-communs.png 1414w\" sizes=\"(max-width: 724px) 100vw, 724px\" \/><\/h6><\/div>\n\t\t\t\t\t\t\t\t\t<div class=\"elementor-tab-title elementor-tab-mobile-title\" aria-selected=\"false\" data-tab=\"2\" role=\"tab\" tabindex=\"-1\" aria-controls=\"elementor-tab-content-2012\" aria-expanded=\"false\">CICLO TERMINAL<\/div>\n\t\t\t\t\t<div id=\"elementor-tab-content-2012\" class=\"elementor-tab-content elementor-clearfix\" data-tab=\"2\" role=\"tabpanel\" aria-labelledby=\"elementor-tab-title-2012\" tabindex=\"0\" hidden=\"hidden\"><p>El ciclo final del itinerario general incluye asignaturas comunes a todos los alumnos, asignaturas obligatorias de especializaci\u00f3n a elegir y asignaturas optativas a elegir.<\/p><h6>Lecciones comunes a todos los alumnos para fortalecer la cultura com\u00fan<\/h6><p>Ya no existe una serie en el recorrido general. Todos los estudiantes siguen un n\u00facleo com\u00fan sustancial y se benefician, en particular, de dos horas de ense\u00f1anza cient\u00edfica por semana en el primer y \u00faltimo a\u00f1o. Tambi\u00e9n forman parte de este n\u00facleo com\u00fan el franc\u00e9s (en el primer a\u00f1o), la filosof\u00eda (en el \u00faltimo a\u00f1o), la historia-geograf\u00eda, las lenguas modernas A y B, la EMC y la EPS. En total, los cursos b\u00e1sicos comunes representan casi el 60% del total de cursos en el primer a\u00f1o y 55% en el \u00faltimo a\u00f1o.<\/p><h6>Progresividad de los cursos: la elecci\u00f3n de los cursos de especialidad<\/h6><p>En el \u00faltimo ciclo del itinerario general, adem\u00e1s de los cursos comunes, los alumnos siguen cursos obligatorios de especializaci\u00f3n a su elecci\u00f3n: 3 en 1\u00ba Bach. y 2 en 2\u00ba Bach.\u00a0<span style=\"color: var( --e-global-color-d9c29ee ); font-family: var( --e-global-typography-text-font-family ), Sans-serif; font-size: var( --e-global-typography-text-font-size ); font-weight: var( --e-global-typography-text-font-weight );\">Estas lecciones permiten a los estudiantes adquirir gradualmente habilidades y conocimientos adaptados a sus futuras opciones de educaci\u00f3n superior.<\/span><\/p><p>En primera clase, los estudiantes deben elegir sus 3 cursos de especialidad (al final de la segunda clase general y tecnol\u00f3gica) de una lista de 7 especialidades posibles.<\/p><p>En el \u00faltimo a\u00f1o, los estudiantes eligen mantener 2 de los 3 cursos de especialidad del primer a\u00f1o, dependiendo de sus intereses y sus planes de educaci\u00f3n superior.<\/p><h6>Cursos opcionales<\/h6><p>Las asignaturas optativas (1 opci\u00f3n en el primer a\u00f1o y 2 como m\u00e1ximo en el \u00faltimo a\u00f1o) permiten a los estudiantes completar su formaci\u00f3n en funci\u00f3n de sus intereses y de sus planes de estudios posteriores.<\/p><p>Las asignaturas optativas propias del \u00faltimo a\u00f1o de bachillerato (\u201cmatem\u00e1ticas complementarias\u201d, \u201cmatem\u00e1ticas de experto\u201d y \u201cderecho y grandes cuestiones contempor\u00e1neas\u201d) pueden permitir a los estudiantes ampliar sus opciones de educaci\u00f3n superior.<\/p><h6>Soporte de orientaci\u00f3n mejorado<\/h6><p>Al igual que en el segundo a\u00f1o general y tecnol\u00f3gico y adem\u00e1s del acompa\u00f1amiento personalizado en funci\u00f3n de las necesidades de cada estudiante, se ofrece a los estudiantes 54 horas de orientaci\u00f3n para la elecci\u00f3n de carrera para afinar su elecci\u00f3n de cursos de especialidad en el \u00faltimo a\u00f1o y preparar su futura elecci\u00f3n de estudios superiores.<\/p><\/div>\n\t\t\t\t\t\t\t<\/div>\n\t\t<\/div>\n\t\t\t\t\t\t<\/div>\n\t\t\t\t<\/div>\n\t\t\t\t<div class=\"elementor-element elementor-element-d2d1104 elementor-mobile-align-center elementor-widget elementor-widget-button\" data-id=\"d2d1104\" data-element_type=\"widget\" data-e-type=\"widget\" data-widget_type=\"button.default\">\n\t\t\t\t<div class=\"elementor-widget-container\">\n\t\t\t\t\t\t\t\t\t<div class=\"elementor-button-wrapper\">\n\t\t\t\t\t<a class=\"elementor-button elementor-button-link elementor-size-sm\" href=\"https:\/\/lfmalaga.com\/wp-content\/uploads\/2022\/09\/2022-08-26-Cycle-terminal.pdf\" target=\"_blank\">\n\t\t\t\t\t\t<span class=\"elementor-button-content-wrapper\">\n\t\t\t\t\t\t<span class=\"elementor-button-icon\">\n\t\t\t\t<i aria-hidden=\"true\" class=\"far fa-file-alt\"><\/i>\t\t\t<\/span>\n\t\t\t\t\t\t\t\t\t<span class=\"elementor-button-text\">Horarios did\u00e1cticos para el ciclo final de la ruta general<\/span>\n\t\t\t\t\t<\/span>\n\t\t\t\t\t<\/a>\n\t\t\t\t<\/div>\n\t\t\t\t\t\t\t\t<\/div>\n\t\t\t\t<\/div>\n\t\t\t\t<div class=\"elementor-element elementor-element-ab27ef7 elementor-widget elementor-widget-spacer\" data-id=\"ab27ef7\" data-element_type=\"widget\" data-e-type=\"widget\" data-widget_type=\"spacer.default\">\n\t\t\t\t<div class=\"elementor-widget-container\">\n\t\t\t\t\t\t\t<div class=\"elementor-spacer\">\n\t\t\t<div class=\"elementor-spacer-inner\"><\/div>\n\t\t<\/div>\n\t\t\t\t\t\t<\/div>\n\t\t\t\t<\/div>\n\t\t\t\t\t<\/div>\n\t\t\t\t<\/div>\n\t\t\t\t<section class=\"elementor-section elementor-top-section elementor-element elementor-element-cb3a4d5 elementor-section-boxed elementor-section-height-default elementor-section-height-default\" data-id=\"cb3a4d5\" data-element_type=\"section\" data-e-type=\"section\">\n\t\t\t\t\t\t<div class=\"elementor-container elementor-column-gap-default\">\n\t\t\t\t\t<div class=\"elementor-column elementor-col-100 elementor-top-column elementor-element elementor-element-9fa8a51\" data-id=\"9fa8a51\" data-element_type=\"column\" data-e-type=\"column\">\n\t\t\t<div class=\"elementor-widget-wrap elementor-element-populated\">\n\t\t\t\t\t\t<div class=\"elementor-element elementor-element-2a1485e elementor-widget elementor-widget-heading\" data-id=\"2a1485e\" data-element_type=\"widget\" data-e-type=\"widget\" data-widget_type=\"heading.default\">\n\t\t\t\t<div class=\"elementor-widget-container\">\n\t\t\t\t\t<h2 class=\"elementor-heading-title elementor-size-default\">EL EQUIPO DOCENTE<\/h2>\t\t\t\t<\/div>\n\t\t\t\t<\/div>\n\t\t\t\t<div class=\"elementor-element elementor-element-b623917 elementor-widget elementor-widget-image\" data-id=\"b623917\" data-element_type=\"widget\" data-e-type=\"widget\" data-widget_type=\"image.default\">\n\t\t\t\t<div class=\"elementor-widget-container\">\n\t\t\t\t\t\t\t\t\t\t\t\t\t\t\t<img decoding=\"async\" width=\"2048\" height=\"1365\" src=\"https:\/\/lfmalaga.com\/wp-content\/uploads\/2024\/09\/101-2048x1365.jpg\" class=\"attachment-2048x2048 size-2048x2048 wp-image-35329\" alt=\"\" srcset=\"https:\/\/lfmalaga.com\/wp-content\/uploads\/2024\/09\/101-2048x1365.jpg 2048w, https:\/\/lfmalaga.com\/wp-content\/uploads\/2024\/09\/101-300x200.jpg 300w, https:\/\/lfmalaga.com\/wp-content\/uploads\/2024\/09\/101-1024x683.jpg 1024w, https:\/\/lfmalaga.com\/wp-content\/uploads\/2024\/09\/101-768x512.jpg 768w, https:\/\/lfmalaga.com\/wp-content\/uploads\/2024\/09\/101-1536x1024.jpg 1536w, https:\/\/lfmalaga.com\/wp-content\/uploads\/2024\/09\/101-18x12.jpg 18w\" sizes=\"(max-width: 2048px) 100vw, 2048px\" \/>\t\t\t\t\t\t\t\t\t\t\t\t\t\t\t<\/div>\n\t\t\t\t<\/div>\n\t\t<div class=\"elementor-element elementor-element-ffe51a9 e-flex e-con-boxed e-con e-parent\" data-id=\"ffe51a9\" data-element_type=\"container\" data-e-type=\"container\">\n\t\t\t\t\t<div class=\"e-con-inner\">\n\t\t\t\t\t<\/div>\n\t\t\t\t<\/div>\n\t\t\t\t\t<\/div>\n\t\t<\/div>\n\t\t\t\t\t<\/div>\n\t\t<\/section>\n\t\t\t\t<section class=\"elementor-section elementor-top-section elementor-element elementor-element-b9fdd33 elementor-section-boxed elementor-section-height-default elementor-section-height-default\" data-id=\"b9fdd33\" data-element_type=\"section\" data-e-type=\"section\">\n\t\t\t\t\t\t<div class=\"elementor-container elementor-column-gap-default\">\n\t\t\t\t\t<div class=\"elementor-column elementor-col-100 elementor-top-column elementor-element elementor-element-6290e2b\" data-id=\"6290e2b\" data-element_type=\"column\" data-e-type=\"column\">\n\t\t\t<div class=\"elementor-widget-wrap elementor-element-populated\">\n\t\t\t\t\t\t<div class=\"elementor-element elementor-element-d350661 elementor-widget elementor-widget-spacer\" data-id=\"d350661\" data-element_type=\"widget\" data-e-type=\"widget\" data-widget_type=\"spacer.default\">\n\t\t\t\t<div class=\"elementor-widget-container\">\n\t\t\t\t\t\t\t<div class=\"elementor-spacer\">\n\t\t\t<div class=\"elementor-spacer-inner\"><\/div>\n\t\t<\/div>\n\t\t\t\t\t\t<\/div>\n\t\t\t\t<\/div>\n\t\t\t\t<div class=\"elementor-element elementor-element-c24c80e elementor-mobile-align-center elementor-widget elementor-widget-button\" data-id=\"c24c80e\" data-element_type=\"widget\" data-e-type=\"widget\" data-widget_type=\"button.default\">\n\t\t\t\t<div class=\"elementor-widget-container\">\n\t\t\t\t\t\t\t\t\t<div class=\"elementor-button-wrapper\">\n\t\t\t\t\t<a class=\"elementor-button elementor-button-link elementor-size-sm\" href=\"#elementor-action%3Aaction%3Dpopup%3Aopen%26settings%3DeyJpZCI6IjMwNzkwIiwidG9nZ2xlIjpmYWxzZX0%3D\">\n\t\t\t\t\t\t<span class=\"elementor-button-content-wrapper\">\n\t\t\t\t\t\t<span class=\"elementor-button-icon\">\n\t\t\t\t<i aria-hidden=\"true\" class=\"far fa-comment\"><\/i>\t\t\t<\/span>\n\t\t\t\t\t\t\t\t\t<span class=\"elementor-button-text\">La importancia de la vida escolar.<\/span>\n\t\t\t\t\t<\/span>\n\t\t\t\t\t<\/a>\n\t\t\t\t<\/div>\n\t\t\t\t\t\t\t\t<\/div>\n\t\t\t\t<\/div>\n\t\t\t\t<div class=\"elementor-element elementor-element-59678a9 elementor-widget elementor-widget-spacer\" data-id=\"59678a9\" data-element_type=\"widget\" data-e-type=\"widget\" data-widget_type=\"spacer.default\">\n\t\t\t\t<div class=\"elementor-widget-container\">\n\t\t\t\t\t\t\t<div class=\"elementor-spacer\">\n\t\t\t<div class=\"elementor-spacer-inner\"><\/div>\n\t\t<\/div>\n\t\t\t\t\t\t<\/div>\n\t\t\t\t<\/div>\n\t\t\t\t<div class=\"elementor-element elementor-element-69f5b3e elementor-widget elementor-widget-heading\" data-id=\"69f5b3e\" data-element_type=\"widget\" data-e-type=\"widget\" data-widget_type=\"heading.default\">\n\t\t\t\t<div class=\"elementor-widget-container\">\n\t\t\t\t\t<h2 class=\"elementor-heading-title elementor-size-default\">Un momento en clase:<\/h2>\t\t\t\t<\/div>\n\t\t\t\t<\/div>\n\t\t\t\t\t<\/div>\n\t\t<\/div>\n\t\t\t\t\t<\/div>\n\t\t<\/section>\n\t\t<div class=\"elementor-element elementor-element-5b5a647 e-flex e-con-boxed e-con e-parent\" data-id=\"5b5a647\" data-element_type=\"container\" data-e-type=\"container\">\n\t\t\t\t\t<div class=\"e-con-inner\">\n\t\t<div class=\"elementor-element elementor-element-b88c797 e-con-full e-flex e-con e-child\" data-id=\"b88c797\" data-element_type=\"container\" data-e-type=\"container\">\n\t\t\t\t<div class=\"elementor-element elementor-element-f57ad42 elementor-widget elementor-widget-image\" data-id=\"f57ad42\" data-element_type=\"widget\" data-e-type=\"widget\" data-widget_type=\"image.default\">\n\t\t\t\t<div class=\"elementor-widget-container\">\n\t\t\t\t\t\t\t\t\t\t\t\t\t\t\t\t<a href=\"https:\/\/lfmalaga.com\/wp-content\/uploads\/2022\/04\/Vanessa-et-Jeremy-345.jpg\" data-elementor-open-lightbox=\"yes\" data-e-action-hash=\"#elementor-action%3Aaction%3Dlightbox%26settings%3DeyJpZCI6MzA1OTUsInVybCI6Imh0dHBzOlwvXC9sZm1hbGFnYS5jb21cL3dwLWNvbnRlbnRcL3VwbG9hZHNcLzIwMjJcLzA0XC9WYW5lc3NhLWV0LUplcmVteS0zNDUuanBnIn0%3D\">\n\t\t\t\t\t\t\t<img decoding=\"async\" width=\"800\" height=\"534\" src=\"https:\/\/lfmalaga.com\/wp-content\/uploads\/2022\/04\/Vanessa-et-Jeremy-345-1024x683.jpg\" class=\"attachment-large size-large wp-image-30595\" alt=\"\" srcset=\"https:\/\/lfmalaga.com\/wp-content\/uploads\/2022\/04\/Vanessa-et-Jeremy-345-1024x683.jpg 1024w, https:\/\/lfmalaga.com\/wp-content\/uploads\/2022\/04\/Vanessa-et-Jeremy-345-300x200.jpg 300w, https:\/\/lfmalaga.com\/wp-content\/uploads\/2022\/04\/Vanessa-et-Jeremy-345-768x512.jpg 768w, https:\/\/lfmalaga.com\/wp-content\/uploads\/2022\/04\/Vanessa-et-Jeremy-345-1536x1024.jpg 1536w, https:\/\/lfmalaga.com\/wp-content\/uploads\/2022\/04\/Vanessa-et-Jeremy-345-2048x1365.jpg 2048w, https:\/\/lfmalaga.com\/wp-content\/uploads\/2022\/04\/Vanessa-et-Jeremy-345-18x12.jpg 18w\" sizes=\"(max-width: 800px) 100vw, 800px\" \/>\t\t\t\t\t\t\t\t<\/a>\n\t\t\t\t\t\t\t\t\t\t\t\t\t\t\t<\/div>\n\t\t\t\t<\/div>\n\t\t\t\t<\/div>\n\t\t<div class=\"elementor-element elementor-element-79de806 e-con-full e-flex e-con e-child\" data-id=\"79de806\" data-element_type=\"container\" data-e-type=\"container\">\n\t\t\t\t<div class=\"elementor-element elementor-element-2c2df34 elementor-widget elementor-widget-image\" data-id=\"2c2df34\" data-element_type=\"widget\" data-e-type=\"widget\" data-widget_type=\"image.default\">\n\t\t\t\t<div class=\"elementor-widget-container\">\n\t\t\t\t\t\t\t\t\t\t\t\t\t\t\t\t<a href=\"https:\/\/lfmalaga.com\/wp-content\/uploads\/2022\/04\/Vanessa-et-Jeremy-339.jpg\" data-elementor-open-lightbox=\"yes\" data-e-action-hash=\"#elementor-action%3Aaction%3Dlightbox%26settings%3DeyJpZCI6MzA1ODksInVybCI6Imh0dHBzOlwvXC9sZm1hbGFnYS5jb21cL3dwLWNvbnRlbnRcL3VwbG9hZHNcLzIwMjJcLzA0XC9WYW5lc3NhLWV0LUplcmVteS0zMzkuanBnIn0%3D\">\n\t\t\t\t\t\t\t<img loading=\"lazy\" decoding=\"async\" width=\"800\" height=\"533\" src=\"https:\/\/lfmalaga.com\/wp-content\/uploads\/2022\/04\/Vanessa-et-Jeremy-339-1024x682.jpg\" class=\"attachment-large size-large wp-image-30589\" alt=\"\" srcset=\"https:\/\/lfmalaga.com\/wp-content\/uploads\/2022\/04\/Vanessa-et-Jeremy-339-1024x682.jpg 1024w, https:\/\/lfmalaga.com\/wp-content\/uploads\/2022\/04\/Vanessa-et-Jeremy-339-300x200.jpg 300w, https:\/\/lfmalaga.com\/wp-content\/uploads\/2022\/04\/Vanessa-et-Jeremy-339-768x512.jpg 768w, https:\/\/lfmalaga.com\/wp-content\/uploads\/2022\/04\/Vanessa-et-Jeremy-339-1536x1023.jpg 1536w, https:\/\/lfmalaga.com\/wp-content\/uploads\/2022\/04\/Vanessa-et-Jeremy-339-2048x1364.jpg 2048w, https:\/\/lfmalaga.com\/wp-content\/uploads\/2022\/04\/Vanessa-et-Jeremy-339-18x12.jpg 18w\" sizes=\"(max-width: 800px) 100vw, 800px\" \/>\t\t\t\t\t\t\t\t<\/a>\n\t\t\t\t\t\t\t\t\t\t\t\t\t\t\t<\/div>\n\t\t\t\t<\/div>\n\t\t\t\t<\/div>\n\t\t\t\t\t<\/div>\n\t\t\t\t<\/div>\n\t\t\t\t<\/div>","protected":false},"excerpt":{"rendered":"<p>LE lyc\u00e9e SECONDE G\u00c9N\u00c9RALE ET TECHNOLOGIQUE CYCLE TERMINAL SECONDE G\u00c9N\u00c9RALE ET TECHNOLOGIQUE La classe de seconde g\u00e9n\u00e9rale et technologique est une classe de d\u00e9termination qui comporte des enseignements communs \u00e0 tous les \u00e9l\u00e8ves et des enseignements optionnels au choix. Une classe de d\u00e9termination La classe de seconde g\u00e9n\u00e9rale et technologique est con\u00e7ue pour permettre aux [&hellip;]<\/p>\n","protected":false},"author":1,"featured_media":0,"parent":0,"menu_order":0,"comment_status":"closed","ping_status":"closed","template":"","meta":{"footnotes":""},"class_list":["post-30400","page","type-page","status-publish","hentry"],"_links":{"self":[{"href":"https:\/\/lfmalaga.com\/es\/wp-json\/wp\/v2\/pages\/30400","targetHints":{"allow":["GET"]}}],"collection":[{"href":"https:\/\/lfmalaga.com\/es\/wp-json\/wp\/v2\/pages"}],"about":[{"href":"https:\/\/lfmalaga.com\/es\/wp-json\/wp\/v2\/types\/page"}],"author":[{"embeddable":true,"href":"https:\/\/lfmalaga.com\/es\/wp-json\/wp\/v2\/users\/1"}],"replies":[{"embeddable":true,"href":"https:\/\/lfmalaga.com\/es\/wp-json\/wp\/v2\/comments?post=30400"}],"version-history":[{"count":23,"href":"https:\/\/lfmalaga.com\/es\/wp-json\/wp\/v2\/pages\/30400\/revisions"}],"predecessor-version":[{"id":35459,"href":"https:\/\/lfmalaga.com\/es\/wp-json\/wp\/v2\/pages\/30400\/revisions\/35459"}],"wp:attachment":[{"href":"https:\/\/lfmalaga.com\/es\/wp-json\/wp\/v2\/media?parent=30400"}],"curies":[{"name":"wp","href":"https:\/\/api.w.org\/{rel}","templated":true}]}}