{"id":30451,"date":"2022-04-11T12:16:49","date_gmt":"2022-04-11T10:16:49","guid":{"rendered":"https:\/\/lfmalaga.com\/?page_id=30451"},"modified":"2022-09-26T20:24:01","modified_gmt":"2022-09-26T18:24:01","slug":"brevet","status":"publish","type":"page","link":"https:\/\/lfmalaga.com\/es\/brevet\/","title":{"rendered":"Dipl\u00f4me National du Brevet"},"content":{"rendered":"<div data-elementor-type=\"wp-page\" data-elementor-id=\"30451\" class=\"elementor elementor-30451\" data-elementor-post-type=\"page\">\n\t\t\t\t<div class=\"elementor-element elementor-element-e19d931 e-flex e-con-boxed e-con e-parent\" data-id=\"e19d931\" data-element_type=\"container\" data-e-type=\"container\">\n\t\t\t\t\t<div class=\"e-con-inner\">\n\t\t\t\t<div class=\"elementor-element elementor-element-05392fb elementor-widget elementor-widget-heading\" data-id=\"05392fb\" data-element_type=\"widget\" data-e-type=\"widget\" data-widget_type=\"heading.default\">\n\t\t\t\t<div class=\"elementor-widget-container\">\n\t\t\t\t\t<h2 class=\"elementor-heading-title elementor-size-large\">El \"dipl\u00f4me national du brevet\"<\/h2>\t\t\t\t<\/div>\n\t\t\t\t<\/div>\n\t\t\t\t<div class=\"elementor-element elementor-element-cd01bdc elementor-widget elementor-widget-text-editor\" data-id=\"cd01bdc\" data-element_type=\"widget\" data-e-type=\"widget\" data-widget_type=\"text-editor.default\">\n\t\t\t\t<div class=\"elementor-widget-container\">\n\t\t\t\t\t\t\t\t\t<p><span id=\"page3R_mcid4\" class=\"markedContent\"><span dir=\"ltr\" role=\"presentation\">El \"dipl\u00f4me national du brevet\" (o DNB)<\/span>\u00a0<span dir=\"ltr\" role=\"presentation\">da fe de la adquisici\u00f3n de conocimientos generales al final de 3\u00ba de la ESO.<\/span> <span dir=\"ltr\" role=\"presentation\">El<\/span> <span dir=\"ltr\" role=\"presentation\">diploma no da acceso a una clase superior al final de tercero<\/span> <span dir=\"ltr\" role=\"presentation\">: las dos decisiones, <\/span><span dir=\"ltr\" role=\"presentation\">la atribuci\u00f3n del diploma y la orientaci\u00f3n, son<\/span> <span dir=\"ltr\" role=\"presentation\">disociadas.<\/span><\/span><span id=\"page3R_mcid5\" class=\"markedContent\"><\/span><span id=\"page3R_mcid6\" class=\"markedContent\"><\/span><\/p><h6><span id=\"page3R_mcid6\" class=\"markedContent\"><br role=\"presentation\" \/><strong><span dir=\"ltr\" role=\"presentation\">\u00bfCu\u00e1les son las condiciones para obtener el \"Dipl\u00f4me National du<\/span> <span dir=\"ltr\" role=\"presentation\">Brevet\" ?<\/span><\/strong><\/span><\/h6><p><span id=\"page3R_mcid7\" class=\"markedContent\"><span dir=\"ltr\" role=\"presentation\">Para los candidatos escolares, la obtenci\u00f3n del diploma brevet nacional (DNB) est\u00e1 vinculada a la<\/span> <span dir=\"ltr\" role=\"presentation\">dominio de la base com\u00fan de conocimientos, habilidades y cultura y, al mismo tiempo,<\/span><span dir=\"ltr\" role=\"presentation\">a los resultados<\/span> <span dir=\"ltr\" role=\"presentation\">obtenido en las pruebas de un examen final.<\/span><\/span><span id=\"page3R_mcid8\" class=\"markedContent\"><\/span><\/p><h6><span id=\"page3R_mcid8\" class=\"markedContent\"><br role=\"presentation\" \/><strong><span dir=\"ltr\" role=\"presentation\">Dominio de la base com\u00fan<\/span><\/strong><\/span><span id=\"page3R_mcid9\" class=\"markedContent\"><\/span><\/h6><p><span id=\"page3R_mcid9\" class=\"markedContent\"><br role=\"presentation\" \/><span dir=\"ltr\" role=\"presentation\">El dominio del n\u00facleo com\u00fan de conocimientos, habilidades y cultura se basa<\/span> <span dir=\"ltr\" role=\"presentation\">sobre la evaluaci\u00f3n del nivel alcanzado en cada uno de los cuatro objetivos de conocimiento y<\/span> <span dir=\"ltr\" role=\"presentation\">habilidades en el primer dominio (<\/span><span dir=\"ltr\" role=\"presentation\">E<\/span><span dir=\"ltr\" role=\"presentation\">enguajes para pensar y comunicarse)<\/span> <span dir=\"ltr\" role=\"presentation\">y<\/span> <span dir=\"ltr\" role=\"presentation\">en cada una de las otras cuatro \u00e1reas.<\/span><\/span><span id=\"page3R_mcid10\" class=\"markedContent\"><\/span><\/p><p><span id=\"page3R_mcid10\" class=\"markedContent\"><br role=\"presentation\" \/><span dir=\"ltr\" role=\"presentation\">Los ocho componentes de la base com\u00fan que se tienen en cuenta son, por lo tanto,<\/span> <span dir=\"ltr\" role=\"presentation\">:<\/span><\/span><span id=\"page3R_mcid11\" class=\"markedContent\"><br role=\"presentation\" \/><\/span><\/p><ul><li><span id=\"page3R_mcid11\" class=\"markedContent\"><span dir=\"ltr\" role=\"presentation\">Comprender, expresarse utilizando la lengua francesa de forma oral y<\/span> <span dir=\"ltr\" role=\"presentation\">La escritura<\/span><\/span><span id=\"page3R_mcid12\" class=\"markedContent\"><br role=\"presentation\" \/><\/span><\/li><li><span id=\"page3R_mcid12\" class=\"markedContent\"><span dir=\"ltr\" role=\"presentation\">Comprender, expresarse utilizando una lengua extranjera y, en su caso, una<\/span><br role=\"presentation\" \/><span dir=\"ltr\" role=\"presentation\">lengua regional<\/span><\/span><span id=\"page3R_mcid13\" class=\"markedContent\"><br role=\"presentation\" \/><\/span><\/li><li><span id=\"page3R_mcid13\" class=\"markedContent\"><span dir=\"ltr\" role=\"presentation\">Comprender, expresarse utilizando expresiones matem\u00e1ticas, cient\u00edficas y<\/span><br role=\"presentation\" \/><span dir=\"ltr\" role=\"presentation\">inform\u00e1ticos<\/span><\/span><span id=\"page3R_mcid14\" class=\"markedContent\"><br role=\"presentation\" \/><\/span><\/li><li><span id=\"page3R_mcid14\" class=\"markedContent\"><span dir=\"ltr\" role=\"presentation\">Comprender, expresarse utilizando los lenguajes del a<\/span><span dir=\"ltr\" role=\"presentation\">rtes y del cuerpo<\/span><\/span><span id=\"page3R_mcid15\" class=\"markedContent\"><br role=\"presentation\" \/><\/span><\/li><li><span id=\"page3R_mcid15\" class=\"markedContent\"><span dir=\"ltr\" role=\"presentation\">M\u00e9todos y herramientas para el aprendizaje.<\/span><\/span><span id=\"page3R_mcid16\" class=\"markedContent\"><br role=\"presentation\" \/><\/span><\/li><li><span id=\"page3R_mcid16\" class=\"markedContent\"><span dir=\"ltr\" role=\"presentation\">La formaci\u00f3n de la persona y del ciudadano<\/span><\/span><span id=\"page3R_mcid17\" class=\"markedContent\"><br role=\"presentation\" \/><\/span><\/li><li><span id=\"page3R_mcid17\" class=\"markedContent\"><span dir=\"ltr\" role=\"presentation\">Sistemas naturales y sistemas t\u00e9cnicos<\/span><\/span><span id=\"page3R_mcid18\" class=\"markedContent\"><br role=\"presentation\" \/><\/span><\/li><li><span id=\"page3R_mcid18\" class=\"markedContent\"><span dir=\"ltr\" role=\"presentation\">Representaciones del mundo y de la actividad humana<\/span><\/span><span id=\"page3R_mcid19\" class=\"markedContent\"><\/span><\/li><\/ul><p><span id=\"page3R_mcid19\" class=\"markedContent\"><br role=\"presentation\" \/><span dir=\"ltr\" role=\"presentation\">Estos diferentes componentes se eval\u00faan seg\u00fan una escala<\/span> <span dir=\"ltr\" role=\"presentation\">en cuatro niveles<\/span> <span dir=\"ltr\" role=\"presentation\">: dominio<\/span> <span dir=\"ltr\" role=\"presentation\">insuficiente,<\/span> <span dir=\"ltr\" role=\"presentation\">dominio<\/span> <span dir=\"ltr\" role=\"presentation\">fr\u00e1gil,<\/span> <span dir=\"ltr\" role=\"presentation\">dominio<\/span> <span dir=\"ltr\" role=\"presentation\">satisfactorio<\/span> <span dir=\"ltr\" role=\"presentation\">y<\/span> <span dir=\"ltr\" role=\"presentation\">muy<\/span> <span dir=\"ltr\" role=\"presentation\">buen<\/span> <span dir=\"ltr\" role=\"presentation\">dominio.<\/span> <span dir=\"ltr\" role=\"presentation\">El<\/span> <span dir=\"ltr\" role=\"presentation\">El posicionamiento en esta escala se realiza a lo largo del tiempo.<\/span><\/span><span id=\"page3R_mcid20\" class=\"markedContent\"> <span dir=\"ltr\" role=\"presentation\">evaluaciones realizadas a lo largo del ciclo<\/span> <span dir=\"ltr\" role=\"presentation\">4<\/span><\/span><span id=\"page3R_mcid21\" class=\"markedContent\"> <span dir=\"ltr\" role=\"presentation\">por los docentos.<\/span><\/span><span id=\"page3R_mcid22\" class=\"markedContent\"><\/span><\/p><p><span id=\"page3R_mcid22\" class=\"markedContent\"><br role=\"presentation\" \/><span dir=\"ltr\" role=\"presentation\">Para cada uno de los ocho componentes de la base com\u00fan tomados en cuenta, el candidato<\/span> <span dir=\"ltr\" role=\"presentation\">obtiene<\/span> <span dir=\"ltr\" role=\"presentation\">:<\/span><\/span><span id=\"page3R_mcid23\" class=\"markedContent\"><br role=\"presentation\" \/><\/span><\/p><ul><li><span id=\"page3R_mcid23\" class=\"markedContent\"><span dir=\"ltr\" role=\"presentation\">10 puntos para el nivel de \u201cdominio insuficiente\u201d,<\/span><\/span><span id=\"page3R_mcid24\" class=\"markedContent\"><br role=\"presentation\" \/><\/span><\/li><li><span id=\"page3R_mcid24\" class=\"markedContent\"><span dir=\"ltr\" role=\"presentation\">25 puntos para el<\/span> <span dir=\"ltr\" role=\"presentation\">nivel de \u201cdominio fr\u00e1gil\u201d,<\/span><\/span><span id=\"page3R_mcid25\" class=\"markedContent\"><\/span><\/li><li><span id=\"page3R_mcid25\" class=\"markedContent\"><span dir=\"ltr\" role=\"presentation\">40 puntos para el nivel de \u201cdominio satisfactorio\u201d,<\/span><\/span><span id=\"page3R_mcid26\" class=\"markedContent\"><\/span><\/li><li><span id=\"page3R_mcid26\" class=\"markedContent\"><span dir=\"ltr\" role=\"presentation\">50 puntos para el nivel de \u201cmuy buen dominio\u201d.<\/span><\/span><span id=\"page3R_mcid27\" class=\"markedContent\"><\/span><\/li><\/ul><p><span id=\"page3R_mcid27\" class=\"markedContent\"><span dir=\"ltr\" role=\"presentation\">El dominio del n\u00facleo com\u00fan se anota en<\/span> <span dir=\"ltr\" role=\"presentation\">400 puntos<\/span><span dir=\"ltr\" role=\"presentation\">.<\/span><\/span><span id=\"page3R_mcid28\" class=\"markedContent\"><\/span><\/p><p><span id=\"page3R_mcid28\" class=\"markedContent\"><br role=\"presentation\" \/><span dir=\"ltr\" role=\"presentation\">Los estudiantes que han tomado un<\/span> <span dir=\"ltr\" role=\"presentation\">educaci\u00f3n<\/span> <span dir=\"ltr\" role=\"presentation\">opcional<\/span> <span dir=\"ltr\" role=\"presentation\">(lat\u00edn o alem\u00e1n)<\/span> <span dir=\"ltr\" role=\"presentation\">se benefician<\/span> <span dir=\"ltr\" role=\"presentation\">adem\u00e1s de:<\/span> <span dir=\"ltr\" role=\"presentation\">:<\/span><\/span><span id=\"page3R_mcid29\" class=\"markedContent\"><br role=\"presentation\" \/><\/span><\/p><ul><li><span id=\"page3R_mcid29\" class=\"markedContent\"><span dir=\"ltr\" role=\"presentation\">10 puntos si se logran los objetivos de aprendizaje del ciclo 4<\/span> <span dir=\"ltr\" role=\"presentation\">;<\/span><\/span><span id=\"page3R_mcid30\" class=\"markedContent\"><br role=\"presentation\" \/><\/span><\/li><li><span id=\"page3R_mcid30\" class=\"markedContent\"><span dir=\"ltr\" role=\"presentation\">20 puntos si se superan estos objetivos.<\/span><\/span><span id=\"page3R_mcid31\" class=\"markedContent\"><\/span><span id=\"page3R_mcid32\" class=\"markedContent\"><\/span><span id=\"page3R_mcid33\" class=\"markedContent\"><\/span><span id=\"page3R_mcid34\" class=\"markedContent\"><\/span><\/li><\/ul><div class=\"page\" role=\"region\" data-page-number=\"1\" aria-label=\"P\u00e1gina 1\" data-loaded=\"true\"><div class=\"annotationLayer\">\u00a0<\/div><\/div><div class=\"page\" role=\"region\" data-page-number=\"2\" aria-label=\"P\u00e1gina 2\" data-loaded=\"true\"><div class=\"canvasWrapper\">\u00a0<\/div><\/div><h6><strong><span id=\"page43R_mcid0\" class=\"markedContent\"><span dir=\"ltr\" role=\"presentation\">Pruebas de examen final<\/span><\/span><span id=\"page43R_mcid1\" class=\"markedContent\"><\/span><\/strong><span id=\"page43R_mcid2\" class=\"markedContent\"><\/span><\/h6><p><span id=\"page43R_mcid2\" class=\"markedContent\"><br role=\"presentation\" \/><span dir=\"ltr\" role=\"presentation\">Para los candidatos escolares, el examen incluye<\/span> <span dir=\"ltr\" role=\"presentation\">5<\/span> <span dir=\"ltr\" role=\"presentation\">pruebas obligatorias<\/span> <span dir=\"ltr\" role=\"presentation\">:<\/span><\/span><span id=\"page43R_mcid3\" class=\"markedContent\"><br role=\"presentation\" \/><\/span><\/p><ul><li><span id=\"page43R_mcid3\" class=\"markedContent\"> <span dir=\"ltr\" role=\"presentation\">Un<\/span> <span dir=\"ltr\" role=\"presentation\">examen oral<\/span> <span dir=\"ltr\" role=\"presentation\">: cada estudiante presenta un proyecto realizado en historia del arte o<\/span><br role=\"presentation\" \/><span dir=\"ltr\" role=\"presentation\">como parte de un EPI o una de las asignaturas educativas (asignatura \"avenir\",<\/span><br role=\"presentation\" \/><span dir=\"ltr\" role=\"presentation\">salud educativa<\/span><span dir=\"ltr\" role=\"presentation\">, curso de educaci\u00f3n art\u00edstica y cultural).<\/span> <span dir=\"ltr\" role=\"presentation\">100 puntos<\/span><\/span><span id=\"page43R_mcid4\" class=\"markedContent\"><\/span><span id=\"page43R_mcid5\" class=\"markedContent\"><br role=\"presentation\" \/><\/span><\/li><li><span id=\"page43R_mcid5\" class=\"markedContent\"><span dir=\"ltr\" role=\"presentation\">Cuatro pruebas escritas.<\/span> <span dir=\"ltr\" role=\"presentation\">:<\/span><\/span><span id=\"page43R_mcid6\" class=\"markedContent\"><\/span><ul><li><span id=\"page43R_mcid6\" class=\"markedContent\"><span dir=\"ltr\" role=\"presentation\">FRANC\u00c9S<\/span> <span dir=\"ltr\" role=\"presentation\">100 puntos<\/span><\/span><span id=\"page43R_mcid7\" class=\"markedContent\"><\/span><\/li><li><span id=\"page43R_mcid7\" class=\"markedContent\"><span dir=\"ltr\" role=\"presentation\">Matem\u00e1ticas<\/span> <span dir=\"ltr\" role=\"presentation\">100 puntos<\/span><\/span><span id=\"page43R_mcid8\" class=\"markedContent\"><\/span><\/li><li><span id=\"page43R_mcid8\" class=\"markedContent\"><span dir=\"ltr\" role=\"presentation\">Historia<\/span><span dir=\"ltr\" role=\"presentation\">\u2013<\/span><span dir=\"ltr\" role=\"presentation\">geograf\u00eda y educaci\u00f3n moral y c\u00edvica<\/span> <span dir=\"ltr\" role=\"presentation\">50 puntos<\/span><\/span><span id=\"page43R_mcid9\" class=\"markedContent\"><\/span><\/li><li><span id=\"page43R_mcid9\" class=\"markedContent\"><span dir=\"ltr\" role=\"presentation\">Ciencias (f\u00edsica<\/span><span dir=\"ltr\" role=\"presentation\">\u2013<\/span><span dir=\"ltr\" role=\"presentation\">qu\u00edmica, ciencias de la vida y de la tierra, tecnolog\u00eda<\/span> <span dir=\"ltr\" role=\"presentation\">:<\/span><br role=\"presentation\" \/><span dir=\"ltr\" role=\"presentation\">2 disciplinas de 3)<\/span> <span dir=\"ltr\" role=\"presentation\">50 puntos<\/span><\/span><span id=\"page43R_mcid10\" class=\"markedContent\"><\/span><\/li><\/ul><\/li><\/ul><p><span id=\"page43R_mcid10\" class=\"markedContent\"><br role=\"presentation\" \/><span dir=\"ltr\" role=\"presentation\">Las pruebas finales se marcan en total en<\/span> <span dir=\"ltr\" role=\"presentation\">4<\/span><span dir=\"ltr\" role=\"presentation\">00 puntos<\/span><span dir=\"ltr\" role=\"presentation\">. Todos los elementos<\/span> <span dir=\"ltr\" role=\"presentation\">tomados en cuenta para el DNB se indican en<\/span> <span dir=\"ltr\" role=\"presentation\">8<\/span><span dir=\"ltr\" role=\"presentation\">00 puntos<\/span><span dir=\"ltr\" role=\"presentation\">. <\/span><\/span><span id=\"page43R_mcid11\" class=\"markedContent\"><\/span><span id=\"page43R_mcid11\" class=\"markedContent\"><span dir=\"ltr\" role=\"presentation\">E<\/span><span dir=\"ltr\" role=\"presentation\">l \"dipl\u00f4<\/span><span dir=\"ltr\" role=\"presentation\">me national du brevet\" se otorga cuando<\/span> <span dir=\"ltr\" role=\"presentation\">el total de puntos es mayor o<\/span> <span dir=\"ltr\" role=\"presentation\">igual a<\/span> <span dir=\"ltr\" role=\"presentation\">400<\/span><span dir=\"ltr\" role=\"presentation\">.<\/span><\/span><\/p>\t\t\t\t\t\t\t\t<\/div>\n\t\t\t\t<\/div>\n\t\t\t\t\t<\/div>\n\t\t\t\t<\/div>\n\t\t\t\t<\/div>","protected":false},"excerpt":{"rendered":"<p>Le dipl\u00f4me national du brevet Le dipl\u00f4me national du brevet (ou DNB)\u00a0atteste de l\u2019acquisition de connaissances g\u00e9n\u00e9rales au terme du Coll\u00e8ge. Le brevet ne donne pas acc\u00e8s \u00e0 une classe sup\u00e9rieure en fin de troisi\u00e8me : les deux d\u00e9cisions, attribution du dipl\u00f4me et orientation, sont dissoci\u00e9es. Quelles sont les conditions d\u2019obtention du Dipl\u00f4me National du [&hellip;]<\/p>\n","protected":false},"author":1,"featured_media":0,"parent":0,"menu_order":0,"comment_status":"closed","ping_status":"closed","template":"","meta":{"footnotes":""},"class_list":["post-30451","page","type-page","status-publish","hentry"],"_links":{"self":[{"href":"https:\/\/lfmalaga.com\/es\/wp-json\/wp\/v2\/pages\/30451","targetHints":{"allow":["GET"]}}],"collection":[{"href":"https:\/\/lfmalaga.com\/es\/wp-json\/wp\/v2\/pages"}],"about":[{"href":"https:\/\/lfmalaga.com\/es\/wp-json\/wp\/v2\/types\/page"}],"author":[{"embeddable":true,"href":"https:\/\/lfmalaga.com\/es\/wp-json\/wp\/v2\/users\/1"}],"replies":[{"embeddable":true,"href":"https:\/\/lfmalaga.com\/es\/wp-json\/wp\/v2\/comments?post=30451"}],"version-history":[{"count":0,"href":"https:\/\/lfmalaga.com\/es\/wp-json\/wp\/v2\/pages\/30451\/revisions"}],"wp:attachment":[{"href":"https:\/\/lfmalaga.com\/es\/wp-json\/wp\/v2\/media?parent=30451"}],"curies":[{"name":"wp","href":"https:\/\/api.w.org\/{rel}","templated":true}]}}