{"id":30460,"date":"2022-04-11T12:18:57","date_gmt":"2022-04-11T10:18:57","guid":{"rendered":"https:\/\/lfmalaga.com\/?page_id=30460"},"modified":"2022-11-07T12:26:16","modified_gmt":"2022-11-07T11:26:16","slug":"association-de-parents-deleves","status":"publish","type":"page","link":"https:\/\/lfmalaga.com\/es\/association-de-parents-deleves\/","title":{"rendered":"Asociaci\u00f3n de padres y madres de alumnos"},"content":{"rendered":"<div data-elementor-type=\"wp-page\" data-elementor-id=\"30460\" class=\"elementor elementor-30460\" data-elementor-post-type=\"page\">\n\t\t\t\t<div class=\"elementor-element elementor-element-183250f e-flex e-con-boxed e-con e-parent\" data-id=\"183250f\" data-element_type=\"container\" data-e-type=\"container\">\n\t\t\t\t\t<div class=\"e-con-inner\">\n\t\t\t\t<div class=\"elementor-element elementor-element-cff6cd2 elementor-widget elementor-widget-heading\" data-id=\"cff6cd2\" data-element_type=\"widget\" data-e-type=\"widget\" data-widget_type=\"heading.default\">\n\t\t\t\t<div class=\"elementor-widget-container\">\n\t\t\t\t\t<h2 class=\"elementor-heading-title elementor-size-default\">Descubre la APA\n<\/h2>\t\t\t\t<\/div>\n\t\t\t\t<\/div>\n\t\t\t\t<div class=\"elementor-element elementor-element-f9bc9b8 elementor-widget elementor-widget-text-editor\" data-id=\"f9bc9b8\" data-element_type=\"widget\" data-e-type=\"widget\" data-widget_type=\"text-editor.default\">\n\t\t\t\t<div class=\"elementor-widget-container\">\n\t\t\t\t\t\t\t\t\t<p>En la Asociaci\u00f3n de Padres y Madres de Alumnos del Liceo Franc\u00e9s Internacional de M\u00e1laga (LFIM) intentamos mantener un canal de comunicaci\u00f3n entre el colegio y los padres y madres del alumnado. Adem\u00e1s, organizamos diversas actividades en colaboraci\u00f3n con el Liceo que enriquecen la relaci\u00f3n entre padres, alumnos, profesores y resto de personal del colegio. Algunas de las funciones que desarrollamos en la APA son las siguientes:<\/p><ul><li>Facilitamos la participaci\u00f3n de los padres y madres en las instancias oficiales existentes en el Liceo. Para ello, participamos en la elaboraci\u00f3n de las listas de representantes de padres que se presentan a las elecciones a los diferentes consejos y comit\u00e9s y coordinamos las actuaciones que se llevan a cabo durante todo el curso.<\/li><li>Organizamos y colaboramos con el colegio en diferentes actividades para los ni\u00f1os como son las \u201ccr\u00eapes\u201d de carnaval y el desayuno andaluz. Tambi\u00e9n desarrollamos actividades para los adultos, como las charlas y coloquios de la Escuela de Padres.<\/li><li>Proporcionamos a los padres diferentes servicios entre los que destacamos\nel mercadillo de libros de texto de segunda mano, la operaci\u00f3n ropa perdida o\nla venta de camisetas y tazas con dibujos de los ni\u00f1os.<\/li><li>Buscamos y distribuimos informaci\u00f3n de talleres y campamentos para los ni\u00f1os en las temporadas de las vacaciones.<\/li><\/ul>\t\t\t\t\t\t\t\t<\/div>\n\t\t\t\t<\/div>\n\t\t\t\t<div class=\"elementor-element elementor-element-ffb4f90 elementor-mobile-align-center elementor-widget-mobile__width-initial elementor-align-left elementor-widget elementor-widget-button\" data-id=\"ffb4f90\" data-element_type=\"widget\" data-e-type=\"widget\" data-widget_type=\"button.default\">\n\t\t\t\t<div class=\"elementor-widget-container\">\n\t\t\t\t\t\t\t\t\t<div class=\"elementor-button-wrapper\">\n\t\t\t\t\t<a class=\"elementor-button elementor-button-link elementor-size-sm\" href=\"https:\/\/www.miclub.pro\/es\/clubes\/comprar\/liceo-frances\" target=\"_blank\" rel=\"noopener\">\n\t\t\t\t\t\t<span class=\"elementor-button-content-wrapper\">\n\t\t\t\t\t\t<span class=\"elementor-button-icon\">\n\t\t\t\t<i aria-hidden=\"true\" class=\"fas fa-tshirt\"><\/i>\t\t\t<\/span>\n\t\t\t\t\t\t\t\t\t<span class=\"elementor-button-text\">Tienda oficial de la APA<\/span>\n\t\t\t\t\t<\/span>\n\t\t\t\t\t<\/a>\n\t\t\t\t<\/div>\n\t\t\t\t\t\t\t\t<\/div>\n\t\t\t\t<\/div>\n\t\t\t\t\t<\/div>\n\t\t\t\t<\/div>\n\t\t<div class=\"elementor-element elementor-element-57ea1cd e-flex e-con-boxed e-con e-parent\" data-id=\"57ea1cd\" data-element_type=\"container\" data-e-type=\"container\">\n\t\t\t\t\t<div class=\"e-con-inner\">\n\t\t\t\t<div class=\"elementor-element elementor-element-f9ed889 elementor-widget elementor-widget-heading\" data-id=\"f9ed889\" data-element_type=\"widget\" data-e-type=\"widget\" data-widget_type=\"heading.default\">\n\t\t\t\t<div class=\"elementor-widget-container\">\n\t\t\t\t\t<h2 class=\"elementor-heading-title elementor-size-default\">Unirse a la APA\n<\/h2>\t\t\t\t<\/div>\n\t\t\t\t<\/div>\n\t\t\t\t<div class=\"elementor-element elementor-element-c89fe2c elementor-widget elementor-widget-text-editor\" data-id=\"c89fe2c\" data-element_type=\"widget\" data-e-type=\"widget\" data-widget_type=\"text-editor.default\">\n\t\t\t\t<div class=\"elementor-widget-container\">\n\t\t\t\t\t\t\t\t\t<p>Brinde su apoyo a las acciones de la APA uni\u00e9ndose a la asociaci\u00f3n. \u00a1Cuantos m\u00e1s seamos, mejor ser\u00e1 nuestra voz con las autoridades del Lyc\u00e9e, para mejorar la vida diaria de nuestros ni\u00f1os!<\/p>\t\t\t\t\t\t\t\t<\/div>\n\t\t\t\t<\/div>\n\t\t<div class=\"elementor-element elementor-element-58f419c e-flex e-con-boxed e-con e-parent\" data-id=\"58f419c\" data-element_type=\"container\" data-e-type=\"container\">\n\t\t\t\t\t<div class=\"e-con-inner\">\n\t\t\t\t<div class=\"elementor-element elementor-element-7b3978b elementor-mobile-align-center elementor-widget-mobile__width-initial elementor-align-left elementor-widget elementor-widget-button\" data-id=\"7b3978b\" data-element_type=\"widget\" data-e-type=\"widget\" data-widget_type=\"button.default\">\n\t\t\t\t<div class=\"elementor-widget-container\">\n\t\t\t\t\t\t\t\t\t<div class=\"elementor-button-wrapper\">\n\t\t\t\t\t<a class=\"elementor-button elementor-button-link elementor-size-sm\" href=\"https:\/\/apalfmalaga.es\/fr\/accueil\" target=\"_blank\" rel=\"noopener\">\n\t\t\t\t\t\t<span class=\"elementor-button-content-wrapper\">\n\t\t\t\t\t\t<span class=\"elementor-button-icon\">\n\t\t\t\t<i aria-hidden=\"true\" class=\"fas fa-chalkboard\"><\/i>\t\t\t<\/span>\n\t\t\t\t\t\t\t\t\t<span class=\"elementor-button-text\">Web de la APA<\/span>\n\t\t\t\t\t<\/span>\n\t\t\t\t\t<\/a>\n\t\t\t\t<\/div>\n\t\t\t\t\t\t\t\t<\/div>\n\t\t\t\t<\/div>\n\t\t\t\t\t<\/div>\n\t\t\t\t<\/div>\n\t\t\t\t\t<\/div>\n\t\t\t\t<\/div>\n\t\t\t\t<\/div>","protected":false},"excerpt":{"rendered":"<p>d\u00e9couvrir l&rsquo;APA \u00c0 l\u2019Association des parents d\u2019\u00e9l\u00e8ves du Lyc\u00e9e Fran\u00e7ais International de Malaga (APA), nous essayons de maintenir un canal de communication entre l\u2019\u00e9cole et les parents d\u2019\u00e9l\u00e8ves. De plus, nous organisons diverses activit\u00e9s en collaboration avec le Lyc\u00e9e qui enrichissent la relation entre parents, \u00e9l\u00e8ves, enseignants et autres personnels de l\u2019\u00e9cole. Certaines des fonctions [&hellip;]<\/p>\n","protected":false},"author":1,"featured_media":0,"parent":0,"menu_order":0,"comment_status":"closed","ping_status":"closed","template":"","meta":{"footnotes":""},"class_list":["post-30460","page","type-page","status-publish","hentry"],"_links":{"self":[{"href":"https:\/\/lfmalaga.com\/es\/wp-json\/wp\/v2\/pages\/30460","targetHints":{"allow":["GET"]}}],"collection":[{"href":"https:\/\/lfmalaga.com\/es\/wp-json\/wp\/v2\/pages"}],"about":[{"href":"https:\/\/lfmalaga.com\/es\/wp-json\/wp\/v2\/types\/page"}],"author":[{"embeddable":true,"href":"https:\/\/lfmalaga.com\/es\/wp-json\/wp\/v2\/users\/1"}],"replies":[{"embeddable":true,"href":"https:\/\/lfmalaga.com\/es\/wp-json\/wp\/v2\/comments?post=30460"}],"version-history":[{"count":2,"href":"https:\/\/lfmalaga.com\/es\/wp-json\/wp\/v2\/pages\/30460\/revisions"}],"predecessor-version":[{"id":33503,"href":"https:\/\/lfmalaga.com\/es\/wp-json\/wp\/v2\/pages\/30460\/revisions\/33503"}],"wp:attachment":[{"href":"https:\/\/lfmalaga.com\/es\/wp-json\/wp\/v2\/media?parent=30460"}],"curies":[{"name":"wp","href":"https:\/\/api.w.org\/{rel}","templated":true}]}}