{"id":30463,"date":"2022-04-11T12:20:55","date_gmt":"2022-04-11T10:20:55","guid":{"rendered":"https:\/\/lfmalaga.com\/?page_id=30463"},"modified":"2025-10-15T10:49:17","modified_gmt":"2025-10-15T08:49:17","slug":"reglement-interieur","status":"publish","type":"page","link":"https:\/\/lfmalaga.com\/es\/reglement-interieur\/","title":{"rendered":"Reglamento interno"},"content":{"rendered":"<div data-elementor-type=\"wp-page\" data-elementor-id=\"30463\" class=\"elementor elementor-30463\" data-elementor-post-type=\"page\">\n\t\t\t\t<div class=\"elementor-element elementor-element-743e339 e-flex e-con-boxed e-con e-parent\" data-id=\"743e339\" data-element_type=\"container\" data-e-type=\"container\">\n\t\t\t\t\t<div class=\"e-con-inner\">\n\t\t\t\t<div class=\"elementor-element elementor-element-4f79f17 elementor-widget elementor-widget-heading\" data-id=\"4f79f17\" data-element_type=\"widget\" data-e-type=\"widget\" data-widget_type=\"heading.default\">\n\t\t\t\t<div class=\"elementor-widget-container\">\n\t\t\t\t\t<h2 class=\"elementor-heading-title elementor-size-default\">REGLAMENTO INTERNO DEL LYC\u00c9E FRAN\u00c7AIS INTERNATIONAL M\u00c1LAGA (LFIM)<\/h2>\t\t\t\t<\/div>\n\t\t\t\t<\/div>\n\t\t\t\t<div class=\"elementor-element elementor-element-e65e33f elementor-widget elementor-widget-text-editor\" data-id=\"e65e33f\" data-element_type=\"widget\" data-e-type=\"widget\" data-widget_type=\"text-editor.default\">\n\t\t\t\t<div class=\"elementor-widget-container\">\n\t\t\t\t\t\t\t\t\t<p>Este reglamento est\u00e1 adaptado de los textos de referencia siguientes: circular n\u00b02000-106 del\n11\/07\/2000; el c\u00f3digo de educaci\u00f3n franc\u00e9s.\u00a0<\/p><p>El Liceo Internacional Franc\u00e9s de M\u00e1laga es un establecimiento de derecho local espa\u00f1ol, homologado por la AEFE y que aplica el programa de ense\u00f1anza del franc\u00e9s. Su finalidad es la formaci\u00f3n y la capacitaci\u00f3n de los alumnos que le son confiados. Como cualquier comunidad, necesita un conjunto de reglas para funcionar, que especifiquen los derechos y deberes de cada persona. El presente reglamento est\u00e1 constituido por el reglamento interno que se aplica a todas las personas que asisten o trabajan en el establecimiento, en particular a los estudiantes y a sus padres civilmente responsables, quienes se comprometen a conocerlo y aplicarlo. No sustituye la aplicaci\u00f3n del derecho general. Nuestro servicio educativo se basa en valores y principios espec\u00edficos que todas las personas en el establecimiento deben respetar.<\/p>\t\t\t\t\t\t\t\t<\/div>\n\t\t\t\t<\/div>\n\t\t\t\t<div class=\"elementor-element elementor-element-50efc98 elementor-align-left elementor-mobile-align-center elementor-widget elementor-widget-button\" data-id=\"50efc98\" data-element_type=\"widget\" data-e-type=\"widget\" data-widget_type=\"button.default\">\n\t\t\t\t<div class=\"elementor-widget-container\">\n\t\t\t\t\t\t\t\t\t<div class=\"elementor-button-wrapper\">\n\t\t\t\t\t<a class=\"elementor-button elementor-button-link elementor-size-sm\" href=\"https:\/\/lfmalaga.com\/wp-content\/uploads\/2025\/10\/251008-RI-LFIMalaga-2025.pdf\" target=\"_blank\">\n\t\t\t\t\t\t<span class=\"elementor-button-content-wrapper\">\n\t\t\t\t\t\t<span class=\"elementor-button-icon\">\n\t\t\t\t<i aria-hidden=\"true\" class=\"far fa-clipboard\"><\/i>\t\t\t<\/span>\n\t\t\t\t\t\t\t\t\t<span class=\"elementor-button-text\">Consultar el reglamento interno del LFIM<\/span>\n\t\t\t\t\t<\/span>\n\t\t\t\t\t<\/a>\n\t\t\t\t<\/div>\n\t\t\t\t\t\t\t\t<\/div>\n\t\t\t\t<\/div>\n\t\t\t\t<div class=\"elementor-element elementor-element-233cb15 elementor-align-left elementor-mobile-align-center elementor-widget elementor-widget-button\" data-id=\"233cb15\" data-element_type=\"widget\" data-e-type=\"widget\" data-widget_type=\"button.default\">\n\t\t\t\t<div class=\"elementor-widget-container\">\n\t\t\t\t\t\t\t\t\t<div class=\"elementor-button-wrapper\">\n\t\t\t\t\t<a class=\"elementor-button elementor-button-link elementor-size-sm\" href=\"https:\/\/lfmalaga.com\/wp-content\/uploads\/2024\/02\/FR-Protocole-agressions-sexuelles-et-maltraitance1.pdf\" target=\"_blank\">\n\t\t\t\t\t\t<span class=\"elementor-button-content-wrapper\">\n\t\t\t\t\t\t<span class=\"elementor-button-icon\">\n\t\t\t\t<i aria-hidden=\"true\" class=\"far fa-clipboard\"><\/i>\t\t\t<\/span>\n\t\t\t\t\t\t\t\t\t<span class=\"elementor-button-text\">Consulta el protocolo de protecci\u00f3n de menores <\/span>\n\t\t\t\t\t<\/span>\n\t\t\t\t\t<\/a>\n\t\t\t\t<\/div>\n\t\t\t\t\t\t\t\t<\/div>\n\t\t\t\t<\/div>\n\t\t\t\t\t<\/div>\n\t\t\t\t<\/div>\n\t\t\t\t<\/div>","protected":false},"excerpt":{"rendered":"<p>REGLEMENT INTERIEUR du Lyc\u00e9e Fran\u00e7ais International Malaga (LFIM) Ce r\u00e8glement int\u00e9rieur est adapt\u00e9 \u00e0 partir des textes de r\u00e9f\u00e9rences suivants : la circulaire n\u00b02000-106 du 11\/07\/2000 ; le code de l\u2019\u00e9ducation fran\u00e7ais.\u00a0 Le lyc\u00e9e fran\u00e7ais international Malaga est un \u00e9tablissement de droit local espagnol conventionn\u00e9 avec l\u2019AEFE et appliquant le programme d\u2019enseignement fran\u00e7ais, il est [&hellip;]<\/p>\n","protected":false},"author":1,"featured_media":0,"parent":0,"menu_order":0,"comment_status":"closed","ping_status":"closed","template":"","meta":{"footnotes":""},"class_list":["post-30463","page","type-page","status-publish","hentry"],"_links":{"self":[{"href":"https:\/\/lfmalaga.com\/es\/wp-json\/wp\/v2\/pages\/30463","targetHints":{"allow":["GET"]}}],"collection":[{"href":"https:\/\/lfmalaga.com\/es\/wp-json\/wp\/v2\/pages"}],"about":[{"href":"https:\/\/lfmalaga.com\/es\/wp-json\/wp\/v2\/types\/page"}],"author":[{"embeddable":true,"href":"https:\/\/lfmalaga.com\/es\/wp-json\/wp\/v2\/users\/1"}],"replies":[{"embeddable":true,"href":"https:\/\/lfmalaga.com\/es\/wp-json\/wp\/v2\/comments?post=30463"}],"version-history":[{"count":22,"href":"https:\/\/lfmalaga.com\/es\/wp-json\/wp\/v2\/pages\/30463\/revisions"}],"predecessor-version":[{"id":36235,"href":"https:\/\/lfmalaga.com\/es\/wp-json\/wp\/v2\/pages\/30463\/revisions\/36235"}],"wp:attachment":[{"href":"https:\/\/lfmalaga.com\/es\/wp-json\/wp\/v2\/media?parent=30463"}],"curies":[{"name":"wp","href":"https:\/\/api.w.org\/{rel}","templated":true}]}}