{"id":32406,"date":"2022-09-26T17:54:25","date_gmt":"2022-09-26T15:54:25","guid":{"rendered":"https:\/\/lfmalaga.com\/?page_id=32406"},"modified":"2022-09-26T17:57:10","modified_gmt":"2022-09-26T15:57:10","slug":"mentions","status":"publish","type":"page","link":"https:\/\/lfmalaga.com\/es\/mentions\/","title":{"rendered":"Menciones"},"content":{"rendered":"<div data-elementor-type=\"wp-page\" data-elementor-id=\"32406\" class=\"elementor elementor-32406\" data-elementor-post-type=\"page\">\n\t\t\t\t<div class=\"elementor-element elementor-element-f867393 e-flex e-con-boxed e-con e-parent\" data-id=\"f867393\" data-element_type=\"container\" data-e-type=\"container\">\n\t\t\t\t\t<div class=\"e-con-inner\">\n\t\t\t\t<div class=\"elementor-element elementor-element-df060fe elementor-widget elementor-widget-heading\" data-id=\"df060fe\" data-element_type=\"widget\" data-e-type=\"widget\" data-widget_type=\"heading.default\">\n\t\t\t\t<div class=\"elementor-widget-container\">\n\t\t\t\t\t<h2 class=\"elementor-heading-title elementor-size-default\">Nuestros avisos legales<\/h2>\t\t\t\t<\/div>\n\t\t\t\t<\/div>\n\t\t\t\t<div class=\"elementor-element elementor-element-9cecbeb elementor-widget elementor-widget-text-editor\" data-id=\"9cecbeb\" data-element_type=\"widget\" data-e-type=\"widget\" data-widget_type=\"text-editor.default\">\n\t\t\t\t<div class=\"elementor-widget-container\">\n\t\t\t\t\t\t\t\t\t<p>Este sitio web es propiedad del Lyc\u00e9e Fran\u00e7ais de M\u00e1laga. De acuerdo con el C\u00f3digo de Propiedad Intelectual, cualquier uso (representaci\u00f3n o reproducci\u00f3n) de todo o parte del sitio web est\u00e1 estrictamente prohibido sin la autorizaci\u00f3n previa y expresa del establecimiento.<\/p><h4>ADVERTENCIA<\/h4><p>Los datos no exhaustivos que se presentan en la web del Lyc\u00e9e Fran\u00e7ais de M\u00e1laga se facilitan a t\u00edtulo informativo. Por lo tanto, el establecimiento no se hace responsable de los cambios que puedan ocurrir durante el a\u00f1o. Por lo tanto, depende de usted verificar la exactitud de la informaci\u00f3n directamente con nuestros departamentos o las instituciones mencionadas.<\/p><h4>COOKIES<\/h4><p>Al navegar por nuestro sitio, acepta el uso de cookies. La elecci\u00f3n de aceptar es libre. Las cookies son piezas de informaci\u00f3n almacenadas en su navegador que nos permiten brindarle una mejor experiencia en l\u00ednea durante su visita. No existe explotaci\u00f3n comercial del establecimiento.<\/p><h4>ENLACES DE HIPERTEXTO<\/h4><p>El Lyc\u00e9e Fran\u00e7ais de M\u00e1laga declina toda responsabilidad por los sitios web accesibles desde su propio sitio. S\u00f3lo se podr\u00e1 establecer un enlace al sitio https:\/\/www.lfmalaga.com previa y expresa autorizaci\u00f3n de nuestro Responsable del Establecimiento.<\/p><h4>INFORM\u00c1TICA Y LIBERTAD<\/h4><p>Tiene derecho a acceder, modificar, rectificar y suprimir los datos que le conciernen (art. 34 de la ley \u201cInformatique et Libert\u00e9s\u201d del 6 de enero de 1978). Para cualquier solicitud, p\u00f3ngase en contacto con:<\/p><p>correo electr\u00f3nico: contact@lfmalaga.com<\/p><h4>CR\u00c9DITO FOTOGR\u00c1FICO<\/h4><p>Las fotograf\u00edas y visuales colocados en la web del Lyc\u00e9e Fran\u00e7ais de M\u00e1laga pertenecen al departamento de comunicaci\u00f3n, salvo que se indique lo contrario en la p\u00e1gina que contiene la visual.<\/p>\t\t\t\t\t\t\t\t<\/div>\n\t\t\t\t<\/div>\n\t\t\t\t\t<\/div>\n\t\t\t\t<\/div>\n\t\t\t\t<\/div>","protected":false},"excerpt":{"rendered":"<p>Nos mentions l\u00e9gales Ce site internet est la propri\u00e9t\u00e9 du Lyc\u00e9e Fran\u00e7ais de Malaga. Conform\u00e9ment au Code de la Propri\u00e9t\u00e9 Intellectuelle, toute exploitation (repr\u00e9sentation ou reproduction) de tout ou partie du site internet est strictement interdite sauf autorisation expresse et pr\u00e9alable de l\u2019\u00e9tablissement. AVERTISSEMENT Les donn\u00e9es, non exhaustives, pr\u00e9sent\u00e9es sur le site internet du Lyc\u00e9e [&hellip;]<\/p>\n","protected":false},"author":4,"featured_media":0,"parent":0,"menu_order":0,"comment_status":"closed","ping_status":"closed","template":"","meta":{"footnotes":""},"class_list":["post-32406","page","type-page","status-publish","hentry"],"_links":{"self":[{"href":"https:\/\/lfmalaga.com\/es\/wp-json\/wp\/v2\/pages\/32406","targetHints":{"allow":["GET"]}}],"collection":[{"href":"https:\/\/lfmalaga.com\/es\/wp-json\/wp\/v2\/pages"}],"about":[{"href":"https:\/\/lfmalaga.com\/es\/wp-json\/wp\/v2\/types\/page"}],"author":[{"embeddable":true,"href":"https:\/\/lfmalaga.com\/es\/wp-json\/wp\/v2\/users\/4"}],"replies":[{"embeddable":true,"href":"https:\/\/lfmalaga.com\/es\/wp-json\/wp\/v2\/comments?post=32406"}],"version-history":[{"count":0,"href":"https:\/\/lfmalaga.com\/es\/wp-json\/wp\/v2\/pages\/32406\/revisions"}],"wp:attachment":[{"href":"https:\/\/lfmalaga.com\/es\/wp-json\/wp\/v2\/media?parent=32406"}],"curies":[{"name":"wp","href":"https:\/\/api.w.org\/{rel}","templated":true}]}}