{"id":33,"date":"2021-03-28T10:56:21","date_gmt":"2021-03-28T10:56:21","guid":{"rendered":"https:\/\/lfmalaga.im-nomade.com\/?page_id=33"},"modified":"2026-01-28T10:33:41","modified_gmt":"2026-01-28T09:33:41","slug":"elementaire2","status":"publish","type":"page","link":"https:\/\/lfmalaga.com\/es\/pedagogie\/elementaire2\/","title":{"rendered":"Primaria"},"content":{"rendered":"<div data-elementor-type=\"wp-page\" data-elementor-id=\"33\" class=\"elementor elementor-33\" data-elementor-post-type=\"page\">\n\t\t\t\t\t\t<section class=\"elementor-section elementor-top-section elementor-element elementor-element-20069faf elementor-section-full_width elementor-section-content-middle elementor-section-height-default elementor-section-height-default\" data-id=\"20069faf\" data-element_type=\"section\" data-e-type=\"section\">\n\t\t\t\t\t\t<div class=\"elementor-container elementor-column-gap-no\">\n\t\t\t\t\t<div class=\"elementor-column elementor-col-100 elementor-top-column elementor-element elementor-element-704ae319\" data-id=\"704ae319\" data-element_type=\"column\" data-e-type=\"column\">\n\t\t\t<div class=\"elementor-widget-wrap elementor-element-populated\">\n\t\t\t\t\t\t<div class=\"elementor-element elementor-element-65e0ee0f elementor-widget elementor-widget-shortcode\" data-id=\"65e0ee0f\" data-element_type=\"widget\" data-e-type=\"widget\" data-widget_type=\"shortcode.default\">\n\t\t\t\t<div class=\"elementor-widget-container\">\n\t\t\t\t\t\t\t<div class=\"elementor-shortcode\"><\/div>\n\t\t\t\t\t\t<\/div>\n\t\t\t\t<\/div>\n\t\t\t\t\t<\/div>\n\t\t<\/div>\n\t\t\t\t\t<\/div>\n\t\t<\/section>\n\t\t\t\t<section class=\"elementor-section elementor-top-section elementor-element elementor-element-515d290 elementor-section-boxed elementor-section-height-default elementor-section-height-default\" data-id=\"515d290\" data-element_type=\"section\" data-e-type=\"section\">\n\t\t\t\t\t\t<div class=\"elementor-container elementor-column-gap-default\">\n\t\t\t\t\t\t<\/div>\n\t\t<\/section>\n\t\t\t\t<section class=\"elementor-section elementor-top-section elementor-element elementor-element-2078713 elementor-section-boxed elementor-section-height-default elementor-section-height-default\" data-id=\"2078713\" data-element_type=\"section\" data-e-type=\"section\">\n\t\t\t\t\t\t<div class=\"elementor-container elementor-column-gap-default\">\n\t\t\t\t\t<div class=\"elementor-column elementor-col-100 elementor-top-column elementor-element elementor-element-a9dca9f\" data-id=\"a9dca9f\" data-element_type=\"column\" data-e-type=\"column\">\n\t\t\t<div class=\"elementor-widget-wrap elementor-element-populated\">\n\t\t\t\t\t\t<div class=\"elementor-element elementor-element-2d4a8a6 elementor-widget elementor-widget-menu-anchor\" data-id=\"2d4a8a6\" data-element_type=\"widget\" data-e-type=\"widget\" data-widget_type=\"menu-anchor.default\">\n\t\t\t\t<div class=\"elementor-widget-container\">\n\t\t\t\t\t\t\t<div class=\"elementor-menu-anchor\" id=\"lycee\"><\/div>\n\t\t\t\t\t\t<\/div>\n\t\t\t\t<\/div>\n\t\t\t\t<div class=\"elementor-element elementor-element-7ef4dd0 elementor-widget elementor-widget-heading\" data-id=\"7ef4dd0\" data-element_type=\"widget\" data-e-type=\"widget\" data-widget_type=\"heading.default\">\n\t\t\t\t<div class=\"elementor-widget-container\">\n\t\t\t\t\t<h2 class=\"elementor-heading-title elementor-size-default\">Educaci\u00f3n primaria <\/h2>\t\t\t\t<\/div>\n\t\t\t\t<\/div>\n\t\t\t\t<div class=\"elementor-element elementor-element-b76ce15 elementor-widget elementor-widget-text-editor\" data-id=\"b76ce15\" data-element_type=\"widget\" data-e-type=\"widget\" data-widget_type=\"text-editor.default\">\n\t\t\t\t<div class=\"elementor-widget-container\">\n\t\t\t\t\t\t\t\t\t<p>La escuela primaria acoge a alumnos de 6 a 11 a\u00f1os en dos ciclos (ciclo 2 e inicio del ciclo 3) y cinco niveles de clase: CP, CE1, CE2, CM1 y CM2.<\/p>\t\t\t\t\t\t\t\t<\/div>\n\t\t\t\t<\/div>\n\t\t\t\t<div class=\"elementor-element elementor-element-7a31f79 elementor-widget elementor-widget-video\" data-id=\"7a31f79\" data-element_type=\"widget\" data-e-type=\"widget\" data-settings=\"{&quot;youtube_url&quot;:&quot;https:\\\/\\\/youtu.be\\\/sf9D_S0uxrs&quot;,&quot;yt_privacy&quot;:&quot;yes&quot;,&quot;lazy_load&quot;:&quot;yes&quot;,&quot;video_type&quot;:&quot;youtube&quot;,&quot;controls&quot;:&quot;yes&quot;}\" data-widget_type=\"video.default\">\n\t\t\t\t<div class=\"elementor-widget-container\">\n\t\t\t\t\t\t\t<div class=\"elementor-wrapper elementor-open-inline\">\n\t\t\t<div class=\"elementor-video\"><\/div>\t\t<\/div>\n\t\t\t\t\t\t<\/div>\n\t\t\t\t<\/div>\n\t\t\t\t<div class=\"elementor-element elementor-element-c819fd2 elementor-widget elementor-widget-spacer\" data-id=\"c819fd2\" data-element_type=\"widget\" data-e-type=\"widget\" data-widget_type=\"spacer.default\">\n\t\t\t\t<div class=\"elementor-widget-container\">\n\t\t\t\t\t\t\t<div class=\"elementor-spacer\">\n\t\t\t<div class=\"elementor-spacer-inner\"><\/div>\n\t\t<\/div>\n\t\t\t\t\t\t<\/div>\n\t\t\t\t<\/div>\n\t\t\t\t\t<\/div>\n\t\t<\/div>\n\t\t\t\t\t<\/div>\n\t\t<\/section>\n\t\t\t\t<section class=\"elementor-section elementor-top-section elementor-element elementor-element-5a047c0 elementor-section-boxed elementor-section-height-default elementor-section-height-default\" data-id=\"5a047c0\" data-element_type=\"section\" data-e-type=\"section\">\n\t\t\t\t\t\t<div class=\"elementor-container elementor-column-gap-default\">\n\t\t\t\t\t<div class=\"elementor-column elementor-col-100 elementor-top-column elementor-element elementor-element-b826fe7\" data-id=\"b826fe7\" data-element_type=\"column\" data-e-type=\"column\">\n\t\t\t<div class=\"elementor-widget-wrap elementor-element-populated\">\n\t\t\t\t\t\t<div class=\"elementor-element elementor-element-e8ad200 elementor-widget elementor-widget-heading\" data-id=\"e8ad200\" data-element_type=\"widget\" data-e-type=\"widget\" data-widget_type=\"heading.default\">\n\t\t\t\t<div class=\"elementor-widget-container\">\n\t\t\t\t\t<h2 class=\"elementor-heading-title elementor-size-default\">EL EQUIPO DOCENTE<\/h2>\t\t\t\t<\/div>\n\t\t\t\t<\/div>\n\t\t\t\t<div class=\"elementor-element elementor-element-46440f2 elementor-widget elementor-widget-image\" data-id=\"46440f2\" data-element_type=\"widget\" data-e-type=\"widget\" data-widget_type=\"image.default\">\n\t\t\t\t<div class=\"elementor-widget-container\">\n\t\t\t\t\t\t\t\t\t\t\t\t\t\t\t<img fetchpriority=\"high\" decoding=\"async\" width=\"2048\" height=\"1365\" src=\"https:\/\/lfmalaga.com\/wp-content\/uploads\/2024\/09\/100-2048x1365.jpg\" class=\"attachment-2048x2048 size-2048x2048 wp-image-35317\" alt=\"\" srcset=\"https:\/\/lfmalaga.com\/wp-content\/uploads\/2024\/09\/100-2048x1365.jpg 2048w, https:\/\/lfmalaga.com\/wp-content\/uploads\/2024\/09\/100-300x200.jpg 300w, https:\/\/lfmalaga.com\/wp-content\/uploads\/2024\/09\/100-1024x683.jpg 1024w, https:\/\/lfmalaga.com\/wp-content\/uploads\/2024\/09\/100-768x512.jpg 768w, https:\/\/lfmalaga.com\/wp-content\/uploads\/2024\/09\/100-1536x1024.jpg 1536w, https:\/\/lfmalaga.com\/wp-content\/uploads\/2024\/09\/100-18x12.jpg 18w\" sizes=\"(max-width: 2048px) 100vw, 2048px\" \/>\t\t\t\t\t\t\t\t\t\t\t\t\t\t\t<\/div>\n\t\t\t\t<\/div>\n\t\t\t\t<div class=\"elementor-element elementor-element-749f9f8 elementor-widget elementor-widget-heading\" data-id=\"749f9f8\" data-element_type=\"widget\" data-e-type=\"widget\" data-widget_type=\"heading.default\">\n\t\t\t\t<div class=\"elementor-widget-container\">\n\t\t\t\t\t<h3 class=\"elementor-heading-title elementor-size-default\">LOS OBJETIVOS DE LAS ENSE\u00d1ANZAS EN PRIMARIA\n<\/h3>\t\t\t\t<\/div>\n\t\t\t\t<\/div>\n\t\t\t\t\t<\/div>\n\t\t<\/div>\n\t\t\t\t\t<\/div>\n\t\t<\/section>\n\t\t\t\t<section class=\"elementor-section elementor-top-section elementor-element elementor-element-285b02f elementor-section-boxed elementor-section-height-default elementor-section-height-default\" data-id=\"285b02f\" data-element_type=\"section\" data-e-type=\"section\">\n\t\t\t\t\t\t<div class=\"elementor-container elementor-column-gap-default\">\n\t\t\t\t\t<div class=\"elementor-column elementor-col-100 elementor-top-column elementor-element elementor-element-6c020be\" data-id=\"6c020be\" data-element_type=\"column\" data-e-type=\"column\">\n\t\t\t<div class=\"elementor-widget-wrap elementor-element-populated\">\n\t\t\t\t\t\t<div class=\"elementor-element elementor-element-c066945 elementor-widget elementor-widget-text-editor\" data-id=\"c066945\" data-element_type=\"widget\" data-e-type=\"widget\" data-widget_type=\"text-editor.default\">\n\t\t\t\t<div class=\"elementor-widget-container\">\n\t\t\t\t\t\t\t\t\t<p>La formaci\u00f3n impartida en las escuelas primarias asegura la adquisici\u00f3n de los fundamentos: leer, escribir, contar, respetar a los dem\u00e1s.<\/p><p>Tambi\u00e9n:<\/p><ul><li>Fomenta el desarrollo de la inteligencia, la sensibilidad art\u00edstica, las habilidades manuales, f\u00edsicas y deportivas;<\/li><li>Aporta los elementos de la cultura hist\u00f3rica, geogr\u00e1fica, cient\u00edfica y t\u00e9cnica;<\/li><li>Ofrece una educaci\u00f3n en artes visuales y musicales;<\/li><li>Proporciona la ense\u00f1anza de una lengua extranjera moderna y puede incluir una introducci\u00f3n a la diversidad ling\u00fc\u00edstica;<\/li><li>Tambi\u00e9n contribuye a la comprensi\u00f3n y al uso aut\u00f3nomo y responsable de los medios de\ncomunicaci\u00f3n, especialmente los digitales;<\/li><li>Asegura la adquisici\u00f3n y comprensi\u00f3n de la exigencia del respeto a la persona, a sus or\u00edgenes y a sus diferencias;<\/li><li>Tambi\u00e9n transmite la exigencia de respeto a los derechos de los ni\u00f1os y la igualdad entre mujeres y hombres.<\/li><\/ul><p>\u00a0<\/p><p>Junto con la familia, proporciona una educaci\u00f3n moral y c\u00edvica que incluye, para posibilitar el ejercicio de la ciudadan\u00eda, la adquisici\u00f3n y la difusi\u00f3n de los valores y s\u00edmbolos de la Rep\u00fablica y de la Uni\u00f3n Europea. Las 4 horas de espa\u00f1ol de las que se benefician todos los alumnos de primaria permiten tanto la ense\u00f1anza sistem\u00e1tica del idioma espa\u00f1ol como de la cultura y la historia espa\u00f1olas en paralelo con los programas de franc\u00e9s. Contin\u00faa la ense\u00f1anza del ingl\u00e9s iniciada en el jard\u00edn infantil, con \u00e9nfasis en la pr\u00e1ctica oral para las clases del ciclo 2 e integrando la escritura a partir del CE2.<\/p><p>Al final de la clase de CM2 (5\u00ba de primaria), los alumnos alcanzan el nivel A1 del Marco Com\u00fan Europeo de Referencia para las lenguas.\u00a0<span style=\"color: var( --e-global-color-d9c29ee ); font-family: var( --e-global-typography-text-font-family ), Sans-serif; font-size: var( --e-global-typography-text-font-size ); font-weight: var( --e-global-typography-text-font-weight );\">Las competencias de los alumnos se eval\u00faan diariamente, pero tambi\u00e9n de forma m\u00e1s puntual antes de la entrega de los boletines de cualificaciones. Estos se env\u00edan a las familias al final de cada trimestre por medio de la aplicaci\u00f3n Pronote Primaire.<\/span><\/p>\t\t\t\t\t\t\t\t<\/div>\n\t\t\t\t<\/div>\n\t\t\t\t<div class=\"elementor-element elementor-element-58e43c4 elementor-mobile-align-center elementor-widget elementor-widget-button\" data-id=\"58e43c4\" data-element_type=\"widget\" data-e-type=\"widget\" data-widget_type=\"button.default\">\n\t\t\t\t<div class=\"elementor-widget-container\">\n\t\t\t\t\t\t\t\t\t<div class=\"elementor-button-wrapper\">\n\t\t\t\t\t<a class=\"elementor-button elementor-button-link elementor-size-sm\" href=\"https:\/\/lfmalaga.com\/wp-content\/uploads\/2022\/07\/2021-brochure-bilingue-fr-en-pourquoi-choisir-enseignement-francais.pdf\" target=\"_blank\">\n\t\t\t\t\t\t<span class=\"elementor-button-content-wrapper\">\n\t\t\t\t\t\t<span class=\"elementor-button-icon\">\n\t\t\t\t<i aria-hidden=\"true\" class=\"fas fa-file-pdf\"><\/i>\t\t\t<\/span>\n\t\t\t\t\t\t\t\t\t<span class=\"elementor-button-text\">\u00bfPorqu\u00e9 elegir la educaci\u00f3n francesa?<\/span>\n\t\t\t\t\t<\/span>\n\t\t\t\t\t<\/a>\n\t\t\t\t<\/div>\n\t\t\t\t\t\t\t\t<\/div>\n\t\t\t\t<\/div>\n\t\t\t\t<div class=\"elementor-element elementor-element-7c750df elementor-widget elementor-widget-heading\" data-id=\"7c750df\" data-element_type=\"widget\" data-e-type=\"widget\" data-widget_type=\"heading.default\">\n\t\t\t\t<div class=\"elementor-widget-container\">\n\t\t\t\t\t<h2 class=\"elementor-heading-title elementor-size-default\">LA BIBLIOTECA CENTRO DE DOCUMENTACI\u00d3N DE PRIMARIA<\/h2>\t\t\t\t<\/div>\n\t\t\t\t<\/div>\n\t\t\t\t<div class=\"elementor-element elementor-element-b2cb6ef elementor-widget elementor-widget-text-editor\" data-id=\"b2cb6ef\" data-element_type=\"widget\" data-e-type=\"widget\" data-widget_type=\"text-editor.default\">\n\t\t\t\t<div class=\"elementor-widget-container\">\n\t\t\t\t\t\t\t\t\t<p>Nuestras acciones se caracterizan por poner al ni\u00f1o en una situaci\u00f3n aut\u00f3noma y activa, siendo nuestro objetivo crear un v\u00ednculo entre nuestros alumnos y el libro. De esta manera, construir\u00e1n una cultura literaria y se preparar\u00e1n para asistir al CDI (Centro de Documentaci\u00f3n e Informaci\u00f3n) que encontrar\u00e1n en la universidad.\u00a0<span style=\"color: var( --e-global-color-d9c29ee ); font-family: var( --e-global-typography-text-font-family ), Sans-serif; font-size: var( --e-global-typography-text-font-size ); font-weight: var( --e-global-typography-text-font-weight );\">En la BCD, los ni\u00f1os participan en una animaci\u00f3n a la lectura, con el fin de acercarles todos los tipos de textos. Este momento tambi\u00e9n tiene como objetivo fomentar el gusto por la lectura.\u00a0<\/span><span style=\"color: var( --e-global-color-d9c29ee ); font-family: var( --e-global-typography-text-font-family ), Sans-serif; font-size: var( --e-global-typography-text-font-size ); font-weight: var( --e-global-typography-text-font-weight );\">La colecci\u00f3n est\u00e1 totalmente informatizada. A partir de la clase de la Secci\u00f3n Moyenne, los alumnos utilizan el software de la biblioteca. Lo utilizan para pedir prestado, devolver y buscar documentos.\u00a0<\/span><span style=\"color: var( --e-global-color-d9c29ee ); font-family: var( --e-global-typography-text-font-family ), Sans-serif; font-size: var( --e-global-typography-text-font-size ); font-weight: var( --e-global-typography-text-font-weight );\">Pueden encontrar publicaciones peri\u00f3dicas, \u00e1lbumes ilustrados, cuentos, novelas, c\u00f3mics, libros de poes\u00eda, libros de teatro, libros de conocimiento. Un fondo con obras did\u00e1cticas est\u00e1 a disposici\u00f3n del equipo docente.<\/span><\/p>\t\t\t\t\t\t\t\t<\/div>\n\t\t\t\t<\/div>\n\t\t<div class=\"elementor-element elementor-element-9b40813 e-flex e-con-boxed e-con e-parent\" data-id=\"9b40813\" data-element_type=\"container\" data-e-type=\"container\">\n\t\t\t\t\t<div class=\"e-con-inner\">\n\t\t\t\t\t<\/div>\n\t\t\t\t<\/div>\n\t\t\t\t<div class=\"elementor-element elementor-element-1942c3f elementor-widget elementor-widget-heading\" data-id=\"1942c3f\" data-element_type=\"widget\" data-e-type=\"widget\" data-widget_type=\"heading.default\">\n\t\t\t\t<div class=\"elementor-widget-container\">\n\t\t\t\t\t<h2 class=\"elementor-heading-title elementor-size-default\">Un momento en clase:<\/h2>\t\t\t\t<\/div>\n\t\t\t\t<\/div>\n\t\t\t\t\t<\/div>\n\t\t<\/div>\n\t\t\t\t\t<\/div>\n\t\t<\/section>\n\t\t<div class=\"elementor-element elementor-element-08f01c6 e-flex e-con-boxed e-con e-parent\" data-id=\"08f01c6\" data-element_type=\"container\" data-e-type=\"container\">\n\t\t\t\t\t<div class=\"e-con-inner\">\n\t\t\t\t<div class=\"elementor-element elementor-element-56f59b1 elementor-widget elementor-widget-spacer\" data-id=\"56f59b1\" data-element_type=\"widget\" data-e-type=\"widget\" data-widget_type=\"spacer.default\">\n\t\t\t\t<div class=\"elementor-widget-container\">\n\t\t\t\t\t\t\t<div class=\"elementor-spacer\">\n\t\t\t<div class=\"elementor-spacer-inner\"><\/div>\n\t\t<\/div>\n\t\t\t\t\t\t<\/div>\n\t\t\t\t<\/div>\n\t\t\t\t\t<\/div>\n\t\t\t\t<\/div>\n\t\t<div class=\"elementor-element elementor-element-96b6da8 e-flex e-con-boxed e-con e-parent\" data-id=\"96b6da8\" data-element_type=\"container\" data-e-type=\"container\">\n\t\t\t\t\t<div class=\"e-con-inner\">\n\t\t<div class=\"elementor-element elementor-element-2296efa e-flex e-con-boxed e-con e-child\" data-id=\"2296efa\" data-element_type=\"container\" data-e-type=\"container\">\n\t\t\t\t\t<div class=\"e-con-inner\">\n\t\t<div class=\"elementor-element elementor-element-e007a39 e-con-full e-flex e-con e-child\" data-id=\"e007a39\" data-element_type=\"container\" data-e-type=\"container\">\n\t\t\t\t<div class=\"elementor-element elementor-element-5adc2b3 elementor-widget elementor-widget-image\" data-id=\"5adc2b3\" data-element_type=\"widget\" data-e-type=\"widget\" data-widget_type=\"image.default\">\n\t\t\t\t<div class=\"elementor-widget-container\">\n\t\t\t\t\t\t\t\t\t\t\t\t\t\t\t\t<a href=\"https:\/\/lfmalaga.com\/wp-content\/uploads\/2022\/04\/Vanessa-et-Jeremy-336.jpg\" data-elementor-open-lightbox=\"yes\" data-e-action-hash=\"#elementor-action%3Aaction%3Dlightbox%26settings%3DeyJpZCI6MzA1ODYsInVybCI6Imh0dHBzOlwvXC9sZm1hbGFnYS5jb21cL3dwLWNvbnRlbnRcL3VwbG9hZHNcLzIwMjJcLzA0XC9WYW5lc3NhLWV0LUplcmVteS0zMzYuanBnIn0%3D\">\n\t\t\t\t\t\t\t<img decoding=\"async\" width=\"683\" height=\"1024\" src=\"https:\/\/lfmalaga.com\/wp-content\/uploads\/2022\/04\/Vanessa-et-Jeremy-336-683x1024.jpg\" class=\"attachment-large size-large wp-image-30586\" alt=\"\" srcset=\"https:\/\/lfmalaga.com\/wp-content\/uploads\/2022\/04\/Vanessa-et-Jeremy-336-683x1024.jpg 683w, https:\/\/lfmalaga.com\/wp-content\/uploads\/2022\/04\/Vanessa-et-Jeremy-336-200x300.jpg 200w, https:\/\/lfmalaga.com\/wp-content\/uploads\/2022\/04\/Vanessa-et-Jeremy-336-768x1152.jpg 768w, https:\/\/lfmalaga.com\/wp-content\/uploads\/2022\/04\/Vanessa-et-Jeremy-336-1024x1536.jpg 1024w, https:\/\/lfmalaga.com\/wp-content\/uploads\/2022\/04\/Vanessa-et-Jeremy-336-1365x2048.jpg 1365w, https:\/\/lfmalaga.com\/wp-content\/uploads\/2022\/04\/Vanessa-et-Jeremy-336-8x12.jpg 8w, https:\/\/lfmalaga.com\/wp-content\/uploads\/2022\/04\/Vanessa-et-Jeremy-336.jpg 1500w\" sizes=\"(max-width: 683px) 100vw, 683px\" \/>\t\t\t\t\t\t\t\t<\/a>\n\t\t\t\t\t\t\t\t\t\t\t\t\t\t\t<\/div>\n\t\t\t\t<\/div>\n\t\t\t\t<\/div>\n\t\t<div class=\"elementor-element elementor-element-5fd41bc e-con-full e-flex e-con e-child\" data-id=\"5fd41bc\" data-element_type=\"container\" data-e-type=\"container\">\n\t\t\t\t<div class=\"elementor-element elementor-element-90fc632 elementor-widget elementor-widget-image\" data-id=\"90fc632\" data-element_type=\"widget\" data-e-type=\"widget\" data-widget_type=\"image.default\">\n\t\t\t\t<div class=\"elementor-widget-container\">\n\t\t\t\t\t\t\t\t\t\t\t\t\t\t\t\t<a href=\"https:\/\/lfmalaga.com\/wp-content\/uploads\/2022\/04\/Vanessa-et-Jeremy-337.jpg\" data-elementor-open-lightbox=\"yes\" data-e-action-hash=\"#elementor-action%3Aaction%3Dlightbox%26settings%3DeyJpZCI6MzA1ODcsInVybCI6Imh0dHBzOlwvXC9sZm1hbGFnYS5jb21cL3dwLWNvbnRlbnRcL3VwbG9hZHNcLzIwMjJcLzA0XC9WYW5lc3NhLWV0LUplcmVteS0zMzcuanBnIn0%3D\">\n\t\t\t\t\t\t\t<img decoding=\"async\" width=\"683\" height=\"1024\" src=\"https:\/\/lfmalaga.com\/wp-content\/uploads\/2022\/04\/Vanessa-et-Jeremy-337-683x1024.jpg\" class=\"attachment-large size-large wp-image-30587\" alt=\"\" srcset=\"https:\/\/lfmalaga.com\/wp-content\/uploads\/2022\/04\/Vanessa-et-Jeremy-337-683x1024.jpg 683w, https:\/\/lfmalaga.com\/wp-content\/uploads\/2022\/04\/Vanessa-et-Jeremy-337-200x300.jpg 200w, https:\/\/lfmalaga.com\/wp-content\/uploads\/2022\/04\/Vanessa-et-Jeremy-337-768x1152.jpg 768w, https:\/\/lfmalaga.com\/wp-content\/uploads\/2022\/04\/Vanessa-et-Jeremy-337-1024x1536.jpg 1024w, https:\/\/lfmalaga.com\/wp-content\/uploads\/2022\/04\/Vanessa-et-Jeremy-337-1365x2048.jpg 1365w, https:\/\/lfmalaga.com\/wp-content\/uploads\/2022\/04\/Vanessa-et-Jeremy-337-8x12.jpg 8w, https:\/\/lfmalaga.com\/wp-content\/uploads\/2022\/04\/Vanessa-et-Jeremy-337.jpg 1500w\" sizes=\"(max-width: 683px) 100vw, 683px\" \/>\t\t\t\t\t\t\t\t<\/a>\n\t\t\t\t\t\t\t\t\t\t\t\t\t\t\t<\/div>\n\t\t\t\t<\/div>\n\t\t\t\t<\/div>\n\t\t\t\t\t<\/div>\n\t\t\t\t<\/div>\n\t\t\t\t\t<\/div>\n\t\t\t\t<\/div>\n\t\t\t\t<\/div>","protected":false},"excerpt":{"rendered":"<p>L&rsquo;\u00e9cole \u00e9l\u00e9mentaire L&rsquo;\u00e9cole \u00e9l\u00e9mentaire accueille les \u00e9l\u00e8ves de 6 \u00e0 11 ans sur deux cycles (cycle 2 et d\u00e9but du cycle 3) et cinq niveaux de classes\u00a0: CP, CE1, CE2, CM1 et CM2. https:\/\/youtu.be\/sf9D_S0uxrs notre \u00e9quipe p\u00e9dagogique Les objectifs de la formation \u00e0 l&rsquo;\u00e9cole \u00e9l\u00e9mentaire La formation dispens\u00e9e dans les \u00e9coles \u00e9l\u00e9mentaires assure l&rsquo;acquisition des [&hellip;]<\/p>\n","protected":false},"author":1,"featured_media":365,"parent":36447,"menu_order":0,"comment_status":"closed","ping_status":"closed","template":"","meta":{"footnotes":""},"class_list":["post-33","page","type-page","status-publish","has-post-thumbnail","hentry"],"_links":{"self":[{"href":"https:\/\/lfmalaga.com\/es\/wp-json\/wp\/v2\/pages\/33","targetHints":{"allow":["GET"]}}],"collection":[{"href":"https:\/\/lfmalaga.com\/es\/wp-json\/wp\/v2\/pages"}],"about":[{"href":"https:\/\/lfmalaga.com\/es\/wp-json\/wp\/v2\/types\/page"}],"author":[{"embeddable":true,"href":"https:\/\/lfmalaga.com\/es\/wp-json\/wp\/v2\/users\/1"}],"replies":[{"embeddable":true,"href":"https:\/\/lfmalaga.com\/es\/wp-json\/wp\/v2\/comments?post=33"}],"version-history":[{"count":20,"href":"https:\/\/lfmalaga.com\/es\/wp-json\/wp\/v2\/pages\/33\/revisions"}],"predecessor-version":[{"id":35359,"href":"https:\/\/lfmalaga.com\/es\/wp-json\/wp\/v2\/pages\/33\/revisions\/35359"}],"up":[{"embeddable":true,"href":"https:\/\/lfmalaga.com\/es\/wp-json\/wp\/v2\/pages\/36447"}],"wp:featuredmedia":[{"embeddable":true,"href":"https:\/\/lfmalaga.com\/es\/wp-json\/"}],"wp:attachment":[{"href":"https:\/\/lfmalaga.com\/es\/wp-json\/wp\/v2\/media?parent=33"}],"curies":[{"name":"wp","href":"https:\/\/api.w.org\/{rel}","templated":true}]}}