{"id":34825,"date":"2024-03-07T15:58:31","date_gmt":"2024-03-07T14:58:31","guid":{"rendered":"https:\/\/lfmalaga.com\/wpbc-booking\/"},"modified":"2026-01-08T13:38:45","modified_gmt":"2026-01-08T12:38:45","slug":"visites","status":"publish","type":"page","link":"https:\/\/lfmalaga.com\/es\/visites\/","title":{"rendered":"Reservar una visita del centro"},"content":{"rendered":"\t\t<div data-elementor-type=\"wp-page\" data-elementor-id=\"34825\" class=\"elementor elementor-34825\" data-elementor-post-type=\"page\">\n\t\t\t\t<div class=\"elementor-element elementor-element-1aeb0b17 e-flex e-con-boxed e-con e-parent\" data-id=\"1aeb0b17\" data-element_type=\"container\" data-e-type=\"container\">\n\t\t\t\t\t<div class=\"e-con-inner\">\n\t\t\t\t<div class=\"elementor-element elementor-element-3a3d1e79 elementor-widget__width-initial elementor-widget elementor-widget-shortcode\" data-id=\"3a3d1e79\" data-element_type=\"widget\" data-e-type=\"widget\" data-widget_type=\"shortcode.default\">\n\t\t\t\t<div class=\"elementor-widget-container\">\n\t\t\t\t\t\t\t<div class=\"elementor-shortcode\"> <div id=\"form_id999645377965\" class=\"wpbc_container wpbc_form wpbc_container_booking_form \" ><form id=\"booking_form1\" class=\"booking_form vertical\" method=\"post\" action=\"\"><div id=\"ajax_respond_insert1\" class=\"ajax_respond_insert\" style=\"display:none;\"><\/div><a name=\"bklnk1\" id=\"bklnk1\"><\/a><div id=\"booking_form_div1\" class=\"booking_form_div\"><style type=\"text\/css\">.wpbc_container_booking_form .block_hints, .wpbc_booking_form_simple.wpbc_form_center .wpbc__form__div .wpbc__row.wpbc_r_calendar,  .wpbc_booking_form_simple .wpbc__form__div .wpbc__row:not(.wpbc_r_calendar){max-width:500px;} <\/style>\n<div class=\"wpbc_booking_form_simple wpbc_booking_form_structure wpbc_form_center\">\n    <div class=\"wpbc__form__div\">\n\t<div class=\"wpbc_r_calendar wpbc__row\">\n      <div class=\"wpbc_r_calendar wpbc__field\"> <div class=\"wpbc_calendar_wraper wpbc_change_over_triangle\"><div class=\"wpbc_cal_container bk_calendar_frame wpbc_no_custom_width  months_num_in_row_ cal_month_num_1\" style=\"\"><div id=\"calendar_booking1\"  class=\"wpbc_calendar_id_1\" >\t<div class=\"calendar_loader_frame calendar_loader_frame1\"\r\n\t\tdata-wpbc-rid=\"1\"\r\n\t\tdata-wpbc-grace=\"8000\"\r\n\t\tstyle=\"--wpbc-loader-cols: 1;\"\r\n\t>\r\n\t\t<div class=\"calendar_loader_text\">Cargando...<\/div>\r\n\t\t<div class=\"calendar_loader_frame__progress_line_container\">\r\n\t\t\t<div class=\"calendar_loader_frame__progress_line\"><\/div>\r\n\t\t<\/div>\r\n\t<\/div>\r\n\t<\/div><\/div><div style=\"font-size:7px;text-align:left;margin:0 0 10px;text-shadow: none;\">Powered by <a href=\"https:\/\/wpbookingcalendar.com\" style=\"font-size:7px;\" target=\"_blank\" title=\"Booking Calendar plugin for WordPress\" rel=\"noopener\">Booking Calendar<\/a><\/div><textarea id=\"date_booking1\" name=\"date_booking1\" autocomplete=\"off\" style=\"display:none;\"><\/textarea><\/div><\/div>\n\t<\/div>\n\t<div class=\"wpbc__row\">\n      <div class=\"wpbc_r_rangetime wpbc__field\">  <label for=\"rangetime1\">Tranches horaires*<\/label><br>   <select name=\"rangetime1\" id=\"rangetime1\" class=\"input-xlarge wpdev-validates-as-required\" >  <option value=\"10:00 - 11:00\" >10:00 - 11:00<\/option>  <option value=\"11:00 - 12:00\" >11:00 - 12:00<\/option>  <option value=\"14:00 - 15:00\" >14:00 - 15:00<\/option>  <option value=\"15:00 - 16:00\" >15:00 - 16:00<\/option>     <\/select><\/div>\n\t<\/div>\n\t<div class=\"wpbc__row\">\n      <div class=\"wpbc_r_name wpbc__field\">  <label for=\"name1\">Pr\u00e9nom*<\/label><br>   <input type=\"text\" name=\"name1\" id=\"name1\" class=\"input-xlarge wpdev-validates-as-required\" \/><\/div>\n\t<\/div>\n\t<div class=\"wpbc__row\">\n      <div class=\"wpbc_r_secondname wpbc__field\">  <label for=\"secondname1\">Nom*<\/label><br>   <input type=\"text\" name=\"secondname1\" id=\"secondname1\" class=\"input-xlarge wpdev-validates-as-required\" \/><\/div>\n\t<\/div>\n\t<div class=\"wpbc__row\">\n      <div class=\"wpbc_r_email wpbc__field\">  <label for=\"email1\">Email*<\/label><br>   <input type=\"email\" name=\"email1\" id=\"email1\" class=\"input-xlarge wpdev-validates-as-email wpdev-validates-as-required wpdev-validates-as-required\" \/><\/div>\n\t<\/div>\n\t<div class=\"wpbc__row\">\n      <div class=\"wpbc_r_visitors wpbc__field\">  <label for=\"visitors1\">Langue de la visite*<\/label><br>   <select name=\"visitors1\" id=\"visitors1\" class=\"input-xlarge wpdev-validates-as-required\" >  <option value=\"Fran\u00e7ais\" >Fran\u00e7ais<\/option>  <option value=\"Espagnol\" >Espagnol<\/option>  <option value=\"Anglais\" >Anglais<\/option>     <\/select><\/div>\n\t<\/div>\n\t<div class=\"wpbc__row\">\n      <div class=\"wpbc_r_phone wpbc__field\">  <label for=\"phone1\">Telephone*<\/label><br>   <input type=\"text\" name=\"phone1\" id=\"phone1\" class=\"input-xlarge wpdev-validates-as-required\" \/><\/div>\n\t<\/div>\n\t<div class=\"wpbc__row\">\n      <div class=\"wpbc_r_details wpbc__field\">  <label for=\"details1\">Age(s) de(s) enfant(s)*<\/label><br>   <textarea  rows=\"3\" name=\"details1\" id=\"details1\" class=\"input-xlarge wpdev-validates-as-required\" ><\/textarea><\/div>\n\t<\/div>\n\t<div class=\"wpbc__row\">\n      <div class=\"wpbc_r_submit wpbc__field\"> <button class=\"wpbc_button_light\" type=\"button\" onclick=\"wpbc_booking_form_submit(this.form,1,'es_ES');\" >Envoyer<\/button>\n<\/div>\n\t<\/div>\n    <\/div>\n<\/div><input id=\"bk_type1\" name=\"bk_type1\" class=\"\" type=\"hidden\" value=\"1\" \/><\/div><div id=\"submiting1\"><\/div><div class=\"form_bk_messages\" id=\"form_bk_messages1\" ><\/div><input type=\"hidden\" id=\"wpbc_nonceCALCULATE_THE_COST1\" name=\"wpbc_nonceCALCULATE_THE_COST1\" value=\"011c629ed6\" \/><input type=\"hidden\" name=\"_wp_http_referer\" value=\"\/es\/wp-json\/wp\/v2\/pages\/34825\" \/><\/form><\/div><div id=\"booking_form_garbage1\" class=\"booking_form_garbage\"><\/div>\n<script id=\"wpbc-inline-js-wpbc-dup-calendar-warn-1\" type=\"text\/javascript\">\n(function() { var a = setInterval( function() {  if ( ( 'undefined' === typeof _wpbc ) || ( 'undefined' === typeof jQuery ) || ! window.jQuery ) { return; } clearInterval( a ); jQuery( document ).ready( function (){\njQuery(\".widget_wpdev_booking .booking_form.form-horizontal\").removeClass(\"form-horizontal\");\nvar calendars__on_this_page_list = _wpbc.get_other_param(\"calendars__on_this_page\") || [];\nvar visible_calendars_count = calendars__on_this_page_list.length;\nif (visible_calendars_count !== null) {\n  for (var i=0; i<visible_calendars_count; i++) {\n    if (_wpbc.get_other_param(\"calendars__on_this_page\")[i] === 1) {\n      console.log(\"%c%s\", \"color: #e77; font-weight:bold\", \"Warning! The booking calendar for this resource with the ID = 1 is already on the page. Find more details here: https:\\\/\\\/wpbookingcalendar.com\\\/faq\\\/why-the-booking-calendar-widget-not-show-on-page\\\/\");\n    }\n  }\n  _wpbc.get_other_param(\"calendars__on_this_page\")[visible_calendars_count] = 1;\n};\n} ); }, 500 ); })();\n<\/script>\n <script type=\"text\/javascript\"> (function() { var a = setInterval( function() {  if ( ( 'undefined' === typeof _wpbc ) || ( 'undefined' === typeof jQuery ) || ! window.jQuery ) { return; } clearInterval( a ); jQuery( document ).ready( function (){ _wpbc.balancer__set_max_threads( 3 );  _wpbc.calendar__set_param_value( 1 , 'calendar_scroll_to' , false );  _wpbc.calendar__set_param_value( 1 , 'calendar_dates_start' , \"\" );  _wpbc.calendar__set_param_value( 1 , 'calendar_dates_end'   , \"\" );  _wpbc.calendar__set_param_value( 1 , 'booking_max_monthes_in_calendar' , \"6m\" );  _wpbc.calendar__set_param_value( 1 , 'booking_start_day_weeek' , \"1\" );  _wpbc.calendar__set_param_value( 1 , 'calendar_number_of_months' , \"1\" );  _wpbc.calendar__set_param_value( 1, 'days_select_mode', \"single\" );  _wpbc.calendar__set_param_value( 1, 'fixed__days_num', 0 );  _wpbc.calendar__set_param_value( 1, 'fixed__week_days__start',   [] );  _wpbc.calendar__set_param_value( 1, 'dynamic__days_min', 0 );  _wpbc.calendar__set_param_value( 1, 'dynamic__days_max', 0 );  _wpbc.calendar__set_param_value( 1, 'dynamic__days_specific',    [] );  _wpbc.calendar__set_param_value( 1, 'dynamic__week_days__start', [] );  _wpbc.calendar__set_param_value( 1, 'booking_date_format', \"j M Y\" );  _wpbc.calendar__set_param_value( 1, 'booking_time_format', \"H:i\" );  if ( 'function' === typeof ( wpbc__conditions__SAVE_INITIAL__days_selection_params__bm ) ) { wpbc__conditions__SAVE_INITIAL__days_selection_params__bm( 1 ); }  wpbc_calendar_show(\"1\");  _wpbc.set_secure_param('nonce', \"24d1336a13\");  _wpbc.set_secure_param('user_id', \"0\");  _wpbc.set_secure_param('locale', \"es_ES\");  wpbc_calendar__load_data__ajx({\"resource_id\":1,\"booking_hash\":\"\",\"request_uri\":\"\\\/es\\\/wp-json\\\/wp\\\/v2\\\/pages\\\/34825\",\"custom_form\":\"standard\",\"aggregate_resource_id_str\":\"\",\"aggregate_type\":\"all\"}); } ); }, 500 ); })();<\/script><\/div>\n\t\t\t\t\t\t<\/div>\n\t\t\t\t<\/div>\n\t\t\t\t<div class=\"elementor-element elementor-element-6028f38 elementor-widget elementor-widget-text-editor\" data-id=\"6028f38\" data-element_type=\"widget\" data-e-type=\"widget\" data-widget_type=\"text-editor.default\">\n\t\t\t\t<div class=\"elementor-widget-container\">\n\t\t\t\t\t\t\t\t\t<div data-id=\"ad5402b\" data-element_type=\"widget\" data-widget_type=\"heading.default\"><p>\u00a0<\/p><div><h1 data-swp-font-size=\"29px\">VISITER L&rsquo;\u00c9TABLISSEMENT<\/h1><\/div><\/div><div data-id=\"d0883be\" data-element_type=\"widget\" data-widget_type=\"text-editor.default\"><p>Nous serions ravis de vous accueillir pour une visite personnalis\u00e9e de notre \u00e9tablissement.<br \/>Explorez nos espaces, d\u00e9couvrez nos services, et plongez dans l\u2019atmosph\u00e8re unique qui fait notre fiert\u00e9.<\/p><p>Notre \u00e9quipe est \u00e0 votre disposition pour r\u00e9pondre \u00e0 toutes vos questions, vous guider et vous offrir un aper\u00e7u complet de ce que nous avons \u00e0 offrir.<\/p><p><strong>Prenez rendez-vous d\u00e8s aujourd\u2019hui<\/strong> pour organiser votre visite en toute simplicit\u00e9.<br \/>Nous avons h\u00e2te de vous rencontrer et de partager avec vous notre passion et notre savoir-faire.<\/p><h6 style=\"text-align: center;\">\u00a0<\/h6><\/div>\t\t\t\t\t\t\t\t<\/div>\n\t\t\t\t<\/div>\n\t\t\t\t\t<\/div>\n\t\t\t\t<\/div>\n\t\t<div class=\"elementor-element elementor-element-a380f21 e-flex e-con-boxed e-con e-parent\" data-id=\"a380f21\" data-element_type=\"container\" data-e-type=\"container\">\n\t\t\t\t\t<div class=\"e-con-inner\">\n\t\t\t\t<div class=\"elementor-element elementor-element-904bc24 elementor-widget elementor-widget-image\" data-id=\"904bc24\" data-element_type=\"widget\" data-e-type=\"widget\" data-widget_type=\"image.default\">\n\t\t\t\t<div class=\"elementor-widget-container\">\n\t\t\t\t\t\t\t\t\t\t\t\t\t\t\t<img fetchpriority=\"high\" decoding=\"async\" width=\"768\" height=\"432\" src=\"https:\/\/lfmalaga.com\/wp-content\/uploads\/2025\/10\/Puertas-Abiertas-Site-Web-768x432.png\" class=\"attachment-medium_large size-medium_large wp-image-36238\" alt=\"\" srcset=\"https:\/\/lfmalaga.com\/wp-content\/uploads\/2025\/10\/Puertas-Abiertas-Site-Web-768x432.png 768w, https:\/\/lfmalaga.com\/wp-content\/uploads\/2025\/10\/Puertas-Abiertas-Site-Web-300x169.png 300w, https:\/\/lfmalaga.com\/wp-content\/uploads\/2025\/10\/Puertas-Abiertas-Site-Web-1024x576.png 1024w, https:\/\/lfmalaga.com\/wp-content\/uploads\/2025\/10\/Puertas-Abiertas-Site-Web-18x10.png 18w, https:\/\/lfmalaga.com\/wp-content\/uploads\/2025\/10\/Puertas-Abiertas-Site-Web.png 1366w\" sizes=\"(max-width: 768px) 100vw, 768px\" \/>\t\t\t\t\t\t\t\t\t\t\t\t\t\t\t<\/div>\n\t\t\t\t<\/div>\n\t\t\t\t\t<\/div>\n\t\t\t\t<\/div>\n\t\t\t\t<\/div>\n\t\t","protected":false},"excerpt":{"rendered":"<p>\u00a0 VISITER L&rsquo;\u00c9TABLISSEMENT Nous serions ravis de vous accueillir pour une visite personnalis\u00e9e de notre \u00e9tablissement.Explorez nos espaces, d\u00e9couvrez nos services, et plongez dans l\u2019atmosph\u00e8re unique qui fait notre fiert\u00e9. Notre \u00e9quipe est \u00e0 votre disposition pour r\u00e9pondre \u00e0 toutes vos questions, vous guider et vous offrir un aper\u00e7u complet de ce que nous avons [&hellip;]<\/p>\n","protected":false},"author":6,"featured_media":0,"parent":0,"menu_order":0,"comment_status":"closed","ping_status":"closed","template":"","meta":{"footnotes":""},"class_list":["post-34825","page","type-page","status-publish","hentry"],"_links":{"self":[{"href":"https:\/\/lfmalaga.com\/es\/wp-json\/wp\/v2\/pages\/34825","targetHints":{"allow":["GET"]}}],"collection":[{"href":"https:\/\/lfmalaga.com\/es\/wp-json\/wp\/v2\/pages"}],"about":[{"href":"https:\/\/lfmalaga.com\/es\/wp-json\/wp\/v2\/types\/page"}],"author":[{"embeddable":true,"href":"https:\/\/lfmalaga.com\/es\/wp-json\/wp\/v2\/users\/6"}],"replies":[{"embeddable":true,"href":"https:\/\/lfmalaga.com\/es\/wp-json\/wp\/v2\/comments?post=34825"}],"version-history":[{"count":53,"href":"https:\/\/lfmalaga.com\/es\/wp-json\/wp\/v2\/pages\/34825\/revisions"}],"predecessor-version":[{"id":36395,"href":"https:\/\/lfmalaga.com\/es\/wp-json\/wp\/v2\/pages\/34825\/revisions\/36395"}],"wp:attachment":[{"href":"https:\/\/lfmalaga.com\/es\/wp-json\/wp\/v2\/media?parent=34825"}],"curies":[{"name":"wp","href":"https:\/\/api.w.org\/{rel}","templated":true}]}}