{"id":34948,"date":"2024-04-17T10:31:21","date_gmt":"2024-04-17T08:31:21","guid":{"rendered":"https:\/\/lfmalaga.com\/letablissement\/projet-detablissement-copy\/"},"modified":"2024-04-17T11:35:05","modified_gmt":"2024-04-17T09:35:05","slug":"developpement-durable","status":"publish","type":"page","link":"https:\/\/lfmalaga.com\/es\/letablissement\/developpement-durable\/","title":{"rendered":"Desarrollo sostenible"},"content":{"rendered":"<div data-elementor-type=\"wp-page\" data-elementor-id=\"34948\" class=\"elementor elementor-34948\" data-elementor-post-type=\"page\">\n\t\t\t\t\t\t<section class=\"elementor-section elementor-top-section elementor-element elementor-element-2f916184 elementor-section-boxed elementor-section-height-default elementor-section-height-default\" data-id=\"2f916184\" data-element_type=\"section\" data-e-type=\"section\">\n\t\t\t\t\t\t<div class=\"elementor-container elementor-column-gap-default\">\n\t\t\t\t\t<div class=\"elementor-column elementor-col-100 elementor-top-column elementor-element elementor-element-77acc5a1\" data-id=\"77acc5a1\" data-element_type=\"column\" data-e-type=\"column\">\n\t\t\t<div class=\"elementor-widget-wrap elementor-element-populated\">\n\t\t\t\t\t\t<div class=\"elementor-element elementor-element-354910ef elementor-widget elementor-widget-heading\" data-id=\"354910ef\" data-element_type=\"widget\" data-e-type=\"widget\" data-widget_type=\"heading.default\">\n\t\t\t\t<div class=\"elementor-widget-container\">\n\t\t\t\t\t<h1 class=\"elementor-heading-title elementor-size-large\">Impulsando el Desarrollo Sostenible en el Lyc\u00e9e Fran\u00e7ais International de M\u00e1laga<\/h1>\t\t\t\t<\/div>\n\t\t\t\t<\/div>\n\t\t\t\t<div class=\"elementor-element elementor-element-f3a0701 elementor-widget elementor-widget-text-editor\" data-id=\"f3a0701\" data-element_type=\"widget\" data-e-type=\"widget\" data-widget_type=\"text-editor.default\">\n\t\t\t\t<div class=\"elementor-widget-container\">\n\t\t\t\t\t\t\t\t\t<p><span style=\"font-family: var( --e-global-typography-text-font-family ), Sans-serif; font-size: var( --e-global-typography-text-font-size ); font-weight: var( --e-global-typography-text-font-weight );\">El Lyc\u00e9e Fran\u00e7ais International de M\u00e1laga est\u00e1 firmemente comprometido con la promoci\u00f3n del desarrollo sostenible dentro de su establecimiento. Conscientes de los desaf\u00edos ambientales y sociales que enfrenta nuestro planeta, estamos decididos a desempe\u00f1ar un papel activo en la consecuci\u00f3n de los Objetivos de Desarrollo Sostenible (ODS) de las Naciones Unidas. A trav\u00e9s de una serie de iniciativas innovadoras y educativas, nuestra escuela se esfuerza por crear conciencia, educar y tomar medidas para un futuro m\u00e1s sostenible.<\/span><\/p>\t\t\t\t\t\t\t\t<\/div>\n\t\t\t\t<\/div>\n\t\t\t\t\t<\/div>\n\t\t<\/div>\n\t\t\t\t\t<\/div>\n\t\t<\/section>\n\t\t<div class=\"elementor-element elementor-element-c970158 e-flex e-con-boxed e-con e-parent\" data-id=\"c970158\" data-element_type=\"container\" data-e-type=\"container\">\n\t\t\t\t\t<div class=\"e-con-inner\">\n\t\t<div class=\"elementor-element elementor-element-0ecd004 e-con-full e-flex e-con e-child\" data-id=\"0ecd004\" data-element_type=\"container\" data-e-type=\"container\">\n\t\t\t\t<div class=\"elementor-element elementor-element-4604373 elementor-widget elementor-widget-text-editor\" data-id=\"4604373\" data-element_type=\"widget\" data-e-type=\"widget\" data-widget_type=\"text-editor.default\">\n\t\t\t\t<div class=\"elementor-widget-container\">\n\t\t\t\t\t\t\t\t\t<h6 style=\"font-family: 'DM Sans', sans-serif; color: #020000;\"><span style=\"font-weight: bolder;\">Integraci\u00f3n de los ODS al Programa Educativo<\/span><\/h6><p>En el centro de nuestro compromiso est\u00e1 la integraci\u00f3n de los Objetivos de Desarrollo Sostenible en nuestro programa educativo. Hemos desarrollado m\u00f3dulos espec\u00edficos en nuestros cursos para concienciar a nuestros estudiantes sobre cuestiones de desarrollo sostenible y alentarlos a actuar de manera responsable. Estos m\u00f3dulos abordan diversos aspectos como la lucha contra el cambio clim\u00e1tico, la preservaci\u00f3n de la biodiversidad, la promoci\u00f3n de la igualdad de g\u00e9nero y muchos otros, en alineaci\u00f3n con los ODS de las Naciones Unidas.<\/p><h6 style=\"font-family: 'DM Sans', sans-serif; color: #020000;\"><span style=\"font-weight: bolder;\">Campa\u00f1as de concienciaci\u00f3n y acci\u00f3n<\/span><\/h6><p>Organizamos peri\u00f3dicamente campa\u00f1as de concientizaci\u00f3n y acci\u00f3n para movilizar a nuestra comunidad escolar en torno a las cuestiones del desarrollo sostenible. Estas campa\u00f1as incluyen eventos de concienciaci\u00f3n, talleres pr\u00e1cticos, proyecciones de pel\u00edculas y conferencias dirigidas por expertos. Tambi\u00e9n alentamos a nuestros estudiantes a participar en acciones concretas como campa\u00f1as de limpieza, plantaci\u00f3n de \u00e1rboles, iniciativas de reciclaje y proyectos de jardiner\u00eda ecol\u00f3gica.<\/p><h6 style=\"font-family: 'DM Sans', sans-serif; color: #020000;\"><span style=\"font-weight: bolder;\">Asociaciones locales e internacionales<\/span><\/h6><p>Como parte de nuestro compromiso con el desarrollo sostenible, colaboramos activamente con socios locales e internacionales. Nos hemos asociado con organizaciones ambientales, empresas sociales y otras escuelas de todo el mundo para intercambiar mejores pr\u00e1cticas, compartir recursos y desarrollar proyectos conjuntos. Estas alianzas fortalecen nuestro impacto y promueven un enfoque colaborativo para abordar los desaf\u00edos del desarrollo sostenible.<\/p>\t\t\t\t\t\t\t\t<\/div>\n\t\t\t\t<\/div>\n\t\t\t\t<\/div>\n\t\t<div class=\"elementor-element elementor-element-a832fad e-con-full e-flex e-con e-child\" data-id=\"a832fad\" data-element_type=\"container\" data-e-type=\"container\">\n\t\t\t\t<div class=\"elementor-element elementor-element-b1974fb elementor-widget elementor-widget-image\" data-id=\"b1974fb\" data-element_type=\"widget\" data-e-type=\"widget\" data-widget_type=\"image.default\">\n\t\t\t\t<div class=\"elementor-widget-container\">\n\t\t\t\t\t\t\t\t\t\t\t\t\t\t\t<img fetchpriority=\"high\" decoding=\"async\" width=\"683\" height=\"1024\" src=\"https:\/\/lfmalaga.com\/wp-content\/uploads\/2024\/04\/pexels-lara-jameson-9324330-683x1024.jpg\" class=\"attachment-large size-large wp-image-34969\" alt=\"\" srcset=\"https:\/\/lfmalaga.com\/wp-content\/uploads\/2024\/04\/pexels-lara-jameson-9324330-683x1024.jpg 683w, https:\/\/lfmalaga.com\/wp-content\/uploads\/2024\/04\/pexels-lara-jameson-9324330-200x300.jpg 200w, https:\/\/lfmalaga.com\/wp-content\/uploads\/2024\/04\/pexels-lara-jameson-9324330-768x1152.jpg 768w, https:\/\/lfmalaga.com\/wp-content\/uploads\/2024\/04\/pexels-lara-jameson-9324330-1024x1536.jpg 1024w, https:\/\/lfmalaga.com\/wp-content\/uploads\/2024\/04\/pexels-lara-jameson-9324330-1365x2048.jpg 1365w, https:\/\/lfmalaga.com\/wp-content\/uploads\/2024\/04\/pexels-lara-jameson-9324330-8x12.jpg 8w, https:\/\/lfmalaga.com\/wp-content\/uploads\/2024\/04\/pexels-lara-jameson-9324330-scaled.jpg 1707w\" sizes=\"(max-width: 683px) 100vw, 683px\" \/>\t\t\t\t\t\t\t\t\t\t\t\t\t\t\t<\/div>\n\t\t\t\t<\/div>\n\t\t\t\t<\/div>\n\t\t\t\t\t<\/div>\n\t\t\t\t<\/div>\n\t\t<div class=\"elementor-element elementor-element-412022c e-flex e-con-boxed e-con e-parent\" data-id=\"412022c\" data-element_type=\"container\" data-e-type=\"container\">\n\t\t\t\t\t<div class=\"e-con-inner\">\n\t\t\t\t<div class=\"elementor-element elementor-element-5f783d3 elementor-widget elementor-widget-text-editor\" data-id=\"5f783d3\" data-element_type=\"widget\" data-e-type=\"widget\" data-widget_type=\"text-editor.default\">\n\t\t\t\t<div class=\"elementor-widget-container\">\n\t\t\t\t\t\t\t\t\t<h6 style=\"font-family: &quot;DM Sans&quot;, sans-serif; color: rgb(2, 0, 0);\"><span style=\"font-weight: bolder; color: inherit; font-family: inherit; font-size: 1rem;\">Reducir la huella ecol\u00f3gica de la escuela<\/span><\/h6><p>Como instituci\u00f3n educativa, nos esforzamos por reducir nuestra propia huella ecol\u00f3gica. Hemos implementado iniciativas encaminadas a reducir el consumo energ\u00e9tico, minimizar los residuos, promover la alimentaci\u00f3n sostenible y fomentar la movilidad suave. Tambi\u00e9n estamos invirtiendo en infraestructura verde, como instalaciones solares, jardines educativos y sistemas de recolecci\u00f3n de agua de lluvia, para que nuestro campus sea m\u00e1s sustentable.<\/p><p><br><\/p><p><\/p><p>En el Lyc\u00e9e Fran\u00e7ais International de M\u00e1laga estamos convencidos de que la educaci\u00f3n juega un papel esencial en la promoci\u00f3n del desarrollo sostenible. Al integrar los Objetivos de Desarrollo Sostenible en nuestro curr\u00edculo educativo, organizar campa\u00f1as de concientizaci\u00f3n y acci\u00f3n, desarrollar asociaciones y reducir nuestra huella ecol\u00f3gica, contribuimos activamente a lograr la agenda global para un futuro m\u00e1s sostenible. Seguimos comprometidos a inspirar y empoderar a las generaciones futuras para que se conviertan en agentes de cambio para un mundo mejor.<\/p>\t\t\t\t\t\t\t\t<\/div>\n\t\t\t\t<\/div>\n\t\t\t\t\t<\/div>\n\t\t\t\t<\/div>\n\t\t<div class=\"elementor-element elementor-element-4877cbd e-flex e-con-boxed e-con e-parent\" data-id=\"4877cbd\" data-element_type=\"container\" data-e-type=\"container\">\n\t\t\t\t\t<div class=\"e-con-inner\">\n\t\t\t\t<div class=\"elementor-element elementor-element-18eae72 elementor-widget elementor-widget-image\" data-id=\"18eae72\" data-element_type=\"widget\" data-e-type=\"widget\" data-widget_type=\"image.default\">\n\t\t\t\t<div class=\"elementor-widget-container\">\n\t\t\t\t\t\t\t\t\t\t\t\t\t\t\t<img decoding=\"async\" width=\"800\" height=\"450\" src=\"https:\/\/lfmalaga.com\/wp-content\/uploads\/2024\/04\/ODD_Rectangle_-1024x576.jpg\" class=\"attachment-large size-large wp-image-34970\" alt=\"\" srcset=\"https:\/\/lfmalaga.com\/wp-content\/uploads\/2024\/04\/ODD_Rectangle_-1024x576.jpg 1024w, https:\/\/lfmalaga.com\/wp-content\/uploads\/2024\/04\/ODD_Rectangle_-300x169.jpg 300w, https:\/\/lfmalaga.com\/wp-content\/uploads\/2024\/04\/ODD_Rectangle_-768x432.jpg 768w, https:\/\/lfmalaga.com\/wp-content\/uploads\/2024\/04\/ODD_Rectangle_-18x10.jpg 18w, https:\/\/lfmalaga.com\/wp-content\/uploads\/2024\/04\/ODD_Rectangle_.jpg 1200w\" sizes=\"(max-width: 800px) 100vw, 800px\" \/>\t\t\t\t\t\t\t\t\t\t\t\t\t\t\t<\/div>\n\t\t\t\t<\/div>\n\t\t\t\t\t<\/div>\n\t\t\t\t<\/div>\n\t\t\t\t<\/div>","protected":false},"excerpt":{"rendered":"<p>Promouvoir le D\u00e9veloppement Durable au Lyc\u00e9e Fran\u00e7ais International de malaga Le Lyc\u00e9e Fran\u00e7ais International de Malaga s&rsquo;engage fermement \u00e0 promouvoir le d\u00e9veloppement durable au sein de son \u00e9tablissement. Conscients des d\u00e9fis environnementaux et sociaux auxquels notre plan\u00e8te est confront\u00e9e, nous sommes d\u00e9termin\u00e9s \u00e0 jouer un r\u00f4le actif dans la r\u00e9alisation des Objectifs de D\u00e9veloppement Durable [&hellip;]<\/p>\n","protected":false},"author":6,"featured_media":354,"parent":29320,"menu_order":2,"comment_status":"closed","ping_status":"closed","template":"","meta":{"footnotes":""},"class_list":["post-34948","page","type-page","status-publish","has-post-thumbnail","hentry"],"_links":{"self":[{"href":"https:\/\/lfmalaga.com\/es\/wp-json\/wp\/v2\/pages\/34948","targetHints":{"allow":["GET"]}}],"collection":[{"href":"https:\/\/lfmalaga.com\/es\/wp-json\/wp\/v2\/pages"}],"about":[{"href":"https:\/\/lfmalaga.com\/es\/wp-json\/wp\/v2\/types\/page"}],"author":[{"embeddable":true,"href":"https:\/\/lfmalaga.com\/es\/wp-json\/wp\/v2\/users\/6"}],"replies":[{"embeddable":true,"href":"https:\/\/lfmalaga.com\/es\/wp-json\/wp\/v2\/comments?post=34948"}],"version-history":[{"count":11,"href":"https:\/\/lfmalaga.com\/es\/wp-json\/wp\/v2\/pages\/34948\/revisions"}],"predecessor-version":[{"id":34973,"href":"https:\/\/lfmalaga.com\/es\/wp-json\/wp\/v2\/pages\/34948\/revisions\/34973"}],"up":[{"embeddable":true,"href":"https:\/\/lfmalaga.com\/es\/wp-json\/wp\/v2\/pages\/29320"}],"wp:featuredmedia":[{"embeddable":true,"href":"https:\/\/lfmalaga.com\/es\/wp-json\/"}],"wp:attachment":[{"href":"https:\/\/lfmalaga.com\/es\/wp-json\/wp\/v2\/media?parent=34948"}],"curies":[{"name":"wp","href":"https:\/\/api.w.org\/{rel}","templated":true}]}}