{"id":36293,"date":"2025-11-24T15:50:26","date_gmt":"2025-11-24T14:50:26","guid":{"rendered":"https:\/\/lfmalaga.com\/?page_id=36293"},"modified":"2025-11-24T17:16:09","modified_gmt":"2025-11-24T16:16:09","slug":"uniformes","status":"publish","type":"page","link":"https:\/\/lfmalaga.com\/es\/uniformes\/","title":{"rendered":"Los uniformes"},"content":{"rendered":"<div data-elementor-type=\"wp-page\" data-elementor-id=\"36293\" class=\"elementor elementor-36293\" data-elementor-post-type=\"page\">\n\t\t\t\t<div class=\"elementor-element elementor-element-6e47ecf e-flex e-con-boxed e-con e-parent\" data-id=\"6e47ecf\" data-element_type=\"container\" data-e-type=\"container\">\n\t\t\t\t\t<div class=\"e-con-inner\">\n\t\t\t\t<div class=\"elementor-element elementor-element-78076cd elementor-widget elementor-widget-heading\" data-id=\"78076cd\" data-element_type=\"widget\" data-e-type=\"widget\" data-widget_type=\"heading.default\">\n\t\t\t\t<div class=\"elementor-widget-container\">\n\t\t\t\t\t<h2 class=\"elementor-heading-title elementor-size-default\">Los uniformes del Lyc\u00e9e Fran\u00e7ais International de M\u00e1laga<\/h2>\t\t\t\t<\/div>\n\t\t\t\t<\/div>\n\t\t\t\t\t<\/div>\n\t\t\t\t<\/div>\n\t\t<div class=\"elementor-element elementor-element-20c875d e-flex e-con-boxed e-con e-parent\" data-id=\"20c875d\" data-element_type=\"container\" data-e-type=\"container\">\n\t\t\t\t\t<div class=\"e-con-inner\">\n\t\t\t\t<div class=\"elementor-element elementor-element-3bfd2cd elementor-widget elementor-widget-text-editor\" data-id=\"3bfd2cd\" data-element_type=\"widget\" data-e-type=\"widget\" data-widget_type=\"text-editor.default\">\n\t\t\t\t<div class=\"elementor-widget-container\">\n\t\t\t\t\t\t\t\t\t<p><span style=\"color: rgb(82, 82, 81); font-size: 29px; text-transform: uppercase;\">&nbsp;Uniforme para la Educaci\u00f3n Infantil<\/span><\/p>\t\t\t\t\t\t\t\t<\/div>\n\t\t\t\t<\/div>\n\t\t\t\t\t<\/div>\n\t\t\t\t<\/div>\n\t\t<div class=\"elementor-element elementor-element-5803d07 e-flex e-con-boxed e-con e-parent\" data-id=\"5803d07\" data-element_type=\"container\" data-e-type=\"container\">\n\t\t\t\t\t<div class=\"e-con-inner\">\n\t\t<div class=\"elementor-element elementor-element-fccd390 e-con-full e-flex e-con e-child\" data-id=\"fccd390\" data-element_type=\"container\" data-e-type=\"container\">\n\t\t\t\t<div class=\"elementor-element elementor-element-4ca8845 elementor-widget elementor-widget-text-editor\" data-id=\"4ca8845\" data-element_type=\"widget\" data-e-type=\"widget\" data-widget_type=\"text-editor.default\">\n\t\t\t\t<div class=\"elementor-widget-container\">\n\t\t\t\t\t\t\t\t\t<p>Con el fin de garantizar la comodidad de los ni\u00f1os y reforzar el sentimiento de pertenencia al centro, el LFIM ha establecido un <strong data-start=\"571\" data-end=\"624\">uniforme espec\u00edfico para los alumnos de Infantil<\/strong> (PS, MS y GS).<br data-start=\"645\" data-end=\"648\">Las prendas propuestas est\u00e1n pensadas para ser <strong data-start=\"693\" data-end=\"756\">pr\u00e1cticas, resistentes y adaptadas a las actividades diarias.<\/strong>.<\/p>\n<p data-start=\"416\" data-end=\"625\">El uniforme propuesto para los alumnos de Infantil <strong data-start=\"471\" data-end=\"490\">no es obligatorio<\/strong>, pero se recomienda para favorecer la comodidad de los ni\u00f1os en el d\u00eda a d\u00eda y reforzar el sentimiento de pertenencia al establecimiento.<\/p>\n<p data-start=\"627\" data-end=\"782\">Los art\u00edculos est\u00e1n actualmente disponibles en tallas <strong data-start=\"681\" data-end=\"693\">T2 a T10<\/strong> y est\u00e1n dise\u00f1ados para ser pr\u00e1cticos, resistentes y adaptados a las actividades de los m\u00e1s peque\u00f1os.<\/p>\t\t\t\t\t\t\t\t<\/div>\n\t\t\t\t<\/div>\n\t\t\t\t<div class=\"elementor-element elementor-element-b5fb248 elementor-widget elementor-widget-text-editor\" data-id=\"b5fb248\" data-element_type=\"widget\" data-e-type=\"widget\" data-widget_type=\"text-editor.default\">\n\t\t\t\t<div class=\"elementor-widget-container\">\n\t\t\t\t\t\t\t\t\t<p><strong>\u00bfD\u00f3nde comprar el uniforme?<\/strong><\/p>\t\t\t\t\t\t\t\t<\/div>\n\t\t\t\t<\/div>\n\t\t\t\t<div class=\"elementor-element elementor-element-86b53d2 elementor-widget elementor-widget-text-editor\" data-id=\"86b53d2\" data-element_type=\"widget\" data-e-type=\"widget\" data-widget_type=\"text-editor.default\">\n\t\t\t\t<div class=\"elementor-widget-container\">\n\t\t\t\t\t\t\t\t\t<p data-start=\"1264\" data-end=\"1378\">Los uniformes del Lyc\u00e9e Fran\u00e7ais International de M\u00e1laga est\u00e1n disponibles <a href=\"https:\/\/www.elcorteingles.es\/uniformes\/malaga\/malaga\/liceo-francesinternacional-malaga\/\" target=\"_blank\" rel=\"noopener\">a trav\u00e9s de <strong data-start=\"1341\" data-end=\"1360\">a trav\u00e9s de El Corte Ingl\u00e9s.<\/strong>.<\/a><\/p><p data-start=\"1264\" data-end=\"1378\">\u00a0<\/p><p data-start=\"1476\" data-end=\"1510\">Tallas disponibles: <strong data-start=\"1498\" data-end=\"1510\">T2 a T10<\/strong><\/p>\t\t\t\t\t\t\t\t<\/div>\n\t\t\t\t<\/div>\n\t\t\t\t<div class=\"elementor-element elementor-element-e4161c9 elementor-widget elementor-widget-button\" data-id=\"e4161c9\" data-element_type=\"widget\" data-e-type=\"widget\" data-widget_type=\"button.default\">\n\t\t\t\t<div class=\"elementor-widget-container\">\n\t\t\t\t\t\t\t\t\t<div class=\"elementor-button-wrapper\">\n\t\t\t\t\t<a class=\"elementor-button elementor-button-link elementor-size-sm\" href=\"https:\/\/www.elcorteingles.es\/uniformes\/malaga\/malaga\/liceo-francesinternacional-malaga\/\" target=\"_blank\" rel=\"noopener\">\n\t\t\t\t\t\t<span class=\"elementor-button-content-wrapper\">\n\t\t\t\t\t\t\t\t\t<span class=\"elementor-button-text\">Comprar<\/span>\n\t\t\t\t\t<\/span>\n\t\t\t\t\t<\/a>\n\t\t\t\t<\/div>\n\t\t\t\t\t\t\t\t<\/div>\n\t\t\t\t<\/div>\n\t\t\t\t<\/div>\n\t\t\t\t<div class=\"elementor-element elementor-element-053e86d elementor-widget elementor-widget-image\" data-id=\"053e86d\" data-element_type=\"widget\" data-e-type=\"widget\" data-widget_type=\"image.default\">\n\t\t\t\t<div class=\"elementor-widget-container\">\n\t\t\t\t\t\t\t\t\t\t\t\t\t\t\t<img fetchpriority=\"high\" decoding=\"async\" width=\"1080\" height=\"1350\" src=\"https:\/\/lfmalaga.com\/wp-content\/uploads\/2025\/11\/Uniforme-2.png\" class=\"attachment-full size-full wp-image-36307\" alt=\"\" srcset=\"https:\/\/lfmalaga.com\/wp-content\/uploads\/2025\/11\/Uniforme-2.png 1080w, https:\/\/lfmalaga.com\/wp-content\/uploads\/2025\/11\/Uniforme-2-240x300.png 240w, https:\/\/lfmalaga.com\/wp-content\/uploads\/2025\/11\/Uniforme-2-819x1024.png 819w, https:\/\/lfmalaga.com\/wp-content\/uploads\/2025\/11\/Uniforme-2-768x960.png 768w, https:\/\/lfmalaga.com\/wp-content\/uploads\/2025\/11\/Uniforme-2-10x12.png 10w\" sizes=\"(max-width: 1080px) 100vw, 1080px\" \/>\t\t\t\t\t\t\t\t\t\t\t\t\t\t\t<\/div>\n\t\t\t\t<\/div>\n\t\t\t\t\t<\/div>\n\t\t\t\t<\/div>\n\t\t<div class=\"elementor-element elementor-element-2e34855 e-con-full e-flex e-con e-parent\" data-id=\"2e34855\" data-element_type=\"container\" data-e-type=\"container\">\n\t\t\t\t<div class=\"elementor-element elementor-element-4b51bdb elementor-widget elementor-widget-gallery\" data-id=\"4b51bdb\" data-element_type=\"widget\" data-e-type=\"widget\" data-settings=\"{&quot;gap_mobile&quot;:{&quot;unit&quot;:&quot;px&quot;,&quot;size&quot;:2,&quot;sizes&quot;:[]},&quot;columns_mobile&quot;:4,&quot;gap&quot;:{&quot;unit&quot;:&quot;px&quot;,&quot;size&quot;:20,&quot;sizes&quot;:[]},&quot;aspect_ratio&quot;:&quot;9:16&quot;,&quot;lazyload&quot;:&quot;yes&quot;,&quot;gallery_layout&quot;:&quot;grid&quot;,&quot;columns&quot;:4,&quot;columns_tablet&quot;:2,&quot;gap_tablet&quot;:{&quot;unit&quot;:&quot;px&quot;,&quot;size&quot;:10,&quot;sizes&quot;:[]},&quot;link_to&quot;:&quot;file&quot;,&quot;overlay_background&quot;:&quot;yes&quot;,&quot;content_hover_animation&quot;:&quot;fade-in&quot;}\" data-widget_type=\"gallery.default\">\n\t\t\t\t<div class=\"elementor-widget-container\">\n\t\t\t\t\t\t\t<div class=\"elementor-gallery__container\">\n\t\t\t\t\t\t\t<a class=\"e-gallery-item elementor-gallery-item elementor-animated-content\" href=\"https:\/\/lfmalaga.com\/wp-content\/uploads\/2025\/11\/Uniforme-1.png\" data-elementor-open-lightbox=\"yes\" data-elementor-lightbox-slideshow=\"4b51bdb\" data-e-action-hash=\"#elementor-action%3Aaction%3Dlightbox%26settings%3DeyJpZCI6MzYzMDMsInVybCI6Imh0dHBzOlwvXC9sZm1hbGFnYS5jb21cL3dwLWNvbnRlbnRcL3VwbG9hZHNcLzIwMjVcLzExXC9Vbmlmb3JtZS0xLnBuZyIsInNsaWRlc2hvdyI6IjRiNTFiZGIifQ%3D%3D\">\n\t\t\t\t\t<div class=\"e-gallery-image elementor-gallery-item__image\" data-thumbnail=\"https:\/\/lfmalaga.com\/wp-content\/uploads\/2025\/11\/Uniforme-1.png\" data-width=\"1080\" data-height=\"1350\" aria-label=\"\" role=\"img\" ><\/div>\n\t\t\t\t\t\t\t\t\t\t\t<div class=\"elementor-gallery-item__overlay\"><\/div>\n\t\t\t\t\t\t\t\t\t\t\t\t\t\t<\/a>\n\t\t\t\t\t\t\t<a class=\"e-gallery-item elementor-gallery-item elementor-animated-content\" href=\"https:\/\/lfmalaga.com\/wp-content\/uploads\/2025\/11\/Uniforme-4.png\" data-elementor-open-lightbox=\"yes\" data-elementor-lightbox-slideshow=\"4b51bdb\" data-e-action-hash=\"#elementor-action%3Aaction%3Dlightbox%26settings%3DeyJpZCI6MzYzMDUsInVybCI6Imh0dHBzOlwvXC9sZm1hbGFnYS5jb21cL3dwLWNvbnRlbnRcL3VwbG9hZHNcLzIwMjVcLzExXC9Vbmlmb3JtZS00LnBuZyIsInNsaWRlc2hvdyI6IjRiNTFiZGIifQ%3D%3D\">\n\t\t\t\t\t<div class=\"e-gallery-image elementor-gallery-item__image\" data-thumbnail=\"https:\/\/lfmalaga.com\/wp-content\/uploads\/2025\/11\/Uniforme-4.png\" data-width=\"1080\" data-height=\"1350\" aria-label=\"\" role=\"img\" ><\/div>\n\t\t\t\t\t\t\t\t\t\t\t<div class=\"elementor-gallery-item__overlay\"><\/div>\n\t\t\t\t\t\t\t\t\t\t\t\t\t\t<\/a>\n\t\t\t\t\t\t\t<a class=\"e-gallery-item elementor-gallery-item elementor-animated-content\" href=\"https:\/\/lfmalaga.com\/wp-content\/uploads\/2025\/11\/Uniforme-3.png\" data-elementor-open-lightbox=\"yes\" data-elementor-lightbox-slideshow=\"4b51bdb\" data-e-action-hash=\"#elementor-action%3Aaction%3Dlightbox%26settings%3DeyJpZCI6MzYzMDYsInVybCI6Imh0dHBzOlwvXC9sZm1hbGFnYS5jb21cL3dwLWNvbnRlbnRcL3VwbG9hZHNcLzIwMjVcLzExXC9Vbmlmb3JtZS0zLnBuZyIsInNsaWRlc2hvdyI6IjRiNTFiZGIifQ%3D%3D\">\n\t\t\t\t\t<div class=\"e-gallery-image elementor-gallery-item__image\" data-thumbnail=\"https:\/\/lfmalaga.com\/wp-content\/uploads\/2025\/11\/Uniforme-3.png\" data-width=\"1080\" data-height=\"1350\" aria-label=\"\" role=\"img\" ><\/div>\n\t\t\t\t\t\t\t\t\t\t\t<div class=\"elementor-gallery-item__overlay\"><\/div>\n\t\t\t\t\t\t\t\t\t\t\t\t\t\t<\/a>\n\t\t\t\t\t\t\t<a class=\"e-gallery-item elementor-gallery-item elementor-animated-content\" href=\"https:\/\/lfmalaga.com\/wp-content\/uploads\/2025\/11\/Uniforme-5.png\" data-elementor-open-lightbox=\"yes\" data-elementor-lightbox-slideshow=\"4b51bdb\" data-e-action-hash=\"#elementor-action%3Aaction%3Dlightbox%26settings%3DeyJpZCI6MzYzMDQsInVybCI6Imh0dHBzOlwvXC9sZm1hbGFnYS5jb21cL3dwLWNvbnRlbnRcL3VwbG9hZHNcLzIwMjVcLzExXC9Vbmlmb3JtZS01LnBuZyIsInNsaWRlc2hvdyI6IjRiNTFiZGIifQ%3D%3D\">\n\t\t\t\t\t<div class=\"e-gallery-image elementor-gallery-item__image\" data-thumbnail=\"https:\/\/lfmalaga.com\/wp-content\/uploads\/2025\/11\/Uniforme-5.png\" data-width=\"1080\" data-height=\"1350\" aria-label=\"\" role=\"img\" ><\/div>\n\t\t\t\t\t\t\t\t\t\t\t<div class=\"elementor-gallery-item__overlay\"><\/div>\n\t\t\t\t\t\t\t\t\t\t\t\t\t\t<\/a>\n\t\t\t\t\t<\/div>\n\t\t\t\t\t<\/div>\n\t\t\t\t<\/div>\n\t\t\t\t<\/div>\n\t\t<div class=\"elementor-element elementor-element-a70253c e-flex e-con-boxed e-con e-parent\" data-id=\"a70253c\" data-element_type=\"container\" data-e-type=\"container\">\n\t\t\t\t\t<div class=\"e-con-inner\">\n\t\t\t\t<div class=\"elementor-element elementor-element-7a244f7 elementor-widget elementor-widget-spacer\" data-id=\"7a244f7\" data-element_type=\"widget\" data-e-type=\"widget\" data-widget_type=\"spacer.default\">\n\t\t\t\t<div class=\"elementor-widget-container\">\n\t\t\t\t\t\t\t<div class=\"elementor-spacer\">\n\t\t\t<div class=\"elementor-spacer-inner\"><\/div>\n\t\t<\/div>\n\t\t\t\t\t\t<\/div>\n\t\t\t\t<\/div>\n\t\t\t\t<div class=\"elementor-element elementor-element-50682a5 elementor-widget elementor-widget-text-editor\" data-id=\"50682a5\" data-element_type=\"widget\" data-e-type=\"widget\" data-widget_type=\"text-editor.default\">\n\t\t\t\t<div class=\"elementor-widget-container\">\n\t\t\t\t\t\t\t\t\t<p><span style=\"font-weight: bolder; color: #525251; font-size: 29px; text-transform: uppercase;\">Equipaci\u00f3n deportiva para Secundaria<\/span><\/p>\t\t\t\t\t\t\t\t<\/div>\n\t\t\t\t<\/div>\n\t\t\t\t<div class=\"elementor-element elementor-element-882b3ad elementor-widget elementor-widget-text-editor\" data-id=\"882b3ad\" data-element_type=\"widget\" data-e-type=\"widget\" data-widget_type=\"text-editor.default\">\n\t\t\t\t<div class=\"elementor-widget-container\">\n\t\t\t\t\t\t\t\t\t<p data-start=\"579\" data-end=\"638\"><strong data-start=\"579\" data-end=\"638\">El Lyc\u00e9e Fran\u00e7ais International de M\u00e1laga impone un<\/strong><\/p><p data-start=\"640\" data-end=\"790\">El Colegio Internacional Franc\u00e9s de M\u00e1laga impone una <strong data-start=\"693\" data-end=\"723\">equipamiento deportivo obligatorio<\/strong> para los alumnos de Secundaria (Coll\u00e8ge &amp; Lyc\u00e9e) con el fin de asegurar:<\/p><ul data-start=\"791\" data-end=\"989\"><li data-start=\"791\" data-end=\"842\"><p data-start=\"793\" data-end=\"842\">una pr\u00e1ctica deportiva c\u00f3moda y segura,<\/p><\/li><li data-start=\"843\" data-end=\"890\"><p data-start=\"845\" data-end=\"890\">una uniformidad visual durante las actividades,<\/p><\/li><li data-start=\"891\" data-end=\"989\"><p data-start=\"893\" data-end=\"989\">una identificaci\u00f3n clara de los alumnos durante salidas deportivas, torneos y clases al aire libre.<\/p><\/li><\/ul><p data-start=\"991\" data-end=\"1124\">La equipaci\u00f3n oficial debe llevarse <strong data-start=\"1028\" data-end=\"1052\">en cada clase de Educaci\u00f3n F\u00edsica<\/strong>, as\u00ed como durante las actividades deportivas organizadas por el centro.<\/p><p data-start=\"2080\" data-end=\"2274\">Los art\u00edculos est\u00e1n disponibles en una amplia gama de tallas (ni\u00f1os \u2013 adultos), adaptada a todos los niveles de Secundaria.<br data-start=\"2205\" data-end=\"2208\" \/>El detalle de las tallas se puede consultar directamente en la tienda.<\/p><h2 data-start=\"2281\" data-end=\"2312\"><strong data-start=\"2287\" data-end=\"2312\">\u00a0<\/strong><\/h2><p data-start=\"2281\" data-end=\"2312\"><strong data-start=\"2287\" data-end=\"2312\">\u00bfD\u00f3nde comprar la equipaci\u00f3n?<\/strong><\/p><p data-start=\"2314\" data-end=\"2518\">Toda la equipaci\u00f3n deportiva oficial para Secundaria est\u00e1 disponible <a href=\"https:\/\/www.miclub.pro\/liceo-frances\" data-wplink-edit=\"true\" target=\"_blank\" rel=\"noopener\">a trav\u00e9s de la p\u00e1gina de la Association des Parents d'\u00c9l\u00e8ves (APA).<\/a><br data-start=\"2409\" data-end=\"2412\" \/><br data-start=\"2455\" data-end=\"2458\" \/>Las encargas se realizan directamente en esta plataforma.<\/p>\t\t\t\t\t\t\t\t<\/div>\n\t\t\t\t<\/div>\n\t\t\t\t<div class=\"elementor-element elementor-element-98ad5b1 elementor-widget elementor-widget-button\" data-id=\"98ad5b1\" data-element_type=\"widget\" data-e-type=\"widget\" data-widget_type=\"button.default\">\n\t\t\t\t<div class=\"elementor-widget-container\">\n\t\t\t\t\t\t\t\t\t<div class=\"elementor-button-wrapper\">\n\t\t\t\t\t<a class=\"elementor-button elementor-button-link elementor-size-sm\" href=\"https:\/\/www.miclub.pro\/liceo-frances\" target=\"_blank\" rel=\"noopener\">\n\t\t\t\t\t\t<span class=\"elementor-button-content-wrapper\">\n\t\t\t\t\t\t\t\t\t<span class=\"elementor-button-text\">Comprar<\/span>\n\t\t\t\t\t<\/span>\n\t\t\t\t\t<\/a>\n\t\t\t\t<\/div>\n\t\t\t\t\t\t\t\t<\/div>\n\t\t\t\t<\/div>\n\t\t\t\t\t<\/div>\n\t\t\t\t<\/div>\n\t\t<div class=\"elementor-element elementor-element-3c3185f e-flex e-con-boxed e-con e-parent\" data-id=\"3c3185f\" data-element_type=\"container\" data-e-type=\"container\">\n\t\t\t\t\t<div class=\"e-con-inner\">\n\t\t\t\t\t<\/div>\n\t\t\t\t<\/div>\n\t\t\t\t<\/div>","protected":false},"excerpt":{"rendered":"<p>Les uniformes du Lyc\u00e9e Fran\u00e7ais International de Malaga &nbsp;L&rsquo;uniforme pour la maternelle Afin de garantir le confort des enfants et de renforcer le sentiment d\u2019appartenance \u00e0 l\u2019\u00e9cole, le LFIM a mis en place un uniforme sp\u00e9cifique pour les \u00e9l\u00e8ves de Maternelle (PS, MS et GS).Les v\u00eatements propos\u00e9s sont pens\u00e9s pour \u00eatre pratiques, r\u00e9sistants et adapt\u00e9s [&hellip;]<\/p>\n","protected":false},"author":6,"featured_media":0,"parent":0,"menu_order":0,"comment_status":"closed","ping_status":"closed","template":"","meta":{"footnotes":""},"class_list":["post-36293","page","type-page","status-publish","hentry"],"_links":{"self":[{"href":"https:\/\/lfmalaga.com\/es\/wp-json\/wp\/v2\/pages\/36293","targetHints":{"allow":["GET"]}}],"collection":[{"href":"https:\/\/lfmalaga.com\/es\/wp-json\/wp\/v2\/pages"}],"about":[{"href":"https:\/\/lfmalaga.com\/es\/wp-json\/wp\/v2\/types\/page"}],"author":[{"embeddable":true,"href":"https:\/\/lfmalaga.com\/es\/wp-json\/wp\/v2\/users\/6"}],"replies":[{"embeddable":true,"href":"https:\/\/lfmalaga.com\/es\/wp-json\/wp\/v2\/comments?post=36293"}],"version-history":[{"count":38,"href":"https:\/\/lfmalaga.com\/es\/wp-json\/wp\/v2\/pages\/36293\/revisions"}],"predecessor-version":[{"id":36344,"href":"https:\/\/lfmalaga.com\/es\/wp-json\/wp\/v2\/pages\/36293\/revisions\/36344"}],"wp:attachment":[{"href":"https:\/\/lfmalaga.com\/es\/wp-json\/wp\/v2\/media?parent=36293"}],"curies":[{"name":"wp","href":"https:\/\/api.w.org\/{rel}","templated":true}]}}