{"id":51,"date":"2021-03-28T10:59:31","date_gmt":"2021-03-28T10:59:31","guid":{"rendered":"https:\/\/lfmalaga.im-nomade.com\/?page_id=51"},"modified":"2025-01-26T12:17:55","modified_gmt":"2025-01-26T11:17:55","slug":"baccalaureat","status":"publish","type":"page","link":"https:\/\/lfmalaga.com\/es\/diplomes\/baccalaureat\/","title":{"rendered":"Baccalaur\u00e9at"},"content":{"rendered":"<div data-elementor-type=\"wp-page\" data-elementor-id=\"51\" class=\"elementor elementor-51\" data-elementor-post-type=\"page\">\n\t\t\t\t<div class=\"elementor-element elementor-element-c835d44 e-flex e-con-boxed e-con e-parent\" data-id=\"c835d44\" data-element_type=\"container\" data-e-type=\"container\">\n\t\t\t\t\t<div class=\"e-con-inner\">\n\t\t\t\t<div class=\"elementor-element elementor-element-33c3a3c elementor-widget elementor-widget-heading\" data-id=\"33c3a3c\" data-element_type=\"widget\" data-e-type=\"widget\" data-widget_type=\"heading.default\">\n\t\t\t\t<div class=\"elementor-widget-container\">\n\t\t\t\t\t<h2 class=\"elementor-heading-title elementor-size-large\">Presentaci\u00f3n del \"baccalaur\u00e9at g\u00e9n\u00e9ral\"<\/h2>\t\t\t\t<\/div>\n\t\t\t\t<\/div>\n\t\t\t\t<div class=\"elementor-element elementor-element-6f9a6d0 elementor-widget elementor-widget-text-editor\" data-id=\"6f9a6d0\" data-element_type=\"widget\" data-e-type=\"widget\" data-widget_type=\"text-editor.default\">\n\t\t\t\t<div class=\"elementor-widget-container\">\n\t\t\t\t\t\t\t\t\t<p>El \"baccalaur\u00e9at g\u00e9n\u00e9ral\" se eval\u00faa de dos formas:<\/p><ul><li>Como parte de la evaluaci\u00f3n continua (40% de la nota final) teniendo en cuenta la evaluaci\u00f3n de los resultados del alumno en clase durante el ciclo final de asignaturas obligatorias y optativas.<\/li><li>En el marco de las pruebas finales (60% de la nota final) del primer grupo y, en su caso, del segundo grupo (\u201corales de recuperaci\u00f3n\u201d o \u201cex\u00e1menes de control\u201d).<\/li><\/ul>\t\t\t\t\t\t\t\t<\/div>\n\t\t\t\t<\/div>\n\t\t\t\t\t<\/div>\n\t\t\t\t<\/div>\n\t\t\t\t<section class=\"elementor-section elementor-top-section elementor-element elementor-element-ad6aacc elementor-section-boxed elementor-section-height-default elementor-section-height-default\" data-id=\"ad6aacc\" data-element_type=\"section\" data-e-type=\"section\">\n\t\t\t\t\t\t<div class=\"elementor-container elementor-column-gap-default\">\n\t\t\t\t\t<div class=\"elementor-column elementor-col-100 elementor-top-column elementor-element elementor-element-3a1a54f\" data-id=\"3a1a54f\" data-element_type=\"column\" data-e-type=\"column\">\n\t\t\t<div class=\"elementor-widget-wrap elementor-element-populated\">\n\t\t\t\t\t\t<div class=\"elementor-element elementor-element-a6aebca elementor-widget elementor-widget-text-editor\" data-id=\"a6aebca\" data-element_type=\"widget\" data-e-type=\"widget\" data-widget_type=\"text-editor.default\">\n\t\t\t\t<div class=\"elementor-widget-container\">\n\t\t\t\t\t\t\t\t\t<h6><strong>Evaluaci\u00f3n continua<\/strong><\/h6><p>El 40% de la nota del \"baccalaur\u00e9at g\u00e9n\u00e9ral\" eval\u00faa las asignaturas obligatorias que no est\u00e1n sujetas a pruebas finales. Adem\u00e1s, el estudiante puede agregar cursos opcionales para completar su curso. Estas opciones no est\u00e1n sujetas a pruebas finales. Las calificaciones retenidas para el bachillerato se calculan entonces a partir de los resultados obtenidos en clase durante los dos a\u00f1os de bachillerato.<\/p><p>Los candidatos presentan sus promedios anuales, establecidos a partir de los promedios trimestrales o semestrales del estudiante en el \u00faltimo ciclo, en las asignaturas correspondientes:<\/p><ul><li>Asignatura de especialidad impartida s\u00f3lo en clase de \"Premi\u00e8re\"<\/li><li>Historia-geograf\u00eda, educaci\u00f3n cient\u00edfica, lengua viva A, lengua viva B y educaci\u00f3n moral y c\u00edvica (clases de \"Premi\u00e8re\" y de \"Terminale\")<\/li><li>Cursos opcionales: artes pl\u00e1sticas, alem\u00e1n, teatro<\/li><li>En educaci\u00f3n f\u00edsica y deportiva, la nota utilizada para la evaluaci\u00f3n continua es la media de las notas obtenidas por el alumno en las evaluaciones de certificaci\u00f3n previstas en el marco de la evaluaci\u00f3n continua (CCF).<\/li><\/ul><p>La tabla de coeficientes de seguimiento continuo es la siguiente:<\/p><p><img fetchpriority=\"high\" decoding=\"async\" class=\"aligncenter wp-image-31515 size-full\" src=\"https:\/\/lfmalaga.com\/wp-content\/uploads\/2022\/09\/Capture-decran-2022-09-19-085455.jpg\" alt=\"\" width=\"837\" height=\"520\" srcset=\"https:\/\/lfmalaga.com\/wp-content\/uploads\/2022\/09\/Capture-decran-2022-09-19-085455.jpg 837w, https:\/\/lfmalaga.com\/wp-content\/uploads\/2022\/09\/Capture-decran-2022-09-19-085455-300x186.jpg 300w, https:\/\/lfmalaga.com\/wp-content\/uploads\/2022\/09\/Capture-decran-2022-09-19-085455-768x477.jpg 768w, https:\/\/lfmalaga.com\/wp-content\/uploads\/2022\/09\/Capture-decran-2022-09-19-085455-18x12.jpg 18w\" sizes=\"(max-width: 837px) 100vw, 837px\" \/><\/p>\t\t\t\t\t\t\t\t<\/div>\n\t\t\t\t<\/div>\n\t\t\t\t<div class=\"elementor-element elementor-element-608f022 elementor-widget elementor-widget-text-editor\" data-id=\"608f022\" data-element_type=\"widget\" data-e-type=\"widget\" data-widget_type=\"text-editor.default\">\n\t\t\t\t<div class=\"elementor-widget-container\">\n\t\t\t\t\t\t\t\t\t<p>El proyecto de evaluaci\u00f3n elaborado por el centro especifica las modalidades organizativas de este seguimiento continuo. Este proyecto se pone en conocimiento del estudiante y su familia. Especifica en particular el caso de situaciones de ausencia del alumno.<\/p>\t\t\t\t\t\t\t\t<\/div>\n\t\t\t\t<\/div>\n\t\t\t\t\t<\/div>\n\t\t<\/div>\n\t\t\t\t\t<\/div>\n\t\t<\/section>\n\t\t\t\t<section class=\"elementor-section elementor-top-section elementor-element elementor-element-be31935 elementor-section-boxed elementor-section-height-default elementor-section-height-default\" data-id=\"be31935\" data-element_type=\"section\" data-e-type=\"section\">\n\t\t\t\t\t\t<div class=\"elementor-container elementor-column-gap-default\">\n\t\t\t\t\t<div class=\"elementor-column elementor-col-100 elementor-top-column elementor-element elementor-element-4a40455\" data-id=\"4a40455\" data-element_type=\"column\" data-e-type=\"column\">\n\t\t\t<div class=\"elementor-widget-wrap elementor-element-populated\">\n\t\t\t\t\t\t<div class=\"elementor-element elementor-element-ef34402 elementor-widget elementor-widget-text-editor\" data-id=\"ef34402\" data-element_type=\"widget\" data-e-type=\"widget\" data-widget_type=\"text-editor.default\">\n\t\t\t\t<div class=\"elementor-widget-container\">\n\t\t\t\t\t\t\t\t\t<h6><strong>Los ex\u00e1menes finales del primer grupo<\/strong><\/h6><p>Los ex\u00e1menes finales incluyen los ex\u00e1menes que pasaron anteriormente a final de \"Premi\u00e8re\", as\u00ed como los ex\u00e1menes finales en \"Terminale\".<br \/>Las pruebas preliminares se refieren a las pruebas escritas y orales de franc\u00e9s para todos los candidatos del nivel general. Las calificaciones otorgadas en estas pruebas son provisionales hasta la deliberaci\u00f3n del jurado que se re\u00fane el a\u00f1o siguiente en el marco de la convocatoria de ex\u00e1menes.<\/p><p>Los ex\u00e1menes finales de \"Terminal\" incluyen:<\/p><ul><li>Las dos pruebas de especialidades<\/li><li>La prueba de filosof\u00eda<\/li><li>El examen oral final, conocido como el \u201cGran Oral\u201d<\/li><\/ul><p>En las asignaturas evaluadas mediante examen final, la nota utilizada en el bachillerato se compone de la nota obtenida en esta prueba.<br \/>La tabla de distribuci\u00f3n de los coeficientes de las pruebas finales es la siguiente:<\/p><p><img decoding=\"async\" src=\"https:\/\/lfmalaga.com\/wp-content\/uploads\/2022\/09\/Capture-decran-2022-09-19-085915.jpg\" alt=\"\" width=\"840\" height=\"240\" \/><\/p>\t\t\t\t\t\t\t\t<\/div>\n\t\t\t\t<\/div>\n\t\t\t\t<div class=\"elementor-element elementor-element-4754da4 elementor-widget elementor-widget-text-editor\" data-id=\"4754da4\" data-element_type=\"widget\" data-e-type=\"widget\" data-widget_type=\"text-editor.default\">\n\t\t\t\t<div class=\"elementor-widget-container\">\n\t\t\t\t\t\t\t\t\t<p>Al finalizar las pruebas del primer grupo, si el candidato ha obtenido una nota media inferior a 8\/20, se considerar\u00e1 suspendido; si obtuvo una nota media de 10\/20 o m\u00e1s, se le declara admitido definitivamente; Si obtiene una nota media de al menos 8\/20 e inferior a 10\/20, est\u00e1 autorizado a rendir las pruebas orales del segundo grupo.<\/p>\t\t\t\t\t\t\t\t<\/div>\n\t\t\t\t<\/div>\n\t\t\t\t\t<\/div>\n\t\t<\/div>\n\t\t\t\t\t<\/div>\n\t\t<\/section>\n\t\t\t\t<\/div>","protected":false},"excerpt":{"rendered":"<p>Pr\u00e9sentation du baccalaur\u00e9at g\u00e9n\u00e9ral Le baccalaur\u00e9at g\u00e9n\u00e9ral est \u00e9valu\u00e9 selon deux modalit\u00e9s\u00a0: Dans le cadre du contr\u00f4le continu (40% de la note finale) prenant en compte l&rsquo;\u00e9valuation des r\u00e9sultats de l&rsquo;\u00e9l\u00e8ve en classe durant le cycle terminal pour les enseignements obligatoires et les enseignements optionnels. Dans le cadre des \u00e9preuves terminales (60% de la note [&hellip;]<\/p>\n","protected":false},"author":1,"featured_media":365,"parent":49,"menu_order":0,"comment_status":"closed","ping_status":"closed","template":"","meta":{"footnotes":""},"class_list":["post-51","page","type-page","status-publish","has-post-thumbnail","hentry"],"_links":{"self":[{"href":"https:\/\/lfmalaga.com\/es\/wp-json\/wp\/v2\/pages\/51","targetHints":{"allow":["GET"]}}],"collection":[{"href":"https:\/\/lfmalaga.com\/es\/wp-json\/wp\/v2\/pages"}],"about":[{"href":"https:\/\/lfmalaga.com\/es\/wp-json\/wp\/v2\/types\/page"}],"author":[{"embeddable":true,"href":"https:\/\/lfmalaga.com\/es\/wp-json\/wp\/v2\/users\/1"}],"replies":[{"embeddable":true,"href":"https:\/\/lfmalaga.com\/es\/wp-json\/wp\/v2\/comments?post=51"}],"version-history":[{"count":2,"href":"https:\/\/lfmalaga.com\/es\/wp-json\/wp\/v2\/pages\/51\/revisions"}],"predecessor-version":[{"id":33493,"href":"https:\/\/lfmalaga.com\/es\/wp-json\/wp\/v2\/pages\/51\/revisions\/33493"}],"up":[{"embeddable":true,"href":"https:\/\/lfmalaga.com\/es\/wp-json\/wp\/v2\/pages\/49"}],"wp:featuredmedia":[{"embeddable":true,"href":"https:\/\/lfmalaga.com\/es\/wp-json\/"}],"wp:attachment":[{"href":"https:\/\/lfmalaga.com\/es\/wp-json\/wp\/v2\/media?parent=51"}],"curies":[{"name":"wp","href":"https:\/\/api.w.org\/{rel}","templated":true}]}}