{"id":53,"date":"2021-03-28T10:59:48","date_gmt":"2021-03-28T08:59:48","guid":{"rendered":"https:\/\/lfmalaga.im-nomade.com\/?page_id=53"},"modified":"2022-09-26T20:26:17","modified_gmt":"2022-09-26T18:26:17","slug":"equivalences","status":"publish","type":"page","link":"https:\/\/lfmalaga.com\/es\/diplomes\/equivalences\/","title":{"rendered":"Equivalencias"},"content":{"rendered":"<div data-elementor-type=\"wp-page\" data-elementor-id=\"53\" class=\"elementor elementor-53\" data-elementor-post-type=\"page\">\n\t\t\t\t\t\t<section class=\"elementor-section elementor-top-section elementor-element elementor-element-69b38bfc elementor-section-full_width elementor-section-content-middle elementor-section-height-default elementor-section-height-default\" data-id=\"69b38bfc\" data-element_type=\"section\" data-e-type=\"section\">\n\t\t\t\t\t\t<div class=\"elementor-container elementor-column-gap-no\">\n\t\t\t\t\t<div class=\"elementor-column elementor-col-100 elementor-top-column elementor-element elementor-element-2d51ad43\" data-id=\"2d51ad43\" data-element_type=\"column\" data-e-type=\"column\">\n\t\t\t<div class=\"elementor-widget-wrap elementor-element-populated\">\n\t\t\t\t\t\t<div class=\"elementor-element elementor-element-20862332 elementor-widget elementor-widget-shortcode\" data-id=\"20862332\" data-element_type=\"widget\" data-e-type=\"widget\" data-widget_type=\"shortcode.default\">\n\t\t\t\t<div class=\"elementor-widget-container\">\n\t\t\t\t\t\t\t<div class=\"elementor-shortcode\"><\/div>\n\t\t\t\t\t\t<\/div>\n\t\t\t\t<\/div>\n\t\t\t\t\t<\/div>\n\t\t<\/div>\n\t\t\t\t\t<\/div>\n\t\t<\/section>\n\t\t<div class=\"elementor-element elementor-element-a67bf7f e-flex e-con-boxed e-con e-parent\" data-id=\"a67bf7f\" data-element_type=\"container\" data-e-type=\"container\">\n\t\t\t\t\t<div class=\"e-con-inner\">\n\t\t\t\t<div class=\"elementor-element elementor-element-0fa9fc9 elementor-widget elementor-widget-heading\" data-id=\"0fa9fc9\" data-element_type=\"widget\" data-e-type=\"widget\" data-widget_type=\"heading.default\">\n\t\t\t\t<div class=\"elementor-widget-container\">\n\t\t\t\t\t<h2 class=\"elementor-heading-title elementor-size-default\">Equivalencias<\/h2>\t\t\t\t<\/div>\n\t\t\t\t<\/div>\n\t\t\t\t<div class=\"elementor-element elementor-element-9387c0c elementor-widget elementor-widget-text-editor\" data-id=\"9387c0c\" data-element_type=\"widget\" data-e-type=\"widget\" data-widget_type=\"text-editor.default\">\n\t\t\t\t<div class=\"elementor-widget-container\">\n\t\t\t\t\t\t\t\t\t<div class=\"chapo surlignable intro\"><h6>Francia y Espa\u00f1a han firmado acuerdos para el reconocimiento mutuo de t\u00edtulos de educaci\u00f3n\nsuperior.<\/h6><\/div><div class=\"texte surlignable\"><p>El texto de referencia actual es el Acuerdo del 16 de noviembre de 2006 o Acuerdo de Girona\nsobre el reconocimiento de t\u00edtulos y grados en educaci\u00f3n superior. Define el procedimiento a\nseguir en caso de querer cursar estudios superiores en uno u otro de los Estados, y los tr\u00e1mites a seguir para el ejercicio de una profesi\u00f3n regulada.<\/p><p>Fuente: Web de la Embajada de Francia en Espa\u00f1a<\/p><\/div>\t\t\t\t\t\t\t\t<\/div>\n\t\t\t\t<\/div>\n\t\t\t\t<div class=\"elementor-element elementor-element-d0d04bf elementor-align-left elementor-mobile-align-center elementor-widget elementor-widget-button\" data-id=\"d0d04bf\" data-element_type=\"widget\" data-e-type=\"widget\" data-widget_type=\"button.default\">\n\t\t\t\t<div class=\"elementor-widget-container\">\n\t\t\t\t\t\t\t\t\t<div class=\"elementor-button-wrapper\">\n\t\t\t\t\t<a class=\"elementor-button elementor-button-link elementor-size-sm\" href=\"https:\/\/lfmalaga.com\/wp-content\/uploads\/2022\/09\/Equivalence-entre-le-syste\u0300me-e\u0301ducatif-en-Espagne-et-en-France.pdf\" target=\"_blank\">\n\t\t\t\t\t\t<span class=\"elementor-button-content-wrapper\">\n\t\t\t\t\t\t<span class=\"elementor-button-icon\">\n\t\t\t\t<i aria-hidden=\"true\" class=\"fas fa-long-arrow-alt-right\"><\/i>\t\t\t<\/span>\n\t\t\t\t\t\t\t\t\t<span class=\"elementor-button-text\">Documentos de equivalencia en franc\u00e9s<\/span>\n\t\t\t\t\t<\/span>\n\t\t\t\t\t<\/a>\n\t\t\t\t<\/div>\n\t\t\t\t\t\t\t\t<\/div>\n\t\t\t\t<\/div>\n\t\t\t\t<div class=\"elementor-element elementor-element-b1f3361 elementor-align-left elementor-mobile-align-center elementor-widget elementor-widget-button\" data-id=\"b1f3361\" data-element_type=\"widget\" data-e-type=\"widget\" data-widget_type=\"button.default\">\n\t\t\t\t<div class=\"elementor-widget-container\">\n\t\t\t\t\t\t\t\t\t<div class=\"elementor-button-wrapper\">\n\t\t\t\t\t<a class=\"elementor-button elementor-button-link elementor-size-sm\" href=\"https:\/\/lfmalaga.com\/wp-content\/uploads\/2022\/09\/Equivalencia-entre-el-sistema-educativo-de-Espan\u0303a-y-de-Francia.pdf\" target=\"_blank\">\n\t\t\t\t\t\t<span class=\"elementor-button-content-wrapper\">\n\t\t\t\t\t\t<span class=\"elementor-button-icon\">\n\t\t\t\t<i aria-hidden=\"true\" class=\"fas fa-long-arrow-alt-right\"><\/i>\t\t\t<\/span>\n\t\t\t\t\t\t\t\t\t<span class=\"elementor-button-text\">Documentos de equivalencia en espa\u00f1ol<\/span>\n\t\t\t\t\t<\/span>\n\t\t\t\t\t<\/a>\n\t\t\t\t<\/div>\n\t\t\t\t\t\t\t\t<\/div>\n\t\t\t\t<\/div>\n\t\t\t\t<div class=\"elementor-element elementor-element-49ec0d4 elementor-align-left elementor-mobile-align-center elementor-widget elementor-widget-button\" data-id=\"49ec0d4\" data-element_type=\"widget\" data-e-type=\"widget\" data-widget_type=\"button.default\">\n\t\t\t\t<div class=\"elementor-widget-container\">\n\t\t\t\t\t\t\t\t\t<div class=\"elementor-button-wrapper\">\n\t\t\t\t\t<a class=\"elementor-button elementor-button-link elementor-size-sm\" href=\"https:\/\/es.ambafrance.org\/Homologation-equivalence-reconnaissance-des-diplomes-en-France-et-en-Espagne-4728\" target=\"_blank\" rel=\"noopener\">\n\t\t\t\t\t\t<span class=\"elementor-button-content-wrapper\">\n\t\t\t\t\t\t<span class=\"elementor-button-icon\">\n\t\t\t\t<i aria-hidden=\"true\" class=\"fas fa-long-arrow-alt-right\"><\/i>\t\t\t<\/span>\n\t\t\t\t\t\t\t\t\t<span class=\"elementor-button-text\">M\u00e1s informaci\u00f3n en la web de la Embajada de Francia en Espa\u00f1a<\/span>\n\t\t\t\t\t<\/span>\n\t\t\t\t\t<\/a>\n\t\t\t\t<\/div>\n\t\t\t\t\t\t\t\t<\/div>\n\t\t\t\t<\/div>\n\t\t\t\t\t<\/div>\n\t\t\t\t<\/div>\n\t\t\t\t<\/div>","protected":false},"excerpt":{"rendered":"<p>Les equivalences La France et l\u2019Espagne ont sign\u00e9 des accords pour la reconnaissance mutuelle des dipl\u00f4mes de l\u2019enseignement sup\u00e9rieur. Le texte de r\u00e9f\u00e9rence actuel est l\u2019Accord du 16 novembre 2006 ou Accord de G\u00e9rone sur la reconnaissance des titres et grades de l\u2019enseignement sup\u00e9rieur. Il d\u00e9finit la proc\u00e9dure \u00e0 suivre en cas de souhait de [&hellip;]<\/p>\n","protected":false},"author":1,"featured_media":365,"parent":49,"menu_order":0,"comment_status":"closed","ping_status":"closed","template":"","meta":{"footnotes":""},"class_list":["post-53","page","type-page","status-publish","has-post-thumbnail","hentry"],"_links":{"self":[{"href":"https:\/\/lfmalaga.com\/es\/wp-json\/wp\/v2\/pages\/53","targetHints":{"allow":["GET"]}}],"collection":[{"href":"https:\/\/lfmalaga.com\/es\/wp-json\/wp\/v2\/pages"}],"about":[{"href":"https:\/\/lfmalaga.com\/es\/wp-json\/wp\/v2\/types\/page"}],"author":[{"embeddable":true,"href":"https:\/\/lfmalaga.com\/es\/wp-json\/wp\/v2\/users\/1"}],"replies":[{"embeddable":true,"href":"https:\/\/lfmalaga.com\/es\/wp-json\/wp\/v2\/comments?post=53"}],"version-history":[{"count":0,"href":"https:\/\/lfmalaga.com\/es\/wp-json\/wp\/v2\/pages\/53\/revisions"}],"up":[{"embeddable":true,"href":"https:\/\/lfmalaga.com\/es\/wp-json\/wp\/v2\/pages\/49"}],"wp:featuredmedia":[{"embeddable":true,"href":"https:\/\/lfmalaga.com\/es\/wp-json\/"}],"wp:attachment":[{"href":"https:\/\/lfmalaga.com\/es\/wp-json\/wp\/v2\/media?parent=53"}],"curies":[{"name":"wp","href":"https:\/\/api.w.org\/{rel}","templated":true}]}}