{"id":94,"date":"2021-03-28T11:10:41","date_gmt":"2021-03-28T09:10:41","guid":{"rendered":"https:\/\/lfmalaga.im-nomade.com\/?page_id=94"},"modified":"2022-11-01T13:48:10","modified_gmt":"2022-11-01T12:48:10","slug":"actualites","status":"publish","type":"page","link":"https:\/\/lfmalaga.com\/es\/actualites\/","title":{"rendered":"noticias de secundaria"},"content":{"rendered":"<div data-elementor-type=\"wp-page\" data-elementor-id=\"94\" class=\"elementor elementor-94\" data-elementor-post-type=\"page\">\n\t\t\t\t<div class=\"elementor-element elementor-element-fc212cc e-flex e-con-boxed e-con e-parent\" data-id=\"fc212cc\" data-element_type=\"container\" data-e-type=\"container\">\n\t\t\t\t\t<div class=\"e-con-inner\">\n\t\t\t\t<div class=\"elementor-element elementor-element-d740b5c elementor-widget elementor-widget-heading\" data-id=\"d740b5c\" data-element_type=\"widget\" data-e-type=\"widget\" data-widget_type=\"heading.default\">\n\t\t\t\t<div class=\"elementor-widget-container\">\n\t\t\t\t\t<h2 class=\"elementor-heading-title elementor-size-default\">noticias de secundaria<\/h2>\t\t\t\t<\/div>\n\t\t\t\t<\/div>\n\t\t\t\t<div class=\"elementor-element elementor-element-71e6afd elementor-posts--align-left elementor-grid-3 elementor-grid-tablet-2 elementor-grid-mobile-1 elementor-posts--thumbnail-top elementor-card-shadow-yes elementor-posts__hover-gradient elementor-widget elementor-widget-posts\" data-id=\"71e6afd\" data-element_type=\"widget\" data-e-type=\"widget\" data-settings=\"{&quot;pagination_type&quot;:&quot;prev_next&quot;,&quot;cards_columns&quot;:&quot;3&quot;,&quot;cards_columns_tablet&quot;:&quot;2&quot;,&quot;cards_columns_mobile&quot;:&quot;1&quot;,&quot;cards_row_gap&quot;:{&quot;unit&quot;:&quot;px&quot;,&quot;size&quot;:35,&quot;sizes&quot;:[]},&quot;cards_row_gap_tablet&quot;:{&quot;unit&quot;:&quot;px&quot;,&quot;size&quot;:&quot;&quot;,&quot;sizes&quot;:[]},&quot;cards_row_gap_mobile&quot;:{&quot;unit&quot;:&quot;px&quot;,&quot;size&quot;:&quot;&quot;,&quot;sizes&quot;:[]}}\" data-widget_type=\"posts.cards\">\n\t\t\t\t<div class=\"elementor-widget-container\">\n\t\t\t\t\t\t\t<div class=\"elementor-posts-container elementor-posts elementor-posts--skin-cards elementor-grid\" role=\"list\">\n\t\t\t\t<article class=\"elementor-post elementor-grid-item post-36513 post type-post status-publish format-standard has-post-thumbnail hentry category-uncategorized\" role=\"listitem\">\n\t\t\t<div class=\"elementor-post__card\">\n\t\t\t\t<a class=\"elementor-post__thumbnail__link\" href=\"https:\/\/lfmalaga.com\/es\/viieme-concours-de-peinture-rapide\/\" tabindex=\"-1\"><div class=\"elementor-post__thumbnail\"><img fetchpriority=\"high\" decoding=\"async\" width=\"728\" height=\"1024\" src=\"https:\/\/lfmalaga.com\/wp-content\/uploads\/2022\/03\/AFFICHE-7-CPR-728x1024.jpg\" class=\"attachment-large size-large wp-image-36539\" alt=\"\" srcset=\"https:\/\/lfmalaga.com\/wp-content\/uploads\/2022\/03\/AFFICHE-7-CPR-728x1024.jpg 728w, https:\/\/lfmalaga.com\/wp-content\/uploads\/2022\/03\/AFFICHE-7-CPR-213x300.jpg 213w, https:\/\/lfmalaga.com\/wp-content\/uploads\/2022\/03\/AFFICHE-7-CPR-768x1080.jpg 768w, https:\/\/lfmalaga.com\/wp-content\/uploads\/2022\/03\/AFFICHE-7-CPR-1093x1536.jpg 1093w, https:\/\/lfmalaga.com\/wp-content\/uploads\/2022\/03\/AFFICHE-7-CPR-1457x2048.jpg 1457w, https:\/\/lfmalaga.com\/wp-content\/uploads\/2022\/03\/AFFICHE-7-CPR-9x12.jpg 9w, https:\/\/lfmalaga.com\/wp-content\/uploads\/2022\/03\/AFFICHE-7-CPR-scaled.jpg 1821w\" sizes=\"(max-width: 728px) 100vw, 728px\" \/><\/div><\/a>\n\t\t\t\t<div class=\"elementor-post__text\">\n\t\t\t\t<h2 class=\"elementor-post__title\">\n\t\t\t<a href=\"https:\/\/lfmalaga.com\/es\/viieme-concours-de-peinture-rapide\/\">\n\t\t\t\t7\u00ba Concurso de Pintura de Velocidad\t\t\t<\/a>\n\t\t<\/h2>\n\t\t\t\t<div class=\"elementor-post__excerpt\">\n\t\t\t<p>7\u00ba Concurso de Pintura R\u00e1pida \u2013 Colegio Franc\u00e9s Internacional de M\u00e1laga (19 de abril de 2025) El Colegio Franc\u00e9s Internacional de M\u00e1laga se complace en anunciar el<\/p>\n\t\t<\/div>\n\t\t\n\t\t<a class=\"elementor-post__read-more\" href=\"https:\/\/lfmalaga.com\/es\/viieme-concours-de-peinture-rapide\/\" aria-label=\"M\u00e1s informaci\u00f3n sobre VII\u00e8me Concours de peinture rapide\" tabindex=\"-1\">\n\t\t\tLee mas &quot;\t\t<\/a>\n\n\t\t\t\t<\/div>\n\t\t\t\t\t<\/div>\n\t\t<\/article>\n\t\t\t\t<article class=\"elementor-post elementor-grid-item post-36519 post type-post status-publish format-standard has-post-thumbnail hentry category-uncategorized\" role=\"listitem\">\n\t\t\t<div class=\"elementor-post__card\">\n\t\t\t\t<a class=\"elementor-post__thumbnail__link\" href=\"https:\/\/lfmalaga.com\/es\/top-100-forbes\/\" tabindex=\"-1\"><div class=\"elementor-post__thumbnail\"><img decoding=\"async\" width=\"800\" height=\"450\" src=\"https:\/\/lfmalaga.com\/wp-content\/uploads\/2026\/03\/Forbes-Site-Web-1024x576.png\" class=\"attachment-large size-large wp-image-36526\" alt=\"\" srcset=\"https:\/\/lfmalaga.com\/wp-content\/uploads\/2026\/03\/Forbes-Site-Web-1024x576.png 1024w, https:\/\/lfmalaga.com\/wp-content\/uploads\/2026\/03\/Forbes-Site-Web-300x169.png 300w, https:\/\/lfmalaga.com\/wp-content\/uploads\/2026\/03\/Forbes-Site-Web-768x432.png 768w, https:\/\/lfmalaga.com\/wp-content\/uploads\/2026\/03\/Forbes-Site-Web-18x10.png 18w, https:\/\/lfmalaga.com\/wp-content\/uploads\/2026\/03\/Forbes-Site-Web.png 1366w\" sizes=\"(max-width: 800px) 100vw, 800px\" \/><\/div><\/a>\n\t\t\t\t<div class=\"elementor-post__text\">\n\t\t\t\t<h2 class=\"elementor-post__title\">\n\t\t\t<a href=\"https:\/\/lfmalaga.com\/es\/top-100-forbes\/\">\n\t\t\t\tLos 100 mejores de Forbes\t\t\t<\/a>\n\t\t<\/h2>\n\t\t\t\t<div class=\"elementor-post__excerpt\">\n\t\t\t<p>El Colegio Franc\u00e9s Internacional de M\u00e1laga entre los 100 mejores colegios de Espa\u00f1a seg\u00fan Forbes. El Colegio Franc\u00e9s Internacional de M\u00e1laga (LFIM) se encuentra entre los...<\/p>\n\t\t<\/div>\n\t\t\n\t\t<a class=\"elementor-post__read-more\" href=\"https:\/\/lfmalaga.com\/es\/top-100-forbes\/\" aria-label=\"M\u00e1s informaci\u00f3n sobre Top 100 Forbes\" tabindex=\"-1\">\n\t\t\tLee mas &quot;\t\t<\/a>\n\n\t\t\t\t<\/div>\n\t\t\t\t\t<\/div>\n\t\t<\/article>\n\t\t\t\t<article class=\"elementor-post elementor-grid-item post-36289 post type-post status-publish format-standard has-post-thumbnail hentry category-uncategorized\" role=\"listitem\">\n\t\t\t<div class=\"elementor-post__card\">\n\t\t\t\t<a class=\"elementor-post__thumbnail__link\" href=\"https:\/\/lfmalaga.com\/es\/concours-international-de-la-photographie-18e-edition\/\" tabindex=\"-1\"><div class=\"elementor-post__thumbnail\"><img decoding=\"async\" width=\"724\" height=\"1024\" src=\"https:\/\/lfmalaga.com\/wp-content\/uploads\/2000\/11\/Humanite-724x1024.png\" class=\"attachment-large size-large wp-image-36374\" alt=\"\" srcset=\"https:\/\/lfmalaga.com\/wp-content\/uploads\/2000\/11\/Humanite-724x1024.png 724w, https:\/\/lfmalaga.com\/wp-content\/uploads\/2000\/11\/Humanite-212x300.png 212w, https:\/\/lfmalaga.com\/wp-content\/uploads\/2000\/11\/Humanite-768x1086.png 768w, https:\/\/lfmalaga.com\/wp-content\/uploads\/2000\/11\/Humanite-1086x1536.png 1086w, https:\/\/lfmalaga.com\/wp-content\/uploads\/2000\/11\/Humanite-8x12.png 8w, https:\/\/lfmalaga.com\/wp-content\/uploads\/2000\/11\/Humanite.png 1414w\" sizes=\"(max-width: 724px) 100vw, 724px\" \/><\/div><\/a>\n\t\t\t\t<div class=\"elementor-post__text\">\n\t\t\t\t<h2 class=\"elementor-post__title\">\n\t\t\t<a href=\"https:\/\/lfmalaga.com\/es\/concours-international-de-la-photographie-18e-edition\/\">\n\t\t\t\tConcurso Internacional de Fotograf\u00eda \u2013 18\u00aa edici\u00f3n\t\t\t<\/a>\n\t\t<\/h2>\n\t\t\t\t<div class=\"elementor-post__excerpt\">\n\t\t\t<p>XVIII Concurso Internacional de Fotograf\u00eda Organizado por la Escuela Internacional Francesa de M\u00e1laga 1826 \u2013 2026 Bicentenario de la invenci\u00f3n de la fotograf\u00eda<\/p>\n\t\t<\/div>\n\t\t\n\t\t<a class=\"elementor-post__read-more\" href=\"https:\/\/lfmalaga.com\/es\/concours-international-de-la-photographie-18e-edition\/\" aria-label=\"M\u00e1s informaci\u00f3n sobre Concours International de la Photographie \u2013 18e \u00e9dition\" tabindex=\"-1\">\n\t\t\tLee mas &quot;\t\t<\/a>\n\n\t\t\t\t<\/div>\n\t\t\t\t\t<\/div>\n\t\t<\/article>\n\t\t\t\t<article class=\"elementor-post elementor-grid-item post-36351 post type-post status-publish format-standard has-post-thumbnail hentry category-uncategorized\" role=\"listitem\">\n\t\t\t<div class=\"elementor-post__card\">\n\t\t\t\t<a class=\"elementor-post__thumbnail__link\" href=\"https:\/\/lfmalaga.com\/es\/les-eleves-de-terminale-au-salon-des-etudes-superieures\/\" tabindex=\"-1\"><div class=\"elementor-post__thumbnail\"><img loading=\"lazy\" decoding=\"async\" width=\"800\" height=\"626\" src=\"https:\/\/lfmalaga.com\/wp-content\/uploads\/2025\/11\/WhatsApp-Image-2025-11-22-at-18.58.33-1024x801.jpeg\" class=\"attachment-large size-large wp-image-36352\" alt=\"\" srcset=\"https:\/\/lfmalaga.com\/wp-content\/uploads\/2025\/11\/WhatsApp-Image-2025-11-22-at-18.58.33-1024x801.jpeg 1024w, https:\/\/lfmalaga.com\/wp-content\/uploads\/2025\/11\/WhatsApp-Image-2025-11-22-at-18.58.33-300x235.jpeg 300w, https:\/\/lfmalaga.com\/wp-content\/uploads\/2025\/11\/WhatsApp-Image-2025-11-22-at-18.58.33-768x601.jpeg 768w, https:\/\/lfmalaga.com\/wp-content\/uploads\/2025\/11\/WhatsApp-Image-2025-11-22-at-18.58.33-15x12.jpeg 15w, https:\/\/lfmalaga.com\/wp-content\/uploads\/2025\/11\/WhatsApp-Image-2025-11-22-at-18.58.33.jpeg 1428w\" sizes=\"(max-width: 800px) 100vw, 800px\" \/><\/div><\/a>\n\t\t\t\t<div class=\"elementor-post__text\">\n\t\t\t\t<h2 class=\"elementor-post__title\">\n\t\t\t<a href=\"https:\/\/lfmalaga.com\/es\/les-eleves-de-terminale-au-salon-des-etudes-superieures\/\">\n\t\t\t\tLos alumnos de Terminale en el Sal\u00f3n de Estudios Superiores\t\t\t<\/a>\n\t\t<\/h2>\n\t\t\t\t<div class=\"elementor-post__excerpt\">\n\t\t\t<p>Un paso clave en su camino hacia la orientaci\u00f3n profesional: el pasado s\u00e1bado, los alumnos de \u00faltimo curso del Lyc\u00e9e Fran\u00e7ais International de M\u00e1laga participaron en la Feria de Educaci\u00f3n.<\/p>\n\t\t<\/div>\n\t\t\n\t\t<a class=\"elementor-post__read-more\" href=\"https:\/\/lfmalaga.com\/es\/les-eleves-de-terminale-au-salon-des-etudes-superieures\/\" aria-label=\"M\u00e1s informaci\u00f3n sobre Les \u00e9l\u00e8ves de Terminale au Salon des \u00c9tudes Sup\u00e9rieures\" tabindex=\"-1\">\n\t\t\tLee mas &quot;\t\t<\/a>\n\n\t\t\t\t<\/div>\n\t\t\t\t\t<\/div>\n\t\t<\/article>\n\t\t\t\t<article class=\"elementor-post elementor-grid-item post-36236 post type-post status-publish format-standard has-post-thumbnail hentry category-uncategorized\" role=\"listitem\">\n\t\t\t<div class=\"elementor-post__card\">\n\t\t\t\t<a class=\"elementor-post__thumbnail__link\" href=\"https:\/\/lfmalaga.com\/es\/puertas-abiertas\/\" tabindex=\"-1\"><div class=\"elementor-post__thumbnail\"><img loading=\"lazy\" decoding=\"async\" width=\"800\" height=\"450\" src=\"https:\/\/lfmalaga.com\/wp-content\/uploads\/2025\/10\/Puertas-Abiertas-Site-Web-1024x576.png\" class=\"attachment-large size-large wp-image-36238\" alt=\"\" srcset=\"https:\/\/lfmalaga.com\/wp-content\/uploads\/2025\/10\/Puertas-Abiertas-Site-Web-1024x576.png 1024w, https:\/\/lfmalaga.com\/wp-content\/uploads\/2025\/10\/Puertas-Abiertas-Site-Web-300x169.png 300w, https:\/\/lfmalaga.com\/wp-content\/uploads\/2025\/10\/Puertas-Abiertas-Site-Web-768x432.png 768w, https:\/\/lfmalaga.com\/wp-content\/uploads\/2025\/10\/Puertas-Abiertas-Site-Web-18x10.png 18w, https:\/\/lfmalaga.com\/wp-content\/uploads\/2025\/10\/Puertas-Abiertas-Site-Web.png 1366w\" sizes=\"(max-width: 800px) 100vw, 800px\" \/><\/div><\/a>\n\t\t\t\t<div class=\"elementor-post__text\">\n\t\t\t\t<h2 class=\"elementor-post__title\">\n\t\t\t<a href=\"https:\/\/lfmalaga.com\/es\/puertas-abiertas\/\">\n\t\t\t\tJornada de Puertas Abiertas\t\t\t<\/a>\n\t\t<\/h2>\n\t\t\t\t<div class=\"elementor-post__excerpt\">\n\t\t\t<p>Jornadas de Puertas Abiertas del Lyc\u00e9e Fran\u00e7ais International de M\u00e1laga \u2013 Viernes, 5 de diciembre de 2025\nEl Liceo Franc\u00e9s Internacional de M\u00e1laga (LFIM) les abre sus puertas el viernes, 5 de diciembre de 2025.<\/p>\n\t\t<\/div>\n\t\t\n\t\t<a class=\"elementor-post__read-more\" href=\"https:\/\/lfmalaga.com\/es\/puertas-abiertas\/\" aria-label=\"M\u00e1s informaci\u00f3n sobre la jornada de puertas abiertas\" tabindex=\"-1\">\n\t\t\tLee mas &quot;\t\t<\/a>\n\n\t\t\t\t<\/div>\n\t\t\t\t\t<\/div>\n\t\t<\/article>\n\t\t\t\t<article class=\"elementor-post elementor-grid-item post-36221 post type-post status-publish format-standard has-post-thumbnail hentry category-uncategorized\" role=\"listitem\">\n\t\t\t<div class=\"elementor-post__card\">\n\t\t\t\t<a class=\"elementor-post__thumbnail__link\" href=\"https:\/\/lfmalaga.com\/es\/tournoi-echecs\/\" tabindex=\"-1\"><div class=\"elementor-post__thumbnail\"><img loading=\"lazy\" decoding=\"async\" width=\"800\" height=\"1000\" src=\"https:\/\/lfmalaga.com\/wp-content\/uploads\/2025\/10\/echecs-819x1024.png\" class=\"attachment-large size-large wp-image-36223\" alt=\"\" srcset=\"https:\/\/lfmalaga.com\/wp-content\/uploads\/2025\/10\/echecs-819x1024.png 819w, https:\/\/lfmalaga.com\/wp-content\/uploads\/2025\/10\/echecs-240x300.png 240w, https:\/\/lfmalaga.com\/wp-content\/uploads\/2025\/10\/echecs-768x960.png 768w, https:\/\/lfmalaga.com\/wp-content\/uploads\/2025\/10\/echecs-10x12.png 10w, https:\/\/lfmalaga.com\/wp-content\/uploads\/2025\/10\/echecs.png 1080w\" sizes=\"(max-width: 800px) 100vw, 800px\" \/><\/div><\/a>\n\t\t\t\t<div class=\"elementor-post__text\">\n\t\t\t\t<h2 class=\"elementor-post__title\">\n\t\t\t<a href=\"https:\/\/lfmalaga.com\/es\/tournoi-echecs\/\">\n\t\t\t\tTorneo de ajedrez en l\u00ednea\t\t\t<\/a>\n\t\t<\/h2>\n\t\t\t\t<div class=\"elementor-post__excerpt\">\n\t\t\t<p>Desaf\u00edo Nacional de Ajedrez de la UNSS 2025\/2026: \u00a1\u00danete a la competencia! \u00bfTe gusta el ajedrez? El Desaf\u00edo Nacional de Ajedrez de la UNSS, organizado por la UNSS en colaboraci\u00f3n con...<\/p>\n\t\t<\/div>\n\t\t\n\t\t<a class=\"elementor-post__read-more\" href=\"https:\/\/lfmalaga.com\/es\/tournoi-echecs\/\" aria-label=\"M\u00e1s informaci\u00f3n sobre el Torneo de Ajedrez Online\" tabindex=\"-1\">\n\t\t\tLee mas &quot;\t\t<\/a>\n\n\t\t\t\t<\/div>\n\t\t\t\t\t<\/div>\n\t\t<\/article>\n\t\t\t\t<\/div>\n\t\t\n\t\t\t\t<div class=\"e-load-more-anchor\" data-page=\"1\" data-max-page=\"14\" data-next-page=\"https:\/\/lfmalaga.com\/es\/wp-json\/wp\/v2\/pages\/94\/page\/2\/\"><\/div>\n\t\t\t\t<nav class=\"elementor-pagination\" aria-label=\"Paginaci\u00f3n\">\n\t\t\t<span class=\"page-numbers prev\">&quot; Anterior<\/span>\n<a class=\"page-numbers next\" href=\"https:\/\/lfmalaga.com\/es\/wp-json\/wp\/v2\/pages\/94\/page\/2\/\">Pr\u00f3ximo &quot;<\/a>\t\t<\/nav>\n\t\t\t\t\t\t<\/div>\n\t\t\t\t<\/div>\n\t\t\t\t\t<\/div>\n\t\t\t\t<\/div>\n\t\t\t\t<\/div>","protected":false},"excerpt":{"rendered":"<p>noticias de secundaria<\/p>","protected":false},"author":1,"featured_media":0,"parent":0,"menu_order":0,"comment_status":"closed","ping_status":"closed","template":"","meta":{"footnotes":""},"class_list":["post-94","page","type-page","status-publish","hentry"],"_links":{"self":[{"href":"https:\/\/lfmalaga.com\/es\/wp-json\/wp\/v2\/pages\/94","targetHints":{"allow":["GET"]}}],"collection":[{"href":"https:\/\/lfmalaga.com\/es\/wp-json\/wp\/v2\/pages"}],"about":[{"href":"https:\/\/lfmalaga.com\/es\/wp-json\/wp\/v2\/types\/page"}],"author":[{"embeddable":true,"href":"https:\/\/lfmalaga.com\/es\/wp-json\/wp\/v2\/users\/1"}],"replies":[{"embeddable":true,"href":"https:\/\/lfmalaga.com\/es\/wp-json\/wp\/v2\/comments?post=94"}],"version-history":[{"count":2,"href":"https:\/\/lfmalaga.com\/es\/wp-json\/wp\/v2\/pages\/94\/revisions"}],"predecessor-version":[{"id":33457,"href":"https:\/\/lfmalaga.com\/es\/wp-json\/wp\/v2\/pages\/94\/revisions\/33457"}],"wp:attachment":[{"href":"https:\/\/lfmalaga.com\/es\/wp-json\/wp\/v2\/media?parent=94"}],"curies":[{"name":"wp","href":"https:\/\/api.w.org\/{rel}","templated":true}]}}